{"id":2535,"date":"2025-05-26T12:23:56","date_gmt":"2025-05-26T02:23:56","guid":{"rendered":"https:\/\/dolls4desire.com\/?page_id=2535"},"modified":"2025-05-27T18:51:46","modified_gmt":"2025-05-27T08:51:46","slug":"cura-delle-bambole-del-sesso","status":"publish","type":"page","link":"https:\/\/dolls4desire.com\/it\/cura-delle-bambole-del-sesso\/","title":{"rendered":"Cura delle bambole del sesso"},"content":{"rendered":"<div data-elementor-type=\"wp-page\" data-elementor-id=\"2535\" class=\"elementor elementor-2535\" data-elementor-post-type=\"page\">\n\t\t\t\t<div class=\"elementor-element elementor-element-be60236 e-flex e-con-boxed e-con e-parent\" data-id=\"be60236\" data-element_type=\"container\" data-e-type=\"container\">\n\t\t\t\t\t<div class=\"e-con-inner\">\n\t\t\t\t<div class=\"elementor-element elementor-element-38b3450 elementor-widget elementor-widget-heading\" data-id=\"38b3450\" data-element_type=\"widget\" data-e-type=\"widget\" data-widget_type=\"heading.default\">\n\t\t\t\t<div class=\"elementor-widget-container\">\n\t\t\t\t\t<h2 class=\"elementor-heading-title elementor-size-default\">ISTRUZIONI PER LA CURA DELLA BAMBOLA DEL SESSO\n<\/h2>\t\t\t\t<\/div>\n\t\t\t\t<\/div>\n\t\t\t\t<div class=\"elementor-element elementor-element-65be87c elementor-widget-divider--view-line elementor-widget elementor-widget-divider\" data-id=\"65be87c\" data-element_type=\"widget\" data-e-type=\"widget\" data-widget_type=\"divider.default\">\n\t\t\t\t<div class=\"elementor-widget-container\">\n\t\t\t\t\t\t\t<div class=\"elementor-divider\">\n\t\t\t<span class=\"elementor-divider-separator\">\n\t\t\t\t\t\t<\/span>\n\t\t<\/div>\n\t\t\t\t\t\t<\/div>\n\t\t\t\t<\/div>\n\t\t\t\t<div class=\"elementor-element elementor-element-f847823 elementor-widget elementor-widget-text-editor\" data-id=\"f847823\" data-element_type=\"widget\" data-e-type=\"widget\" data-widget_type=\"text-editor.default\">\n\t\t\t\t<div class=\"elementor-widget-container\">\n\t\t\t\t\t\t\t\t\t<div class=\"wpb_column vc_column_container vc_col-sm-8\"><div class=\"vc_column-inner\"><div class=\"wpb_wrapper\"><div class=\"wpb_text_column wpb_content_element\"><div class=\"wpb_wrapper\"><p class=\"p1\"><span class=\"s1\">Mantenere la tua bambola del sesso pulita e ben tenuta \u00e8 la chiave per preservare la longevit\u00e0 della tua nuova bambola del sesso ultra-realistica. Ecco un elenco di consigli per preservare la qualit\u00e0 e la durata della tua bambola del sesso.<\/span><\/p><p class=\"p2\"><span class=\"s1\"><b>Pulisci la tua bambola del sesso<\/b><b><\/b><\/span><\/p><ul class=\"ul1\"><li class=\"li3\"><span class=\"s1\">Consigliamo di pulire la bambola subito dopo ogni utilizzo e di pulirla almeno ogni 2-4 settimane (indipendentemente dall&#039;utilizzo).<\/span><\/li><li class=\"li3\"><span class=\"s1\">Usa una miscela di normale sapone antibatterico e acqua tiepida pulita, massaggia delicatamente la pelle della bambola con le mani o tamponala con una spugna pulita. (Proprio come faresti con una persona vera.)<\/span><\/li><li class=\"li3\"><span class=\"s1\">Puoi fare la doccia o il bagno alla tua bambola.<\/span><\/li><li class=\"li3\"><span class=\"s1\">Assicuratevi di non bagnare troppo il manico o la testa. Questo per evitare che i componenti metallici si arrugginiscano. Se accidentalmente i componenti metallici si bagnano, assicuratevi di asciugarli immediatamente per evitare la formazione di ruggine.<\/span><\/li><li class=\"li4\"><span class=\"s4\">Non utilizzare saponi abrasivi o altri prodotti per la pulizia generica.<\/span><\/li><\/ul><p class=\"p2\"><span class=\"s1\"><b>Asciuga la tua bambola del sesso<\/b><b><\/b><\/span><\/p><ul class=\"ul1\"><li class=\"li3\"><span class=\"s1\">Per limitare il rischio di danni, \u00e8 altrettanto importante assicurarsi che la bambola sia completamente asciutta.<\/span><\/li><li class=\"li3\"><span class=\"s1\">Asciugare delicatamente tamponando con un panno di cotone morbido e pulito e lasciare asciugare completamente la pelle all&#039;aria.<\/span><\/li><li class=\"li3\"><span class=\"s1\">Non utilizzare spugne\/spazzole dure o lana d&#039;acciaio per la pulizia, poich\u00e9 potrebbero danneggiarsi.<\/span><\/li><li class=\"li3\"><span class=\"s1\">Non strofinare la bambola con un asciugamano; se usi un asciugamano per asciugarla, usa un movimento tipo &quot;tamponamento&quot;.<\/span><\/li><li class=\"li3\"><span class=\"s1\">Applica del talco sul corpo della tua bambola una volta asciutto. Non applicare il talco mentre la bambola \u00e8 ancora bagnata.<\/span><\/li><li class=\"li3\"><span class=\"s1\">Dopo la pulizia, applicare del talco sul corpo della bambola: questo preserva la pelle e previene i danni causati dall&#039;attrito.<\/span><\/li><li class=\"li3\"><span class=\"s1\">Applica il talco sulla tua bambola ogni due settimane o almeno una volta al mese (a seconda dell&#039;uso).<\/span><\/li><li class=\"li4\"><span class=\"s4\">Non applicare altre sostanze sulla pelle, come oli profumati.<\/span><\/li><\/ul><p class=\"p2\"><span class=\"s1\"><b>Pulisci la vagina\/l&#039;ano\/la bocca<\/b><b><\/b><\/span><\/p><ul class=\"ul1\"><li class=\"li3\"><span class=\"s1\">Le zone vaginale, anale e orale della bambola devono essere pulite dopo ogni utilizzo per evitare la proliferazione di batteri, poich\u00e9 la pelle in TPE \u00e8 pi\u00f9 porosa del silicone.<\/span><\/li><li class=\"li3\"><span class=\"s1\">Lavare il canale con acqua e sapone antibatterico delicato in un irrigatore vaginale fino a completa pulizia, quindi sciacquare il canale con acqua pulita in un irrigatore vaginale fino a rimuovere tutto il sapone.<\/span><\/li><li class=\"li3\"><span class=\"s1\">Asciugare accuratamente il canale.<\/span><\/li><li class=\"li4\"><span class=\"s4\">Una volta asciutto, spolverare con Premium Renewal Powder dentro e fuori.<\/span><\/li><\/ul><p class=\"p2\"><span class=\"s1\"><b>Pulisci la faccia della tua bambola del sesso<\/b><b><\/b><\/span><\/p><ul class=\"ul1\"><li class=\"li3\"><span class=\"s1\">Togliere la testa dal corpo<\/span><\/li><li class=\"li3\"><span class=\"s1\">Se possibile, togli la parrucca.<\/span><\/li><li class=\"li3\"><span class=\"s1\">Applicare acqua calda e sapone antibatterico con una spugna o un panno di cotone e massaggiare delicatamente il viso. Tamponare delicatamente con una spugna calda e sapone antibatterico.<\/span><\/li><li class=\"li3\"><span class=\"s1\">Prestare molta attenzione a non danneggiare gli occhi e le ciglia, evitare di bagnare queste zone.<\/span><\/li><li class=\"li3\"><span class=\"s1\">Tamponare delicatamente il viso con un panno asciutto e non abrasivo, lasciare asciugare naturalmente all&#039;aria prima di riapplicarlo sul corpo.<\/span><\/li><li class=\"li3\"><span class=\"s1\">Non immergere mai la testa della bambola nell&#039;acqua.<\/span><\/li><li class=\"li3\"><span class=\"s1\">Non utilizzare saponi abrasivi o altri prodotti per la pulizia.<\/span><\/li><li class=\"li3\"><span class=\"s1\">Non utilizzare materiali aggressivi o oggetti duri\/taglienti.<\/span><\/li><li class=\"li3\"><span class=\"s1\">Non esercitare troppa pressione sulla pelle.<\/span><\/li><li class=\"li3\"><span class=\"s1\">Non utilizzare mai asciugacapelli o altri dispositivi di riscaldamento sulla bambola.<\/span><\/li><li class=\"li4\"><span class=\"s4\">Non tentare di accelerare l&#039;asciugatura lasciandolo vicino a un termosifone\/fuoco o a qualsiasi altro dispositivo di riscaldamento.<\/span><\/li><\/ul><p class=\"p2\"><span class=\"s1\"><b>Cura della parrucca della bambola del sesso<\/b><b><\/b><\/span><\/p><ul class=\"ul1\"><li class=\"li3\"><span class=\"s1\">IL\u00a0<\/span><span class=\"s5\"><b>parrucche da bambola del sesso<\/b><\/span><span class=\"s1\">\u00a0devono essere sempre rimossi dalla testa della bambola prima della pulizia.<\/span><\/li><li class=\"li3\"><span class=\"s1\">Se lo desideri, puoi usare shampoo e balsamo.<\/span><\/li><li class=\"li3\"><span class=\"s1\">Si consiglia di pettinare i capelli subito dopo la pulizia e di lasciare asciugare la parrucca all&#039;aria su un supporto per parrucche.<\/span><\/li><li class=\"li3\"><span class=\"s1\">Non asciugare la parrucca sulla testa della bambola.<\/span><\/li><li class=\"li6\"><span class=\"s1\">Non utilizzare prodotti per capelli per acconciare i capelli, potrebbero danneggiare la pelle e il viso della bambola.<\/span><\/li><\/ul><p class=\"p2\"><span class=\"s1\"><b>Cura della pelle della bambola del sesso<\/b><b><\/b><\/span><\/p><ul class=\"ul1\"><li class=\"li3\"><span class=\"s1\">Se noti che la sua pelle non \u00e8 liscia, usa un pennello per applicare il borotalco sulla sua pelle per mantenerla liscia e naturale. Fallo solo quando il corpo \u00e8 asciutto. Questo \u00e8 importante per evitare di strapparle la pelle.<\/span><\/li><li class=\"li3\"><span class=\"s1\">Assicurati che gli abiti che indossi siano resistenti al trasferimento di colore. I colori scuri e gli abiti di bassa qualit\u00e0 possono facilmente trasferire il colore sulla pelle. Lava gli abiti pi\u00f9 volte per evitare che ci\u00f2 accada. Se ci\u00f2 accade davvero, puoi usare lo smacchiatore per bambole in TPE per rimuovere le macchie. In alternativa, puoi anche usare dell&#039;olio d&#039;oliva per strofinare le macchie, quindi usare un panno umido per rimuoverle.<\/span><\/li><li class=\"li3\"><span class=\"s1\">Si prega di tenerla lontana da riviste, pelle colorata, giornali o simili per evitare che il colore le venga trasferito.<\/span><\/li><li class=\"li3\"><span class=\"s1\">Non lasciare le braccia o le gambe della bambola sollevate o aperte per pi\u00f9 di qualche minuto. Se lasci la bambola con le braccia sollevate o le gambe divaricate, la pressione esercitata sul TPE causer\u00e0 lacerazioni. Potresti ritrovarti con le ascelle o l&#039;inguine della bambola lacerate, che richiederanno quindi una riparazione. Quindi, assicurati di riportare sempre la bambola in una posizione neutra e priva di tensione, con le braccia lungo i fianchi e le gambe chiuse, quando non la usi.<\/span><\/li><li class=\"li3\"><span class=\"s1\">Non esporre la tua bambola gonfiabile alla luce diretta del sole per prevenire l&#039;invecchiamento del materiale TPE.<\/span><\/li><li class=\"li6\"><span class=\"s1\">Il TPE \u00e8 morbido e tende ad appiattirsi e a formare pieghe se lasciato seduto o sdraiato su una superficie per un lungo periodo di tempo. Quando lasci la tua bambola incustodita per pi\u00f9 di qualche giorno, assicurati di appenderla con il kit di sospensione Closet Bar per evitare segni di compressione e pieghe.<\/span><\/li><\/ul><p class=\"p2\"><span class=\"s1\"><b>Cura dello scheletro della bambola del sesso<\/b><b><\/b><\/span><\/p><ul class=\"ul1\"><li class=\"li3\"><span class=\"s1\">La tua bambola del sesso ha uno scheletro metallico e articolazioni mobili che le permettono di rimanere flessibile. Puoi muovere i suoi arti e il suo corpo, ma le attivit\u00e0 lasceranno tracce sul suo corpo, questo \u00e8 perfettamente normale.<\/span><\/li><li class=\"li3\"><span class=\"s1\">Si prega di comprendere che non \u00e8 consentito a tutte le nostre bambole oscillare completamente in diverse angolazioni. Non \u00e8 consentito esercitare una forza eccessiva per muovere le articolazioni in nessuna posizione.<\/span><\/li><li class=\"li3\"><span class=\"s1\">Non sbatterla contro superfici dure, non farla cadere.<\/span><\/li><li class=\"li3\"><span class=\"s1\">Evita che la bambola venga a contatto con oggetti appuntiti, potrebbero ferirla.<\/span><\/li><li class=\"li6\"><span class=\"s1\">Cerca di non lasciarla nella stessa posizione per troppo tempo, nemmeno distendendola su una superficie dura per troppo tempo. Essendo in TPE, la forma verr\u00e0 alterata se rimane nella stessa posizione per molto tempo; ad esempio, il suo sedere sar\u00e0 pi\u00f9 piatto anche se \u00e8 rimasta sdraiata troppo a lungo. L&#039;opzione migliore sarebbe appendere la bambola. Puoi acquistare un kit di sospensione.<\/span><\/li><\/ul><p class=\"p2\"><span class=\"s1\"><b>Deposito per bambole del sesso<\/b><b><\/b><\/span><\/p><ul class=\"ul1\"><li class=\"li3\"><span class=\"s1\">Per quanto riguarda la conservazione della bambola, le possibilit\u00e0 sono molteplici.<\/span><\/li><li class=\"li7\"><span class=\"s7\">Scatola portaoggetti per bambole del sesso<\/span><\/li><li class=\"li3\"><span class=\"s1\">Armadio appeso<\/span><\/li><li class=\"li3\"><span class=\"s1\">Scatola di spedizione originale<\/span><\/li><li class=\"li6\"><span class=\"s1\">Borsa portaoggetti<\/span><\/li><\/ul><p class=\"p1\"><span class=\"s1\">Tutte le opzioni sopra elencate manterranno la tua bambola in buone condizioni. Come abbiamo detto sopra, assicurati solo che la bambola non sia a diretto contatto con inchiostri o materiali che potrebbero potenzialmente trasmetterle il colore.<\/span><\/p><p class=\"p2\"><span class=\"s1\"><b>Consigli per sostituire le unghie<\/b><b><\/b><\/span><\/p><ul class=\"ul1\"><li class=\"li3\"><span class=\"s1\">Disporre la bambola in posizione neutra.<\/span><\/li><li class=\"li3\"><span class=\"s1\">Allinea le unghie (morbide) cadute con quelle nude. In questo modo puoi capire quale unghia corrisponde a quale dito.<\/span><\/li><li class=\"li3\"><span class=\"s1\">Una volta scelta l&#039;unghia, applica uno strato sottile e uniforme di colla sulla zona dell&#039;unghia nuda. Assicurati prima che la zona sia pulita e asciutta, priva di sporco o talco.<\/span><\/li><li class=\"li3\"><span class=\"s1\">Non applicare troppa colla, cerca di ottenere uno strato uniforme ma sottile. Evita di applicarne troppa, altrimenti potrebbe fuoriuscire dall&#039;unghia.<\/span><\/li><li class=\"li3\"><span class=\"s1\">Una volta allineato correttamente, premere e tenere premuta l&#039;unghia per 5 secondi, senza toccare la colla.<\/span><\/li><li class=\"li6\"><span class=\"s1\">La colla in eccesso \u00e8 difficile da rimuovere, quindi \u00e8 meglio evitare del tutto qualsiasi fuoriuscita. In caso di fuoriuscita di colla, rimuoverla immediatamente con un panno in microfibra e acqua calda e sapone.<\/span><\/li><\/ul><p class=\"p2\"><span class=\"s1\"><b>Suggerimenti per la sostituzione degli occhi:<\/b><b><\/b><\/span><\/p><ul class=\"ul1\"><li class=\"li3\"><span class=\"s1\">Disporre la bambola in posizione neutra.<\/span><\/li><li class=\"li3\"><span class=\"s1\">Separare delicatamente e con attenzione le palpebre (su e gi\u00f9, non sinistra e destra) con una mano, senza toccare le ciglia o il trucco.<\/span><\/li><li class=\"li3\"><span class=\"s1\">D&#039;altra parte, rimuovere l&#039;occhio e rimuovere tutta la guarnizione.<\/span><span class=\"s8\"><br \/><\/span><span class=\"s1\">\u201cStringere\u201d strettamente la guarnizione nel nuovo occhio.<\/span><\/li><li class=\"li3\"><span class=\"s1\">Con una mano, separa gli occhi, senza toccare le ciglia o il trucco.<\/span><\/li><li class=\"li6\"><span class=\"s1\">D&#039;altra parte, inserisci il nuovo occhio nell&#039;orbita.<\/span><\/li><\/ul><p class=\"p2\"><span class=\"s1\"><b>Suggerimenti per riattaccare le ciglia cadenti:<\/b><b><\/b><\/span><\/p><ul class=\"ul1\"><li class=\"li3\"><span class=\"s1\">Disponi la bambola in posizione orizzontale, rivolta verso l&#039;alto.<\/span><\/li><li class=\"li3\"><span class=\"s1\">Applicare una piccola quantit\u00e0 di colla su una graffetta, uno spillo, uno stuzzicadenti o qualsiasi altro &quot;attrezzo&quot; domestico con una punta fine. Consigliamo uno stuzzicadenti.<\/span><\/li><li class=\"li3\"><span class=\"s1\">Tirare delicatamente indietro la ciglia e applicare la colla sul retro della ciglia (non sulla bambola)<\/span><\/li><li class=\"li3\"><span class=\"s1\">Tenendo le estremit\u00e0 delle ciglia e senza toccare la colla, premila con attenzione nella posizione in cui vuoi che aderisca<\/span><\/li><li class=\"li6\"><span class=\"s1\">Mantenere la posizione per 5 secondi e poi rilasciare.<\/span><\/li><\/ul><p class=\"p2\"><span class=\"s1\"><b>Suggerimenti per riscaldare la tua bambola:<\/b><b><\/b><\/span><\/p><ul class=\"ul1\"><li class=\"li6\"><span class=\"s1\">Non lasciare l&#039;asta riscaldante nella bambola incustodita o per periodi prolungati. L&#039;asta riscaldante potrebbe essere sospesa sopra la testa e causare gravi danni alla bambola. Prestare molta attenzione quando si utilizza l&#039;asta riscaldante nella bambola.<\/span><\/li><\/ul><p class=\"p1\"><span class=\"s1\">Se nel frattempo hai bisogno di ulteriore assistenza, non esitare a contattarci all&#039;indirizzo\u00a0<\/span><span class=\"s5\">bin.wang@Me.com<\/span><span class=\"s1\">Faremo del nostro meglio per rispondere a tutte le vostre domande e per aiutarvi con qualsiasi dubbio possiate avere.<\/span><\/p><p class=\"p6\"><span class=\"s1\">Ci auguriamo che tu sia soddisfatto del tuo acquisto di\u00a0<\/span><span class=\"s5\"><b>accessori per bambole del sesso<\/b><\/span><span class=\"s1\">\u00a0e come sempre goditi il tempo trascorso con la tua bambola.<\/span><\/p><\/div><\/div><\/div><\/div><\/div>\t\t\t\t\t\t\t\t<\/div>\n\t\t\t\t<\/div>\n\t\t\t\t\t<\/div>\n\t\t\t\t<\/div>\n\t\t<div class=\"elementor-element elementor-element-c2b171f e-flex e-con-boxed e-con e-parent\" data-id=\"c2b171f\" data-element_type=\"container\" data-e-type=\"container\">\n\t\t\t\t\t<div class=\"e-con-inner\">\n\t\t\t\t<div class=\"elementor-element elementor-element-d414cff elementor-widget-divider--view-line_text elementor-widget-divider--element-align-center elementor-widget elementor-widget-divider\" data-id=\"d414cff\" data-element_type=\"widget\" data-e-type=\"widget\" data-widget_type=\"divider.default\">\n\t\t\t\t<div class=\"elementor-widget-container\">\n\t\t\t\t\t\t\t<div class=\"elementor-divider\">\n\t\t\t<span class=\"elementor-divider-separator\">\n\t\t\t\t\t\t\t<span class=\"elementor-divider__text elementor-divider__element\">\n\t\t\t\tVideo di bambole del sesso\t\t\t\t<\/span>\n\t\t\t\t\t\t<\/span>\n\t\t<\/div>\n\t\t\t\t\t\t<\/div>\n\t\t\t\t<\/div>\n\t\t<div class=\"elementor-element elementor-element-f037c1f e-grid e-con-full e-con e-child\" data-id=\"f037c1f\" data-element_type=\"container\" data-e-type=\"container\">\n\t\t\t\t<div class=\"elementor-element elementor-element-9617852 elementor-widget elementor-widget-video\" data-id=\"9617852\" data-element_type=\"widget\" data-e-type=\"widget\" data-settings=\"{&quot;video_type&quot;:&quot;hosted&quot;,&quot;controls&quot;:&quot;yes&quot;}\" data-widget_type=\"video.default\">\n\t\t\t\t<div class=\"elementor-widget-container\">\n\t\t\t\t\t\t\t<div class=\"e-hosted-video elementor-wrapper elementor-open-inline\">\n\t\t\t\t\t<video class=\"elementor-video\" src=\"https:\/\/videos.files.wordpress.com\/ufYnVwfz\/7r5a0075_1.mp4\" controls=\"\" preload=\"metadata\" controlslist=\"nodownload\"><\/video>\n\t\t\t\t<\/div>\n\t\t\t\t\t\t<\/div>\n\t\t\t\t<\/div>\n\t\t\t\t<div class=\"elementor-element elementor-element-fda01e4 elementor-widget elementor-widget-video\" data-id=\"fda01e4\" data-element_type=\"widget\" data-e-type=\"widget\" data-settings=\"{&quot;video_type&quot;:&quot;hosted&quot;,&quot;controls&quot;:&quot;yes&quot;}\" data-widget_type=\"video.default\">\n\t\t\t\t<div class=\"elementor-widget-container\">\n\t\t\t\t\t\t\t<div class=\"e-hosted-video elementor-wrapper elementor-open-inline\">\n\t\t\t\t\t<video class=\"elementor-video\" src=\"https:\/\/videos.files.wordpress.com\/SJ9zGMsd\/7r5a0075.mp4\" controls=\"\" preload=\"metadata\" controlslist=\"nodownload\"><\/video>\n\t\t\t\t<\/div>\n\t\t\t\t\t\t<\/div>\n\t\t\t\t<\/div>\n\t\t\t\t<div class=\"elementor-element elementor-element-5a8993e elementor-widget elementor-widget-video\" data-id=\"5a8993e\" data-element_type=\"widget\" data-e-type=\"widget\" data-settings=\"{&quot;video_type&quot;:&quot;hosted&quot;,&quot;controls&quot;:&quot;yes&quot;}\" data-widget_type=\"video.default\">\n\t\t\t\t<div class=\"elementor-widget-container\">\n\t\t\t\t\t\t\t<div class=\"e-hosted-video elementor-wrapper elementor-open-inline\">\n\t\t\t\t\t<video class=\"elementor-video\" src=\"https:\/\/videos.files.wordpress.com\/PYKI8ySz\/7r5a0075_3.mp4\" controls=\"\" preload=\"metadata\" controlslist=\"nodownload\"><\/video>\n\t\t\t\t<\/div>\n\t\t\t\t\t\t<\/div>\n\t\t\t\t<\/div>\n\t\t\t\t<div class=\"elementor-element elementor-element-aace716 elementor-widget elementor-widget-video\" data-id=\"aace716\" data-element_type=\"widget\" data-e-type=\"widget\" data-settings=\"{&quot;video_type&quot;:&quot;hosted&quot;,&quot;controls&quot;:&quot;yes&quot;}\" data-widget_type=\"video.default\">\n\t\t\t\t<div class=\"elementor-widget-container\">\n\t\t\t\t\t\t\t<div class=\"e-hosted-video elementor-wrapper elementor-open-inline\">\n\t\t\t\t\t<video class=\"elementor-video\" src=\"https:\/\/videos.files.wordpress.com\/E6kaSfsg\/7r5a0075_2.mp4\" controls=\"\" preload=\"metadata\" controlslist=\"nodownload\"><\/video>\n\t\t\t\t<\/div>\n\t\t\t\t\t\t<\/div>\n\t\t\t\t<\/div>\n\t\t\t\t<\/div>\n\t\t\t\t\t<\/div>\n\t\t\t\t<\/div>\n\t\t\t\t<\/div>","protected":false},"excerpt":{"rendered":"<p>SEX DOLL CARE INSTRUCTIONS Keeping your sex doll clean and well maintained is the key to preserving the longevity of your new ultra-realistic sex doll. Here is a list of tips for maintaining the quality and life of your sex doll. Clean Your Sex Doll We recommend cleaning your doll directly after every use and [&hellip;]<\/p>\n","protected":false},"author":265871293,"featured_media":0,"parent":0,"menu_order":0,"comment_status":"closed","ping_status":"closed","template":"elementor_header_footer","meta":{"_acf_changed":false,"_crdt_document":"","advanced_seo_description":"","jetpack_seo_html_title":"","jetpack_seo_noindex":false,"jetpack_post_was_ever_published":false,"footnotes":""},"class_list":["post-2535","page","type-page","status-publish","hentry"],"blocksy_meta":[],"acf":[],"jetpack_sharing_enabled":true,"jetpack_likes_enabled":true,"jetpack_shortlink":"https:\/\/wp.me\/Pgx3TK-ET","_links":{"self":[{"href":"https:\/\/dolls4desire.com\/it\/wp-json\/wp\/v2\/pages\/2535","targetHints":{"allow":["GET"]}}],"collection":[{"href":"https:\/\/dolls4desire.com\/it\/wp-json\/wp\/v2\/pages"}],"about":[{"href":"https:\/\/dolls4desire.com\/it\/wp-json\/wp\/v2\/types\/page"}],"author":[{"embeddable":true,"href":"https:\/\/dolls4desire.com\/it\/wp-json\/wp\/v2\/users\/265871293"}],"replies":[{"embeddable":true,"href":"https:\/\/dolls4desire.com\/it\/wp-json\/wp\/v2\/comments?post=2535"}],"version-history":[{"count":5,"href":"https:\/\/dolls4desire.com\/it\/wp-json\/wp\/v2\/pages\/2535\/revisions"}],"predecessor-version":[{"id":2993,"href":"https:\/\/dolls4desire.com\/it\/wp-json\/wp\/v2\/pages\/2535\/revisions\/2993"}],"wp:attachment":[{"href":"https:\/\/dolls4desire.com\/it\/wp-json\/wp\/v2\/media?parent=2535"}],"curies":[{"name":"parola chiave","href":"https:\/\/api.w.org\/{rel}","templated":true}]}}