{"id":2510,"date":"2025-05-26T12:17:03","date_gmt":"2025-05-26T02:17:03","guid":{"rendered":"https:\/\/dolls4desire.com\/?page_id=2510"},"modified":"2025-05-27T17:52:38","modified_gmt":"2025-05-27T07:52:38","slug":"termini-e-condizioni","status":"publish","type":"page","link":"https:\/\/dolls4desire.com\/it\/termini-e-condizioni\/","title":{"rendered":"Termini e Condizioni"},"content":{"rendered":"<div data-elementor-type=\"wp-page\" data-elementor-id=\"2510\" class=\"elementor elementor-2510\" data-elementor-post-type=\"page\">\n\t\t\t\t<div class=\"elementor-element elementor-element-3297816 e-flex e-con-boxed e-con e-parent\" data-id=\"3297816\" data-element_type=\"container\" data-e-type=\"container\">\n\t\t\t\t\t<div class=\"e-con-inner\">\n\t\t\t\t<div class=\"elementor-element elementor-element-44a0870 elementor-widget elementor-widget-heading\" data-id=\"44a0870\" data-element_type=\"widget\" data-e-type=\"widget\" data-widget_type=\"heading.default\">\n\t\t\t\t<div class=\"elementor-widget-container\">\n\t\t\t\t\t<h2 class=\"elementor-heading-title elementor-size-default\">Termini e Condizioni\n<\/h2>\t\t\t\t<\/div>\n\t\t\t\t<\/div>\n\t\t\t\t<div class=\"elementor-element elementor-element-6aea8c3 elementor-widget elementor-widget-text-editor\" data-id=\"6aea8c3\" data-element_type=\"widget\" data-e-type=\"widget\" data-widget_type=\"text-editor.default\">\n\t\t\t\t<div class=\"elementor-widget-container\">\n\t\t\t\t\t\t\t\t\t<p class=\"p1\"><span class=\"s1\"><b>Introduzione<\/b><\/span><\/p><p class=\"p2\"><span class=\"s1\">I presenti termini e condizioni regolano l&#039;utilizzo di questo sito web; utilizzandolo, l&#039;utente accetta integralmente i presenti termini e condizioni. Se non \u00e8 d&#039;accordo con i presenti termini e condizioni o con qualsiasi parte di essi, non deve utilizzare questo sito web. Questo sito web utilizza i cookie. Utilizzando questo sito web e accettando i presenti termini e condizioni, l&#039;utente acconsente all&#039;utilizzo dei cookie da parte di dolls4desire.com in conformit\u00e0 con i termini dell&#039;informativa sulla privacy \/ politica sui cookie di dolls4desire.com.<\/span><\/p><p class=\"p1\"><span class=\"s1\"><b>Devi<\/b><\/span><\/p><ul class=\"ul1\"><li class=\"li3\"><span class=\"s1\">IL <a href=\"https:\/\/dolls4desire.com\/it\/\" rel=\"nofollow\">http:\/\/www.dolls4desire.com<\/a> Il sito web potrebbe contenere contenuti che alcuni utenti potrebbero trovare discutibili ed \u00e8 destinato esclusivamente a persone maggiorenni. L&#039;utilizzo del nostro sito web \u00e8 consentito solo a maggiori di 18 anni.<\/span><\/li><\/ul><p class=\"p1\"><span class=\"s1\"><b>Non devi<\/b><\/span><\/p><ul class=\"ul1\"><li class=\"li3\"><span class=\"s1\">ripubblicare materiale da questo sito web (inclusa la ripubblicazione su un altro sito web);<\/span><\/li><li class=\"li3\"><span class=\"s1\">vendere, affittare o concedere in sublicenza materiale dal sito web;<\/span><\/li><li class=\"li3\"><span class=\"s1\">mostrare al pubblico qualsiasi materiale del sito web;<\/span><\/li><li class=\"li3\"><span class=\"s1\">riprodurre, duplicare, copiare o altrimenti sfruttare il materiale presente su questo sito web per scopi commerciali;<\/span><\/li><li class=\"li3\"><span class=\"s1\">modificare o altrimenti alterare qualsiasi materiale presente sul sito web;<\/span><\/li><li class=\"li3\"><span class=\"s1\">ridistribuire materiale da questo sito web, ad eccezione dei contenuti specificamente ed espressamente resi disponibili per la ridistribuzione.<\/span><\/li><\/ul><p class=\"p1\"><span class=\"s1\"><b>Contenuto dell&#039;utente<\/b><\/span><\/p><ul class=\"ul1\"><li class=\"li3\"><span class=\"s1\">Nei presenti termini e condizioni, per &quot;contenuto dell&#039;utente&quot; si intende il materiale (inclusi, a titolo esemplificativo ma non esaustivo, testo, immagini, materiale audio, materiale video e materiale audiovisivo) che l&#039;utente invia a questo sito Web, per qualsiasi scopo.<\/span><\/li><li class=\"li3\"><span class=\"s1\">Concedi a dolls4desire.com una licenza mondiale, irrevocabile, non esclusiva e royalty-free per utilizzare, riprodurre, adattare, pubblicare, tradurre e distribuire i tuoi contenuti utente su qualsiasi mezzo esistente o futuro.<\/span><\/li><li class=\"li3\"><span class=\"s1\">Concedi inoltre a dolls4desire.com il diritto di concedere in sublicenza tali diritti e il diritto di intentare un&#039;azione legale per violazione di tali diritti.<\/span><\/li><li class=\"li3\"><span class=\"s1\">Il tuo contenuto utente non deve essere illegale o illecito, non deve violare i diritti legali di terzi e non deve essere in grado di dar luogo ad azioni legali contro di te, contro dolls4desire.com o contro terzi (in ogni caso ai sensi di qualsiasi legge applicabile).<\/span><\/li><li class=\"li3\"><span class=\"s1\">Non \u00e8 consentito inviare al sito web alcun contenuto utente che sia o sia mai stato oggetto di procedimenti legali minacciati o effettivi o di altri reclami simili.<\/span><\/li><li class=\"li3\"><span class=\"s1\">dolls4desire.com si riserva il diritto di modificare o rimuovere qualsiasi materiale inviato a questo sito web, o memorizzato sui server di dolls4desire.com, oppure ospitato o pubblicato su questo sito web.<\/span><\/li><li class=\"li3\"><span class=\"s1\">Nonostante i diritti di dolls4desire.com ai sensi dei presenti termini e condizioni in relazione ai contenuti degli utenti, dolls4desire.com non si impegna a monitorare l&#039;invio di tali contenuti o la pubblicazione di tali contenuti su questo sito web.<\/span><\/li><\/ul><p class=\"p1\"><span class=\"s1\"><b>Altre parti<\/b><\/span><\/p><p class=\"p2\"><span class=\"s1\">L&#039;utente accetta che, in quanto entit\u00e0 a responsabilit\u00e0 limitata, dolls4desire.com abbia interesse a limitare la responsabilit\u00e0 personale dei suoi dirigenti e dipendenti. L&#039;utente accetta di non presentare alcuna richiesta di risarcimento danni personalmente nei confronti dei dirigenti o dipendenti di dolls4desire.com in relazione a eventuali perdite subite in relazione al sito web.<\/span><\/p><p class=\"p2\"><span class=\"s1\">Fatto salvo quanto previsto dal paragrafo precedente, l&#039;utente accetta che le limitazioni di garanzia e responsabilit\u00e0 stabilite nel presente disclaimer del sito web proteggeranno i funzionari, i dipendenti, gli agenti, le sussidiarie, i successori, gli assegnatari e i subappaltatori di dolls4desire.com, nonch\u00e9 dolls4desire.com.<\/span><\/p><p class=\"p1\"><span class=\"s1\"><b>Violazioni di questi termini e condizioni<\/b><\/span><\/p><p class=\"p2\"><span class=\"s1\">Fatti salvi gli altri diritti di dolls4desire.com ai sensi dei presenti termini e condizioni, in caso di violazione dei presenti termini e condizioni in qualsiasi modo, dolls4desire.com potr\u00e0 adottare le misure che riterr\u00e0 appropriate per gestire la violazione, tra cui la sospensione dell&#039;accesso al sito web, la proibizione dell&#039;accesso al sito web, il blocco dell&#039;accesso al sito web da parte dei computer che utilizzano il tuo indirizzo IP, la richiesta al tuo fornitore di servizi Internet di bloccare l&#039;accesso al sito web e\/o l&#039;avvio di un procedimento giudiziario nei tuoi confronti.<\/span><\/p><p class=\"p1\"><span class=\"s1\"><b>Assegnazione<\/b><\/span><\/p><p class=\"p2\"><span class=\"s1\">dolls4desire.com pu\u00f2 trasferire, subappaltare o altrimenti gestire i diritti e\/o gli obblighi di dolls4desire.com ai sensi dei presenti termini e condizioni senza avvisarti o ottenere il tuo consenso.<\/span><\/p><p class=\"p2\"><span class=\"s1\">Non \u00e8 consentito trasferire, subappaltare o altrimenti gestire i propri diritti e\/o obblighi ai sensi dei presenti termini e condizioni.<\/span><\/p><p class=\"p1\"><span class=\"s1\"><b>Intero accordo<\/b><\/span><\/p><p class=\"p2\"><span class=\"s1\">I presenti termini e condizioni, unitamente all&#039;Informativa sulla privacy di dolls4desire.com, costituiscono l&#039;intero accordo tra te e dolls4desire.com in relazione al tuo utilizzo di questo sito web (contiene una dichiarazione di propriet\u00e0 del sito web) e sostituiscono tutti i precedenti accordi relativi al tuo utilizzo di questo sito web.<\/span><\/p><p class=\"p1\"><span class=\"s1\"><b>Licenza per l&#039;utilizzo del sito web<\/b><\/span><\/p><p class=\"p2\"><span class=\"s1\">Salvo diversa indicazione, <a href=\"https:\/\/dolls4desire.com\/it\/\" rel=\"nofollow\">http:\/\/www.dolls4desire.com<\/a> e\/o i suoi licenziatari detengono i diritti di propriet\u00e0 intellettuale sul sito web e sul materiale presente sul sito web. Fatti salvi i termini della licenza di seguito, tutti questi diritti di propriet\u00e0 intellettuale sono riservati.<\/span><\/p><p class=\"p2\"><span class=\"s1\">\u00c8 possibile visualizzare, scaricare solo a scopo di memorizzazione nella cache e stampare pagine, manuali utente o altre informazioni sui prodotti dal sito Web per uso personale, nel rispetto delle restrizioni stabilite di seguito e altrove nei presenti termini e condizioni.<\/span><\/p><p class=\"p1\"><span class=\"s1\"><b>Uso accettabile<\/b><\/span><\/p><ul class=\"ul1\"><li class=\"li3\"><span class=\"s1\">Non \u00e8 consentito utilizzare questo sito web in alcun modo che causi o possa causare danni al sito web o comprometta la disponibilit\u00e0 o l&#039;accessibilit\u00e0 del sito web; o in alcun modo che sia illecito, illegale, fraudolento o dannoso, o in relazione a qualsiasi scopo o attivit\u00e0 illecita, illegale, fraudolenta o dannosa.<\/span><\/li><li class=\"li3\"><span class=\"s1\">Non \u00e8 consentito utilizzare questo sito Web per copiare, archiviare, ospitare, trasmettere, inviare, utilizzare, pubblicare o distribuire materiale costituito da (o collegato a) spyware, virus informatici, trojan horse, worm, keystroke logger, rootkit o altri software informatici dannosi.<\/span><\/li><li class=\"li3\"><span class=\"s1\">Non \u00e8 consentito condurre alcuna attivit\u00e0 di raccolta dati sistematica o automatizzata (inclusi, a titolo esemplificativo ma non esaustivo, scraping, data mining, estrazione dati e data harvesting) su o in relazione a questo sito web senza l&#039;espresso consenso scritto di dolls4desire.com.<\/span><\/li><li class=\"li3\"><span class=\"s1\">Non \u00e8 consentito utilizzare questo sito web per trasmettere o inviare comunicazioni commerciali indesiderate.<\/span><\/li><li class=\"li3\"><span class=\"s1\">Non \u00e8 consentito utilizzare questo sito web per scopi legati al marketing senza l&#039;espresso consenso scritto di dolls4desire.com.<\/span><\/li><\/ul><p class=\"p1\"><span class=\"s1\"><b>Limitazioni di responsabilit\u00e0<\/b><\/span><\/p><p class=\"p2\"><span class=\"s1\">Dolls4desire.com non sar\u00e0 responsabile nei tuoi confronti (sia ai sensi della legge sui contratti, della legge sui torti o altrimenti) in relazione ai contenuti, all&#039;uso o altrimenti in connessione con questo sito web: nella misura in cui il sito web \u00e8 fornito gratuitamente, per qualsiasi perdita diretta;<\/span><\/p><p class=\"p2\"><span class=\"s1\">per qualsiasi perdita indiretta, speciale o consequenziale; o per qualsiasi perdita aziendale, perdita di entrate, reddito, profitti o risparmi previsti, perdita di contratti o relazioni commerciali, perdita di reputazione o avviamento, o perdita o corruzione di informazioni o dati.<\/span><\/p><p class=\"p2\"><span class=\"s1\">Tali limitazioni di responsabilit\u00e0 si applicano anche se dolls4desire.com \u00e8 stata espressamente informata della potenziale perdita.<\/span><\/p><p class=\"p1\"><span class=\"s1\"><b>Ragionevolezza<\/b><\/span><\/p><p class=\"p2\"><span class=\"s1\">Utilizzando questo sito web, l&#039;utente accetta che le esclusioni e le limitazioni di responsabilit\u00e0 stabilite nel disclaimer del presente sito web siano ragionevoli.<br \/>Se ritieni che non siano ragionevoli, non devi utilizzare questo sito web.<\/span><\/p><p class=\"p1\"><span class=\"s1\"><b>Disposizioni inapplicabili<\/b><\/span><\/p><p class=\"p2\"><span class=\"s1\">Se una qualsiasi disposizione del presente disclaimer del sito web \u00e8, o si rivela essere, inapplicabile ai sensi della legge applicabile, ci\u00f2 non pregiudicher\u00e0 l&#039;applicabilit\u00e0 delle altre disposizioni del presente disclaimer del sito web.<\/span><\/p><p class=\"p1\"><span class=\"s1\"><b>Indennit\u00e0<\/b><\/span><\/p><p class=\"p2\"><span class=\"s1\">Con la presente, l&#039;utente indennizza dolls4desire.com e si impegna a tenere dolls4desire.com indenne da qualsiasi perdita, danno, costo, responsabilit\u00e0 e spesa (incluse, senza limitazioni, le spese legali e qualsiasi importo pagato da dolls4desire.com a terzi per la risoluzione di un reclamo o di una controversia su consiglio dei consulenti legali di dolls4desire.com) sostenuti o subiti da dolls4desire.com derivanti da qualsiasi violazione da parte dell&#039;utente di qualsiasi disposizione di questi termini e condizioni, o derivanti da qualsiasi reclamo secondo cui l&#039;utente ha violato una qualsiasi disposizione di questi termini e condizioni.<\/span><\/p><p class=\"p1\"><span class=\"s1\"><b>Variazione<\/b><\/span><\/p><p class=\"p2\"><span class=\"s1\">dolls4desire.com si riserva il diritto di modificare periodicamente i presenti termini e condizioni. I termini e le condizioni modificati si applicheranno all&#039;utilizzo di questo sito web a partire dalla data di pubblicazione dei termini e delle condizioni modificati su questo sito web. Si prega di controllare regolarmente questa pagina per assicurarsi di conoscere la versione aggiornata.<\/span><\/p><p class=\"p1\"><span class=\"s1\"><b>Separabilit\u00e0<\/b><\/span><\/p><p class=\"p2\"><span class=\"s1\">Qualora una disposizione dei presenti termini e condizioni venga ritenuta illegittima e\/o inapplicabile da un tribunale o da altra autorit\u00e0 competente, le altre disposizioni continueranno ad avere effetto. Qualora una disposizione illegittima e\/o inapplicabile risultasse legittima o applicabile qualora una parte di essa venisse eliminata, tale parte si considerer\u00e0 eliminata e la restante parte della disposizione continuer\u00e0 ad avere effetto.<\/span><\/p><p class=\"p1\"><span class=\"s1\"><b>Legge e giurisdizione<\/b><\/span><\/p><p class=\"p2\"><span class=\"s1\">I presenti Termini di servizio e tutti gli accordi separati tramite i quali ti forniamo i nostri servizi saranno regolati e interpretati in conformit\u00e0 con le leggi del Regno Unito e qualsiasi controversia relativa a questi termini e condizioni sar\u00e0 soggetta alla giurisdizione esclusiva dei tribunali locali.<\/span><\/p>\t\t\t\t\t\t\t\t<\/div>\n\t\t\t\t<\/div>\n\t\t\t\t\t<\/div>\n\t\t\t\t<\/div>\n\t\t\t\t<\/div>","protected":false},"excerpt":{"rendered":"<p>Terms and Conditions &lt;b&gt;Introduction&lt;\/b&gt; These terms and conditions govern your use of this website; by using this website, you accept these terms and conditions in full. If you disagree with these terms and conditions or any part of these terms and conditions, you must not use this website.This website uses cookies. By using this website [&hellip;]<\/p>\n","protected":false},"author":265871293,"featured_media":0,"parent":0,"menu_order":0,"comment_status":"closed","ping_status":"closed","template":"elementor_header_footer","meta":{"_acf_changed":false,"_crdt_document":"","advanced_seo_description":"","jetpack_seo_html_title":"","jetpack_seo_noindex":false,"footnotes":""},"class_list":["post-2510","page","type-page","status-publish","hentry"],"blocksy_meta":[],"acf":[],"jetpack_sharing_enabled":true,"jetpack_likes_enabled":true,"jetpack_shortlink":"https:\/\/wp.me\/Pgx3TK-Eu","_links":{"self":[{"href":"https:\/\/dolls4desire.com\/it\/wp-json\/wp\/v2\/pages\/2510","targetHints":{"allow":["GET"]}}],"collection":[{"href":"https:\/\/dolls4desire.com\/it\/wp-json\/wp\/v2\/pages"}],"about":[{"href":"https:\/\/dolls4desire.com\/it\/wp-json\/wp\/v2\/types\/page"}],"author":[{"embeddable":true,"href":"https:\/\/dolls4desire.com\/it\/wp-json\/wp\/v2\/users\/265871293"}],"replies":[{"embeddable":true,"href":"https:\/\/dolls4desire.com\/it\/wp-json\/wp\/v2\/comments?post=2510"}],"version-history":[{"count":17,"href":"https:\/\/dolls4desire.com\/it\/wp-json\/wp\/v2\/pages\/2510\/revisions"}],"predecessor-version":[{"id":2933,"href":"https:\/\/dolls4desire.com\/it\/wp-json\/wp\/v2\/pages\/2510\/revisions\/2933"}],"wp:attachment":[{"href":"https:\/\/dolls4desire.com\/it\/wp-json\/wp\/v2\/media?parent=2510"}],"curies":[{"name":"parola chiave","href":"https:\/\/api.w.org\/{rel}","templated":true}]}}