{"id":42,"date":"2025-05-08T10:40:47","date_gmt":"2025-05-08T00:40:47","guid":{"rendered":"https:\/\/dolls4desire.com\/cart\/"},"modified":"2025-05-08T10:40:47","modified_gmt":"2025-05-08T00:40:47","slug":"chariot","status":"publish","type":"page","link":"https:\/\/dolls4desire.com\/fr\/chariot\/","title":{"rendered":"Panier"},"content":{"rendered":"<div data-block-name=\"woocommerce\/cart\" class=\"wp-block-woocommerce-cart alignwide is-loading\">\n<div data-block-name=\"woocommerce\/filled-cart-block\" class=\"wp-block-woocommerce-filled-cart-block\">\n<div data-block-name=\"woocommerce\/cart-items-block\" class=\"wp-block-woocommerce-cart-items-block\">\n<div data-block-name=\"woocommerce\/cart-line-items-block\" class=\"wp-block-woocommerce-cart-line-items-block\"><\/div>\n\n\n\n<div data-block-name=\"woocommerce\/cart-cross-sells-block\" class=\"wp-block-woocommerce-cart-cross-sells-block\">\n<h2 class=\"wp-block-heading has-large-font-size\">Vous pourriez \u00eatre int\u00e9ress\u00e9 par\u2026<\/h2>\n\n\n\n<div data-block-name=\"woocommerce\/cart-cross-sells-products-block\" class=\"wp-block-woocommerce-cart-cross-sells-products-block\"><\/div>\n<\/div>\n<\/div>\n\n\n\n<div data-block-name=\"woocommerce\/cart-totals-block\" class=\"wp-block-woocommerce-cart-totals-block\">\n<div data-block-name=\"woocommerce\/cart-order-summary-block\" class=\"wp-block-woocommerce-cart-order-summary-block\">\n<div data-block-name=\"woocommerce\/cart-order-summary-heading-block\" class=\"wp-block-woocommerce-cart-order-summary-heading-block\"><\/div><div data-block-name=\"woocommerce\/cart-order-summary-coupon-form-block\" class=\"wp-block-woocommerce-cart-order-summary-coupon-form-block\"><\/div><div data-block-name=\"woocommerce\/cart-order-summary-totals-block\" class=\"wp-block-woocommerce-cart-order-summary-totals-block\">\n<div data-block-name=\"woocommerce\/cart-order-summary-subtotal-block\" class=\"wp-block-woocommerce-cart-order-summary-subtotal-block\"><\/div>\n<div data-block-name=\"woocommerce\/cart-order-summary-discount-block\" class=\"wp-block-woocommerce-cart-order-summary-discount-block\"><\/div>\n<div data-block-name=\"woocommerce\/cart-order-summary-fee-block\" class=\"wp-block-woocommerce-cart-order-summary-fee-block\"><\/div>\n<div data-block-name=\"woocommerce\/cart-order-summary-shipping-block\" class=\"wp-block-woocommerce-cart-order-summary-shipping-block\"><\/div>\n<div data-block-name=\"woocommerce\/cart-order-summary-taxes-block\" class=\"wp-block-woocommerce-cart-order-summary-taxes-block\"><\/div><\/div>\n<\/div>\n\n\n\n<div data-block-name=\"woocommerce-paypal-payments\/cart-paylater-messages\" data-pp-placement=\"cart\" data-pp-style-layout=\"text\" data-pp-style-logo-position=\"\" data-pp-style-logo-type=\"\" data-pp-style-text-color=\"\" data-pp-style-text-size=\"\" id=\"ppcp-cart-paylater-messages\" class=\"ppcp-messages\" data-partner-attribution-id=\"WooPPCP_Ecom_PS_CoreProfiler\"><\/div><div data-block-name=\"woocommerce\/cart-express-payment-block\" class=\"wp-block-woocommerce-cart-express-payment-block\"><\/div>\n\n\n\n<div data-block-name=\"woocommerce\/proceed-to-checkout-block\" class=\"wp-block-woocommerce-proceed-to-checkout-block\"><\/div>\n<div id=\"ppcp-recaptcha-v2-container\" style=\"margin:20px 0;\"><\/div>\n\n\n<div data-block-name=\"woocommerce\/cart-accepted-payment-methods-block\" class=\"wp-block-woocommerce-cart-accepted-payment-methods-block\"><\/div>\n<\/div>\n<\/div>\n\n\n\n<div data-block-name=\"woocommerce\/empty-cart-block\" class=\"wp-block-woocommerce-empty-cart-block\">\n<h2 class=\"wp-block-heading has-text-align-center with-empty-cart-icon wc-block-cart__empty-cart__title\">Votre panier est actuellement vide !<\/h2>\n\n\n\n<hr class=\"wp-block-separator has-alpha-channel-opacity is-style-dots\" \/>\n\n\n\n<h2 class=\"wp-block-heading has-text-align-center\">Nouveau en magasin<\/h2>\n\n\n<div data-block-name=\"woocommerce\/product-new\" data-columns=\"4\" data-rows=\"1\" class=\"wc-block-grid wp-block-product-new wp-block-woocommerce-product-new wc-block-product-new has-4-columns\"><ul class=\"wc-block-grid__products\"><li class=\"wc-block-grid__product\">\n\t\t\t\t<a href=\"https:\/\/dolls4desire.com\/fr\/product\/poupee-marjorie-personnalisable-en-tpe-premium-bonnet-d-149-cm-expedition-rapide-aux-etats-unis-test-ue\/\" class=\"wc-block-grid__product-link\">\n\t\t\t\t\t<div class=\"wc-block-grid__product-onsale\">\n\t\t\t<span aria-hidden=\"true\" data-no-translation=\"\" data-trp-gettext=\"\">Promo<\/span>\n\t\t\t<span class=\"screen-reader-text\" data-no-translation=\"\" data-trp-gettext=\"\">Produit en promotion<\/span>\n\t\t<\/div>\n\t\t\t\t\t<div class=\"wc-block-grid__product-image\"><img fetchpriority=\"high\" decoding=\"async\" width=\"300\" height=\"300\" src=\"https:\/\/dolls4desire.com\/wp-content\/uploads\/2025\/06\/R5A7270_\u526f\u672c-300x300.jpg?crop=1\" class=\"attachment-woocommerce_thumbnail size-woocommerce_thumbnail\" alt=\"Marjorie - Poup\u00e9e TPE premium personnalisable - 149 cm - Bonnet D - Exp\u00e9dition rapide aux \u00c9tats-Unis et dans l&#039;UE (Test)\" srcset=\"\" sizes=\"(max-width: 300px) 100vw, 300px\" data-attachment-id=\"6832\" data-permalink=\"https:\/\/dolls4desire.com\/fr\" data-orig-file=\"https:\/\/dolls4desire.com\/wp-content\/uploads\/2025\/06\/R5A7270_\u526f\u672c.jpg\" data-orig-size=\"800,1200\" data-comments-opened=\"1\" data-image-meta=\"{&quot;aperture&quot;:&quot;0&quot;,&quot;credit&quot;:&quot;&quot;,&quot;camera&quot;:&quot;&quot;,&quot;caption&quot;:&quot;&quot;,&quot;created_timestamp&quot;:&quot;0&quot;,&quot;copyright&quot;:&quot;&quot;,&quot;focal_length&quot;:&quot;0&quot;,&quot;iso&quot;:&quot;0&quot;,&quot;shutter_speed&quot;:&quot;0&quot;,&quot;title&quot;:&quot;&quot;,&quot;orientation&quot;:&quot;0&quot;}\" data-image-title=\"_R5A7270_\u526f\u672c\" data-image-description=\"\" data-image-caption=\"\" data-medium-file=\"https:\/\/dolls4desire.com\/wp-content\/uploads\/2025\/06\/R5A7270_\u526f\u672c-200x300.jpg\" data-large-file=\"https:\/\/dolls4desire.com\/wp-content\/uploads\/2025\/06\/R5A7270_\u526f\u672c-683x1024.jpg\" data-srcset=\"\" \/><\/div>\n\t\t\t\t\t<div class=\"wc-block-grid__product-title\">Marjorie - Poup\u00e9e TPE premium personnalisable - 149 cm - Bonnet D - Exp\u00e9dition rapide aux \u00c9tats-Unis et dans l&#039;UE (Test)<\/div>\n\t\t\t\t<\/a>\n\t\t\t\t<div class=\"wc-block-grid__product-price price\"><span class=\"woocs_price_code\" data-currency=\"\" data-redraw-id=\"696bb4d74ee7e\" data-product-id=\"7154\"><span class=\"sale-price\"><del aria-hidden=\"true\"><span class=\"woocommerce-Price-amount amount\"><span class=\"woocommerce-Price-currencySymbol\">&#036;<\/span>&nbsp;1,499.00<\/span><\/del> <span class=\"screen-reader-text\" data-no-translation=\"\" data-trp-gettext=\"\">Le prix initial \u00e9tait\u00a0: &#036;&nbsp;1,499.00.<\/span><ins aria-hidden=\"true\"><span class=\"woocommerce-Price-amount amount\"><span class=\"woocommerce-Price-currencySymbol\">&#036;<\/span>&nbsp;1.00<\/span><\/ins><span class=\"screen-reader-text\" data-no-translation=\"\" data-trp-gettext=\"\">Le prix actuel est\u00a0: &#036;&nbsp;1.00.<\/span><\/span><\/span><\/div>\n\t\t\t\t\n\t\t\t\t<div class=\"wp-block-button wc-block-grid__product-add-to-cart\"><a href=\"https:\/\/dolls4desire.com\/fr\/product\/poupee-marjorie-personnalisable-en-tpe-premium-bonnet-d-149-cm-expedition-rapide-aux-etats-unis-test-ue\/\" aria-label=\"Ajouter au panier\u00a0: \u201cMarjorie-Customizable-149CM-D-Cup-Premium TPE Doll- Fast shipping in USA\/EU (Test)\u201d\" data-quantity=\"1\" data-product_id=\"7154\" data-product_sku=\"AZMTPETH12601-1\" data-price=\"1\" rel=\"nofollow\" class=\"wp-block-button__link  add_to_cart_button\" data-no-translation-aria-label=\"\">Select options<\/a><\/div>\n\t\t\t<\/li><li class=\"wc-block-grid__product\">\n\t\t\t\t<a href=\"https:\/\/dolls4desire.com\/fr\/product\/azmtpeth12601\/\" class=\"wc-block-grid__product-link\">\n\t\t\t\t\t<div class=\"wc-block-grid__product-onsale\">\n\t\t\t<span aria-hidden=\"true\" data-no-translation=\"\" data-trp-gettext=\"\">Promo<\/span>\n\t\t\t<span class=\"screen-reader-text\" data-no-translation=\"\" data-trp-gettext=\"\">Produit en promotion<\/span>\n\t\t<\/div>\n\t\t\t\t\t<div class=\"wc-block-grid__product-image\"><img decoding=\"async\" width=\"300\" height=\"300\" src=\"https:\/\/dolls4desire.com\/wp-content\/uploads\/2025\/06\/R5A7270_\u526f\u672c-300x300.jpg?crop=1\" class=\"attachment-woocommerce_thumbnail size-woocommerce_thumbnail\" alt=\"Marjorie - Poup\u00e9e TPE premium personnalisable - Bonnet D - 149 cm - Livraison rapide aux \u00c9tats-Unis et dans l&#039;UE\" srcset=\"\" sizes=\"(max-width: 300px) 100vw, 300px\" data-attachment-id=\"6832\" data-permalink=\"https:\/\/dolls4desire.com\/fr\" data-orig-file=\"https:\/\/dolls4desire.com\/wp-content\/uploads\/2025\/06\/R5A7270_\u526f\u672c.jpg\" data-orig-size=\"800,1200\" data-comments-opened=\"1\" data-image-meta=\"{&quot;aperture&quot;:&quot;0&quot;,&quot;credit&quot;:&quot;&quot;,&quot;camera&quot;:&quot;&quot;,&quot;caption&quot;:&quot;&quot;,&quot;created_timestamp&quot;:&quot;0&quot;,&quot;copyright&quot;:&quot;&quot;,&quot;focal_length&quot;:&quot;0&quot;,&quot;iso&quot;:&quot;0&quot;,&quot;shutter_speed&quot;:&quot;0&quot;,&quot;title&quot;:&quot;&quot;,&quot;orientation&quot;:&quot;0&quot;}\" data-image-title=\"_R5A7270_\u526f\u672c\" data-image-description=\"\" data-image-caption=\"\" data-medium-file=\"https:\/\/dolls4desire.com\/wp-content\/uploads\/2025\/06\/R5A7270_\u526f\u672c-200x300.jpg\" data-large-file=\"https:\/\/dolls4desire.com\/wp-content\/uploads\/2025\/06\/R5A7270_\u526f\u672c-683x1024.jpg\" data-srcset=\"\" \/><\/div>\n\t\t\t\t\t<div class=\"wc-block-grid__product-title\">Marjorie - Poup\u00e9e TPE premium personnalisable - Bonnet D - 149 cm - Livraison rapide aux \u00c9tats-Unis et dans l&#039;UE<\/div>\n\t\t\t\t<\/a>\n\t\t\t\t<div class=\"wc-block-grid__product-price price\"><span class=\"woocs_price_code\" data-currency=\"\" data-redraw-id=\"696bb4d7513f6\" data-product-id=\"6831\"><span class=\"sale-price\"><del aria-hidden=\"true\"><span class=\"woocommerce-Price-amount amount\"><span class=\"woocommerce-Price-currencySymbol\">&#036;<\/span>&nbsp;1,499.00<\/span><\/del> <span class=\"screen-reader-text\" data-no-translation=\"\" data-trp-gettext=\"\">Le prix initial \u00e9tait\u00a0: &#036;&nbsp;1,499.00.<\/span><ins aria-hidden=\"true\"><span class=\"woocommerce-Price-amount amount\"><span class=\"woocommerce-Price-currencySymbol\">&#036;<\/span>&nbsp;849.00<\/span><\/ins><span class=\"screen-reader-text\" data-no-translation=\"\" data-trp-gettext=\"\">Le prix actuel est\u00a0: &#036;&nbsp;849.00.<\/span><\/span><\/span><\/div>\n\t\t\t\t\n\t\t\t\t<div class=\"wp-block-button wc-block-grid__product-add-to-cart\"><a href=\"https:\/\/dolls4desire.com\/fr\/product\/azmtpeth12601\/\" aria-label=\"Ajouter au panier\u00a0: \u201cMarjorie-Customizable-149CM-D-Cup-Premium TPE Doll- Fast shipping in USA\/EU\u201d\" data-quantity=\"1\" data-product_id=\"6831\" data-product_sku=\"AZMTPETH12601\" data-price=\"849\" rel=\"nofollow\" class=\"wp-block-button__link  add_to_cart_button\" data-no-translation-aria-label=\"\">Select options<\/a><\/div>\n\t\t\t<\/li><li class=\"wc-block-grid__product\">\n\t\t\t\t<a href=\"https:\/\/dolls4desire.com\/fr\/product\/azmtpeth12501\/\" class=\"wc-block-grid__product-link\">\n\t\t\t\t\t<div class=\"wc-block-grid__product-onsale\">\n\t\t\t<span aria-hidden=\"true\" data-no-translation=\"\" data-trp-gettext=\"\">Promo<\/span>\n\t\t\t<span class=\"screen-reader-text\" data-no-translation=\"\" data-trp-gettext=\"\">Produit en promotion<\/span>\n\t\t<\/div>\n\t\t\t\t\t<div class=\"wc-block-grid__product-image\"><img decoding=\"async\" width=\"300\" height=\"300\" src=\"https:\/\/dolls4desire.com\/wp-content\/uploads\/2025\/06\/R5A7061_\u526f\u672c-300x300.jpg?crop=1\" class=\"attachment-woocommerce_thumbnail size-woocommerce_thumbnail\" alt=\"Poup\u00e9e Agn\u00e8s en TPE premium personnalisable, bonnet D, 148 cm, livraison rapide aux \u00c9tats-Unis et dans l&#039;UE\" srcset=\"https:\/\/dolls4desire.com\/wp-content\/uploads\/2025\/06\/R5A7061_\u526f\u672c-300x300.jpg?crop=1 300w, https:\/\/dolls4desire.com\/wp-content\/uploads\/2025\/06\/R5A7061_\u526f\u672c-150x150.jpg?crop=1 150w, https:\/\/dolls4desire.com\/wp-content\/uploads\/2025\/06\/R5A7061_\u526f\u672c-100x100.jpg?crop=1 100w\" sizes=\"(max-width: 300px) 100vw, 300px\" data-attachment-id=\"6811\" data-permalink=\"https:\/\/dolls4desire.com\/fr\" data-orig-file=\"https:\/\/dolls4desire.com\/wp-content\/uploads\/2025\/06\/R5A7061_\u526f\u672c.jpg\" data-orig-size=\"800,1200\" data-comments-opened=\"1\" data-image-meta=\"{&quot;aperture&quot;:&quot;0&quot;,&quot;credit&quot;:&quot;&quot;,&quot;camera&quot;:&quot;&quot;,&quot;caption&quot;:&quot;&quot;,&quot;created_timestamp&quot;:&quot;0&quot;,&quot;copyright&quot;:&quot;&quot;,&quot;focal_length&quot;:&quot;0&quot;,&quot;iso&quot;:&quot;0&quot;,&quot;shutter_speed&quot;:&quot;0&quot;,&quot;title&quot;:&quot;&quot;,&quot;orientation&quot;:&quot;0&quot;}\" data-image-title=\"_R5A7061_\u526f\u672c\" data-image-description=\"\" data-image-caption=\"\" data-medium-file=\"https:\/\/dolls4desire.com\/wp-content\/uploads\/2025\/06\/R5A7061_\u526f\u672c-200x300.jpg\" data-large-file=\"https:\/\/dolls4desire.com\/wp-content\/uploads\/2025\/06\/R5A7061_\u526f\u672c-683x1024.jpg\" \/><\/div>\n\t\t\t\t\t<div class=\"wc-block-grid__product-title\">Poup\u00e9e Agn\u00e8s en TPE premium personnalisable, bonnet D, 148 cm, livraison rapide aux \u00c9tats-Unis et dans l&#039;UE<\/div>\n\t\t\t\t<\/a>\n\t\t\t\t<div class=\"wc-block-grid__product-price price\"><span class=\"woocs_price_code\" data-currency=\"\" data-redraw-id=\"696bb4d753a2b\" data-product-id=\"6810\"><span class=\"sale-price\"><del aria-hidden=\"true\"><span class=\"woocommerce-Price-amount amount\"><span class=\"woocommerce-Price-currencySymbol\">&#036;<\/span>&nbsp;1,499.00<\/span><\/del> <span class=\"screen-reader-text\" data-no-translation=\"\" data-trp-gettext=\"\">Le prix initial \u00e9tait\u00a0: &#036;&nbsp;1,499.00.<\/span><ins aria-hidden=\"true\"><span class=\"woocommerce-Price-amount amount\"><span class=\"woocommerce-Price-currencySymbol\">&#036;<\/span>&nbsp;849.00<\/span><\/ins><span class=\"screen-reader-text\" data-no-translation=\"\" data-trp-gettext=\"\">Le prix actuel est\u00a0: &#036;&nbsp;849.00.<\/span><\/span><\/span><\/div>\n\t\t\t\t\n\t\t\t\t<div class=\"wp-block-button wc-block-grid__product-add-to-cart\"><a href=\"https:\/\/dolls4desire.com\/fr\/product\/azmtpeth12501\/\" aria-label=\"Ajouter au panier\u00a0: \u201cAgnes-Customizable-148CM-D-Cup-Premium TPE Doll- Fast shipping in USA\/EU\u201d\" data-quantity=\"1\" data-product_id=\"6810\" data-product_sku=\"AZMTPETH12501\" data-price=\"849\" rel=\"nofollow\" class=\"wp-block-button__link  add_to_cart_button\" data-no-translation-aria-label=\"\">Select options<\/a><\/div>\n\t\t\t<\/li><li class=\"wc-block-grid__product\">\n\t\t\t\t<a href=\"https:\/\/dolls4desire.com\/fr\/product\/azmtpeth12401\/\" class=\"wc-block-grid__product-link\">\n\t\t\t\t\t<div class=\"wc-block-grid__product-onsale\">\n\t\t\t<span aria-hidden=\"true\" data-no-translation=\"\" data-trp-gettext=\"\">Promo<\/span>\n\t\t\t<span class=\"screen-reader-text\" data-no-translation=\"\" data-trp-gettext=\"\">Produit en promotion<\/span>\n\t\t<\/div>\n\t\t\t\t\t<div class=\"wc-block-grid__product-image\"><img loading=\"lazy\" decoding=\"async\" width=\"300\" height=\"300\" src=\"https:\/\/dolls4desire.com\/wp-content\/uploads\/2025\/06\/R9A6313_\u526f\u672c-300x300.jpg?crop=1\" class=\"attachment-woocommerce_thumbnail size-woocommerce_thumbnail\" alt=\"Helen - Poup\u00e9e TPE premium personnalisable - 148 cm - Bonnet C - Exp\u00e9dition rapide aux \u00c9tats-Unis et dans l&#039;UE\" srcset=\"https:\/\/dolls4desire.com\/wp-content\/uploads\/2025\/06\/R9A6313_\u526f\u672c-300x300.jpg?crop=1 300w, https:\/\/dolls4desire.com\/wp-content\/uploads\/2025\/06\/R9A6313_\u526f\u672c-150x150.jpg?crop=1 150w, https:\/\/dolls4desire.com\/wp-content\/uploads\/2025\/06\/R9A6313_\u526f\u672c-100x100.jpg?crop=1 100w\" sizes=\"(max-width: 300px) 100vw, 300px\" data-attachment-id=\"6787\" data-permalink=\"https:\/\/dolls4desire.com\/fr\" data-orig-file=\"https:\/\/dolls4desire.com\/wp-content\/uploads\/2025\/06\/R9A6313_\u526f\u672c.jpg\" data-orig-size=\"800,1200\" data-comments-opened=\"1\" data-image-meta=\"{&quot;aperture&quot;:&quot;0&quot;,&quot;credit&quot;:&quot;&quot;,&quot;camera&quot;:&quot;&quot;,&quot;caption&quot;:&quot;&quot;,&quot;created_timestamp&quot;:&quot;0&quot;,&quot;copyright&quot;:&quot;&quot;,&quot;focal_length&quot;:&quot;0&quot;,&quot;iso&quot;:&quot;0&quot;,&quot;shutter_speed&quot;:&quot;0&quot;,&quot;title&quot;:&quot;&quot;,&quot;orientation&quot;:&quot;0&quot;}\" data-image-title=\"_R9A6313_\u526f\u672c\" data-image-description=\"\" data-image-caption=\"\" data-medium-file=\"https:\/\/dolls4desire.com\/wp-content\/uploads\/2025\/06\/R9A6313_\u526f\u672c-200x300.jpg\" data-large-file=\"https:\/\/dolls4desire.com\/wp-content\/uploads\/2025\/06\/R9A6313_\u526f\u672c-683x1024.jpg\" \/><\/div>\n\t\t\t\t\t<div class=\"wc-block-grid__product-title\">Helen - Poup\u00e9e TPE premium personnalisable - 148 cm - Bonnet C - Exp\u00e9dition rapide aux \u00c9tats-Unis et dans l&#039;UE<\/div>\n\t\t\t\t<\/a>\n\t\t\t\t<div class=\"wc-block-grid__product-price price\"><span class=\"woocs_price_code\" data-currency=\"\" data-redraw-id=\"696bb4d756454\" data-product-id=\"6786\"><span class=\"sale-price\"><del aria-hidden=\"true\"><span class=\"woocommerce-Price-amount amount\"><span class=\"woocommerce-Price-currencySymbol\">&#036;<\/span>&nbsp;1,499.00<\/span><\/del> <span class=\"screen-reader-text\" data-no-translation=\"\" data-trp-gettext=\"\">Le prix initial \u00e9tait\u00a0: &#036;&nbsp;1,499.00.<\/span><ins aria-hidden=\"true\"><span class=\"woocommerce-Price-amount amount\"><span class=\"woocommerce-Price-currencySymbol\">&#036;<\/span>&nbsp;849.00<\/span><\/ins><span class=\"screen-reader-text\" data-no-translation=\"\" data-trp-gettext=\"\">Le prix actuel est\u00a0: &#036;&nbsp;849.00.<\/span><\/span><\/span><\/div>\n\t\t\t\t\n\t\t\t\t<div class=\"wp-block-button wc-block-grid__product-add-to-cart\"><a href=\"https:\/\/dolls4desire.com\/fr\/product\/azmtpeth12401\/\" aria-label=\"Ajouter au panier\u00a0: \u201cHelen-Customizable-148CM-C-Cup-Premium TPE Doll- Fast shipping in USA\/EU\u201d\" data-quantity=\"1\" data-product_id=\"6786\" data-product_sku=\"AZMTPETH12401\" data-price=\"849\" rel=\"nofollow\" class=\"wp-block-button__link  add_to_cart_button\" data-no-translation-aria-label=\"\">Select options<\/a><\/div>\n\t\t\t<\/li><\/ul><\/div><\/div>\n<\/div>","protected":false},"excerpt":{"rendered":"","protected":false},"author":1,"featured_media":0,"parent":0,"menu_order":0,"comment_status":"closed","ping_status":"closed","template":"","meta":{"_acf_changed":false,"advanced_seo_description":"","jetpack_seo_html_title":"","jetpack_seo_noindex":false,"jetpack_post_was_ever_published":false,"footnotes":""},"class_list":["post-42","page","type-page","status-publish","hentry"],"blocksy_meta":[],"acf":[],"jetpack_sharing_enabled":true,"jetpack_likes_enabled":true,"jetpack_shortlink":"https:\/\/wp.me\/Pgx3TK-G","_links":{"self":[{"href":"https:\/\/dolls4desire.com\/fr\/wp-json\/wp\/v2\/pages\/42","targetHints":{"allow":["GET"]}}],"collection":[{"href":"https:\/\/dolls4desire.com\/fr\/wp-json\/wp\/v2\/pages"}],"about":[{"href":"https:\/\/dolls4desire.com\/fr\/wp-json\/wp\/v2\/types\/page"}],"author":[{"embeddable":true,"href":"https:\/\/dolls4desire.com\/fr\/wp-json\/wp\/v2\/users\/1"}],"replies":[{"embeddable":true,"href":"https:\/\/dolls4desire.com\/fr\/wp-json\/wp\/v2\/comments?post=42"}],"version-history":[{"count":0,"href":"https:\/\/dolls4desire.com\/fr\/wp-json\/wp\/v2\/pages\/42\/revisions"}],"wp:attachment":[{"href":"https:\/\/dolls4desire.com\/fr\/wp-json\/wp\/v2\/media?parent=42"}],"curies":[{"name":"wp","href":"https:\/\/api.w.org\/{rel}","templated":true}]}}