{"id":2535,"date":"2025-05-26T12:23:56","date_gmt":"2025-05-26T02:23:56","guid":{"rendered":"https:\/\/dolls4desire.com\/?page_id=2535"},"modified":"2025-05-27T18:51:46","modified_gmt":"2025-05-27T08:51:46","slug":"entretien-des-poupees-sexuelles","status":"publish","type":"page","link":"https:\/\/dolls4desire.com\/fr\/entretien-des-poupees-sexuelles\/","title":{"rendered":"Entretien des poup\u00e9es sexuelles"},"content":{"rendered":"<div data-elementor-type=\"wp-page\" data-elementor-id=\"2535\" class=\"elementor elementor-2535\" data-elementor-post-type=\"page\">\n\t\t\t\t<div class=\"elementor-element elementor-element-be60236 e-flex e-con-boxed e-con e-parent\" data-id=\"be60236\" data-element_type=\"container\">\n\t\t\t\t\t<div class=\"e-con-inner\">\n\t\t\t\t<div class=\"elementor-element elementor-element-38b3450 elementor-widget elementor-widget-heading\" data-id=\"38b3450\" data-element_type=\"widget\" data-widget_type=\"heading.default\">\n\t\t\t\t<div class=\"elementor-widget-container\">\n\t\t\t\t\t<h2 class=\"elementor-heading-title elementor-size-default\">INSTRUCTIONS D&#039;ENTRETIEN DES POUP\u00c9ES SEXUELLES\n<\/h2>\t\t\t\t<\/div>\n\t\t\t\t<\/div>\n\t\t\t\t<div class=\"elementor-element elementor-element-65be87c elementor-widget-divider--view-line elementor-widget elementor-widget-divider\" data-id=\"65be87c\" data-element_type=\"widget\" data-widget_type=\"divider.default\">\n\t\t\t\t<div class=\"elementor-widget-container\">\n\t\t\t\t\t\t\t<div class=\"elementor-divider\">\n\t\t\t<span class=\"elementor-divider-separator\">\n\t\t\t\t\t\t<\/span>\n\t\t<\/div>\n\t\t\t\t\t\t<\/div>\n\t\t\t\t<\/div>\n\t\t\t\t<div class=\"elementor-element elementor-element-f847823 elementor-widget elementor-widget-text-editor\" data-id=\"f847823\" data-element_type=\"widget\" data-widget_type=\"text-editor.default\">\n\t\t\t\t<div class=\"elementor-widget-container\">\n\t\t\t\t\t\t\t\t\t<div class=\"wpb_column vc_column_container vc_col-sm-8\"><div class=\"vc_column-inner\"><div class=\"wpb_wrapper\"><div class=\"wpb_text_column wpb_content_element\"><div class=\"wpb_wrapper\"><p class=\"p1\"><span class=\"s1\">Garder votre poup\u00e9e sexuelle propre et bien entretenue est essentiel pour pr\u00e9server sa long\u00e9vit\u00e9. Voici quelques conseils pour pr\u00e9server sa qualit\u00e9 et sa dur\u00e9e de vie.<\/span><\/p><p class=\"p2\"><span class=\"s1\"><b>Nettoyez votre poup\u00e9e sexuelle<\/b><b><\/b><\/span><\/p><ul class=\"ul1\"><li class=\"li3\"><span class=\"s1\">Nous vous recommandons de nettoyer votre poup\u00e9e directement apr\u00e8s chaque utilisation et les poup\u00e9es doivent \u00eatre nettoy\u00e9es toutes les 2 \u00e0 4 semaines au minimum (quelle que soit l&#039;utilisation).<\/span><\/li><li class=\"li3\"><span class=\"s1\">Utilisez un m\u00e9lange de savon antibact\u00e9rien ordinaire et d&#039;eau ti\u00e8de propre, massez d\u00e9licatement la peau de la poup\u00e9e avec vos mains ou tapotez-la avec une \u00e9ponge propre. (Comme vous le feriez pour une vraie personne.)<\/span><\/li><li class=\"li3\"><span class=\"s1\">Vous pouvez doucher ou baigner votre poup\u00e9e.<\/span><\/li><li class=\"li3\"><span class=\"s1\">Veillez \u00e0 ne pas trop mouiller le manche ou la t\u00eate afin d&#039;\u00e9viter la formation de rouille sur les composants m\u00e9talliques. Si vous mouillez accidentellement les composants m\u00e9talliques, veillez \u00e0 les s\u00e9cher imm\u00e9diatement pour \u00e9viter la formation de rouille.<\/span><\/li><li class=\"li4\"><span class=\"s4\">N&#039;utilisez pas de savons abrasifs ni d&#039;autres produits de nettoyage g\u00e9n\u00e9raux.<\/span><\/li><\/ul><p class=\"p2\"><span class=\"s1\"><b>S\u00e9chez votre poup\u00e9e sexuelle<\/b><b><\/b><\/span><\/p><ul class=\"ul1\"><li class=\"li3\"><span class=\"s1\">Il est tout aussi important de s\u2019assurer que votre poup\u00e9e est compl\u00e8tement s\u00e8che pour limiter les risques de dommages.<\/span><\/li><li class=\"li3\"><span class=\"s1\">S\u00e9chez d\u00e9licatement avec un chiffon en coton doux et propre et laissez la peau s\u00e9cher compl\u00e8tement \u00e0 l&#039;air libre.<\/span><\/li><li class=\"li3\"><span class=\"s1\">N&#039;utilisez pas d&#039;\u00e9ponge\/brosse dure ou de laine d&#039;acier pour le nettoyage - cela pourrait causer des dommages.<\/span><\/li><li class=\"li3\"><span class=\"s1\">Ne frottez pas la poup\u00e9e avec une serviette, utilisez un mouvement de \u00ab tapotement \u00bb si vous utilisez une serviette pour s\u00e9cher.<\/span><\/li><li class=\"li3\"><span class=\"s1\">Appliquez du talc sur le corps de votre poup\u00e9e une fois sec. N&#039;appliquez pas de talc tant que la poup\u00e9e est encore humide.<\/span><\/li><li class=\"li3\"><span class=\"s1\">Appliquez du talc sur le corps de la poup\u00e9e apr\u00e8s le nettoyage, cela pr\u00e9serve la peau et \u00e9vite les dommages caus\u00e9s par les frottements.<\/span><\/li><li class=\"li3\"><span class=\"s1\">Appliquez du talc sur votre poup\u00e9e toutes les deux semaines, ou au minimum une fois par mois (selon l&#039;utilisation).<\/span><\/li><li class=\"li4\"><span class=\"s4\">N&#039;appliquez aucune autre substance sur la peau, comme des huiles parfum\u00e9es.<\/span><\/li><\/ul><p class=\"p2\"><span class=\"s1\"><b>Nettoyer le vagin\/l&#039;anus\/la bouche<\/b><b><\/b><\/span><\/p><ul class=\"ul1\"><li class=\"li3\"><span class=\"s1\">Les zones vaginales, anales et buccales de la poup\u00e9e doivent \u00eatre nettoy\u00e9es apr\u00e8s chaque utilisation pour \u00e9viter la croissance de bact\u00e9ries, car la peau en TPE est plus poreuse que le silicone.<\/span><\/li><li class=\"li3\"><span class=\"s1\">Rincez le canal avec de l&#039;eau savonneuse antibact\u00e9rienne douce dans un irrigateur vaginal jusqu&#039;\u00e0 ce qu&#039;il soit parfaitement propre, rincez le canal avec de l&#039;eau propre dans un irrigateur vaginal jusqu&#039;\u00e0 ce que tout le savon soit \u00e9limin\u00e9.<\/span><\/li><li class=\"li3\"><span class=\"s1\">S\u00e9cher soigneusement le canal.<\/span><\/li><li class=\"li4\"><span class=\"s4\">Une fois sec, d\u00e9poussi\u00e9rez avec la poudre de renouvellement Premium \u00e0 l&#039;int\u00e9rieur et \u00e0 l&#039;ext\u00e9rieur.<\/span><\/li><\/ul><p class=\"p2\"><span class=\"s1\"><b>Nettoyez le visage de votre poup\u00e9e sexuelle<\/b><b><\/b><\/span><\/p><ul class=\"ul1\"><li class=\"li3\"><span class=\"s1\">Retirer la t\u00eate du corps<\/span><\/li><li class=\"li3\"><span class=\"s1\">Retirez la perruque si possible.<\/span><\/li><li class=\"li3\"><span class=\"s1\">Appliquez de l&#039;eau chaude savonneuse antibact\u00e9rienne avec une \u00e9ponge ou un chiffon en coton et massez doucement le visage. \u00e9ponge chaude avec du savon antibact\u00e9rien pour tapoter doucement le fait.<\/span><\/li><li class=\"li3\"><span class=\"s1\">Faites tr\u00e8s attention \u00e0 ne pas ab\u00eemer les yeux et les cils, \u00e9vitez de mouiller ces zones.<\/span><\/li><li class=\"li3\"><span class=\"s1\">Tapotez doucement le visage avec un chiffon sec non abrasif, laissez s\u00e9cher \u00e0 l&#039;air libre naturellement avant de le recoller sur le corps.<\/span><\/li><li class=\"li3\"><span class=\"s1\">Ne plongez jamais la t\u00eate de votre poup\u00e9e dans l&#039;eau.<\/span><\/li><li class=\"li3\"><span class=\"s1\">N&#039;utilisez pas de savons abrasifs ni d&#039;autres produits de nettoyage.<\/span><\/li><li class=\"li3\"><span class=\"s1\">N&#039;utilisez pas de mat\u00e9riaux agressifs ou d&#039;objets durs\/tranchants.<\/span><\/li><li class=\"li3\"><span class=\"s1\">N&#039;appliquez pas trop de pression sur la peau.<\/span><\/li><li class=\"li3\"><span class=\"s1\">N&#039;utilisez jamais de s\u00e8che-cheveux ni aucun autre appareil chauffant sur votre poup\u00e9e.<\/span><\/li><li class=\"li4\"><span class=\"s4\">N&#039;essayez pas d&#039;acc\u00e9l\u00e9rer le s\u00e9chage en le laissant \u00e0 proximit\u00e9 d&#039;un radiateur\/feu ou de tout autre appareil de chauffage.<\/span><\/li><\/ul><p class=\"p2\"><span class=\"s1\"><b>Entretien des perruques de poup\u00e9es sexuelles<\/b><b><\/b><\/span><\/p><ul class=\"ul1\"><li class=\"li3\"><span class=\"s1\">Le\u00a0<\/span><span class=\"s5\"><b>perruques de poup\u00e9es sexuelles<\/b><\/span><span class=\"s1\">\u00a0doit toujours \u00eatre retir\u00e9 de la t\u00eate de la poup\u00e9e avant le nettoyage.<\/span><\/li><li class=\"li3\"><span class=\"s1\">Vous pouvez utiliser du shampoing et de l\u2019apr\u00e8s-shampoing si vous le souhaitez.<\/span><\/li><li class=\"li3\"><span class=\"s1\">Nous vous recommandons de peigner les cheveux directement apr\u00e8s le nettoyage et de laisser la perruque s\u00e9cher \u00e0 l&#039;air libre sur un support \u00e0 perruque.<\/span><\/li><li class=\"li3\"><span class=\"s1\">Ne pas s\u00e9cher la perruque sur la t\u00eate de la poup\u00e9e.<\/span><\/li><li class=\"li6\"><span class=\"s1\">N&#039;utilisez pas de produits capillaires pour coiffer les cheveux, ils pourraient endommager la peau et le visage de la poup\u00e9e.<\/span><\/li><\/ul><p class=\"p2\"><span class=\"s1\"><b>Soins de la peau des poup\u00e9es sexuelles<\/b><b><\/b><\/span><\/p><ul class=\"ul1\"><li class=\"li3\"><span class=\"s1\">Utilisez un pinceau pour appliquer du talc sur sa peau afin de lui donner une douceur naturelle si vous trouvez qu&#039;elle n&#039;est pas lisse. Ne le faites que lorsque son corps est sec. Ceci est important pour \u00e9viter de lui arracher la peau.<\/span><\/li><li class=\"li3\"><span class=\"s1\">Assurez-vous que les v\u00eatements que vous lui mettez sont r\u00e9sistants au transfert de couleur. Les couleurs fonc\u00e9es et les v\u00eatements de mauvaise qualit\u00e9 peuvent facilement d\u00e9teindre sur sa peau. Lavez-les plusieurs fois pour \u00e9viter ce probl\u00e8me. Si cela se produit, vous pouvez utiliser le d\u00e9tachant pour poup\u00e9es TPE. Vous pouvez \u00e9galement utiliser de l&#039;huile d&#039;olive pour essuyer les taches, puis utiliser un chiffon humide.<\/span><\/li><li class=\"li3\"><span class=\"s1\">Veuillez la tenir \u00e9loign\u00e9e des magazines, du cuir color\u00e9, des journaux ou de tout autre objet similaire pour \u00e9viter tout transfert de couleur sur elle.<\/span><\/li><li class=\"li3\"><span class=\"s1\">Ne laissez pas les bras ou les jambes de votre poup\u00e9e ouverts plus de quelques minutes. Si vous laissez votre poup\u00e9e les bras ouverts ou les jambes \u00e9cart\u00e9es, la pression exerc\u00e9e sur le TPE provoquera une d\u00e9chirure. \u00c0 votre retour, vous constaterez peut-\u00eatre que les aisselles ou l&#039;aine de votre poup\u00e9e sont d\u00e9chir\u00e9es, n\u00e9cessitant une r\u00e9paration. Veillez donc \u00e0 toujours remettre votre poup\u00e9e dans une position neutre et sans tension, bras le long du corps et jambes ferm\u00e9es, lorsque vous ne l&#039;utilisez pas.<\/span><\/li><li class=\"li3\"><span class=\"s1\">N&#039;exposez pas votre poup\u00e9e sexuelle \u00e0 la lumi\u00e8re directe du soleil pour \u00e9viter le vieillissement du mat\u00e9riau TPE.<\/span><\/li><li class=\"li6\"><span class=\"s1\">Le TPE est souple et peut s&#039;aplatir et se froisser s&#039;il est laiss\u00e9 assis ou allong\u00e9 sur une surface pendant une longue p\u00e9riode. Si vous laissez votre poup\u00e9e sans surveillance pendant plusieurs jours, veillez \u00e0 la suspendre avec le kit de suspension pour barre de placard afin de la prot\u00e9ger des marques de compression et des plis.<\/span><\/li><\/ul><p class=\"p2\"><span class=\"s1\"><b>Soins du squelette des poup\u00e9es sexuelles<\/b><b><\/b><\/span><\/p><ul class=\"ul1\"><li class=\"li3\"><span class=\"s1\">Votre poup\u00e9e sexuelle poss\u00e8de un squelette en m\u00e9tal et des articulations mobiles qui lui permettent de rester flexible. Vous pouvez bouger ses membres et son corps. Vos activit\u00e9s laisseront des traces sur son corps, c&#039;est tout \u00e0 fait normal.<\/span><\/li><li class=\"li3\"><span class=\"s1\">Veuillez noter que nos poup\u00e9es ne sont pas autoris\u00e9es \u00e0 se balancer compl\u00e8tement dans diff\u00e9rents angles. Il est interdit d&#039;exercer une force excessive pour d\u00e9placer ses articulations dans toutes les positions.<\/span><\/li><li class=\"li3\"><span class=\"s1\">Ne la cognez pas contre des surfaces dures, ne la laissez pas tomber.<\/span><\/li><li class=\"li3\"><span class=\"s1\">\u00c9vitez tout objet pointu, ils blesseront votre poup\u00e9e.<\/span><\/li><li class=\"li6\"><span class=\"s1\">Essayez de ne pas la laisser trop longtemps dans la m\u00eame position, m\u00eame allong\u00e9e sur une surface dure. Comme il s&#039;agit de TPE, sa forme se d\u00e9formera si elle reste trop longtemps dans la m\u00eame position\u00a0; par exemple, ses fesses seront plus plates m\u00eame si elle est rest\u00e9e allong\u00e9e trop longtemps. La meilleure solution est de suspendre votre poup\u00e9e. Vous pouvez acheter un kit de suspension.<\/span><\/li><\/ul><p class=\"p2\"><span class=\"s1\"><b>Stockage de poup\u00e9es sexuelles<\/b><b><\/b><\/span><\/p><ul class=\"ul1\"><li class=\"li3\"><span class=\"s1\">Vous disposez de nombreuses options pour ranger la poup\u00e9e.<\/span><\/li><li class=\"li7\"><span class=\"s7\">Bo\u00eete de rangement pour poup\u00e9e sexuelle<\/span><\/li><li class=\"li3\"><span class=\"s1\">Placard suspendu<\/span><\/li><li class=\"li3\"><span class=\"s1\">Bo\u00eete d&#039;exp\u00e9dition d&#039;origine<\/span><\/li><li class=\"li6\"><span class=\"s1\">Sac de rangement<\/span><\/li><\/ul><p class=\"p1\"><span class=\"s1\">Toutes les options ci-dessus permettront de garder votre poup\u00e9e en bon \u00e9tat. Comme indiqu\u00e9 pr\u00e9c\u00e9demment, veillez simplement \u00e0 ce qu&#039;elle ne soit pas en contact direct avec des encres ou des mat\u00e9riaux susceptibles de la d\u00e9colorer.<\/span><\/p><p class=\"p2\"><span class=\"s1\"><b>Conseils pour remplacer les ongles<\/b><b><\/b><\/span><\/p><ul class=\"ul1\"><li class=\"li3\"><span class=\"s1\">Placez la poup\u00e9e dans une position neutre.<\/span><\/li><li class=\"li3\"><span class=\"s1\">Alignez les ongles (libres) tomb\u00e9s avec les ongles nus. Cela vous permettra de d\u00e9terminer quel ongle correspond \u00e0 quel doigt.<\/span><\/li><li class=\"li3\"><span class=\"s1\">Une fois votre ongle s\u00e9lectionn\u00e9, appliquez une couche fine et uniforme de colle sur la zone nue. Assurez-vous que la zone soit propre et s\u00e8che, exempte de toute salet\u00e9 ou de talc.<\/span><\/li><li class=\"li3\"><span class=\"s1\">N&#039;appliquez pas trop de colle\u00a0; visez une couche uniforme mais fine. \u00c9vitez d&#039;en appliquer trop, car la colle d\u00e9borderait de l&#039;ongle.<\/span><\/li><li class=\"li3\"><span class=\"s1\">Une fois correctement align\u00e9, appuyez et maintenez l&#039;ongle pendant 5 secondes - sans toucher aucune colle.<\/span><\/li><li class=\"li6\"><span class=\"s1\">L&#039;exc\u00e9dent de colle est difficile \u00e0 enlever\u00a0; il est donc pr\u00e9f\u00e9rable d&#039;\u00e9viter tout d\u00e9bordement. En cas de d\u00e9bordement, retirez-le imm\u00e9diatement avec un chiffon en microfibre et de l&#039;eau chaude savonneuse.<\/span><\/li><\/ul><p class=\"p2\"><span class=\"s1\"><b>Conseils pour remplacer les yeux :<\/b><b><\/b><\/span><\/p><ul class=\"ul1\"><li class=\"li3\"><span class=\"s1\">Placez la poup\u00e9e dans une position neutre.<\/span><\/li><li class=\"li3\"><span class=\"s1\">\u00c9cartez doucement et soigneusement les paupi\u00e8res (de haut en bas, pas de gauche \u00e0 droite) d&#039;une main, sans toucher les cils ni le maquillage.<\/span><\/li><li class=\"li3\"><span class=\"s1\">D&#039;autre part, retirez l&#039;\u0153il et retirez tout l&#039;emballage.<\/span><span class=\"s8\"><br \/><\/span><span class=\"s1\">\u00ab Froissez \u00bb fermement le pansement dans le nouvel \u0153il.<\/span><\/li><li class=\"li3\"><span class=\"s1\">D&#039;une main, \u00e9cartez les yeux, sans toucher les cils ni le maquillage.<\/span><\/li><li class=\"li6\"><span class=\"s1\">D&#039;autre part, ins\u00e9rez le nouvel \u0153il dans l&#039;orbite.<\/span><\/li><\/ul><p class=\"p2\"><span class=\"s1\"><b>Conseils pour rattacher les cils d\u00e9tach\u00e9s :<\/b><b><\/b><\/span><\/p><ul class=\"ul1\"><li class=\"li3\"><span class=\"s1\">Posez votre poup\u00e9e \u00e0 plat, face vers le haut.<\/span><\/li><li class=\"li3\"><span class=\"s1\">Appliquez une petite quantit\u00e9 de colle sur un trombone, une \u00e9pingle, un cure-dent ou tout autre ustensile m\u00e9nager \u00e0 pointe fine. Nous recommandons un cure-dent.<\/span><\/li><li class=\"li3\"><span class=\"s1\">Tirez doucement le cil vers l&#039;arri\u00e8re et appliquez de la colle \u00e0 l&#039;arri\u00e8re du cil (pas sur la poup\u00e9e)<\/span><\/li><li class=\"li3\"><span class=\"s1\">En tenant les extr\u00e9mit\u00e9s du cil et sans toucher la colle, appuyez-le soigneusement dans la position o\u00f9 vous souhaitez qu&#039;il colle<\/span><\/li><li class=\"li6\"><span class=\"s1\">Maintenez la position pendant 5 secondes et rel\u00e2chez.<\/span><\/li><\/ul><p class=\"p2\"><span class=\"s1\"><b>Conseils pour chauffer votre poup\u00e9e :<\/b><b><\/b><\/span><\/p><ul class=\"ul1\"><li class=\"li6\"><span class=\"s1\">Ne laissez pas la tige chauffante dans votre poup\u00e9e sans surveillance ni pendant une p\u00e9riode prolong\u00e9e. Elle pourrait se renverser et endommager gravement votre poup\u00e9e. Soyez tr\u00e8s prudent lorsque vous utilisez la tige chauffante dans votre poup\u00e9e.<\/span><\/li><\/ul><p class=\"p1\"><span class=\"s1\">Si vous avez besoin d&#039;aide suppl\u00e9mentaire entre-temps, n&#039;h\u00e9sitez pas \u00e0 nous contacter \u00e0\u00a0<\/span><span class=\"s5\">bin.wang@Me.com<\/span><span class=\"s1\">Nous ferons de notre mieux pour r\u00e9pondre \u00e0 toutes vos questions et vous aider avec toutes les demandes que vous pourriez avoir.<\/span><\/p><p class=\"p6\"><span class=\"s1\">Nous esp\u00e9rons que vous \u00eates satisfait de votre achat de\u00a0<\/span><span class=\"s5\"><b>accessoires pour poup\u00e9es sexuelles<\/b><\/span><span class=\"s1\">\u00a0et comme toujours, profitez du temps pass\u00e9 avec votre poup\u00e9e.<\/span><\/p><\/div><\/div><\/div><\/div><\/div>\t\t\t\t\t\t\t\t<\/div>\n\t\t\t\t<\/div>\n\t\t\t\t\t<\/div>\n\t\t\t\t<\/div>\n\t\t<div class=\"elementor-element elementor-element-c2b171f e-flex e-con-boxed e-con e-parent\" data-id=\"c2b171f\" data-element_type=\"container\">\n\t\t\t\t\t<div class=\"e-con-inner\">\n\t\t\t\t<div class=\"elementor-element elementor-element-d414cff elementor-widget-divider--view-line_text elementor-widget-divider--element-align-center elementor-widget elementor-widget-divider\" data-id=\"d414cff\" data-element_type=\"widget\" data-widget_type=\"divider.default\">\n\t\t\t\t<div class=\"elementor-widget-container\">\n\t\t\t\t\t\t\t<div class=\"elementor-divider\">\n\t\t\t<span class=\"elementor-divider-separator\">\n\t\t\t\t\t\t\t<span class=\"elementor-divider__text elementor-divider__element\">\n\t\t\t\tVid\u00e9os de poup\u00e9es sexuelles\t\t\t\t<\/span>\n\t\t\t\t\t\t<\/span>\n\t\t<\/div>\n\t\t\t\t\t\t<\/div>\n\t\t\t\t<\/div>\n\t\t<div class=\"elementor-element elementor-element-f037c1f e-grid e-con-full e-con e-child\" data-id=\"f037c1f\" data-element_type=\"container\">\n\t\t\t\t<div class=\"elementor-element elementor-element-9617852 elementor-widget elementor-widget-video\" data-id=\"9617852\" data-element_type=\"widget\" data-settings=\"{&quot;video_type&quot;:&quot;hosted&quot;,&quot;controls&quot;:&quot;yes&quot;}\" data-widget_type=\"video.default\">\n\t\t\t\t<div class=\"elementor-widget-container\">\n\t\t\t\t\t\t\t<div class=\"e-hosted-video elementor-wrapper elementor-open-inline\">\n\t\t\t\t\t<video class=\"elementor-video\" src=\"https:\/\/videos.files.wordpress.com\/ufYnVwfz\/7r5a0075_1.mp4\" controls=\"\" preload=\"metadata\" controlslist=\"nodownload\"><\/video>\n\t\t\t\t<\/div>\n\t\t\t\t\t\t<\/div>\n\t\t\t\t<\/div>\n\t\t\t\t<div class=\"elementor-element elementor-element-fda01e4 elementor-widget elementor-widget-video\" data-id=\"fda01e4\" data-element_type=\"widget\" data-settings=\"{&quot;video_type&quot;:&quot;hosted&quot;,&quot;controls&quot;:&quot;yes&quot;}\" data-widget_type=\"video.default\">\n\t\t\t\t<div class=\"elementor-widget-container\">\n\t\t\t\t\t\t\t<div class=\"e-hosted-video elementor-wrapper elementor-open-inline\">\n\t\t\t\t\t<video class=\"elementor-video\" src=\"https:\/\/videos.files.wordpress.com\/SJ9zGMsd\/7r5a0075.mp4\" controls=\"\" preload=\"metadata\" controlslist=\"nodownload\"><\/video>\n\t\t\t\t<\/div>\n\t\t\t\t\t\t<\/div>\n\t\t\t\t<\/div>\n\t\t\t\t<div class=\"elementor-element elementor-element-5a8993e elementor-widget elementor-widget-video\" data-id=\"5a8993e\" data-element_type=\"widget\" data-settings=\"{&quot;video_type&quot;:&quot;hosted&quot;,&quot;controls&quot;:&quot;yes&quot;}\" data-widget_type=\"video.default\">\n\t\t\t\t<div class=\"elementor-widget-container\">\n\t\t\t\t\t\t\t<div class=\"e-hosted-video elementor-wrapper elementor-open-inline\">\n\t\t\t\t\t<video class=\"elementor-video\" src=\"https:\/\/videos.files.wordpress.com\/PYKI8ySz\/7r5a0075_3.mp4\" controls=\"\" preload=\"metadata\" controlslist=\"nodownload\"><\/video>\n\t\t\t\t<\/div>\n\t\t\t\t\t\t<\/div>\n\t\t\t\t<\/div>\n\t\t\t\t<div class=\"elementor-element elementor-element-aace716 elementor-widget elementor-widget-video\" data-id=\"aace716\" data-element_type=\"widget\" data-settings=\"{&quot;video_type&quot;:&quot;hosted&quot;,&quot;controls&quot;:&quot;yes&quot;}\" data-widget_type=\"video.default\">\n\t\t\t\t<div class=\"elementor-widget-container\">\n\t\t\t\t\t\t\t<div class=\"e-hosted-video elementor-wrapper elementor-open-inline\">\n\t\t\t\t\t<video class=\"elementor-video\" src=\"https:\/\/videos.files.wordpress.com\/E6kaSfsg\/7r5a0075_2.mp4\" controls=\"\" preload=\"metadata\" controlslist=\"nodownload\"><\/video>\n\t\t\t\t<\/div>\n\t\t\t\t\t\t<\/div>\n\t\t\t\t<\/div>\n\t\t\t\t<\/div>\n\t\t\t\t\t<\/div>\n\t\t\t\t<\/div>\n\t\t\t\t<\/div>","protected":false},"excerpt":{"rendered":"<p>SEX DOLL CARE INSTRUCTIONS Keeping your sex doll clean and well maintained is the key to preserving the longevity of your new ultra-realistic sex doll. Here is a list of tips for maintaining the quality and life of your sex doll. Clean Your Sex Doll We recommend cleaning your doll directly after every use and [&hellip;]<\/p>","protected":false},"author":265871293,"featured_media":0,"parent":0,"menu_order":0,"comment_status":"closed","ping_status":"closed","template":"elementor_header_footer","meta":{"_acf_changed":false,"advanced_seo_description":"","jetpack_seo_html_title":"","jetpack_seo_noindex":false,"jetpack_post_was_ever_published":false,"footnotes":""},"class_list":["post-2535","page","type-page","status-publish","hentry"],"blocksy_meta":[],"acf":[],"jetpack_sharing_enabled":true,"jetpack_likes_enabled":true,"jetpack_shortlink":"https:\/\/wp.me\/Pgx3TK-ET","_links":{"self":[{"href":"https:\/\/dolls4desire.com\/fr\/wp-json\/wp\/v2\/pages\/2535","targetHints":{"allow":["GET"]}}],"collection":[{"href":"https:\/\/dolls4desire.com\/fr\/wp-json\/wp\/v2\/pages"}],"about":[{"href":"https:\/\/dolls4desire.com\/fr\/wp-json\/wp\/v2\/types\/page"}],"author":[{"embeddable":true,"href":"https:\/\/dolls4desire.com\/fr\/wp-json\/wp\/v2\/users\/265871293"}],"replies":[{"embeddable":true,"href":"https:\/\/dolls4desire.com\/fr\/wp-json\/wp\/v2\/comments?post=2535"}],"version-history":[{"count":5,"href":"https:\/\/dolls4desire.com\/fr\/wp-json\/wp\/v2\/pages\/2535\/revisions"}],"predecessor-version":[{"id":2993,"href":"https:\/\/dolls4desire.com\/fr\/wp-json\/wp\/v2\/pages\/2535\/revisions\/2993"}],"wp:attachment":[{"href":"https:\/\/dolls4desire.com\/fr\/wp-json\/wp\/v2\/media?parent=2535"}],"curies":[{"name":"wp","href":"https:\/\/api.w.org\/{rel}","templated":true}]}}