{"id":2524,"date":"2025-05-26T12:19:46","date_gmt":"2025-05-26T02:19:46","guid":{"rendered":"https:\/\/dolls4desire.com\/?page_id=2524"},"modified":"2025-05-27T18:40:40","modified_gmt":"2025-05-27T08:40:40","slug":"financement-echelonne","status":"publish","type":"page","link":"https:\/\/dolls4desire.com\/fr\/financement-echelonne\/","title":{"rendered":"Mise de c\u00f4t\u00e9 et financement"},"content":{"rendered":"<div data-elementor-type=\"wp-page\" data-elementor-id=\"2524\" class=\"elementor elementor-2524\" data-elementor-post-type=\"page\">\n\t\t\t\t<div class=\"elementor-element elementor-element-ac6f9e3 e-flex e-con-boxed e-con e-parent\" data-id=\"ac6f9e3\" data-element_type=\"container\" data-e-type=\"container\">\n\t\t\t\t\t<div class=\"e-con-inner\">\n\t\t\t\t<div class=\"elementor-element elementor-element-fd8bb59 elementor-widget elementor-widget-heading\" data-id=\"fd8bb59\" data-element_type=\"widget\" data-e-type=\"widget\" data-widget_type=\"heading.default\">\n\t\t\t\t<div class=\"elementor-widget-container\">\n\t\t\t\t\t<h2 class=\"elementor-heading-title elementor-size-default\">Comment fonctionnent les mises de c\u00f4t\u00e9 et le financement ?\n<\/h2>\t\t\t\t<\/div>\n\t\t\t\t<\/div>\n\t\t\t\t<div class=\"elementor-element elementor-element-ceb2655 elementor-widget elementor-widget-image\" data-id=\"ceb2655\" data-element_type=\"widget\" data-e-type=\"widget\" data-widget_type=\"image.default\">\n\t\t\t\t<div class=\"elementor-widget-container\">\n\t\t\t\t\t\t\t\t\t\t\t\t\t\t\t<img fetchpriority=\"high\" decoding=\"async\" data-attachment-id=\"2945\" data-permalink=\"https:\/\/dolls4desire.com\/fr\/financement-echelonne\/160-210-12\/\" data-orig-file=\"https:\/\/dolls4desire.com\/wp-content\/uploads\/2025\/05\/160-210-12.png\" data-orig-size=\"1440,960\" data-comments-opened=\"1\" data-image-meta=\"{&quot;aperture&quot;:&quot;0&quot;,&quot;credit&quot;:&quot;&quot;,&quot;camera&quot;:&quot;&quot;,&quot;caption&quot;:&quot;&quot;,&quot;created_timestamp&quot;:&quot;0&quot;,&quot;copyright&quot;:&quot;&quot;,&quot;focal_length&quot;:&quot;0&quot;,&quot;iso&quot;:&quot;0&quot;,&quot;shutter_speed&quot;:&quot;0&quot;,&quot;title&quot;:&quot;&quot;,&quot;orientation&quot;:&quot;0&quot;}\" data-image-title=\"160-210 (12)\" data-image-description=\"\" data-image-caption=\"\" data-large-file=\"https:\/\/dolls4desire.com\/wp-content\/uploads\/2025\/05\/160-210-12-1024x683.png\" width=\"1440\" height=\"960\" src=\"https:\/\/dolls4desire.com\/wp-content\/uploads\/2025\/05\/160-210-12.png\" class=\"attachment-full size-full wp-image-2945\" alt=\"\" srcset=\"https:\/\/dolls4desire.com\/wp-content\/uploads\/2025\/05\/160-210-12.png 1440w, https:\/\/dolls4desire.com\/wp-content\/uploads\/2025\/05\/160-210-12-1000x667.png 1000w, https:\/\/dolls4desire.com\/wp-content\/uploads\/2025\/05\/160-210-12-300x200.png 300w, https:\/\/dolls4desire.com\/wp-content\/uploads\/2025\/05\/160-210-12-1024x683.png 1024w, https:\/\/dolls4desire.com\/wp-content\/uploads\/2025\/05\/160-210-12-768x512.png 768w, https:\/\/dolls4desire.com\/wp-content\/uploads\/2025\/05\/160-210-12-1320x880.png 1320w\" sizes=\"(max-width: 1440px) 100vw, 1440px\" \/>\t\t\t\t\t\t\t\t\t\t\t\t\t\t\t<\/div>\n\t\t\t\t<\/div>\n\t\t\t\t<div class=\"elementor-element elementor-element-ab8e9c2 elementor-widget elementor-widget-text-editor\" data-id=\"ab8e9c2\" data-element_type=\"widget\" data-e-type=\"widget\" data-widget_type=\"text-editor.default\">\n\t\t\t\t<div class=\"elementor-widget-container\">\n\t\t\t\t\t\t\t\t\t<div class=\"wpb_column vc_column_container vc_col-sm-8\"><div class=\"vc_column-inner\"><div class=\"wpb_wrapper\"><div class=\"wpb_text_column wpb_content_element\"><div class=\"wpb_wrapper\"><p>Avec le d\u00e9veloppement continu des technologies, les options de paiement \u00e9chelonn\u00e9 deviennent de plus en plus r\u00e9pandues et pratiques. Certaines entreprises proposent m\u00eame des demandes en ligne et des approbations en temps r\u00e9el, facilitant ainsi le paiement \u00e9chelonn\u00e9. Les consommateurs sont de plus en plus nombreux \u00e0 utiliser le paiement \u00e9chelonn\u00e9 pour payer leurs biens ou services. Chez YourDoll, nous comprenons l&#039;importance d&#039;offrir des options de paiement flexibles \u00e0 nos clients. C&#039;est pourquoi nous proposons trois modes de paiement diff\u00e9rents, adapt\u00e9s \u00e0 diff\u00e9rentes situations financi\u00e8res\u00a0:\u00a0<strong>Klarna, cr\u00e9dit PayPal et plan de mise de c\u00f4t\u00e9 Dolls4desire.<\/strong><\/p><\/div><\/div><\/div><\/div><\/div>\t\t\t\t\t\t\t\t<\/div>\n\t\t\t\t<\/div>\n\t\t\t\t\t<\/div>\n\t\t\t\t<\/div>\n\t\t<div class=\"elementor-element elementor-element-bdd2296 e-flex e-con-boxed e-con e-parent\" data-id=\"bdd2296\" data-element_type=\"container\" data-e-type=\"container\">\n\t\t\t\t\t<div class=\"e-con-inner\">\n\t\t<div class=\"elementor-element elementor-element-1ed7b7a flex-container e-flex e-con-boxed e-con e-child\" data-id=\"1ed7b7a\" data-element_type=\"container\" data-e-type=\"container\">\n\t\t\t\t\t<div class=\"e-con-inner\">\n\t\t<div class=\"elementor-element elementor-element-7593f23 e-con-full e-flex e-con e-child\" data-id=\"7593f23\" data-element_type=\"container\" data-e-type=\"container\">\n\t\t<div class=\"elementor-element elementor-element-7505c5b e-con-full e-flex e-con e-child\" data-id=\"7505c5b\" data-element_type=\"container\" data-e-type=\"container\">\n\t\t<div class=\"elementor-element elementor-element-572c227 e-grid e-con-full e-con e-child\" data-id=\"572c227\" data-element_type=\"container\" data-e-type=\"container\">\n\t\t\t\t<div class=\"elementor-element elementor-element-221de27 elementor-widget elementor-widget-icon-box\" data-id=\"221de27\" data-element_type=\"widget\" data-e-type=\"widget\" data-widget_type=\"icon-box.default\">\n\t\t\t\t<div class=\"elementor-widget-container\">\n\t\t\t\t\t\t\t<div class=\"elementor-icon-box-wrapper\">\n\n\t\t\t\n\t\t\t\t\t\t<div class=\"elementor-icon-box-content\">\n\n\t\t\t\t\t\t\t\t\t<h3 class=\"elementor-icon-box-title\">\n\t\t\t\t\t\t<span  >\n\t\t\t\t\t\t\tAbordabilit\u00e9\t\t\t\t\t\t<\/span>\n\t\t\t\t\t<\/h3>\n\t\t\t\t\n\t\t\t\t\t\t\t\t\t<p class=\"elementor-icon-box-description\">\n\t\t\t\t\t\tPour les articles ou services co\u00fbteux, les consommateurs peuvent ne pas \u00eatre en mesure de payer la totalit\u00e9 du montant \u00e0 l&#039;avance. Le paiement \u00e9chelonn\u00e9 permet aux consommateurs d&#039;\u00e9taler le co\u00fbt sur une p\u00e9riode donn\u00e9e, ce qui le rend plus abordable.\t\t\t\t\t<\/p>\n\t\t\t\t\n\t\t\t<\/div>\n\t\t\t\n\t\t<\/div>\n\t\t\t\t\t\t<\/div>\n\t\t\t\t<\/div>\n\t\t\t\t<div class=\"elementor-element elementor-element-7c178a0 elementor-widget elementor-widget-icon-box\" data-id=\"7c178a0\" data-element_type=\"widget\" data-e-type=\"widget\" data-widget_type=\"icon-box.default\">\n\t\t\t\t<div class=\"elementor-widget-container\">\n\t\t\t\t\t\t\t<div class=\"elementor-icon-box-wrapper\">\n\n\t\t\t\n\t\t\t\t\t\t<div class=\"elementor-icon-box-content\">\n\n\t\t\t\t\t\t\t\t\t<h3 class=\"elementor-icon-box-title\">\n\t\t\t\t\t\t<span  >\n\t\t\t\t\t\t\tFlexibilit\u00e9\t\t\t\t\t\t<\/span>\n\t\t\t\t\t<\/h3>\n\t\t\t\t\n\t\t\t\t\t\t\t\t\t<p class=\"elementor-icon-box-description\">\n\t\t\t\t\t\tLe paiement \u00e9chelonn\u00e9 offre plus de flexibilit\u00e9. Les consommateurs peuvent choisir un plan de paiement adapt\u00e9 \u00e0 leur situation financi\u00e8re et \u00e0 leurs besoins, sans s&#039;imposer une charge financi\u00e8re trop lourde.\t\t\t\t\t<\/p>\n\t\t\t\t\n\t\t\t<\/div>\n\t\t\t\n\t\t<\/div>\n\t\t\t\t\t\t<\/div>\n\t\t\t\t<\/div>\n\t\t\t\t<div class=\"elementor-element elementor-element-65e8406 elementor-widget elementor-widget-icon-box\" data-id=\"65e8406\" data-element_type=\"widget\" data-e-type=\"widget\" data-widget_type=\"icon-box.default\">\n\t\t\t\t<div class=\"elementor-widget-container\">\n\t\t\t\t\t\t\t<div class=\"elementor-icon-box-wrapper\">\n\n\t\t\t\n\t\t\t\t\t\t<div class=\"elementor-icon-box-content\">\n\n\t\t\t\t\t\t\t\t\t<h3 class=\"elementor-icon-box-title\">\n\t\t\t\t\t\t<span  >\n\t\t\t\t\t\t\tCommodit\u00e9\t\t\t\t\t\t<\/span>\n\t\t\t\t\t<\/h3>\n\t\t\t\t\n\t\t\t\t\t\t\t\t\t<p class=\"elementor-icon-box-description\">\n\t\t\t\t\t\tDe nombreuses options de paiement \u00e9chelonn\u00e9 sont disponibles en ligne, ce qui simplifie le processus d&#039;achat pour les clients. Ils peuvent facilement demander un financement et effectuer leurs paiements depuis chez eux.\t\t\t\t\t<\/p>\n\t\t\t\t\n\t\t\t<\/div>\n\t\t\t\n\t\t<\/div>\n\t\t\t\t\t\t<\/div>\n\t\t\t\t<\/div>\n\t\t\t\t<div class=\"elementor-element elementor-element-9547218 elementor-widget elementor-widget-icon-box\" data-id=\"9547218\" data-element_type=\"widget\" data-e-type=\"widget\" data-widget_type=\"icon-box.default\">\n\t\t\t\t<div class=\"elementor-widget-container\">\n\t\t\t\t\t\t\t<div class=\"elementor-icon-box-wrapper\">\n\n\t\t\t\n\t\t\t\t\t\t<div class=\"elementor-icon-box-content\">\n\n\t\t\t\t\t\t\t\t\t<h3 class=\"elementor-icon-box-title\">\n\t\t\t\t\t\t<span  >\n\t\t\t\t\t\t\tSans int\u00e9r\u00eat\t\t\t\t\t\t<\/span>\n\t\t\t\t\t<\/h3>\n\t\t\t\t\n\t\t\t\t\t\t\t\t\t<p class=\"elementor-icon-box-description\">\n\t\t\t\t\t\tLes paiements \u00e9chelonn\u00e9s s&#039;accompagnent souvent de r\u00e9ductions et d&#039;avantages, ce qui peut attirer davantage de consommateurs. Par exemple, certains commer\u00e7ants proposent des \u00ab\u00a0financements sans int\u00e9r\u00eat\u00a0\u00bb ou d&#039;autres promotions pour encourager les consommateurs \u00e0 utiliser les paiements \u00e9chelonn\u00e9s.\t\t\t\t\t<\/p>\n\t\t\t\t\n\t\t\t<\/div>\n\t\t\t\n\t\t<\/div>\n\t\t\t\t\t\t<\/div>\n\t\t\t\t<\/div>\n\t\t\t\t<\/div>\n\t\t\t\t<\/div>\n\t\t\t\t<\/div>\n\t\t\t\t\t<\/div>\n\t\t\t\t<\/div>\n\t\t\t\t\t<\/div>\n\t\t\t\t<\/div>\n\t\t<div class=\"elementor-element elementor-element-c753207 e-flex e-con-boxed e-con e-parent\" data-id=\"c753207\" data-element_type=\"container\" data-e-type=\"container\">\n\t\t\t\t\t<div class=\"e-con-inner\">\n\t\t\t\t<div class=\"elementor-element elementor-element-ea3e121 elementor-widget elementor-widget-heading\" data-id=\"ea3e121\" data-element_type=\"widget\" data-e-type=\"widget\" data-widget_type=\"heading.default\">\n\t\t\t\t<div class=\"elementor-widget-container\">\n\t\t\t\t\t<h2 class=\"elementor-heading-title elementor-size-default\">Klarna (\u00c9tats-Unis et UE uniquement)\n<\/h2>\t\t\t\t<\/div>\n\t\t\t\t<\/div>\n\t\t\t\t<div class=\"elementor-element elementor-element-881e3b4 elementor-widget-divider--view-line elementor-widget elementor-widget-divider\" data-id=\"881e3b4\" data-element_type=\"widget\" data-e-type=\"widget\" data-widget_type=\"divider.default\">\n\t\t\t\t<div class=\"elementor-widget-container\">\n\t\t\t\t\t\t\t<div class=\"elementor-divider\">\n\t\t\t<span class=\"elementor-divider-separator\">\n\t\t\t\t\t\t<\/span>\n\t\t<\/div>\n\t\t\t\t\t\t<\/div>\n\t\t\t\t<\/div>\n\t\t<div class=\"elementor-element elementor-element-4f4a64b e-con-full e-flex e-con e-child\" data-id=\"4f4a64b\" data-element_type=\"container\" data-e-type=\"container\">\n\t\t<div class=\"elementor-element elementor-element-83629a1 e-con-full e-flex e-con e-child\" data-id=\"83629a1\" data-element_type=\"container\" data-e-type=\"container\">\n\t\t\t\t<div class=\"elementor-element elementor-element-3143d93 elementor-widget elementor-widget-text-editor\" data-id=\"3143d93\" data-element_type=\"widget\" data-e-type=\"widget\" data-widget_type=\"text-editor.default\">\n\t\t\t\t<div class=\"elementor-widget-container\">\n\t\t\t\t\t\t\t\t\t<p>Klarna est un fournisseur de paiement proposant deux options principales\u00a0: le paiement en 4 versements et le financement. Avec le paiement en 4 versements, les clients peuvent fractionner leur achat en quatre versements \u00e9gaux\u00a0: le premier versement est effectu\u00e9 au moment de l&#039;achat, puis les trois versements restants sont effectu\u00e9s toutes les deux semaines. Le financement permet aux clients d&#039;\u00e9taler leurs paiements sur une p\u00e9riode plus longue, g\u00e9n\u00e9ralement de six \u00e0 trente-six mois, avec des taux d&#039;int\u00e9r\u00eat variables selon la dur\u00e9e du plan de paiement. Klarna propose \u00e9galement diverses autres options de paiement, notamment les paiements uniques par carte, les virements bancaires, etc.<\/p><p><span dir=\"ltr\">*\u00a0<em dir=\"ltr\">Financement mensuel via Klarna, \u00e9mis par WebBank, membre de la FDIC. Autres pr\u00eats aux r\u00e9sidents de Californie accord\u00e9s ou souscrits conform\u00e9ment \u00e0 la loi.<\/em><\/span><span dir=\"ltr\"><em dir=\"ltr\">\u00e0 une licence de droit du financement de Californie.<\/em><\/span><\/p>\t\t\t\t\t\t\t\t<\/div>\n\t\t\t\t<\/div>\n\t\t\t\t<\/div>\n\t\t<div class=\"elementor-element elementor-element-15b466d e-con-full e-flex e-con e-child\" data-id=\"15b466d\" data-element_type=\"container\" data-e-type=\"container\">\n\t\t\t\t<div class=\"elementor-element elementor-element-79b9c04 elementor-widget elementor-widget-image\" data-id=\"79b9c04\" data-element_type=\"widget\" data-e-type=\"widget\" data-widget_type=\"image.default\">\n\t\t\t\t<div class=\"elementor-widget-container\">\n\t\t\t\t\t\t\t\t\t\t\t\t\t\t\t<img decoding=\"async\" data-attachment-id=\"2965\" data-permalink=\"https:\/\/dolls4desire.com\/fr\/financement-echelonne\/klarna\/\" data-orig-file=\"https:\/\/dolls4desire.com\/wp-content\/uploads\/2025\/05\/Klarna.jpg\" data-orig-size=\"581,713\" data-comments-opened=\"1\" data-image-meta=\"{&quot;aperture&quot;:&quot;0&quot;,&quot;credit&quot;:&quot;&quot;,&quot;camera&quot;:&quot;&quot;,&quot;caption&quot;:&quot;&quot;,&quot;created_timestamp&quot;:&quot;0&quot;,&quot;copyright&quot;:&quot;&quot;,&quot;focal_length&quot;:&quot;0&quot;,&quot;iso&quot;:&quot;0&quot;,&quot;shutter_speed&quot;:&quot;0&quot;,&quot;title&quot;:&quot;&quot;,&quot;orientation&quot;:&quot;1&quot;}\" data-image-title=\"Klarna\" data-image-description=\"\" data-image-caption=\"\" data-large-file=\"https:\/\/dolls4desire.com\/wp-content\/uploads\/2025\/05\/Klarna.jpg\" width=\"581\" height=\"713\" src=\"https:\/\/dolls4desire.com\/wp-content\/uploads\/2025\/05\/Klarna.jpg\" class=\"attachment-large size-large wp-image-2965\" alt=\"\" srcset=\"https:\/\/dolls4desire.com\/wp-content\/uploads\/2025\/05\/Klarna.jpg 581w, https:\/\/dolls4desire.com\/wp-content\/uploads\/2025\/05\/Klarna-244x300.jpg 244w\" sizes=\"(max-width: 581px) 100vw, 581px\" \/>\t\t\t\t\t\t\t\t\t\t\t\t\t\t\t<\/div>\n\t\t\t\t<\/div>\n\t\t\t\t<\/div>\n\t\t\t\t<\/div>\n\t\t\t\t<div class=\"elementor-element elementor-element-c659e18 elementor-widget-divider--separator-type-pattern elementor-widget-divider--view-line elementor-widget elementor-widget-divider\" data-id=\"c659e18\" data-element_type=\"widget\" data-e-type=\"widget\" data-widget_type=\"divider.default\">\n\t\t\t\t<div class=\"elementor-widget-container\">\n\t\t\t\t\t\t\t<div class=\"elementor-divider\" style=\"--divider-pattern-url: url(&quot;data:image\/svg+xml,%3Csvg xmlns=&#039;http:\/\/www.w3.org\/2000\/svg&#039; preserveAspectRatio=&#039;none&#039; overflow=&#039;visible&#039; height=&#039;100%&#039; viewBox=&#039;0 0 24 24&#039; fill=&#039;none&#039; stroke=&#039;black&#039; stroke-width=&#039;4&#039; stroke-linecap=&#039;square&#039; stroke-miterlimit=&#039;10&#039;%3E%3Cpath d=&#039;M0,6c6,0,0.9,11.1,6.9,11.1S18,6,24,6&#039;\/%3E%3C\/svg%3E&quot;);\">\n\t\t\t<span class=\"elementor-divider-separator\">\n\t\t\t\t\t\t<\/span>\n\t\t<\/div>\n\t\t\t\t\t\t<\/div>\n\t\t\t\t<\/div>\n\t\t\t\t\t<\/div>\n\t\t\t\t<\/div>\n\t\t<div class=\"elementor-element elementor-element-adb14d9 e-flex e-con-boxed e-con e-parent\" data-id=\"adb14d9\" data-element_type=\"container\" data-e-type=\"container\">\n\t\t\t\t\t<div class=\"e-con-inner\">\n\t\t\t\t<div class=\"elementor-element elementor-element-e2888c3 elementor-widget elementor-widget-heading\" data-id=\"e2888c3\" data-element_type=\"widget\" data-e-type=\"widget\" data-widget_type=\"heading.default\">\n\t\t\t\t<div class=\"elementor-widget-container\">\n\t\t\t\t\t<h2 class=\"elementor-heading-title elementor-size-default\">PayPal Payer plus tard\n<\/h2>\t\t\t\t<\/div>\n\t\t\t\t<\/div>\n\t\t\t\t<div class=\"elementor-element elementor-element-0b5ec68 elementor-widget-divider--view-line elementor-widget elementor-widget-divider\" data-id=\"0b5ec68\" data-element_type=\"widget\" data-e-type=\"widget\" data-widget_type=\"divider.default\">\n\t\t\t\t<div class=\"elementor-widget-container\">\n\t\t\t\t\t\t\t<div class=\"elementor-divider\">\n\t\t\t<span class=\"elementor-divider-separator\">\n\t\t\t\t\t\t<\/span>\n\t\t<\/div>\n\t\t\t\t\t\t<\/div>\n\t\t\t\t<\/div>\n\t\t<div class=\"elementor-element elementor-element-0c6b35c e-con-full e-flex e-con e-child\" data-id=\"0c6b35c\" data-element_type=\"container\" data-e-type=\"container\">\n\t\t<div class=\"elementor-element elementor-element-f0784be e-con-full e-flex e-con e-child\" data-id=\"f0784be\" data-element_type=\"container\" data-e-type=\"container\">\n\t\t\t\t<div class=\"elementor-element elementor-element-12577dd elementor-widget elementor-widget-text-editor\" data-id=\"12577dd\" data-element_type=\"widget\" data-e-type=\"widget\" data-widget_type=\"text-editor.default\">\n\t\t\t\t<div class=\"elementor-widget-container\">\n\t\t\t\t\t\t\t\t\t<p>PayPal Later est une option de paiement qui permet aux clients de r\u00e9gler leurs achats maintenant et de les payer plus tard. Elle propose deux options principales\u00a0: Payer en 4 fois et Payer mensuellement. Avec Payer en 4 fois, les clients peuvent fractionner leur achat en quatre versements sans int\u00e9r\u00eat, tandis qu&#039;avec Payer mensuellement, ils peuvent effectuer des paiements mensuels plus petits avec int\u00e9r\u00eats sur une p\u00e9riode plus longue. Il suffit de s\u00e9lectionner PayPal Later lors du paiement et de suivre les instructions pour finaliser l&#039;achat.<\/p>\t\t\t\t\t\t\t\t<\/div>\n\t\t\t\t<\/div>\n\t\t\t\t<\/div>\n\t\t<div class=\"elementor-element elementor-element-f7d0662 e-con-full e-flex e-con e-child\" data-id=\"f7d0662\" data-element_type=\"container\" data-e-type=\"container\">\n\t\t\t\t<div class=\"elementor-element elementor-element-46713b4 elementor-widget elementor-widget-image\" data-id=\"46713b4\" data-element_type=\"widget\" data-e-type=\"widget\" data-widget_type=\"image.default\">\n\t\t\t\t<div class=\"elementor-widget-container\">\n\t\t\t\t\t\t\t\t\t\t\t\t\t\t\t<img decoding=\"async\" data-attachment-id=\"2966\" data-permalink=\"https:\/\/dolls4desire.com\/fr\/financement-echelonne\/paypal-later\/\" data-orig-file=\"https:\/\/dolls4desire.com\/wp-content\/uploads\/2025\/05\/PayPal-Later.jpg\" data-orig-size=\"580,738\" data-comments-opened=\"1\" data-image-meta=\"{&quot;aperture&quot;:&quot;0&quot;,&quot;credit&quot;:&quot;&quot;,&quot;camera&quot;:&quot;&quot;,&quot;caption&quot;:&quot;&quot;,&quot;created_timestamp&quot;:&quot;0&quot;,&quot;copyright&quot;:&quot;&quot;,&quot;focal_length&quot;:&quot;0&quot;,&quot;iso&quot;:&quot;0&quot;,&quot;shutter_speed&quot;:&quot;0&quot;,&quot;title&quot;:&quot;&quot;,&quot;orientation&quot;:&quot;1&quot;}\" data-image-title=\"PayPal-Later\" data-image-description=\"\" data-image-caption=\"\" data-large-file=\"https:\/\/dolls4desire.com\/wp-content\/uploads\/2025\/05\/PayPal-Later.jpg\" width=\"580\" height=\"738\" src=\"https:\/\/dolls4desire.com\/wp-content\/uploads\/2025\/05\/PayPal-Later.jpg\" class=\"attachment-large size-large wp-image-2966\" alt=\"\" srcset=\"https:\/\/dolls4desire.com\/wp-content\/uploads\/2025\/05\/PayPal-Later.jpg 580w, https:\/\/dolls4desire.com\/wp-content\/uploads\/2025\/05\/PayPal-Later-236x300.jpg 236w\" sizes=\"(max-width: 580px) 100vw, 580px\" \/>\t\t\t\t\t\t\t\t\t\t\t\t\t\t\t<\/div>\n\t\t\t\t<\/div>\n\t\t\t\t<\/div>\n\t\t\t\t<\/div>\n\t\t\t\t\t<\/div>\n\t\t\t\t<\/div>\n\t\t\t\t<\/div>","protected":false},"excerpt":{"rendered":"<p>How Does Layaway &#038; Financing Work? &lt;img width=&#8221;1440&#8243; height=&#8221;960&#8243; src=&#8221;<a href=\"https:\/\/dolls4desire.com\/wp-content\/uploads\/2025\/05\/160-210-12.png&#038;#8221\">https:\/\/dolls4desire.com\/wp-content\/uploads\/2025\/05\/160-210-12.png&#038;#8221<\/a>; alt=&#8221;&#8221; srcset=&#8221;<a href=\"https:\/\/dolls4desire.com\/wp-content\/uploads\/2025\/05\/160-210-12.png\">https:\/\/dolls4desire.com\/wp-content\/uploads\/2025\/05\/160-210-12.png<\/a> 1440w, <a href=\"https:\/\/dolls4desire.com\/wp-content\/uploads\/2025\/05\/160-210-12-300&#215;200.png\">https:\/\/dolls4desire.com\/wp-content\/uploads\/2025\/05\/160-210-12-300&#215;200.png<\/a> 300w, <a href=\"https:\/\/dolls4desire.com\/wp-content\/uploads\/2025\/05\/160-210-12-1024&#215;683.png\">https:\/\/dolls4desire.com\/wp-content\/uploads\/2025\/05\/160-210-12-1024&#215;683.png<\/a> 1024w, <a href=\"https:\/\/dolls4desire.com\/wp-content\/uploads\/2025\/05\/160-210-12-768&#215;512.png\">https:\/\/dolls4desire.com\/wp-content\/uploads\/2025\/05\/160-210-12-768&#215;512.png<\/a> 768w, <a href=\"https:\/\/dolls4desire.com\/wp-content\/uploads\/2025\/05\/160-210-12-1320&#215;880.png\">https:\/\/dolls4desire.com\/wp-content\/uploads\/2025\/05\/160-210-12-1320&#215;880.png<\/a> 1320w, <a href=\"https:\/\/dolls4desire.com\/wp-content\/uploads\/2025\/05\/160-210-12-600&#215;400.png\">https:\/\/dolls4desire.com\/wp-content\/uploads\/2025\/05\/160-210-12-600&#215;400.png<\/a> 600w&#8221; sizes=&#8221;(max-width: 1440px) 100vw, 1440px&#8221; \/&gt; With the continuous development of technology, installment payment options are becoming more prevalent and convenient. Some companies even offer online applications and real-time approvals, making it easy [&hellip;]<\/p>\n","protected":false},"author":265871293,"featured_media":0,"parent":0,"menu_order":0,"comment_status":"closed","ping_status":"closed","template":"elementor_header_footer","meta":{"_acf_changed":false,"_crdt_document":"","advanced_seo_description":"","jetpack_seo_html_title":"","jetpack_seo_noindex":false,"footnotes":""},"class_list":["post-2524","page","type-page","status-publish","hentry"],"blocksy_meta":[],"acf":[],"jetpack_sharing_enabled":true,"jetpack_likes_enabled":true,"jetpack_shortlink":"https:\/\/wp.me\/Pgx3TK-EI","_links":{"self":[{"href":"https:\/\/dolls4desire.com\/fr\/wp-json\/wp\/v2\/pages\/2524","targetHints":{"allow":["GET"]}}],"collection":[{"href":"https:\/\/dolls4desire.com\/fr\/wp-json\/wp\/v2\/pages"}],"about":[{"href":"https:\/\/dolls4desire.com\/fr\/wp-json\/wp\/v2\/types\/page"}],"author":[{"embeddable":true,"href":"https:\/\/dolls4desire.com\/fr\/wp-json\/wp\/v2\/users\/265871293"}],"replies":[{"embeddable":true,"href":"https:\/\/dolls4desire.com\/fr\/wp-json\/wp\/v2\/comments?post=2524"}],"version-history":[{"count":27,"href":"https:\/\/dolls4desire.com\/fr\/wp-json\/wp\/v2\/pages\/2524\/revisions"}],"predecessor-version":[{"id":2978,"href":"https:\/\/dolls4desire.com\/fr\/wp-json\/wp\/v2\/pages\/2524\/revisions\/2978"}],"wp:attachment":[{"href":"https:\/\/dolls4desire.com\/fr\/wp-json\/wp\/v2\/media?parent=2524"}],"curies":[{"name":"wp","href":"https:\/\/api.w.org\/{rel}","templated":true}]}}