{"id":2522,"date":"2025-05-26T12:19:28","date_gmt":"2025-05-26T02:19:28","guid":{"rendered":"https:\/\/dolls4desire.com\/?page_id=2522"},"modified":"2025-05-27T17:57:16","modified_gmt":"2025-05-27T07:57:16","slug":"expedition-de-production","status":"publish","type":"page","link":"https:\/\/dolls4desire.com\/fr\/expedition-de-production\/","title":{"rendered":"Production et exp\u00e9dition"},"content":{"rendered":"<div data-elementor-type=\"wp-page\" data-elementor-id=\"2522\" class=\"elementor elementor-2522\" data-elementor-post-type=\"page\">\n\t\t\t\t<div class=\"elementor-element elementor-element-0012ad0 e-flex e-con-boxed e-con e-parent\" data-id=\"0012ad0\" data-element_type=\"container\" data-e-type=\"container\">\n\t\t\t\t\t<div class=\"e-con-inner\">\n\t\t\t\t<div class=\"elementor-element elementor-element-c3fe4b4 elementor-widget elementor-widget-heading\" data-id=\"c3fe4b4\" data-element_type=\"widget\" data-e-type=\"widget\" data-widget_type=\"heading.default\">\n\t\t\t\t<div class=\"elementor-widget-container\">\n\t\t\t\t\t<h2 class=\"elementor-heading-title elementor-size-default\">Production et exp\u00e9dition<\/h2>\t\t\t\t<\/div>\n\t\t\t\t<\/div>\n\t\t\t\t<div class=\"elementor-element elementor-element-e0c51a4 elementor-widget-divider--view-line elementor-widget elementor-widget-divider\" data-id=\"e0c51a4\" data-element_type=\"widget\" data-e-type=\"widget\" data-widget_type=\"divider.default\">\n\t\t\t\t<div class=\"elementor-widget-container\">\n\t\t\t\t\t\t\t<div class=\"elementor-divider\">\n\t\t\t<span class=\"elementor-divider-separator\">\n\t\t\t\t\t\t<\/span>\n\t\t<\/div>\n\t\t\t\t\t\t<\/div>\n\t\t\t\t<\/div>\n\t\t\t\t<div class=\"elementor-element elementor-element-72185ea elementor-widget elementor-widget-text-editor\" data-id=\"72185ea\" data-element_type=\"widget\" data-e-type=\"widget\" data-widget_type=\"text-editor.default\">\n\t\t\t\t<div class=\"elementor-widget-container\">\n\t\t\t\t\t\t\t\t\t<p class=\"p1\"><span class=\"s1\">\u00c0 <b>Poup\u00e9es 4 D\u00e9sir<\/b>Nous nous engageons \u00e0 livrer votre commande avec rapidit\u00e9 et soin. Nous sommes fiers de vous proposer <b>livraison gratuite dans le monde entier<\/b> sur toutes les commandes - aucun achat minimum requis.<\/span><\/p><p class=\"p2\"><span class=\"s1\"><b>\ud83c\udf0d Couverture d&#039;exp\u00e9dition<\/b><\/span><\/p><p class=\"p1\"><span class=\"s1\">Nous exp\u00e9dions \u00e0 <b>tous les pays du monde<\/b>Peu importe o\u00f9 vous \u00eates, vos poup\u00e9es pr\u00e9f\u00e9r\u00e9es vous parviendront en toute s\u00e9curit\u00e9.<\/span><\/p><p class=\"p2\"><span class=\"s1\"><b>\u2708\ufe0f M\u00e9thode d&#039;exp\u00e9dition<\/b><\/span><\/p><p class=\"p1\"><span class=\"s1\">Toutes les commandes sont exp\u00e9di\u00e9es via <b>transport a\u00e9rien<\/b> pour assurer une livraison fiable et ponctuelle.<\/span><\/p><p class=\"p2\"><span class=\"s1\"><b>\u23f1 D\u00e9lai de livraison estim\u00e9<\/b><\/span><\/p><ul class=\"ul1\"><li class=\"li1\"><b><\/b><span class=\"s1\"><b>D\u00e9lai de livraison standard :<\/b> 10\u201314 <b>jours ouvrables<\/b><b><\/b><\/span><\/li><li class=\"li1\"><span class=\"s1\">Attention : les jours ouvrables ne <b>pas<\/b> inclure les week-ends ou les jours f\u00e9ri\u00e9s.<\/span><\/li><li class=\"li1\"><span class=\"s1\">D\u00e9lai de traitement : Les commandes sont g\u00e9n\u00e9ralement trait\u00e9es et exp\u00e9di\u00e9es dans les <b>1 \u00e0 3 jours ouvrables<\/b> apr\u00e8s confirmation du paiement.<\/span><\/li><\/ul><p class=\"p2\"><span class=\"s1\"><b>\ud83d\udd0d Suivi des commandes<\/b><\/span><\/p><p class=\"p1\"><span class=\"s1\">Une fois votre commande exp\u00e9di\u00e9e, vous recevrez un e-mail de confirmation avec un <b>num\u00e9ro de suivi<\/b> pour suivre l&#039;\u00e9tat de votre livraison en temps r\u00e9el.<\/span><\/p><p class=\"p2\"><span class=\"s1\"><b>\ud83d\udea8 Droits de douane et d&#039;importation<\/b><\/span><\/p><p class=\"p1\"><span class=\"s1\">Les envois internationaux peuvent \u00eatre soumis \u00e0 des inspections douani\u00e8res et\/ou \u00e0 des droits et taxes d&#039;importation, d\u00e9termin\u00e9s par le pays de destination. Ces frais, le cas \u00e9ch\u00e9ant, sont \u00e0 la charge du client. La plupart de nos envois sont d\u00e9douan\u00e9s sans frais suppl\u00e9mentaires, mais nous ne pouvons pas le garantir pour tous les pays.<\/span><\/p><p class=\"p2\"><span class=\"s1\"><b>\ud83d\udce6 Retards d&#039;exp\u00e9dition<\/b><\/span><\/p><p class=\"p1\"><span class=\"s1\">Bien que nous nous efforcions de livrer dans les meilleurs d\u00e9lais, des retards peuvent survenir en raison des formalit\u00e9s douani\u00e8res, des horaires des compagnies a\u00e9riennes ou d&#039;\u00e9v\u00e9nements internationaux impr\u00e9vus. Nous vous remercions de votre patience et de votre compr\u00e9hension.<\/span><\/p><p class=\"p2\"><span class=\"s1\"><b>\ud83d\udcec Adresse erron\u00e9e ou incompl\u00e8te<\/b><\/span><\/p><p class=\"p1\"><span class=\"s1\">Veuillez v\u00e9rifier vos informations de livraison avant de confirmer votre commande. Nous ne sommes pas responsables des retards ou des \u00e9checs de livraison dus \u00e0 des adresses incorrectes ou incompl\u00e8tes fournies par le client.<\/span><\/p>\t\t\t\t\t\t\t\t<\/div>\n\t\t\t\t<\/div>\n\t\t\t\t\t<\/div>\n\t\t\t\t<\/div>\n\t\t<div class=\"elementor-element elementor-element-ace0bbb e-flex e-con-boxed e-con e-parent\" data-id=\"ace0bbb\" data-element_type=\"container\" data-e-type=\"container\">\n\t\t\t\t\t<div class=\"e-con-inner\">\n\t\t\t\t<div class=\"elementor-element elementor-element-96d793f elementor-widget-divider--view-line elementor-widget elementor-widget-divider\" data-id=\"96d793f\" data-element_type=\"widget\" data-e-type=\"widget\" data-widget_type=\"divider.default\">\n\t\t\t\t<div class=\"elementor-widget-container\">\n\t\t\t\t\t\t\t<div class=\"elementor-divider\">\n\t\t\t<span class=\"elementor-divider-separator\">\n\t\t\t\t\t\t<\/span>\n\t\t<\/div>\n\t\t\t\t\t\t<\/div>\n\t\t\t\t<\/div>\n\t\t\t\t<div class=\"elementor-element elementor-element-59a4130 elementor-widget elementor-widget-heading\" data-id=\"59a4130\" data-element_type=\"widget\" data-e-type=\"widget\" data-widget_type=\"heading.default\">\n\t\t\t\t<div class=\"elementor-widget-container\">\n\t\t\t\t\t<h2 class=\"elementor-heading-title elementor-size-default\">BESOIN D&#039;AIDE?<\/h2>\t\t\t\t<\/div>\n\t\t\t\t<\/div>\n\t\t\t\t<div class=\"elementor-element elementor-element-592ea95 elementor-align-center elementor-widget elementor-widget-button\" data-id=\"592ea95\" data-element_type=\"widget\" data-e-type=\"widget\" data-widget_type=\"button.default\">\n\t\t\t\t<div class=\"elementor-widget-container\">\n\t\t\t\t\t\t\t\t\t<div class=\"elementor-button-wrapper\">\n\t\t\t\t\t<a class=\"elementor-button elementor-button-link elementor-size-sm\" href=\"https:\/\/dolls4desire.com\/fr\/contactez-nous\/\">\n\t\t\t\t\t\t<span class=\"elementor-button-content-wrapper\">\n\t\t\t\t\t\t\t\t\t<span class=\"elementor-button-text\">CONTACTEZ-NOUS<\/span>\n\t\t\t\t\t<\/span>\n\t\t\t\t\t<\/a>\n\t\t\t\t<\/div>\n\t\t\t\t\t\t\t\t<\/div>\n\t\t\t\t<\/div>\n\t\t\t\t\t<\/div>\n\t\t\t\t<\/div>\n\t\t\t\t<\/div>","protected":false},"excerpt":{"rendered":"<p>Production &#038; Shipping At &lt;b&gt;Dolls 4 Desire&lt;\/b&gt;, we\u2019re committed to delivering your order with speed and care. We proudly offer &lt;b&gt;free worldwide shipping&lt;\/b&gt; on all orders\u2014no minimum purchase required. \ud83c\udf0d Shipping Coverage We ship to all countries worldwide. No matter where you are, your favorite dolls will reach you safely. \u2708\ufe0f Shipping Method All orders [&hellip;]<\/p>\n","protected":false},"author":265871293,"featured_media":0,"parent":0,"menu_order":0,"comment_status":"closed","ping_status":"closed","template":"elementor_header_footer","meta":{"_acf_changed":false,"_crdt_document":"","advanced_seo_description":"","jetpack_seo_html_title":"","jetpack_seo_noindex":false,"footnotes":""},"class_list":["post-2522","page","type-page","status-publish","hentry"],"blocksy_meta":[],"acf":[],"jetpack_sharing_enabled":true,"jetpack_likes_enabled":true,"jetpack_shortlink":"https:\/\/wp.me\/Pgx3TK-EG","_links":{"self":[{"href":"https:\/\/dolls4desire.com\/fr\/wp-json\/wp\/v2\/pages\/2522","targetHints":{"allow":["GET"]}}],"collection":[{"href":"https:\/\/dolls4desire.com\/fr\/wp-json\/wp\/v2\/pages"}],"about":[{"href":"https:\/\/dolls4desire.com\/fr\/wp-json\/wp\/v2\/types\/page"}],"author":[{"embeddable":true,"href":"https:\/\/dolls4desire.com\/fr\/wp-json\/wp\/v2\/users\/265871293"}],"replies":[{"embeddable":true,"href":"https:\/\/dolls4desire.com\/fr\/wp-json\/wp\/v2\/comments?post=2522"}],"version-history":[{"count":11,"href":"https:\/\/dolls4desire.com\/fr\/wp-json\/wp\/v2\/pages\/2522\/revisions"}],"predecessor-version":[{"id":2942,"href":"https:\/\/dolls4desire.com\/fr\/wp-json\/wp\/v2\/pages\/2522\/revisions\/2942"}],"wp:attachment":[{"href":"https:\/\/dolls4desire.com\/fr\/wp-json\/wp\/v2\/media?parent=2522"}],"curies":[{"name":"wp","href":"https:\/\/api.w.org\/{rel}","templated":true}]}}