{"id":2507,"date":"2025-05-26T12:16:48","date_gmt":"2025-05-26T02:16:48","guid":{"rendered":"https:\/\/dolls4desire.com\/?page_id=2507"},"modified":"2025-05-27T01:16:44","modified_gmt":"2025-05-26T15:16:44","slug":"politique-de-confidentialite","status":"publish","type":"page","link":"https:\/\/dolls4desire.com\/fr\/politique-de-confidentialite\/","title":{"rendered":"politique de confidentialit\u00e9"},"content":{"rendered":"<div data-elementor-type=\"wp-page\" data-elementor-id=\"2507\" class=\"elementor elementor-2507\" data-elementor-post-type=\"page\">\n\t\t\t\t<div class=\"elementor-element elementor-element-2b26751 e-flex e-con-boxed e-con e-parent\" data-id=\"2b26751\" data-element_type=\"container\" data-e-type=\"container\">\n\t\t\t\t\t<div class=\"e-con-inner\">\n\t\t\t\t<div class=\"elementor-element elementor-element-d5e18e8 elementor-widget elementor-widget-heading\" data-id=\"d5e18e8\" data-element_type=\"widget\" data-e-type=\"widget\" data-widget_type=\"heading.default\">\n\t\t\t\t<div class=\"elementor-widget-container\">\n\t\t\t\t\t<h2 class=\"elementor-heading-title elementor-size-default\">politique de confidentialit\u00e9\n<\/h2>\t\t\t\t<\/div>\n\t\t\t\t<\/div>\n\t\t\t\t<div class=\"elementor-element elementor-element-9b0c44e elementor-widget elementor-widget-text-editor\" data-id=\"9b0c44e\" data-element_type=\"widget\" data-e-type=\"widget\" data-widget_type=\"text-editor.default\">\n\t\t\t\t<div class=\"elementor-widget-container\">\n\t\t\t\t\t\t\t\t\t<div class=\"vc_row wpb_row vc_row-fluid\"><div class=\"wpb_column vc_column_container vc_col-sm-12\"><div class=\"vc_column-inner\"><div class=\"wpb_wrapper\"><div class=\"wpb_text_column wpb_content_element\"><div class=\"wpb_wrapper\"><div class=\"main-page-wrapper\" data-rocket-location-hash=\"4a2fe321e990c94151b29af1c306d73b\"><div class=\"container\"><div class=\"row content-layout-wrapper align-items-start\"><div class=\"site-content col-lg-12 col-12 col-md-12\" role=\"main\"><article id=\"post-567\" class=\"post-567 page type-page status-publish hentry\"><div class=\"entry-content\"><div class=\"wpb-content-wrapper\"><div class=\"vc_row wpb_row vc_row-fluid\"><div class=\"wpb_column vc_column_container vc_col-sm-12\"><div class=\"vc_column-inner vc_custom_1548321055749\"><div class=\"wpb_wrapper\"><div class=\"wpb_text_column wpb_content_element\"><div class=\"wpb_wrapper\"><p>\u00c0 <strong>Poup\u00e9es4d\u00e9sir<\/strong>Nous nous engageons \u00e0 prot\u00e9ger votre vie priv\u00e9e. Les informations que nous collectons sont celles que vous nous fournissez volontairement. Nous pouvons collecter des informations telles que votre nom, votre adresse e-mail, votre adresse postale, votre num\u00e9ro de t\u00e9l\u00e9phone ou vos informations de carte de cr\u00e9dit lorsque vous vous inscrivez sur notre site web, passez une commande ou vous abonnez \u00e0 notre newsletter. Nous utilisons ces informations pour personnaliser et enrichir votre exp\u00e9rience, am\u00e9liorer le service client sur le site web, vous contacter si n\u00e9cessaire, personnaliser nos programmes de fid\u00e9lit\u00e9, vous envoyer des communications \u00e9lectroniques p\u00e9riodiques et traiter vos commandes et transactions efficacement. Nous ne vendons ni ne partageons jamais vos informations personnelles.<\/p><h5>S\u00e9curit\u00e9<\/h5><\/div><\/div><\/div><\/div><\/div><\/div><div class=\"vc_row wpb_row vc_row-fluid\"><div class=\"wpb_column vc_column_container vc_col-sm-12\"><div class=\"vc_column-inner vc_custom_1548321046784\"><div class=\"wpb_wrapper\"><div class=\"wpb_text_column wpb_content_element\"><div class=\"wpb_wrapper\"><p>Nous utilisons un serveur s\u00e9curis\u00e9 pour garantir la s\u00e9curit\u00e9 de vos informations personnelles. Les informations que vous soumettez via le site web sont prot\u00e9g\u00e9es par la technologie de cryptage SSL, standard du secteur, con\u00e7ue pour prot\u00e9ger vos informations personnelles identifiables contre la perte, l&#039;acc\u00e8s non autoris\u00e9, la divulgation, l&#039;alt\u00e9ration ou la destruction.<\/p><p>Nous utilisons des mesures administratives, techniques et physiques pour prot\u00e9ger les informations personnelles contre la perte, le vol et les utilisations, acc\u00e8s ou modifications non autoris\u00e9s. Certaines zones de nos sites web peuvent \u00eatre prot\u00e9g\u00e9es par mot de passe. Si vous utilisez nos sites web et poss\u00e9dez un mot de passe, vous pouvez contribuer \u00e0 pr\u00e9server votre confidentialit\u00e9 en veillant \u00e0 ne pas le communiquer \u00e0 qui que ce soit.<\/p><p>Les paiements effectu\u00e9s via nos sites Web sont trait\u00e9s dans un environnement s\u00e9curis\u00e9 \u00e0 l&#039;aide d&#039;un logiciel fourni par PayPal ou d&#039;autres fournisseurs tiers.<br \/>Nous prenons des mesures pour valider r\u00e9guli\u00e8rement les informations personnelles que nous d\u00e9tenons afin de garantir leur exactitude et, si n\u00e9cessaire, leur actualit\u00e9. Les informations qui ne sont plus n\u00e9cessaires \u00e0 des fins commerciales l\u00e9gitimes et que nous ne sommes pas tenus de conserver en vertu d&#039;une loi applicable seront syst\u00e9matiquement d\u00e9truites par des moyens s\u00e9curis\u00e9s.<\/p><h5><strong>Cookies<\/strong><\/h5><\/div><\/div><\/div><\/div><\/div><\/div><div class=\"vc_row wpb_row vc_row-fluid\"><div class=\"wpb_column vc_column_container vc_col-sm-12\"><div class=\"vc_column-inner vc_custom_1548321039135\"><div class=\"wpb_wrapper\"><div class=\"wpb_text_column wpb_content_element\"><div class=\"wpb_wrapper\"><p>Un cookie web, une technologie de collecte de donn\u00e9es couramment utilis\u00e9e, est un simple morceau de texte qui peut \u00eatre plac\u00e9 sur le navigateur de votre ordinateur ou appareil mobile et lu lors de votre visite sur un site web. Nous utilisons des cookies et des technologies similaires sur nos sites web pour am\u00e9liorer les performances et votre exp\u00e9rience. Aucune information personnelle n&#039;est li\u00e9e \u00e0 l&#039;utilisation des cookies, et le cookie est supprim\u00e9 \u00e0 la fermeture du navigateur jusqu&#039;\u00e0 ce que l&#039;utilisateur revienne sur le site.<\/p><p>Les cookies que nous utilisons ou autorisons font partie int\u00e9grante du commerce \u00e9lectronique et sont essentiels \u00e0 votre utilisation de nos sites web. Les cookies de performance nous permettent de comprendre notre audience dans son ensemble et d&#039;am\u00e9liorer la fa\u00e7on dont nos sites r\u00e9pondent \u00e0 vos besoins et attentes. De nombreux cookies fonctionnels sont essentiels au fonctionnement de nos sites et services. Les cookies que nous utilisons pour l&#039;inscription nous permettent de mener nos activit\u00e9s en ligne. Nos sites et services, ou certaines parties de ceux-ci, pourraient ne pas fonctionner correctement sans ces cookies.<\/p><\/div><\/div><\/div><\/div><\/div><\/div><\/div><\/div><\/article><\/div><\/div><\/div><\/div><\/div><\/div><\/div><\/div><\/div><\/div>\t\t\t\t\t\t\t\t<\/div>\n\t\t\t\t<\/div>\n\t\t\t\t\t<\/div>\n\t\t\t\t<\/div>\n\t\t\t\t<\/div>","protected":false},"excerpt":{"rendered":"<p>Privacy Policy &lt;article id=&#8221;post-567&#8243;&gt;At &lt;strong&gt;Dolls4desire&lt;\/strong&gt;, we are dedicated to protecting your privacy. Any information we collect is that which you voluntarily provide to us. We may collect information such as your name, e-mail address, mailing address, phone number or credit card information when you register as a user on our website, place an order or [&hellip;]<\/p>\n","protected":false},"author":265871293,"featured_media":0,"parent":0,"menu_order":0,"comment_status":"closed","ping_status":"closed","template":"elementor_header_footer","meta":{"_acf_changed":false,"_crdt_document":"","advanced_seo_description":"","jetpack_seo_html_title":"","jetpack_seo_noindex":false,"footnotes":""},"class_list":["post-2507","page","type-page","status-publish","hentry"],"blocksy_meta":[],"acf":[],"jetpack_sharing_enabled":true,"jetpack_likes_enabled":true,"jetpack_shortlink":"https:\/\/wp.me\/Pgx3TK-Er","_links":{"self":[{"href":"https:\/\/dolls4desire.com\/fr\/wp-json\/wp\/v2\/pages\/2507","targetHints":{"allow":["GET"]}}],"collection":[{"href":"https:\/\/dolls4desire.com\/fr\/wp-json\/wp\/v2\/pages"}],"about":[{"href":"https:\/\/dolls4desire.com\/fr\/wp-json\/wp\/v2\/types\/page"}],"author":[{"embeddable":true,"href":"https:\/\/dolls4desire.com\/fr\/wp-json\/wp\/v2\/users\/265871293"}],"replies":[{"embeddable":true,"href":"https:\/\/dolls4desire.com\/fr\/wp-json\/wp\/v2\/comments?post=2507"}],"version-history":[{"count":11,"href":"https:\/\/dolls4desire.com\/fr\/wp-json\/wp\/v2\/pages\/2507\/revisions"}],"predecessor-version":[{"id":2852,"href":"https:\/\/dolls4desire.com\/fr\/wp-json\/wp\/v2\/pages\/2507\/revisions\/2852"}],"wp:attachment":[{"href":"https:\/\/dolls4desire.com\/fr\/wp-json\/wp\/v2\/media?parent=2507"}],"curies":[{"name":"wp","href":"https:\/\/api.w.org\/{rel}","templated":true}]}}