{"id":2505,"date":"2025-05-26T12:16:30","date_gmt":"2025-05-26T02:16:30","guid":{"rendered":"https:\/\/dolls4desire.com\/?page_id=2505"},"modified":"2025-06-13T20:03:05","modified_gmt":"2025-06-13T10:03:05","slug":"correspondance-des-prix","status":"publish","type":"page","link":"https:\/\/dolls4desire.com\/fr\/correspondance-des-prix\/","title":{"rendered":"Alignement des prix"},"content":{"rendered":"<div data-elementor-type=\"wp-page\" data-elementor-id=\"2505\" class=\"elementor elementor-2505\" data-elementor-post-type=\"page\">\n\t\t\t\t<div class=\"elementor-element elementor-element-e0b951a e-flex e-con-boxed e-con e-parent\" data-id=\"e0b951a\" data-element_type=\"container\">\n\t\t\t\t\t<div class=\"e-con-inner\">\n\t\t\t\t<div class=\"elementor-element elementor-element-21d6df2 elementor-widget elementor-widget-heading\" data-id=\"21d6df2\" data-element_type=\"widget\" data-widget_type=\"heading.default\">\n\t\t\t\t<div class=\"elementor-widget-container\">\n\t\t\t\t\t<h2 class=\"elementor-heading-title elementor-size-default\">ASSURANCE DES PRIX DES POUP\u00c9ES SEXUELLES\n<\/h2>\t\t\t\t<\/div>\n\t\t\t\t<\/div>\n\t\t\t\t<div class=\"elementor-element elementor-element-e937785 elementor-widget-divider--view-line elementor-widget elementor-widget-divider\" data-id=\"e937785\" data-element_type=\"widget\" data-widget_type=\"divider.default\">\n\t\t\t\t<div class=\"elementor-widget-container\">\n\t\t\t\t\t\t\t<div class=\"elementor-divider\">\n\t\t\t<span class=\"elementor-divider-separator\">\n\t\t\t\t\t\t<\/span>\n\t\t<\/div>\n\t\t\t\t\t\t<\/div>\n\t\t\t\t<\/div>\n\t\t\t\t<div class=\"elementor-element elementor-element-6189a15 elementor-widget elementor-widget-text-editor\" data-id=\"6189a15\" data-element_type=\"widget\" data-widget_type=\"text-editor.default\">\n\t\t\t\t<div class=\"elementor-widget-container\">\n\t\t\t\t\t\t\t\t\t<div class=\"vc_row wpb_row vc_row-fluid\"><div class=\"wpb_column vc_column_container vc_col-sm-12\"><div class=\"vc_column-inner\"><div class=\"wpb_wrapper\"><div class=\"wpb_text_column wpb_content_element\"><div class=\"wpb_wrapper\"><p>Nous offrons la Garantie du Meilleur Prix sur toutes nos poup\u00e9es sexuelles en silicone et TPE. Avez-vous trouv\u00e9 un meilleur prix\u00a0? Si vous trouvez une autre poup\u00e9e qui vous pla\u00eet davantage ou \u00e0 un meilleur prix, n&#039;h\u00e9sitez pas \u00e0 nous le faire savoir et nous essaierons de nous aligner. Cliquez sur le bouton \u00ab\u00a0Demander le meilleur prix\u00a0\u00bb sur nos pages produits et nous nous alignerons sur le prix le plus bas.<\/p><p>**Note:<\/p><p>- Uniquement si l&#039;autre vendeur propose \u00e9galement des poup\u00e9es authentiques et certifi\u00e9es. Nous ne pouvons pas nous aligner sur les prix des vendeurs qui vendent des poup\u00e9es de qualit\u00e9 inf\u00e9rieure issues du march\u00e9 noir (notamment AliExpress, Alibaba, DHGate, etc.).<br \/>-La poup\u00e9e doit \u00eatre identique, (c&#039;est-\u00e0-dire taille, mod\u00e8le, quantit\u00e9, marque, couleur, poup\u00e9es wm, poup\u00e9e se, poup\u00e9e yl, \u2026.)<br \/>-Uniquement le prix correspondant au prix final pour les m\u00eames options.<br \/>-Non valable sur les offres annonc\u00e9es sous forme de pourcentage ou de r\u00e9duction en dollars sur le site d&#039;un concurrent (par exemple, \u00ab 15% de r\u00e9duction \u00bb ou \u00ab $5 de r\u00e9duction \u00bb)<br \/>-Non valable sur les poup\u00e9es endommag\u00e9es, utilis\u00e9es ou remises \u00e0 neuf<br \/>-Non valable sur les poup\u00e9es que d&#039;autres d\u00e9taillants ont r\u00e9pertori\u00e9es comme offres de liquidation, de liquidation, de liquidation, d&#039;heure sp\u00e9ciale\/flash\/quantit\u00e9 limit\u00e9e.<\/p><\/div><\/div><\/div><\/div><\/div><\/div>\t\t\t\t\t\t\t\t<\/div>\n\t\t\t\t<\/div>\n\t\t\t\t\t<\/div>\n\t\t\t\t<\/div>\n\t\t<div class=\"elementor-element elementor-element-0214d3e e-flex e-con-boxed e-con e-parent\" data-id=\"0214d3e\" data-element_type=\"container\">\n\t\t\t\t\t<div class=\"e-con-inner\">\n\t\t\t\t<div class=\"elementor-element elementor-element-e70000e elementor-widget elementor-widget-heading\" data-id=\"e70000e\" data-element_type=\"widget\" data-widget_type=\"heading.default\">\n\t\t\t\t<div class=\"elementor-widget-container\">\n\t\t\t\t\t<h2 class=\"elementor-heading-title elementor-size-default\">Veuillez remplir les informations ci-dessous.<\/h2>\t\t\t\t<\/div>\n\t\t\t\t<\/div>\n\t\t\t\t<div class=\"elementor-element elementor-element-c8855e5 elementor-widget-divider--view-line elementor-widget elementor-widget-divider\" data-id=\"c8855e5\" data-element_type=\"widget\" data-widget_type=\"divider.default\">\n\t\t\t\t<div class=\"elementor-widget-container\">\n\t\t\t\t\t\t\t<div class=\"elementor-divider\">\n\t\t\t<span class=\"elementor-divider-separator\">\n\t\t\t\t\t\t<\/span>\n\t\t<\/div>\n\t\t\t\t\t\t<\/div>\n\t\t\t\t<\/div>\n\t\t\t\t<div class=\"elementor-element elementor-element-c352e1b elementor-button-align-stretch elementor-widget elementor-widget-form\" data-id=\"c352e1b\" data-element_type=\"widget\" data-settings=\"{&quot;step_next_label&quot;:&quot;Next&quot;,&quot;step_previous_label&quot;:&quot;Previous&quot;,&quot;button_width&quot;:&quot;20&quot;,&quot;step_type&quot;:&quot;number_text&quot;,&quot;step_icon_shape&quot;:&quot;circle&quot;}\" data-widget_type=\"form.default\">\n\t\t\t\t<div class=\"elementor-widget-container\">\n\t\t\t\t\t\t\t<form class=\"elementor-form\" method=\"post\" name=\"New Form\" aria-label=\"Nouveau formulaire\" action=\"\">\n\t\t\t<input type=\"hidden\" name=\"post_id\" value=\"2505\"\/>\n\t\t\t<input type=\"hidden\" name=\"form_id\" value=\"c352e1b\"\/>\n\t\t\t<input type=\"hidden\" name=\"referer_title\" value=\"Price Match\" \/>\n\n\t\t\t\t\t\t\t<input type=\"hidden\" name=\"queried_id\" value=\"2505\"\/>\n\t\t\t\n\t\t\t<div class=\"elementor-form-fields-wrapper elementor-labels-above\">\n\t\t\t\t\t\t\t\t<div class=\"elementor-field-type-text elementor-field-group elementor-column elementor-field-group-field_e7c45f8 elementor-col-100 elementor-field-required\">\n\t\t\t\t\t\t\t\t\t\t\t\t<label for=\"form-field-field_e7c45f8\" class=\"elementor-field-label\">\n\t\t\t\t\t\t\t\tTitre du produit YourDoll \t\t\t\t\t\t\t<\/label>\n\t\t\t\t\t\t\t\t\t\t\t\t\t\t<input size=\"1\" type=\"text\" name=\"form_fields[field_e7c45f8]\" id=\"form-field-field_e7c45f8\" class=\"elementor-field elementor-size-sm  elementor-field-textual\" required=\"required\">\n\t\t\t\t\t\t\t\t\t\t\t<\/div>\n\t\t\t\t\t\t\t\t<div class=\"elementor-field-type-text elementor-field-group elementor-column elementor-field-group-field_db6db91 elementor-col-100 elementor-field-required\">\n\t\t\t\t\t\t\t\t\t\t\t\t<label for=\"form-field-field_db6db91\" class=\"elementor-field-label\">\n\t\t\t\t\t\t\t\tLien produit YourDoll et prix final ?\t\t\t\t\t\t\t<\/label>\n\t\t\t\t\t\t\t\t\t\t\t\t\t\t<input size=\"1\" type=\"text\" name=\"form_fields[field_db6db91]\" id=\"form-field-field_db6db91\" class=\"elementor-field elementor-size-sm  elementor-field-textual\" required=\"required\">\n\t\t\t\t\t\t\t\t\t\t\t<\/div>\n\t\t\t\t\t\t\t\t<div class=\"elementor-field-type-text elementor-field-group elementor-column elementor-field-group-field_06641a7 elementor-col-100 elementor-field-required\">\n\t\t\t\t\t\t\t\t\t\t\t\t<label for=\"form-field-field_06641a7\" class=\"elementor-field-label\">\n\t\t\t\t\t\t\t\tLe lien du produit concurrent et le prix final ? \t\t\t\t\t\t\t<\/label>\n\t\t\t\t\t\t\t\t\t\t\t\t\t\t<input size=\"1\" type=\"text\" name=\"form_fields[field_06641a7]\" id=\"form-field-field_06641a7\" class=\"elementor-field elementor-size-sm  elementor-field-textual\" required=\"required\">\n\t\t\t\t\t\t\t\t\t\t\t<\/div>\n\t\t\t\t\t\t\t\t<div class=\"elementor-field-type-radio elementor-field-group elementor-column elementor-field-group-field_1f66858 elementor-col-100 elementor-field-required\">\n\t\t\t\t\t\t\t\t\t\t\t\t<label for=\"form-field-field_1f66858\" class=\"elementor-field-label\">\n\t\t\t\t\t\t\t\t\u00cates-vous s\u00fbr qu\u2019il s\u2019agit d\u2019un vendeur l\u00e9gitime ? \t\t\t\t\t\t\t<\/label>\n\t\t\t\t\t\t<div class=\"elementor-field-subgroup\"><span class=\"elementor-field-option\"><input type=\"radio\" value=\"Yes\" id=\"form-field-field_1f66858-0\" name=\"form_fields[field_1f66858]\" required=\"required\"> <label for=\"form-field-field_1f66858-0\">Oui<\/label><\/span><span class=\"elementor-field-option\"><input type=\"radio\" value=\"No\" id=\"form-field-field_1f66858-1\" name=\"form_fields[field_1f66858]\" required=\"required\"> <label for=\"form-field-field_1f66858-1\">Non<\/label><\/span><span class=\"elementor-field-option\"><input type=\"radio\" value=\"I&#039;m not sure\" id=\"form-field-field_1f66858-2\" name=\"form_fields[field_1f66858]\" required=\"required\"> <label for=\"form-field-field_1f66858-2\">Je ne suis pas s\u00fbr<\/label><\/span><\/div>\t\t\t\t<\/div>\n\t\t\t\t\t\t\t\t<div class=\"elementor-field-type-html elementor-field-group elementor-column elementor-field-group-field_8b69b8e elementor-col-100\">\n\t\t\t\t\tNous ne nous alignons pas sur les prix d&#039;un site Web rempli de poup\u00e9es contrefaites.\n\t\t\t\t<\/div>\n\t\t\t\t\t\t\t\t<div class=\"elementor-field-type-radio elementor-field-group elementor-column elementor-field-group-field_e5e1f48 elementor-col-100 elementor-field-required\">\n\t\t\t\t\t\t\t\t\t\t\t\t<label for=\"form-field-field_e5e1f48\" class=\"elementor-field-label\">\n\t\t\t\t\t\t\t\tCe que vous achetez est une poup\u00e9e en stock ou une poup\u00e9e personnalis\u00e9e ? *\t\t\t\t\t\t\t<\/label>\n\t\t\t\t\t\t<div class=\"elementor-field-subgroup\"><span class=\"elementor-field-option\"><input type=\"radio\" value=\"in-stock doll\" id=\"form-field-field_e5e1f48-0\" name=\"form_fields[field_e5e1f48]\" required=\"required\"> <label for=\"form-field-field_e5e1f48-0\">poup\u00e9e en stock<\/label><\/span><span class=\"elementor-field-option\"><input type=\"radio\" value=\"custom doll\" id=\"form-field-field_e5e1f48-1\" name=\"form_fields[field_e5e1f48]\" required=\"required\"> <label for=\"form-field-field_e5e1f48-1\">poup\u00e9e personnalis\u00e9e<\/label><\/span><\/div>\t\t\t\t<\/div>\n\t\t\t\t\t\t\t\t<div class=\"elementor-field-type-html elementor-field-group elementor-column elementor-field-group-field_ac6342c elementor-col-100\">\n\t\t\t\t\tSeules les poup\u00e9es personnalis\u00e9es peuvent b\u00e9n\u00e9ficier d&#039;un alignement de prix avec celles d&#039;un concurrent. La m\u00eame r\u00e8gle s&#039;applique aux stocks.\n\t\t\t\t<\/div>\n\t\t\t\t\t\t\t\t<div class=\"elementor-field-type-radio elementor-field-group elementor-column elementor-field-group-field_17dedeb elementor-col-100 elementor-field-required\">\n\t\t\t\t\t\t\t\t\t\t\t\t<label for=\"form-field-field_17dedeb\" class=\"elementor-field-label\">\n\t\t\t\t\t\t\t\tAvez-vous compar\u00e9 le prix final sur les deux sites Web ? \t\t\t\t\t\t\t<\/label>\n\t\t\t\t\t\t<div class=\"elementor-field-subgroup\"><span class=\"elementor-field-option\"><input type=\"radio\" value=\"Yes\" id=\"form-field-field_17dedeb-0\" name=\"form_fields[field_17dedeb]\" required=\"required\"> <label for=\"form-field-field_17dedeb-0\">Oui<\/label><\/span><span class=\"elementor-field-option\"><input type=\"radio\" value=\"No\" id=\"form-field-field_17dedeb-1\" name=\"form_fields[field_17dedeb]\" required=\"required\"> <label for=\"form-field-field_17dedeb-1\">Non<\/label><\/span><\/div>\t\t\t\t<\/div>\n\t\t\t\t\t\t\t\t<div class=\"elementor-field-type-html elementor-field-group elementor-column elementor-field-group-field_79221d8 elementor-col-100\">\n\t\t\t\t\tVous devez choisir les m\u00eames options (articles am\u00e9lior\u00e9s) que vous souhaitez et soumettre des commandes sur les deux sites Web pour comparer les prix.\n\t\t\t\t<\/div>\n\t\t\t\t\t\t\t\t<div class=\"elementor-field-type-radio elementor-field-group elementor-column elementor-field-group-field_b1d7f1b elementor-col-100 elementor-field-required\">\n\t\t\t\t\t\t\t\t\t\t\t\t<label for=\"form-field-field_b1d7f1b\" class=\"elementor-field-label\">\n\t\t\t\t\t\t\t\tAvez-vous appliqu\u00e9 la r\u00e9duction sur les deux sites Web\u00a0? \t\t\t\t\t\t\t<\/label>\n\t\t\t\t\t\t<div class=\"elementor-field-subgroup\"><span class=\"elementor-field-option\"><input type=\"radio\" value=\"Yes\" id=\"form-field-field_b1d7f1b-0\" name=\"form_fields[field_b1d7f1b]\" required=\"required\"> <label for=\"form-field-field_b1d7f1b-0\">Oui<\/label><\/span><span class=\"elementor-field-option\"><input type=\"radio\" value=\"No\" id=\"form-field-field_b1d7f1b-1\" name=\"form_fields[field_b1d7f1b]\" required=\"required\"> <label for=\"form-field-field_b1d7f1b-1\">Non<\/label><\/span><\/div>\t\t\t\t<\/div>\n\t\t\t\t\t\t\t\t<div class=\"elementor-field-type-radio elementor-field-group elementor-column elementor-field-group-field_bc6f34e elementor-col-100 elementor-field-required\">\n\t\t\t\t\t\t\t\t\t\t\t\t<label for=\"form-field-field_bc6f34e\" class=\"elementor-field-label\">\n\t\t\t\t\t\t\t\tLe prix du concurrent inclut-il tous les frais de livraison ? \t\t\t\t\t\t\t<\/label>\n\t\t\t\t\t\t<div class=\"elementor-field-subgroup\"><span class=\"elementor-field-option\"><input type=\"radio\" value=\"Yes\" id=\"form-field-field_bc6f34e-0\" name=\"form_fields[field_bc6f34e]\" required=\"required\"> <label for=\"form-field-field_bc6f34e-0\">Oui<\/label><\/span><span class=\"elementor-field-option\"><input type=\"radio\" value=\"No\" id=\"form-field-field_bc6f34e-1\" name=\"form_fields[field_bc6f34e]\" required=\"required\"> <label for=\"form-field-field_bc6f34e-1\">Non<\/label><\/span><\/div>\t\t\t\t<\/div>\n\t\t\t\t\t\t\t\t<div class=\"elementor-field-type-html elementor-field-group elementor-column elementor-field-group-field_a38df55 elementor-col-100\">\n\t\t\t\t\tYourDoll inclut tous les frais d&#039;exp\u00e9dition.\t\t\t\t<\/div>\n\t\t\t\t\t\t\t\t<div class=\"elementor-field-type-text elementor-field-group elementor-column elementor-field-group-field_d96d218 elementor-col-100 elementor-field-required\">\n\t\t\t\t\t\t\t\t\t\t\t\t<label for=\"form-field-field_d96d218\" class=\"elementor-field-label\">\n\t\t\t\t\t\t\t\tNom\t\t\t\t\t\t\t<\/label>\n\t\t\t\t\t\t\t\t\t\t\t\t\t\t<input size=\"1\" type=\"text\" name=\"form_fields[field_d96d218]\" id=\"form-field-field_d96d218\" class=\"elementor-field elementor-size-sm  elementor-field-textual\" required=\"required\">\n\t\t\t\t\t\t\t\t\t\t\t<\/div>\n\t\t\t\t\t\t\t\t<div class=\"elementor-field-type-email elementor-field-group elementor-column elementor-field-group-field_ce01f16 elementor-col-100 elementor-field-required\">\n\t\t\t\t\t\t\t\t\t\t\t\t<label for=\"form-field-field_ce01f16\" class=\"elementor-field-label\">\n\t\t\t\t\t\t\t\tE-mail\t\t\t\t\t\t\t<\/label>\n\t\t\t\t\t\t\t\t\t\t\t\t\t\t<input size=\"1\" type=\"email\" name=\"form_fields[field_ce01f16]\" id=\"form-field-field_ce01f16\" class=\"elementor-field elementor-size-sm  elementor-field-textual\" required=\"required\">\n\t\t\t\t\t\t\t\t\t\t\t<\/div>\n\t\t\t\t\t\t\t\t<div class=\"elementor-field-type-textarea elementor-field-group elementor-column elementor-field-group-field_18c2ca1 elementor-col-100 elementor-field-required\">\n\t\t\t\t\t\t\t\t\t\t\t\t<label for=\"form-field-field_18c2ca1\" class=\"elementor-field-label\">\n\t\t\t\t\t\t\t\tMessage\t\t\t\t\t\t\t<\/label>\n\t\t\t\t\t\t<textarea class=\"elementor-field-textual elementor-field  elementor-size-sm\" name=\"form_fields[field_18c2ca1]\" id=\"form-field-field_18c2ca1\" rows=\"4\" required=\"required\"><\/textarea>\t\t\t\t<\/div>\n\t\t\t\t\t\t\t\t<div class=\"elementor-field-group elementor-column elementor-field-type-submit elementor-col-20 e-form__buttons\">\n\t\t\t\t\t<button class=\"elementor-button elementor-size-md\" type=\"submit\">\n\t\t\t\t\t\t<span class=\"elementor-button-content-wrapper\">\n\t\t\t\t\t\t\t\t\t\t\t\t\t\t\t\t\t\t\t\t\t\t<span class=\"elementor-button-text\">Envoyer<\/span>\n\t\t\t\t\t\t\t\t\t\t\t\t\t<\/span>\n\t\t\t\t\t<\/button>\n\t\t\t\t<\/div>\n\t\t\t<\/div>\n\t\t<input type=\"hidden\" name=\"trp-form-language\" value=\"fr\"\/><\/form>\n\t\t\t\t\t\t<\/div>\n\t\t\t\t<\/div>\n\t\t\t\t\t<\/div>\n\t\t\t\t<\/div>\n\t\t\t\t<\/div>","protected":false},"excerpt":{"rendered":"<p>SEX DOLL PRICE MATCH We offer the Lowest PRICE MATCH Guarantee on all silicone &amp;amp; TPE sex dolls. Did you find a better price? If you find another doll that you like better or a better price please let us know and we will try to match it. Click the Request Price Match button on [&hellip;]<\/p>","protected":false},"author":265871293,"featured_media":0,"parent":0,"menu_order":0,"comment_status":"closed","ping_status":"closed","template":"elementor_header_footer","meta":{"_acf_changed":false,"advanced_seo_description":"","jetpack_seo_html_title":"","jetpack_seo_noindex":false,"jetpack_post_was_ever_published":false,"footnotes":""},"class_list":["post-2505","page","type-page","status-publish","hentry"],"blocksy_meta":[],"acf":[],"jetpack_sharing_enabled":true,"jetpack_likes_enabled":true,"jetpack_shortlink":"https:\/\/wp.me\/Pgx3TK-Ep","_links":{"self":[{"href":"https:\/\/dolls4desire.com\/fr\/wp-json\/wp\/v2\/pages\/2505","targetHints":{"allow":["GET"]}}],"collection":[{"href":"https:\/\/dolls4desire.com\/fr\/wp-json\/wp\/v2\/pages"}],"about":[{"href":"https:\/\/dolls4desire.com\/fr\/wp-json\/wp\/v2\/types\/page"}],"author":[{"embeddable":true,"href":"https:\/\/dolls4desire.com\/fr\/wp-json\/wp\/v2\/users\/265871293"}],"replies":[{"embeddable":true,"href":"https:\/\/dolls4desire.com\/fr\/wp-json\/wp\/v2\/comments?post=2505"}],"version-history":[{"count":21,"href":"https:\/\/dolls4desire.com\/fr\/wp-json\/wp\/v2\/pages\/2505\/revisions"}],"predecessor-version":[{"id":3646,"href":"https:\/\/dolls4desire.com\/fr\/wp-json\/wp\/v2\/pages\/2505\/revisions\/3646"}],"wp:attachment":[{"href":"https:\/\/dolls4desire.com\/fr\/wp-json\/wp\/v2\/media?parent=2505"}],"curies":[{"name":"wp","href":"https:\/\/api.w.org\/{rel}","templated":true}]}}