{"id":2500,"date":"2025-05-26T12:15:51","date_gmt":"2025-05-26T02:15:51","guid":{"rendered":"https:\/\/dolls4desire.com\/?page_id=2500"},"modified":"2025-05-27T00:43:32","modified_gmt":"2025-05-26T14:43:32","slug":"garantie-de-remboursement","status":"publish","type":"page","link":"https:\/\/dolls4desire.com\/fr\/garantie-de-remboursement\/","title":{"rendered":"Garantie de remboursement"},"content":{"rendered":"<div data-elementor-type=\"wp-page\" data-elementor-id=\"2500\" class=\"elementor elementor-2500\" data-elementor-post-type=\"page\">\n\t\t\t\t<div class=\"elementor-element elementor-element-30f34de e-flex e-con-boxed e-con e-parent\" data-id=\"30f34de\" data-element_type=\"container\" data-e-type=\"container\">\n\t\t\t\t\t<div class=\"e-con-inner\">\n\t\t\t\t<div class=\"elementor-element elementor-element-c8bbd93 elementor-widget elementor-widget-heading\" data-id=\"c8bbd93\" data-element_type=\"widget\" data-e-type=\"widget\" data-widget_type=\"heading.default\">\n\t\t\t\t<div class=\"elementor-widget-container\">\n\t\t\t\t\t<h2 class=\"elementor-heading-title elementor-size-default\">GARANTIE DE REMBOURSEMENT\n<\/h2>\t\t\t\t<\/div>\n\t\t\t\t<\/div>\n\t\t\t\t<div class=\"elementor-element elementor-element-8abbb2e elementor-widget-divider--view-line elementor-widget elementor-widget-divider\" data-id=\"8abbb2e\" data-element_type=\"widget\" data-e-type=\"widget\" data-widget_type=\"divider.default\">\n\t\t\t\t<div class=\"elementor-widget-container\">\n\t\t\t\t\t\t\t<div class=\"elementor-divider\">\n\t\t\t<span class=\"elementor-divider-separator\">\n\t\t\t\t\t\t<\/span>\n\t\t<\/div>\n\t\t\t\t\t\t<\/div>\n\t\t\t\t<\/div>\n\t\t\t\t<div class=\"elementor-element elementor-element-f9a1617 elementor-widget elementor-widget-text-editor\" data-id=\"f9a1617\" data-element_type=\"widget\" data-e-type=\"widget\" data-widget_type=\"text-editor.default\">\n\t\t\t\t<div class=\"elementor-widget-container\">\n\t\t\t\t\t\t\t\t\t<div class=\"vc_row wpb_row vc_row-fluid\"><div class=\"wpb_column vc_column_container vc_col-sm-12\"><div class=\"vc_column-inner\"><div class=\"wpb_wrapper\"><div class=\"wpb_text_column wpb_content_element\"><div class=\"wpb_wrapper\"><div class=\"vc_row wpb_row vc_row-fluid\"><div class=\"wpb_column vc_column_container vc_col-sm-12\"><div class=\"vc_column-inner\"><div class=\"wpb_wrapper\"><div class=\"wpb_text_column wpb_content_element\"><div class=\"wpb_wrapper\"><p>\u00c0 <strong>Poup\u00e9es4d\u00e9sir<\/strong>Nous sommes convaincus de la qualit\u00e9 de nos poup\u00e9es sexuelles et de nos services, qui r\u00e9pondent aux besoins de nos clients et d\u00e9passent leurs attentes. Nous comprenons que les choses peuvent parfois ne pas se d\u00e9rouler comme pr\u00e9vu, c&#039;est pourquoi nous offrons une garantie de satisfaction 100% sur tous nos produits. Nous sommes convaincus de la qualit\u00e9 de nos produits et souhaitons que vous soyez satisfait de votre achat. Notre garantie satisfait ou rembours\u00e9 vous permet d&#039;acheter en toute s\u00e9r\u00e9nit\u00e9\u00a0: si vous n&#039;\u00eates pas enti\u00e8rement satisfait de votre achat, vous pouvez le retourner pour un remboursement int\u00e9gral. Merci d&#039;avoir choisi notre entreprise et de nous faire confiance pour vous fournir les meilleurs produits et services possibles.<\/p><\/div><\/div><\/div><\/div><\/div><\/div><\/div><\/div><\/div><\/div><\/div><\/div>\t\t\t\t\t\t\t\t<\/div>\n\t\t\t\t<\/div>\n\t\t\t\t\t<\/div>\n\t\t\t\t<\/div>\n\t\t<div class=\"elementor-element elementor-element-6675abb e-flex e-con-boxed e-con e-parent\" data-id=\"6675abb\" data-element_type=\"container\" data-e-type=\"container\">\n\t\t\t\t\t<div class=\"e-con-inner\">\n\t\t\t\t<div class=\"elementor-element elementor-element-a522f3f elementor-widget elementor-widget-heading\" data-id=\"a522f3f\" data-element_type=\"widget\" data-e-type=\"widget\" data-widget_type=\"heading.default\">\n\t\t\t\t<div class=\"elementor-widget-container\">\n\t\t\t\t\t<h2 class=\"elementor-heading-title elementor-size-default\">\nQue garantissons-nous ?\n<\/h2>\t\t\t\t<\/div>\n\t\t\t\t<\/div>\n\t\t\t\t<div class=\"elementor-element elementor-element-8bb4d09 elementor-widget-divider--view-line elementor-widget elementor-widget-divider\" data-id=\"8bb4d09\" data-element_type=\"widget\" data-e-type=\"widget\" data-widget_type=\"divider.default\">\n\t\t\t\t<div class=\"elementor-widget-container\">\n\t\t\t\t\t\t\t<div class=\"elementor-divider\">\n\t\t\t<span class=\"elementor-divider-separator\">\n\t\t\t\t\t\t<\/span>\n\t\t<\/div>\n\t\t\t\t\t\t<\/div>\n\t\t\t\t<\/div>\n\t\t\t\t<div class=\"elementor-element elementor-element-55dedaf elementor-widget elementor-widget-text-editor\" data-id=\"55dedaf\" data-element_type=\"widget\" data-e-type=\"widget\" data-widget_type=\"text-editor.default\">\n\t\t\t\t<div class=\"elementor-widget-container\">\n\t\t\t\t\t\t\t\t\t<p><strong>Garantie authentique<\/strong><br \/>Toutes les poup\u00e9es \u00e0 <strong>Poup\u00e9es4d\u00e9sir<\/strong>.com est certifi\u00e9 100%. Nous sommes un fournisseur\/distributeur officiel de poup\u00e9es sexuelles certifi\u00e9 de nombreux fabricants r\u00e9put\u00e9s et sommes autoris\u00e9s \u00e0 importer des poup\u00e9es sexuelles dans le monde entier. Cliquez pour consulter nos certificats d&#039;autorisation.<\/p><p><strong>Garantie tout neuf et en parfait \u00e9tat<\/strong><br \/>Toutes les poup\u00e9es sexuelles arriveront dans un \u00e9tat neuf et d&#039;origine, en \u00e9tat de fonctionnement et exactement comme d\u00e9crit\/montr\u00e9 sur le site Web.<\/p><p><strong>Contr\u00f4le de qualit\u00e9<\/strong><br \/>Nous avons mis en place un syst\u00e8me de contr\u00f4le qualit\u00e9 strict. Chaque poup\u00e9e est soigneusement inspect\u00e9e et test\u00e9e avant de quitter notre studio. Elle est emball\u00e9e dans un emballage s\u00fbr et s\u00e9curis\u00e9, garantissant ainsi une logistique optimale. Nous effectuons un contr\u00f4le qualit\u00e9 sur vos poup\u00e9es avant de vous les exp\u00e9dier. Ainsi, elles sont peu susceptibles de pr\u00e9senter des dommages ou des d\u00e9fauts.<\/p><p><strong>Satisfaction 100%<\/strong><br \/>Avec un service client 5 \u00e9toiles et un distributeur leader de plus de 40 marques de poup\u00e9es, YourDoll est toujours le meilleur magasin pour acheter des poup\u00e9es sexuelles de qualit\u00e9 sup\u00e9rieure aux \u00c9tats-Unis. Nous fournissons des photos d&#039;usine pour garantir votre enti\u00e8re satisfaction avant exp\u00e9dition. En cas d&#039;erreur (d\u00e9faut ou mauvaise livraison) lors de la r\u00e9ception de votre poup\u00e9e, nous la r\u00e9parerons ou la remplacerons.<\/p>\t\t\t\t\t\t\t\t<\/div>\n\t\t\t\t<\/div>\n\t\t\t\t\t<\/div>\n\t\t\t\t<\/div>\n\t\t<div class=\"elementor-element elementor-element-0389339 e-flex e-con-boxed e-con e-parent\" data-id=\"0389339\" data-element_type=\"container\" data-e-type=\"container\">\n\t\t\t\t\t<div class=\"e-con-inner\">\n\t\t\t\t<div class=\"elementor-element elementor-element-dbc49a9 elementor-widget elementor-widget-heading\" data-id=\"dbc49a9\" data-element_type=\"widget\" data-e-type=\"widget\" data-widget_type=\"heading.default\">\n\t\t\t\t<div class=\"elementor-widget-container\">\n\t\t\t\t\t<h2 class=\"elementor-heading-title elementor-size-default\">Comment fonctionne la garantie de remboursement ?\n<\/h2>\t\t\t\t<\/div>\n\t\t\t\t<\/div>\n\t\t\t\t<div class=\"elementor-element elementor-element-5d49010 elementor-widget-divider--view-line elementor-widget elementor-widget-divider\" data-id=\"5d49010\" data-element_type=\"widget\" data-e-type=\"widget\" data-widget_type=\"divider.default\">\n\t\t\t\t<div class=\"elementor-widget-container\">\n\t\t\t\t\t\t\t<div class=\"elementor-divider\">\n\t\t\t<span class=\"elementor-divider-separator\">\n\t\t\t\t\t\t<\/span>\n\t\t<\/div>\n\t\t\t\t\t\t<\/div>\n\t\t\t\t<\/div>\n\t\t\t\t<div class=\"elementor-element elementor-element-d768c0a elementor-widget elementor-widget-text-editor\" data-id=\"d768c0a\" data-element_type=\"widget\" data-e-type=\"widget\" data-widget_type=\"text-editor.default\">\n\t\t\t\t<div class=\"elementor-widget-container\">\n\t\t\t\t\t\t\t\t\t<p>\u00c0 la r\u00e9ception de votre poup\u00e9e, il est essentiel de l&#039;inspecter minutieusement, de la t\u00eate aux pieds, et de prendre des photos ou des vid\u00e9os du d\u00e9ballage. Veuillez ne pas utiliser la poup\u00e9e avant d&#039;avoir termin\u00e9 l&#039;inspection et de vous \u00eatre assur\u00e9 qu&#039;elle est en parfait \u00e9tat.<\/p><p>Si vous constatez que votre poup\u00e9e est endommag\u00e9e ou tr\u00e8s diff\u00e9rente de la description fournie, veuillez contacter imm\u00e9diatement notre \u00e9quipe d&#039;assistance en fournissant le plus de d\u00e9tails possible, notamment des photos et des vid\u00e9os claires. Notre \u00e9quipe vous aidera \u00e0 diagnostiquer le probl\u00e8me et \u00e0 vous indemniser en cons\u00e9quence, ce qui peut inclure une indemnisation.\u00a0<strong>remplacement, remboursement partiel ou remboursement complet<\/strong>, en fonction du degr\u00e9 de dommage de la poup\u00e9e.<\/p><ul><li><strong>Poup\u00e9es incorrectes :<\/strong>\u00a0Si vous recevez la poup\u00e9e et qu&#039;elle est totalement diff\u00e9rente des photos d&#039;usine ou du site web, montrez-nous simplement une vid\u00e9o de d\u00e9ballage (avec le corps entier, la t\u00eate, l&#039;\u00e9tiquette d&#039;exp\u00e9dition et l&#039;emballage ext\u00e9rieur). Nous en informerons notre usine et notre transporteur, et organiserons un remplacement pour vous.<\/li><li><strong>Poup\u00e9es endommag\u00e9es :<\/strong>\u00a0Si votre colis est gravement endommag\u00e9, vous devez d\u00e9poser une r\u00e9clamation aupr\u00e8s du transporteur d\u00e8s r\u00e9ception. Un remplacement sera organis\u00e9 en fonction de la gravit\u00e9 des dommages. Pour les dommages l\u00e9gers, nous vous fournirons tous les kits n\u00e9cessaires pour vous aider \u00e0 r\u00e9parer l&#039;article.<\/li><li><strong>Colis manquant :<\/strong>\u00a0Si le num\u00e9ro de suivi indique que votre colis a \u00e9t\u00e9 livr\u00e9, mais que vous n&#039;avez rien re\u00e7u, appelez UPS\/FedEx et d\u00e9posez une r\u00e9clamation au plus vite. Par pr\u00e9caution, nous offrons un service de signature pour adulte pour la plupart des colis (des exceptions peuvent s&#039;appliquer).<\/li><\/ul>\t\t\t\t\t\t\t\t<\/div>\n\t\t\t\t<\/div>\n\t\t\t\t\t<\/div>\n\t\t\t\t<\/div>\n\t\t<div class=\"elementor-element elementor-element-f2e1a00 e-flex e-con-boxed e-con e-parent\" data-id=\"f2e1a00\" data-element_type=\"container\" data-e-type=\"container\">\n\t\t\t\t\t<div class=\"e-con-inner\">\n\t\t\t\t<div class=\"elementor-element elementor-element-32e7679 elementor-widget elementor-widget-heading\" data-id=\"32e7679\" data-element_type=\"widget\" data-e-type=\"widget\" data-widget_type=\"heading.default\">\n\t\t\t\t<div class=\"elementor-widget-container\">\n\t\t\t\t\t<h2 class=\"elementor-heading-title elementor-size-default\">Qu&#039;est-ce qui n&#039;est pas couvert par la garantie de remboursement ?\n<\/h2>\t\t\t\t<\/div>\n\t\t\t\t<\/div>\n\t\t\t\t<div class=\"elementor-element elementor-element-a70724c elementor-widget-divider--view-line elementor-widget elementor-widget-divider\" data-id=\"a70724c\" data-element_type=\"widget\" data-e-type=\"widget\" data-widget_type=\"divider.default\">\n\t\t\t\t<div class=\"elementor-widget-container\">\n\t\t\t\t\t\t\t<div class=\"elementor-divider\">\n\t\t\t<span class=\"elementor-divider-separator\">\n\t\t\t\t\t\t<\/span>\n\t\t<\/div>\n\t\t\t\t\t\t<\/div>\n\t\t\t\t<\/div>\n\t\t\t\t<div class=\"elementor-element elementor-element-fb3090d elementor-widget elementor-widget-text-editor\" data-id=\"fb3090d\" data-element_type=\"widget\" data-e-type=\"widget\" data-widget_type=\"text-editor.default\">\n\t\t\t\t<div class=\"elementor-widget-container\">\n\t\t\t\t\t\t\t\t\t<div class=\"wpb_text_column wpb_content_element\"><div class=\"wpb_wrapper\"><p><strong>Petits d\u00e9fauts<\/strong><br \/>Les d\u00e9fauts mineurs ne sont pas consid\u00e9r\u00e9s comme des dommages et ne sont pas couverts par notre garantie satisfait ou rembours\u00e9. Les imperfections mineures comprennent les imperfections cutan\u00e9es, les rayures, les marques, les empreintes, les bosses, les microcoupures, les l\u00e9g\u00e8res alt\u00e9rations de la surface de la peau, les ongles des mains\/pieds ou des pieds qui se d\u00e9tachent ou qui manquent, les cils qui se d\u00e9tachent ou qui manquent, ainsi que les diff\u00e9rences et incoh\u00e9rences mineures avec le maquillage du visage et\/ou du corps. Ces imperfections peuvent \u00eatre corrig\u00e9es selon les suggestions de dolls4desire.<\/p><ul><li>Ongles des doigts et des pieds \u2013 Les ongles des poup\u00e9es peuvent se d\u00e9tacher pendant le transport ou apr\u00e8s r\u00e9ception du colis, car nous utilisons une colle l\u00e9g\u00e8re pour que l&#039;acheteur puisse les retirer facilement. Si un ongle tombe, utilisez simplement notre colle pour cils et ongles pour le recoller.<\/li><li>Cils d\u00e9tach\u00e9s \u2013 Un masque de protection (spongieux) sera fix\u00e9 sur le visage de la poup\u00e9e pour prot\u00e9ger ses yeux. M\u00eame si le cil tombe, vous pouvez le recoller vous-m\u00eame avec notre colle pour cils et ongles.<\/li><li>Les imperfections cutan\u00e9es mineures et les l\u00e9gers changements de la surface de la peau caus\u00e9s par le processus de fabrication (tels que les sites d&#039;injection et les lignes de couture du moule, les cicatrices sur le dessus des t\u00eates en silicone, etc.) ne sont pas consid\u00e9r\u00e9s comme des d\u00e9fauts et ne sont pas couverts par notre garantie de remboursement.<\/li><li>Les dommages mineurs caus\u00e9s par le transporteur sont faciles \u00e0 r\u00e9parer, comme les petites \u00e9raflures, les courbures du cou, etc. YourDoll peut fournir une assistance et des outils de r\u00e9paration. Les clients sont invit\u00e9s \u00e0 effectuer des r\u00e9parations raisonnables en suivant les recommandations de YourDoll.<\/li><\/ul><\/div><\/div><div class=\"vc_empty_space\">\u00a0<\/div><div class=\"wpb_text_column wpb_content_element\"><div class=\"wpb_wrapper\"><p><strong>Fait \u00e0 la main<\/strong><br \/>Toutes les poup\u00e9es sexuelles pr\u00e9sent\u00e9es ici sont fabriqu\u00e9es \u00e0 la main. Chaque poup\u00e9e est donc unique et peut donc pr\u00e9senter de l\u00e9g\u00e8res diff\u00e9rences. Vous recevrez des photos de votre poup\u00e9e avant son exp\u00e9dition. Si les d\u00e9tails diff\u00e8rent sensiblement de vos attentes, nous les corrigerons \u00e0 votre demande avant que la poup\u00e9e ne quitte l&#039;atelier. Veuillez vous assurer que notre adresse e-mail (bin.wang@Me.com) n&#039;est pas bloqu\u00e9e afin de recevoir nos informations \u00e0 temps.<\/p><ul><li>Le maquillage du visage, la couleur des ar\u00e9oles et du vagin de la poup\u00e9e, etc., peuvent l\u00e9g\u00e8rement varier en raison des diff\u00e9rents affichages \u00e0 l&#039;\u00e9cran ou du maquillage manuel, ce qui est autoris\u00e9. Nous avons fait de notre mieux pour reproduire le maquillage du photographe sur la photo. Cependant, il n&#039;est pas garanti qu&#039;il corresponde \u00e0 la photo 100%.<\/li><li>Veuillez pr\u00e9voir une l\u00e9g\u00e8re diff\u00e9rence de 1 \u00e0 3 cm en raison de la mesure manuelle.<\/li><\/ul><\/div><\/div><div class=\"vc_empty_space\">\u00a0<\/div><div class=\"wpb_text_column wpb_content_element\"><div class=\"wpb_wrapper\"><p><strong>Chauffage et g\u00e9missements<\/strong><br \/>Certains fabricants ne couvrent pas ce probl\u00e8me. Nous vous recommandons donc d&#039;acheter une couverture chauffante plut\u00f4t qu&#039;une option chauffante. Veuillez vous assurer que l&#039;option chauffage et g\u00e9missement fonctionne correctement \u00e0 la r\u00e9ception de votre poup\u00e9e. Nous ne prenons pas en charge ce probl\u00e8me si la poup\u00e9e se d\u00e9connecte pendant son utilisation.<\/p><\/div><\/div><div class=\"vc_empty_space\">\u00a0<\/div><div class=\"wpb_text_column wpb_content_element\"><div class=\"wpb_wrapper\"><p><strong>Dommages caus\u00e9s \u00e0 l&#039;utilisateur<\/strong><br \/>Dommages caus\u00e9s par l&#039;utilisateur \u2013 Toutes les poup\u00e9es ont \u00e9t\u00e9 soumises \u00e0 un contr\u00f4le qualit\u00e9 avant exp\u00e9dition. Veuillez utiliser la poup\u00e9e avec pr\u00e9caution. Apr\u00e8s avoir soumis un rapport de dommage, si un dommage est suspect\u00e9 d&#039;avoir \u00e9t\u00e9 caus\u00e9 par une mauvaise manipulation ou une n\u00e9gligence du client, la poup\u00e9e ne sera pas couverte par la garantie. Cela inclut l&#039;hyperextension des membres, la fracture du squelette et la d\u00e9chirure de l&#039;ouverture. Nous nous r\u00e9servons le droit d&#039;examiner la poup\u00e9e et d&#039;\u00e9valuer l&#039;origine du dommage en fonction des informations fournies. La d\u00e9cision finale sera \u00e0 la seule discr\u00e9tion de dolls4desire.<\/p><\/div><\/div><div class=\"vc_empty_space\">\u00a0<\/div><div class=\"wpb_text_column wpb_content_element\"><div class=\"wpb_wrapper\"><p><strong>Poup\u00e9es d&#039;occasion<\/strong><br \/>Les poup\u00e9es sexuelles sont des produits extr\u00eamement personnels. Toute poup\u00e9e ayant \u00e9t\u00e9 utilis\u00e9e ne sera pas couverte par la garantie. Nous ferons de notre mieux pour vous proposer une solution.<\/p><\/div><\/div>\t\t\t\t\t\t\t\t<\/div>\n\t\t\t\t<\/div>\n\t\t\t\t\t<\/div>\n\t\t\t\t<\/div>\n\t\t<div class=\"elementor-element elementor-element-e2270f0 e-flex e-con-boxed e-con e-parent\" data-id=\"e2270f0\" data-element_type=\"container\" data-e-type=\"container\">\n\t\t\t\t\t<div class=\"e-con-inner\">\n\t\t\t\t<div class=\"elementor-element elementor-element-6ac1e42 elementor-widget-divider--view-line elementor-widget elementor-widget-divider\" data-id=\"6ac1e42\" data-element_type=\"widget\" data-e-type=\"widget\" data-widget_type=\"divider.default\">\n\t\t\t\t<div class=\"elementor-widget-container\">\n\t\t\t\t\t\t\t<div class=\"elementor-divider\">\n\t\t\t<span class=\"elementor-divider-separator\">\n\t\t\t\t\t\t<\/span>\n\t\t<\/div>\n\t\t\t\t\t\t<\/div>\n\t\t\t\t<\/div>\n\t\t\t\t<div class=\"elementor-element elementor-element-1c68392 elementor-widget elementor-widget-heading\" data-id=\"1c68392\" data-element_type=\"widget\" data-e-type=\"widget\" data-widget_type=\"heading.default\">\n\t\t\t\t<div class=\"elementor-widget-container\">\n\t\t\t\t\t<h2 class=\"elementor-heading-title elementor-size-default\">BESOIN D&#039;AIDE?<\/h2>\t\t\t\t<\/div>\n\t\t\t\t<\/div>\n\t\t\t\t<div class=\"elementor-element elementor-element-5f52e85 elementor-align-center elementor-widget elementor-widget-button\" data-id=\"5f52e85\" data-element_type=\"widget\" data-e-type=\"widget\" data-widget_type=\"button.default\">\n\t\t\t\t<div class=\"elementor-widget-container\">\n\t\t\t\t\t\t\t\t\t<div class=\"elementor-button-wrapper\">\n\t\t\t\t\t<a class=\"elementor-button elementor-button-link elementor-size-sm\" href=\"https:\/\/dolls4desire.com\/fr\/contactez-nous\/\">\n\t\t\t\t\t\t<span class=\"elementor-button-content-wrapper\">\n\t\t\t\t\t\t\t\t\t<span class=\"elementor-button-text\">CONTACTEZ-NOUS<\/span>\n\t\t\t\t\t<\/span>\n\t\t\t\t\t<\/a>\n\t\t\t\t<\/div>\n\t\t\t\t\t\t\t\t<\/div>\n\t\t\t\t<\/div>\n\t\t\t\t\t<\/div>\n\t\t\t\t<\/div>\n\t\t\t\t<\/div>","protected":false},"excerpt":{"rendered":"<p>MONEY-BACK GUARANTEE At &lt;strong&gt;Dolls4desire&lt;\/strong&gt;, we believe in providing high-quality sex dolls and services that meet our customer\u2019s needs and exceed their expectations. We understand that sometimes things may not go as planned, which is why we offer a 100% satisfaction guarantee on all of our products. We are confident in the quality of our products [&hellip;]<\/p>\n","protected":false},"author":265871293,"featured_media":0,"parent":0,"menu_order":0,"comment_status":"closed","ping_status":"closed","template":"","meta":{"_acf_changed":false,"_crdt_document":"","advanced_seo_description":"","jetpack_seo_html_title":"","jetpack_seo_noindex":false,"footnotes":""},"class_list":["post-2500","page","type-page","status-publish","hentry"],"blocksy_meta":[],"acf":[],"jetpack_sharing_enabled":true,"jetpack_likes_enabled":true,"jetpack_shortlink":"https:\/\/wp.me\/Pgx3TK-Ek","_links":{"self":[{"href":"https:\/\/dolls4desire.com\/fr\/wp-json\/wp\/v2\/pages\/2500","targetHints":{"allow":["GET"]}}],"collection":[{"href":"https:\/\/dolls4desire.com\/fr\/wp-json\/wp\/v2\/pages"}],"about":[{"href":"https:\/\/dolls4desire.com\/fr\/wp-json\/wp\/v2\/types\/page"}],"author":[{"embeddable":true,"href":"https:\/\/dolls4desire.com\/fr\/wp-json\/wp\/v2\/users\/265871293"}],"replies":[{"embeddable":true,"href":"https:\/\/dolls4desire.com\/fr\/wp-json\/wp\/v2\/comments?post=2500"}],"version-history":[{"count":10,"href":"https:\/\/dolls4desire.com\/fr\/wp-json\/wp\/v2\/pages\/2500\/revisions"}],"predecessor-version":[{"id":2820,"href":"https:\/\/dolls4desire.com\/fr\/wp-json\/wp\/v2\/pages\/2500\/revisions\/2820"}],"wp:attachment":[{"href":"https:\/\/dolls4desire.com\/fr\/wp-json\/wp\/v2\/media?parent=2500"}],"curies":[{"name":"wp","href":"https:\/\/api.w.org\/{rel}","templated":true}]}}