{"id":2535,"date":"2025-05-26T12:23:56","date_gmt":"2025-05-26T02:23:56","guid":{"rendered":"https:\/\/dolls4desire.com\/?page_id=2535"},"modified":"2025-05-27T18:51:46","modified_gmt":"2025-05-27T08:51:46","slug":"seksinukkehoito","status":"publish","type":"page","link":"https:\/\/dolls4desire.com\/fi\/seksinukkehoito\/","title":{"rendered":"Seksinukkehoito"},"content":{"rendered":"<div data-elementor-type=\"wp-page\" data-elementor-id=\"2535\" class=\"elementor elementor-2535\" data-elementor-post-type=\"page\">\n\t\t\t\t<div class=\"elementor-element elementor-element-be60236 e-flex e-con-boxed e-con e-parent\" data-id=\"be60236\" data-element_type=\"container\" data-e-type=\"container\">\n\t\t\t\t\t<div class=\"e-con-inner\">\n\t\t\t\t<div class=\"elementor-element elementor-element-38b3450 elementor-widget elementor-widget-heading\" data-id=\"38b3450\" data-element_type=\"widget\" data-e-type=\"widget\" data-widget_type=\"heading.default\">\n\t\t\t\t<div class=\"elementor-widget-container\">\n\t\t\t\t\t<h2 class=\"elementor-heading-title elementor-size-default\">SEKSU-NUKEN HOITO-OHJEET\n<\/h2>\t\t\t\t<\/div>\n\t\t\t\t<\/div>\n\t\t\t\t<div class=\"elementor-element elementor-element-65be87c elementor-widget-divider--view-line elementor-widget elementor-widget-divider\" data-id=\"65be87c\" data-element_type=\"widget\" data-e-type=\"widget\" data-widget_type=\"divider.default\">\n\t\t\t\t<div class=\"elementor-widget-container\">\n\t\t\t\t\t\t\t<div class=\"elementor-divider\">\n\t\t\t<span class=\"elementor-divider-separator\">\n\t\t\t\t\t\t<\/span>\n\t\t<\/div>\n\t\t\t\t\t\t<\/div>\n\t\t\t\t<\/div>\n\t\t\t\t<div class=\"elementor-element elementor-element-f847823 elementor-widget elementor-widget-text-editor\" data-id=\"f847823\" data-element_type=\"widget\" data-e-type=\"widget\" data-widget_type=\"text-editor.default\">\n\t\t\t\t<div class=\"elementor-widget-container\">\n\t\t\t\t\t\t\t\t\t<div class=\"wpb_column vc_column_container vc_col-sm-8\"><div class=\"vc_column-inner\"><div class=\"wpb_wrapper\"><div class=\"wpb_text_column wpb_content_element\"><div class=\"wpb_wrapper\"><p class=\"p1\"><span class=\"s1\">Seksinukkesi pit\u00e4minen puhtaana ja hyvin hoidettuna on avain uuden ultrarealistisen seksinukkesi pitk\u00e4ik\u00e4isyyteen. T\u00e4ss\u00e4 on lista vinkkej\u00e4 seksinukkesi laadun ja k\u00e4ytt\u00f6i\u00e4n yll\u00e4pit\u00e4miseen.<\/span><\/p><p class=\"p2\"><span class=\"s1\"><b>Puhdista seksinukkesi<\/b><b><\/b><\/span><\/p><ul class=\"ul1\"><li class=\"li3\"><span class=\"s1\">Suosittelemme nuken puhdistamista heti jokaisen k\u00e4ytt\u00f6kerran j\u00e4lkeen, ja nuket tulisi puhdistaa v\u00e4hint\u00e4\u00e4n 2\u20134 viikon v\u00e4lein (k\u00e4yt\u00f6st\u00e4 riippumatta).<\/span><\/li><li class=\"li3\"><span class=\"s1\">K\u00e4yt\u00e4 tavallista antibakteerista saippuaa ja puhdasta haaleaa vett\u00e4. Hiero nuken ihoa varovasti k\u00e4sill\u00e4si tai taputtele puhtaalla sienell\u00e4. (Aivan kuten puhdistaisit oikean ihmisen.)<\/span><\/li><li class=\"li3\"><span class=\"s1\">Voit suihkuttaa tai kylvett\u00e4\u00e4 nukkesi.<\/span><\/li><li class=\"li3\"><span class=\"s1\">Varmista, etteiv\u00e4t kaula tai p\u00e4\u00e4 kastu liikaa. T\u00e4m\u00e4 est\u00e4\u00e4 metalliosien ruostumisen. Jos metalliosat kastuvat vahingossa, kuivaa ne v\u00e4litt\u00f6m\u00e4sti ruostumisen est\u00e4miseksi.<\/span><\/li><li class=\"li4\"><span class=\"s4\">\u00c4l\u00e4 k\u00e4yt\u00e4 hankaavia saippuoita tai muita yleispuhdistusaineita.<\/span><\/li><\/ul><p class=\"p2\"><span class=\"s1\"><b>Kuivaa seksinukkesi<\/b><b><\/b><\/span><\/p><ul class=\"ul1\"><li class=\"li3\"><span class=\"s1\">Nuken t\u00e4ydellisen kuivumisen varmistaminen on yht\u00e4 t\u00e4rke\u00e4\u00e4 vaurioiden riskin rajoittamiseksi.<\/span><\/li><li class=\"li3\"><span class=\"s1\">Taputtele iho kuivaksi varovasti puhtaalla pehme\u00e4ll\u00e4 puuvillaliinalla ja anna sen kuivua kokonaan ilmassa.<\/span><\/li><li class=\"li3\"><span class=\"s1\">\u00c4l\u00e4 k\u00e4yt\u00e4 puhdistukseen kovaa sient\u00e4\/harjaa tai ter\u00e4svillaa \u2013 ne vahingoittavat laitetta.<\/span><\/li><li class=\"li3\"><span class=\"s1\">\u00c4l\u00e4 hankaa nukkea pyyhkeell\u00e4, k\u00e4yt\u00e4 taputteluliikett\u00e4, jos kuivaat sen pyyhkeell\u00e4.<\/span><\/li><li class=\"li3\"><span class=\"s1\">Levit\u00e4 talkkia nuken vartalolle sen kuivuttua. \u00c4l\u00e4 levit\u00e4 talkkia, kun nukke on viel\u00e4 m\u00e4rk\u00e4.<\/span><\/li><li class=\"li3\"><span class=\"s1\">Levit\u00e4 talkkia nuken vartalolle puhdistuksen j\u00e4lkeen, t\u00e4m\u00e4 suojaa ihoa ja est\u00e4\u00e4 kitkan aiheuttamat vauriot.<\/span><\/li><li class=\"li3\"><span class=\"s1\">Levit\u00e4 talkkia nukkeesi kahden viikon v\u00e4lein tai v\u00e4hint\u00e4\u00e4n kerran kuukaudessa (k\u00e4yt\u00f6st\u00e4 riippuen).<\/span><\/li><li class=\"li4\"><span class=\"s4\">\u00c4l\u00e4 levit\u00e4 iholle muita aineita, kuten tuoksu\u00f6ljyj\u00e4.<\/span><\/li><\/ul><p class=\"p2\"><span class=\"s1\"><b>Puhdista em\u00e4ttimen\/per\u00e4aukon\/suun<\/b><b><\/b><\/span><\/p><ul class=\"ul1\"><li class=\"li3\"><span class=\"s1\">Nuken em\u00e4ttimen, per\u00e4aukon ja suun alueet tulee puhdistaa jokaisen k\u00e4ytt\u00f6kerran j\u00e4lkeen bakteerien kasvun v\u00e4ltt\u00e4miseksi, koska TPE-iho on huokoisempaa kuin silikoni.<\/span><\/li><li class=\"li3\"><span class=\"s1\">Huuhtele kanava miedolla antibakteerisella saippuavedell\u00e4 em\u00e4ttimen kastelulaitteessa, kunnes se on t\u00e4ysin puhdas, huuhtele kanava puhtaalla vedell\u00e4 em\u00e4ttimen kastelulaitteessa, kunnes kaikki saippua on poistettu.<\/span><\/li><li class=\"li3\"><span class=\"s1\">Kuivaa kanava huolellisesti.<\/span><\/li><li class=\"li4\"><span class=\"s4\">Kun pinta on kuiva, levit\u00e4 Premium Renewal Powder -jauhetta sis\u00e4- ja ulkopintoihin.<\/span><\/li><\/ul><p class=\"p2\"><span class=\"s1\"><b>Puhdista seksinukkesi kasvot<\/b><b><\/b><\/span><\/p><ul class=\"ul1\"><li class=\"li3\"><span class=\"s1\">Irrota p\u00e4\u00e4 vartalosta<\/span><\/li><li class=\"li3\"><span class=\"s1\">Poista peruukki, jos mahdollista.<\/span><\/li><li class=\"li3\"><span class=\"s1\">Levit\u00e4 l\u00e4mmint\u00e4 antibakteerista saippuavett\u00e4 sienell\u00e4 tai puuvillaliinalla ja hiero varovasti kasvoille. L\u00e4mmin sieni antibakteerisella saippualla taputtele ihoa varovasti.<\/span><\/li><li class=\"li3\"><span class=\"s1\">Varo vahingoittamasta silmi\u00e4 ja ripsi\u00e4, v\u00e4lt\u00e4 n\u00e4iden alueiden kastumista.<\/span><\/li><li class=\"li3\"><span class=\"s1\">Taputtele kasvoja varovasti kuivalla, hankaamattomalla liinalla ja anna kuivua luonnollisesti ennen kuin kiinnit\u00e4t sen takaisin vartaloon.<\/span><\/li><li class=\"li3\"><span class=\"s1\">\u00c4l\u00e4 upota nuken p\u00e4\u00e4t\u00e4 veteen miss\u00e4\u00e4n vaiheessa.<\/span><\/li><li class=\"li3\"><span class=\"s1\">\u00c4l\u00e4 k\u00e4yt\u00e4 hankaavia saippuoita tai muita puhdistusaineita.<\/span><\/li><li class=\"li3\"><span class=\"s1\">\u00c4l\u00e4 k\u00e4yt\u00e4 ter\u00e4vi\u00e4 tai kovia materiaaleja tai esineit\u00e4.<\/span><\/li><li class=\"li3\"><span class=\"s1\">\u00c4l\u00e4 paina ihoa liikaa.<\/span><\/li><li class=\"li3\"><span class=\"s1\">\u00c4l\u00e4 koskaan k\u00e4yt\u00e4 hiustenkuivaajaa tai mit\u00e4\u00e4n muuta l\u00e4mmityslaitetta nukellesi.<\/span><\/li><li class=\"li4\"><span class=\"s4\">\u00c4l\u00e4 yrit\u00e4 nopeuttaa kuivumista j\u00e4tt\u00e4m\u00e4ll\u00e4 tuotetta patterin\/tulen tai muun l\u00e4mmityslaitteen l\u00e4helle.<\/span><\/li><\/ul><p class=\"p2\"><span class=\"s1\"><b>Seksinuken peruukkien hoito<\/b><b><\/b><\/span><\/p><ul class=\"ul1\"><li class=\"li3\"><span class=\"s1\">The\u00a0<\/span><span class=\"s5\"><b>seksinukkien peruukit<\/b><\/span><span class=\"s1\">\u00a0tulee aina poistaa nuken p\u00e4\u00e4st\u00e4 ennen puhdistamista.<\/span><\/li><li class=\"li3\"><span class=\"s1\">Voit halutessasi k\u00e4ytt\u00e4\u00e4 shampoota ja hoitoainetta.<\/span><\/li><li class=\"li3\"><span class=\"s1\">Suosittelemme kampaamaan hiukset suoraan puhdistuksen j\u00e4lkeen ja antamaan peruukin kuivua ilmassa peruukitelineess\u00e4.<\/span><\/li><li class=\"li3\"><span class=\"s1\">\u00c4l\u00e4 kuivaa peruukkia nuken p\u00e4\u00e4ss\u00e4.<\/span><\/li><li class=\"li6\"><span class=\"s1\">\u00c4l\u00e4 k\u00e4yt\u00e4 hiustuotteita hiusten muotoiluun, ne voivat vahingoittaa nuken ihoa ja kasvoja.<\/span><\/li><\/ul><p class=\"p2\"><span class=\"s1\"><b>Seksinukkejen ihonhoito<\/b><b><\/b><\/span><\/p><ul class=\"ul1\"><li class=\"li3\"><span class=\"s1\">Jos ihosi on ep\u00e4tasainen, levit\u00e4 vauvanpuuteria siveltimell\u00e4 pit\u00e4\u00e4ksesi sen luonnollisen sile\u00e4n\u00e4. Tee t\u00e4m\u00e4 vain, kun iho on kuiva. T\u00e4m\u00e4 on t\u00e4rke\u00e4\u00e4, jotta iho ei repeydy.<\/span><\/li><li class=\"li3\"><span class=\"s1\">Varmista, ett\u00e4 pukemasi vaatteet ovat v\u00e4rinpit\u00e4vi\u00e4. Tummat ja huonolaatuiset vaatteet voivat helposti siirt\u00e4\u00e4 v\u00e4ri\u00e4 h\u00e4nen iholleen. Pese vaatteet muutaman kerran est\u00e4\u00e4ksesi t\u00e4m\u00e4n. Jos n\u00e4in todella k\u00e4y, voit k\u00e4ytt\u00e4\u00e4 TPE-nuken tahranpoistoainetta tahrojen poistamiseen. Vaihtoehtoisesti voit my\u00f6s pyyhki\u00e4 tahrat oliivi\u00f6ljyll\u00e4 ja pyyhki\u00e4 tahran pois kostealla liinalla.<\/span><\/li><li class=\"li3\"><span class=\"s1\">Pid\u00e4 h\u00e4net poissa lehdist\u00e4, v\u00e4rillisest\u00e4 nahasta, sanomalehdist\u00e4 tai muusta vastaavasta, jotta v\u00e4ri ei tartu h\u00e4neen.<\/span><\/li><li class=\"li3\"><span class=\"s1\">\u00c4l\u00e4 j\u00e4t\u00e4 nukkesi k\u00e4sivarsia tai jalkoja ylh\u00e4\u00e4ll\u00e4 tai auki muutamaa minuuttia pidemm\u00e4ksi aikaa. Jos j\u00e4t\u00e4t nukkesi k\u00e4det ylh\u00e4\u00e4ll\u00e4 tai jalat levitettyin\u00e4, TPE:hen kohdistuva rasitus aiheuttaa repe\u00e4mi\u00e4. Saatat palata huomata, ett\u00e4 nukkesi kainalot tai nivusalue ovat repeytyneet, mik\u00e4 vaatii korjausta. Varmista siis aina, ett\u00e4 palautat nuken neutraaliin, stressitt\u00f6m\u00e4\u00e4n asentoon k\u00e4det alhaalla sivuilla ja jalat yhdess\u00e4, kun et k\u00e4yt\u00e4 nukkea.<\/span><\/li><li class=\"li3\"><span class=\"s1\">\u00c4l\u00e4 altista seksinukkeasi suoralle auringonvalolle est\u00e4\u00e4ksesi TPE-materiaalin ik\u00e4\u00e4ntymisen.<\/span><\/li><li class=\"li6\"><span class=\"s1\">TPE on pehme\u00e4\u00e4 ja voi litisty\u00e4 ja rypisty\u00e4, jos se j\u00e4tet\u00e4\u00e4n istuma-asentoon tai makaamaan alustalla pitk\u00e4ksi aikaa. Jos j\u00e4t\u00e4t nuken ilman valvontaa muutamaksi p\u00e4iv\u00e4ksi, muista ripustaa se Closet Bar -ripustussarjalla, jotta siihen ei tule puristusj\u00e4lki\u00e4 ja rypistymi\u00e4.<\/span><\/li><\/ul><p class=\"p2\"><span class=\"s1\"><b>Seksinuken luurangon hoito<\/b><b><\/b><\/span><\/p><ul class=\"ul1\"><li class=\"li3\"><span class=\"s1\">Seksinukkesi luuranko on metallinen ja siin\u00e4 on liikkuvia niveli\u00e4, jotka auttavat h\u00e4nt\u00e4 pysym\u00e4\u00e4n joustavana. Voit liikuttaa h\u00e4nen raajojaan ja vartaloaan, mutta liikkeet j\u00e4tt\u00e4v\u00e4t j\u00e4lki\u00e4 h\u00e4nen kehoonsa. T\u00e4m\u00e4 on t\u00e4ysin normaalia.<\/span><\/li><li class=\"li3\"><span class=\"s1\">Ymm\u00e4rr\u00e4th\u00e4n, etteiv\u00e4t kaikki nukkemme saa heilua t\u00e4ysin eri kulmissa. Sinun ei tule k\u00e4ytt\u00e4\u00e4 liikaa voimaa nivelten liikuttamiseen miss\u00e4\u00e4n asennossa.<\/span><\/li><li class=\"li3\"><span class=\"s1\">\u00c4l\u00e4 ly\u00f6 h\u00e4nt\u00e4 kovia pintoja vasten \u00e4l\u00e4k\u00e4 pudota h\u00e4nt\u00e4.<\/span><\/li><li class=\"li3\"><span class=\"s1\">V\u00e4lt\u00e4 h\u00e4nt\u00e4 ter\u00e4vilt\u00e4 esineilt\u00e4, ne vahingoittavat nukkeasi.<\/span><\/li><li class=\"li6\"><span class=\"s1\">\u00c4l\u00e4 j\u00e4t\u00e4 h\u00e4nt\u00e4 samaan asentoon liian pitk\u00e4ksi aikaa, \u00e4l\u00e4k\u00e4 edes makaamaan kovalla alustalla pitk\u00e4ksi aikaa. Koska kyseess\u00e4 on TPE-materiaalia, nuken muoto muuttuu, jos h\u00e4n on samassa asennossa pitk\u00e4\u00e4n. Esimerkiksi h\u00e4nen takapuolensa on litte\u00e4mpi, vaikka h\u00e4n makaisi liian kauan. Paras vaihtoehto olisi ripustaa nukkesi. Voit ostaa ripustussarjan.<\/span><\/li><\/ul><p class=\"p2\"><span class=\"s1\"><b>Seksinukkejen s\u00e4ilytys<\/b><b><\/b><\/span><\/p><ul class=\"ul1\"><li class=\"li3\"><span class=\"s1\">Nuken s\u00e4ilytt\u00e4miseen on monia vaihtoehtoja.<\/span><\/li><li class=\"li7\"><span class=\"s7\">Seksinukkejen s\u00e4ilytyslaatikko<\/span><\/li><li class=\"li3\"><span class=\"s1\">Kaapin ripustus<\/span><\/li><li class=\"li3\"><span class=\"s1\">Alkuper\u00e4inen toimituslaatikko<\/span><\/li><li class=\"li6\"><span class=\"s1\">S\u00e4ilytyspussi<\/span><\/li><\/ul><p class=\"p1\"><span class=\"s1\">Kaikki yll\u00e4 mainitut vaihtoehdot pit\u00e4v\u00e4t nukkesi hyv\u00e4ss\u00e4 kunnossa. Kuten edell\u00e4 totesimme, varmista vain, ettei nukke ole suorassa kosketuksessa musteiden tai materiaalien kanssa, jotka voisivat mahdollisesti siirt\u00e4\u00e4 v\u00e4ri\u00e4 nukkeen.<\/span><\/p><p class=\"p2\"><span class=\"s1\"><b>Vinkkej\u00e4 kynsien vaihtamiseen<\/b><b><\/b><\/span><\/p><ul class=\"ul1\"><li class=\"li3\"><span class=\"s1\">Aseta nukke neutraaliin asentoon.<\/span><\/li><li class=\"li3\"><span class=\"s1\">Aseta irronneet (irtonaiset) kynnet paljaiden kynsien kohdalle. N\u00e4in voit selvitt\u00e4\u00e4, mik\u00e4 kynsi sopii mihinkin sormeen.<\/span><\/li><li class=\"li3\"><span class=\"s1\">Kun olet valinnut kyntesi, levit\u00e4 ohut ja tasainen kerros liimaa paljaalle kynnen alueelle. Varmista ensin, ett\u00e4 alue on puhdas ja kuiva, eik\u00e4 siin\u00e4 ole likaa tai talkkia.<\/span><\/li><li class=\"li3\"><span class=\"s1\">\u00c4l\u00e4 levit\u00e4 liimaa liikaa, pyri tasaiseen mutta ohueen kerrokseen. V\u00e4lt\u00e4 levitt\u00e4m\u00e4st\u00e4 liikaa, jotta liima ei valu kynnen ulkopuolelle.<\/span><\/li><li class=\"li3\"><span class=\"s1\">Kun naula on kohdistettu oikein, paina sit\u00e4 ja pid\u00e4 sit\u00e4 kiinni 5 sekuntia \u2013 koskematta liimaan.<\/span><\/li><li class=\"li6\"><span class=\"s1\">Ylim\u00e4\u00e4r\u00e4ist\u00e4 liimaa on vaikea poistaa, joten on parasta v\u00e4ltt\u00e4\u00e4 sen roiskumista kokonaan. Jos liimaa l\u00e4ikkyy liikaa, poista se v\u00e4litt\u00f6m\u00e4sti mikrokuituliinalla ja kuumalla saippuavedell\u00e4.<\/span><\/li><\/ul><p class=\"p2\"><span class=\"s1\"><b>Vinkkej\u00e4 silmien vaihtamiseen:<\/b><b><\/b><\/span><\/p><ul class=\"ul1\"><li class=\"li3\"><span class=\"s1\">Aseta nukke neutraaliin asentoon.<\/span><\/li><li class=\"li3\"><span class=\"s1\">Ved\u00e4 silm\u00e4luomet varovasti ja varovasti erilleen (yl\u00f6s ja alas, ei vasemmalle ja oikealle) yhdell\u00e4 k\u00e4dell\u00e4 koskematta ripsiin tai meikkiin.<\/span><\/li><li class=\"li3\"><span class=\"s1\">Toisaalta, poista silm\u00e4 ja poista kaikki pakkausmateriaalit.<\/span><span class=\"s8\"><br \/><\/span><span class=\"s1\">&quot;Ruistista&quot; tiiviste tiukasti uuteen silmukkaan.<\/span><\/li><li class=\"li3\"><span class=\"s1\">Ved\u00e4 silm\u00e4t erilleen yhdell\u00e4 k\u00e4dell\u00e4 koskematta ripsiin tai meikkiin.<\/span><\/li><li class=\"li6\"><span class=\"s1\">Toisaalta, ty\u00f6nn\u00e4 uusi silm\u00e4 kuoppaan.<\/span><\/li><\/ul><p class=\"p2\"><span class=\"s1\"><b>Vinkkej\u00e4 irtonaisten ripsien uudelleen kiinnitt\u00e4miseen:<\/b><b><\/b><\/span><\/p><ul class=\"ul1\"><li class=\"li3\"><span class=\"s1\">Aseta nukkesi makuulle kasvot yl\u00f6sp\u00e4in.<\/span><\/li><li class=\"li3\"><span class=\"s1\">Levit\u00e4 pieni m\u00e4\u00e4r\u00e4 liimaa paperiliittimeen, nuppineulaan, cocktailtikkuun tai mihin tahansa muuhun ohutk\u00e4rkiseen kotitalousty\u00f6kaluun. Suosittelemme cocktailtikkua.<\/span><\/li><li class=\"li3\"><span class=\"s1\">Ved\u00e4 ripsi varovasti taaksep\u00e4in ja levit\u00e4 liimaa ripsien takaosaan (ei nukkeen).<\/span><\/li><li class=\"li3\"><span class=\"s1\">Pid\u00e4 ripsien p\u00e4ist\u00e4 kiinni koskematta liimaan ja paina ne varovasti haluamaasi kohtaan.<\/span><\/li><li class=\"li6\"><span class=\"s1\">Pid\u00e4 5 sekuntia ja p\u00e4\u00e4st\u00e4 irti.<\/span><\/li><\/ul><p class=\"p2\"><span class=\"s1\"><b>Vinkkej\u00e4 nuken l\u00e4mmitt\u00e4miseen:<\/b><b><\/b><\/span><\/p><ul class=\"ul1\"><li class=\"li6\"><span class=\"s1\">\u00c4l\u00e4 j\u00e4t\u00e4 nuken l\u00e4mmityspuikkoa valvomatta tai pitk\u00e4ksi aikaa. L\u00e4mmityspuikko voi lent\u00e4\u00e4 nuken yl\u00e4puolella ja aiheuttaa vakavia vaurioita. Ole erityisen varovainen k\u00e4ytt\u00e4ess\u00e4si l\u00e4mmityspuikkoa nukessasi.<\/span><\/li><\/ul><p class=\"p1\"><span class=\"s1\">Jos tarvitset sill\u00e4 v\u00e4lin lis\u00e4apua, ota rohkeasti yhteytt\u00e4 meihin osoitteessa\u00a0<\/span><span class=\"s5\">bin.wang@Me.com<\/span><span class=\"s1\">Teemme parhaamme vastataksemme kaikkiin kysymyksiisi ja auttaaksemme sinua kaikissa mahdollisissa kysymyksiss\u00e4si.<\/span><\/p><p class=\"p6\"><span class=\"s1\">Toivomme, ett\u00e4 olet tyytyv\u00e4inen ostokseesi\u00a0<\/span><span class=\"s5\"><b>seksinukketarvikkeet<\/b><\/span><span class=\"s1\">\u00a0ja kuten aina, nauti ajasta nukkesi kanssa.<\/span><\/p><\/div><\/div><\/div><\/div><\/div>\t\t\t\t\t\t\t\t<\/div>\n\t\t\t\t<\/div>\n\t\t\t\t\t<\/div>\n\t\t\t\t<\/div>\n\t\t<div class=\"elementor-element elementor-element-c2b171f e-flex e-con-boxed e-con e-parent\" data-id=\"c2b171f\" data-element_type=\"container\" data-e-type=\"container\">\n\t\t\t\t\t<div class=\"e-con-inner\">\n\t\t\t\t<div class=\"elementor-element elementor-element-d414cff elementor-widget-divider--view-line_text elementor-widget-divider--element-align-center elementor-widget elementor-widget-divider\" data-id=\"d414cff\" data-element_type=\"widget\" data-e-type=\"widget\" data-widget_type=\"divider.default\">\n\t\t\t\t<div class=\"elementor-widget-container\">\n\t\t\t\t\t\t\t<div class=\"elementor-divider\">\n\t\t\t<span class=\"elementor-divider-separator\">\n\t\t\t\t\t\t\t<span class=\"elementor-divider__text elementor-divider__element\">\n\t\t\t\tVideoita seksinukesta\t\t\t\t<\/span>\n\t\t\t\t\t\t<\/span>\n\t\t<\/div>\n\t\t\t\t\t\t<\/div>\n\t\t\t\t<\/div>\n\t\t<div class=\"elementor-element elementor-element-f037c1f e-grid e-con-full e-con e-child\" data-id=\"f037c1f\" data-element_type=\"container\" data-e-type=\"container\">\n\t\t\t\t<div class=\"elementor-element elementor-element-9617852 elementor-widget elementor-widget-video\" data-id=\"9617852\" data-element_type=\"widget\" data-e-type=\"widget\" data-settings=\"{&quot;video_type&quot;:&quot;hosted&quot;,&quot;controls&quot;:&quot;yes&quot;}\" data-widget_type=\"video.default\">\n\t\t\t\t<div class=\"elementor-widget-container\">\n\t\t\t\t\t\t\t<div class=\"e-hosted-video elementor-wrapper elementor-open-inline\">\n\t\t\t\t\t<video class=\"elementor-video\" src=\"https:\/\/videos.files.wordpress.com\/ufYnVwfz\/7r5a0075_1.mp4\" controls=\"\" preload=\"metadata\" controlslist=\"nodownload\"><\/video>\n\t\t\t\t<\/div>\n\t\t\t\t\t\t<\/div>\n\t\t\t\t<\/div>\n\t\t\t\t<div class=\"elementor-element elementor-element-fda01e4 elementor-widget elementor-widget-video\" data-id=\"fda01e4\" data-element_type=\"widget\" data-e-type=\"widget\" data-settings=\"{&quot;video_type&quot;:&quot;hosted&quot;,&quot;controls&quot;:&quot;yes&quot;}\" data-widget_type=\"video.default\">\n\t\t\t\t<div class=\"elementor-widget-container\">\n\t\t\t\t\t\t\t<div class=\"e-hosted-video elementor-wrapper elementor-open-inline\">\n\t\t\t\t\t<video class=\"elementor-video\" src=\"https:\/\/videos.files.wordpress.com\/SJ9zGMsd\/7r5a0075.mp4\" controls=\"\" preload=\"metadata\" controlslist=\"nodownload\"><\/video>\n\t\t\t\t<\/div>\n\t\t\t\t\t\t<\/div>\n\t\t\t\t<\/div>\n\t\t\t\t<div class=\"elementor-element elementor-element-5a8993e elementor-widget elementor-widget-video\" data-id=\"5a8993e\" data-element_type=\"widget\" data-e-type=\"widget\" data-settings=\"{&quot;video_type&quot;:&quot;hosted&quot;,&quot;controls&quot;:&quot;yes&quot;}\" data-widget_type=\"video.default\">\n\t\t\t\t<div class=\"elementor-widget-container\">\n\t\t\t\t\t\t\t<div class=\"e-hosted-video elementor-wrapper elementor-open-inline\">\n\t\t\t\t\t<video class=\"elementor-video\" src=\"https:\/\/videos.files.wordpress.com\/PYKI8ySz\/7r5a0075_3.mp4\" controls=\"\" preload=\"metadata\" controlslist=\"nodownload\"><\/video>\n\t\t\t\t<\/div>\n\t\t\t\t\t\t<\/div>\n\t\t\t\t<\/div>\n\t\t\t\t<div class=\"elementor-element elementor-element-aace716 elementor-widget elementor-widget-video\" data-id=\"aace716\" data-element_type=\"widget\" data-e-type=\"widget\" data-settings=\"{&quot;video_type&quot;:&quot;hosted&quot;,&quot;controls&quot;:&quot;yes&quot;}\" data-widget_type=\"video.default\">\n\t\t\t\t<div class=\"elementor-widget-container\">\n\t\t\t\t\t\t\t<div class=\"e-hosted-video elementor-wrapper elementor-open-inline\">\n\t\t\t\t\t<video class=\"elementor-video\" src=\"https:\/\/videos.files.wordpress.com\/E6kaSfsg\/7r5a0075_2.mp4\" controls=\"\" preload=\"metadata\" controlslist=\"nodownload\"><\/video>\n\t\t\t\t<\/div>\n\t\t\t\t\t\t<\/div>\n\t\t\t\t<\/div>\n\t\t\t\t<\/div>\n\t\t\t\t\t<\/div>\n\t\t\t\t<\/div>\n\t\t\t\t<\/div>","protected":false},"excerpt":{"rendered":"<p>SEX DOLL CARE INSTRUCTIONS Keeping your sex doll clean and well maintained is the key to preserving the longevity of your new ultra-realistic sex doll. Here is a list of tips for maintaining the quality and life of your sex doll. Clean Your Sex Doll We recommend cleaning your doll directly after every use and [&hellip;]<\/p>\n","protected":false},"author":265871293,"featured_media":0,"parent":0,"menu_order":0,"comment_status":"closed","ping_status":"closed","template":"elementor_header_footer","meta":{"_acf_changed":false,"_crdt_document":"","advanced_seo_description":"","jetpack_seo_html_title":"","jetpack_seo_noindex":false,"footnotes":""},"class_list":["post-2535","page","type-page","status-publish","hentry"],"blocksy_meta":[],"acf":[],"jetpack_sharing_enabled":true,"jetpack_likes_enabled":true,"jetpack_shortlink":"https:\/\/wp.me\/Pgx3TK-ET","_links":{"self":[{"href":"https:\/\/dolls4desire.com\/fi\/wp-json\/wp\/v2\/pages\/2535","targetHints":{"allow":["GET"]}}],"collection":[{"href":"https:\/\/dolls4desire.com\/fi\/wp-json\/wp\/v2\/pages"}],"about":[{"href":"https:\/\/dolls4desire.com\/fi\/wp-json\/wp\/v2\/types\/page"}],"author":[{"embeddable":true,"href":"https:\/\/dolls4desire.com\/fi\/wp-json\/wp\/v2\/users\/265871293"}],"replies":[{"embeddable":true,"href":"https:\/\/dolls4desire.com\/fi\/wp-json\/wp\/v2\/comments?post=2535"}],"version-history":[{"count":5,"href":"https:\/\/dolls4desire.com\/fi\/wp-json\/wp\/v2\/pages\/2535\/revisions"}],"predecessor-version":[{"id":2993,"href":"https:\/\/dolls4desire.com\/fi\/wp-json\/wp\/v2\/pages\/2535\/revisions\/2993"}],"wp:attachment":[{"href":"https:\/\/dolls4desire.com\/fi\/wp-json\/wp\/v2\/media?parent=2535"}],"curies":[{"name":"wp","href":"https:\/\/api.w.org\/{rel}","templated":true}]}}