{"id":2510,"date":"2025-05-26T12:17:03","date_gmt":"2025-05-26T02:17:03","guid":{"rendered":"https:\/\/dolls4desire.com\/?page_id=2510"},"modified":"2025-05-27T17:52:38","modified_gmt":"2025-05-27T07:52:38","slug":"kayttoehdot","status":"publish","type":"page","link":"https:\/\/dolls4desire.com\/fi\/kayttoehdot\/","title":{"rendered":"K\u00e4ytt\u00f6ehdot"},"content":{"rendered":"<div data-elementor-type=\"wp-page\" data-elementor-id=\"2510\" class=\"elementor elementor-2510\" data-elementor-post-type=\"page\">\n\t\t\t\t<div class=\"elementor-element elementor-element-3297816 e-flex e-con-boxed e-con e-parent\" data-id=\"3297816\" data-element_type=\"container\">\n\t\t\t\t\t<div class=\"e-con-inner\">\n\t\t\t\t<div class=\"elementor-element elementor-element-44a0870 elementor-widget elementor-widget-heading\" data-id=\"44a0870\" data-element_type=\"widget\" data-widget_type=\"heading.default\">\n\t\t\t\t<div class=\"elementor-widget-container\">\n\t\t\t\t\t<h2 class=\"elementor-heading-title elementor-size-default\">K\u00e4ytt\u00f6ehdot\n<\/h2>\t\t\t\t<\/div>\n\t\t\t\t<\/div>\n\t\t\t\t<div class=\"elementor-element elementor-element-6aea8c3 elementor-widget elementor-widget-text-editor\" data-id=\"6aea8c3\" data-element_type=\"widget\" data-widget_type=\"text-editor.default\">\n\t\t\t\t<div class=\"elementor-widget-container\">\n\t\t\t\t\t\t\t\t\t<p class=\"p1\"><span class=\"s1\"><b>Johdanto<\/b><\/span><\/p><p class=\"p2\"><span class=\"s1\">N\u00e4m\u00e4 k\u00e4ytt\u00f6ehdot s\u00e4\u00e4telev\u00e4t t\u00e4m\u00e4n verkkosivuston k\u00e4ytt\u00f6\u00e4si; k\u00e4ytt\u00e4m\u00e4ll\u00e4 t\u00e4t\u00e4 verkkosivustoa hyv\u00e4ksyt n\u00e4m\u00e4 k\u00e4ytt\u00f6ehdot kokonaisuudessaan. Jos et hyv\u00e4ksy n\u00e4it\u00e4 k\u00e4ytt\u00f6ehtoja tai mit\u00e4\u00e4n niiden osaa, et saa k\u00e4ytt\u00e4\u00e4 t\u00e4t\u00e4 verkkosivustoa. T\u00e4m\u00e4 verkkosivusto k\u00e4ytt\u00e4\u00e4 ev\u00e4steit\u00e4. K\u00e4ytt\u00e4m\u00e4ll\u00e4 t\u00e4t\u00e4 verkkosivustoa ja hyv\u00e4ksym\u00e4ll\u00e4 n\u00e4m\u00e4 k\u00e4ytt\u00f6ehdot suostut siihen, ett\u00e4 dolls4desire.com k\u00e4ytt\u00e4\u00e4 ev\u00e4steit\u00e4 dolls4desire.comin tietosuojak\u00e4yt\u00e4nn\u00f6n\/ev\u00e4stek\u00e4yt\u00e4nn\u00f6n mukaisesti.<\/span><\/p><p class=\"p1\"><span class=\"s1\"><b>Sinun t\u00e4ytyy<\/b><\/span><\/p><ul class=\"ul1\"><li class=\"li3\"><span class=\"s1\">The <a href=\"https:\/\/dolls4desire.com\/fi\/\" rel=\"nofollow\">http:\/\/www.dolls4desire.com<\/a> Verkkosivusto saattaa sis\u00e4lt\u00e4\u00e4 sis\u00e4lt\u00f6\u00e4, jota jotkut k\u00e4ytt\u00e4j\u00e4t saattavat pit\u00e4\u00e4 sopimattomana, ja se on tarkoitettu vain aikuisille. Voit k\u00e4ytt\u00e4\u00e4 verkkosivustoamme vain, jos olet yli 18-vuotias.<\/span><\/li><\/ul><p class=\"p1\"><span class=\"s1\"><b>Et saa<\/b><\/span><\/p><ul class=\"ul1\"><li class=\"li3\"><span class=\"s1\">julkaista uudelleen materiaalia t\u00e4lt\u00e4 verkkosivustolta (mukaan lukien uudelleenjulkaisu toisella verkkosivustolla);<\/span><\/li><li class=\"li3\"><span class=\"s1\">myyd\u00e4, vuokrata tai alilisensoida materiaalia verkkosivustolta;<\/span><\/li><li class=\"li3\"><span class=\"s1\">n\u00e4ytt\u00e4\u00e4 mit\u00e4\u00e4n verkkosivuston materiaalia julkisesti;<\/span><\/li><li class=\"li3\"><span class=\"s1\">kopioida, monistaa, j\u00e4ljent\u00e4\u00e4 tai muuten hy\u00f6dynt\u00e4\u00e4 t\u00e4ll\u00e4 verkkosivustolla olevaa materiaalia kaupallisiin tarkoituksiin;<\/span><\/li><li class=\"li3\"><span class=\"s1\">muokata tai muuten muokata mit\u00e4\u00e4n verkkosivustolla olevaa materiaalia;<\/span><\/li><li class=\"li3\"><span class=\"s1\">levitt\u00e4\u00e4 materiaalia t\u00e4lt\u00e4 verkkosivustolta, lukuun ottamatta sis\u00e4lt\u00f6\u00e4, joka on nimenomaisesti ja nimenomaisesti tarkoitettu edelleenjakeluun.<\/span><\/li><\/ul><p class=\"p1\"><span class=\"s1\"><b>K\u00e4ytt\u00e4j\u00e4n sis\u00e4lt\u00f6<\/b><\/span><\/p><ul class=\"ul1\"><li class=\"li3\"><span class=\"s1\">N\u00e4iss\u00e4 k\u00e4ytt\u00f6ehdoissa &quot;k\u00e4ytt\u00e4j\u00e4n sis\u00e4ll\u00f6ll\u00e4si&quot; tarkoitetaan materiaalia (mukaan lukien rajoituksetta teksti, kuvat, \u00e4\u00e4nimateriaali, videomateriaali ja audiovisuaalinen materiaali), jonka l\u00e4het\u00e4t t\u00e4lle verkkosivustolle mihin tahansa tarkoitukseen.<\/span><\/li><li class=\"li3\"><span class=\"s1\">Annat dolls4desire.comille maailmanlaajuisen, peruuttamattoman, ei-yksinomaisen ja rojaltivapaan k\u00e4ytt\u00f6oikeuden k\u00e4ytt\u00e4\u00e4, kopioida, mukauttaa, julkaista, k\u00e4\u00e4nt\u00e4\u00e4 ja levitt\u00e4\u00e4 k\u00e4ytt\u00e4j\u00e4sis\u00e4lt\u00f6\u00e4si miss\u00e4 tahansa olemassa olevassa tai tulevassa mediassa.<\/span><\/li><li class=\"li3\"><span class=\"s1\">Annat my\u00f6s dolls4desire.comille oikeuden my\u00f6nt\u00e4\u00e4 n\u00e4it\u00e4 oikeuksia alilisensseihin ja oikeuden nostaa kanteen n\u00e4iden oikeuksien loukkaamisesta.<\/span><\/li><li class=\"li3\"><span class=\"s1\">K\u00e4ytt\u00e4j\u00e4sis\u00e4lt\u00f6si ei saa olla laitonta tai luvatonta, se ei saa loukata mink\u00e4\u00e4n kolmannen osapuolen laillisia oikeuksia eik\u00e4 se saa johtaa oikeustoimiin sinua, dolls4desire.comia tai kolmatta osapuolta vastaan (kussakin tapauksessa sovellettavan lain mukaisesti).<\/span><\/li><li class=\"li3\"><span class=\"s1\">Et saa l\u00e4hett\u00e4\u00e4 verkkosivustolle k\u00e4ytt\u00e4j\u00e4sis\u00e4lt\u00f6\u00e4, joka on tai on joskus ollut mink\u00e4\u00e4n uhkaaman tai todellisen oikeustoimen tai muun vastaavan valituksen kohteena.<\/span><\/li><li class=\"li3\"><span class=\"s1\">dolls4desire.com pid\u00e4tt\u00e4\u00e4 oikeuden muokata tai poistaa mit\u00e4 tahansa t\u00e4lle verkkosivustolle l\u00e4hetetty\u00e4, dolls4desire.comin palvelimille tallennettua tai t\u00e4ll\u00e4 verkkosivustolla is\u00e4nn\u00f6ity\u00e4 tai julkaistua materiaalia.<\/span><\/li><li class=\"li3\"><span class=\"s1\">N\u00e4iden k\u00e4ytt\u00f6ehtojen mukaisista dolls4desire.com-sivuston oikeuksista k\u00e4ytt\u00e4jien sis\u00e4lt\u00f6\u00f6n huolimatta dolls4desire.com ei sitoudu valvomaan t\u00e4llaisen sis\u00e4ll\u00f6n l\u00e4hett\u00e4mist\u00e4 tai julkaisemista t\u00e4lle verkkosivustolle.<\/span><\/li><\/ul><p class=\"p1\"><span class=\"s1\"><b>Muut osapuolet<\/b><\/span><\/p><p class=\"p2\"><span class=\"s1\">Hyv\u00e4ksyt, ett\u00e4 rajoitetun vastuun yksik\u00f6n\u00e4 dolls4desire.comilla on intressi rajoittaa toimihenkil\u00f6idens\u00e4 ja ty\u00f6ntekij\u00f6idens\u00e4 henkil\u00f6kohtaista vastuuta. Sitoudut olemaan esitt\u00e4m\u00e4tt\u00e4 henkil\u00f6kohtaisia vaatimuksia dolls4desire.comin toimihenkil\u00f6it\u00e4 tai ty\u00f6ntekij\u00f6it\u00e4 vastaan mist\u00e4\u00e4n verkkosivustoon liittyvist\u00e4 k\u00e4rsimist\u00e4si tappioista.<\/span><\/p><p class=\"p2\"><span class=\"s1\">Rajoittamatta edellisen kappaleen m\u00e4\u00e4r\u00e4yksi\u00e4, hyv\u00e4ksyt, ett\u00e4 t\u00e4ss\u00e4 verkkosivuston vastuuvapauslausekkeessa esitetyt takuiden ja vastuun rajoitukset suojaavat dolls4desire.comin toimihenkil\u00f6it\u00e4, ty\u00f6ntekij\u00f6it\u00e4, edustajia, tyt\u00e4ryhti\u00f6it\u00e4, seuraajia, oikeudenomistajia ja alihankkijoita sek\u00e4 dolls4desire.comia.<\/span><\/p><p class=\"p1\"><span class=\"s1\"><b>N\u00e4iden ehtojen rikkominen<\/b><\/span><\/p><p class=\"p2\"><span class=\"s1\">Rajoittamatta dolls4desire.comin muita n\u00e4iden ehtojen mukaisia oikeuksia, jos rikot n\u00e4it\u00e4 ehtoja mill\u00e4\u00e4n tavalla, dolls4desire.com voi ryhty\u00e4 sellaisiin toimiin, jotka dolls4desire.com katsoo aiheelliseksi rikkomuksen k\u00e4sittelemiseksi, mukaan lukien p\u00e4\u00e4sysi verkkosivustolle keskeytt\u00e4minen, verkkosivustolle p\u00e4\u00e4syn est\u00e4minen, IP-osoitettasi k\u00e4ytt\u00e4vien tietokoneiden est\u00e4minen verkkosivustolle p\u00e4\u00e4syst\u00e4, yhteydenotto internet-palveluntarjoajaasi pyyt\u00e4\u00e4ksesi heit\u00e4 est\u00e4m\u00e4\u00e4n p\u00e4\u00e4sysi verkkosivustolle ja\/tai oikeudenk\u00e4yntien aloittaminen sinua vastaan.<\/span><\/p><p class=\"p1\"><span class=\"s1\"><b>Teht\u00e4v\u00e4<\/b><\/span><\/p><p class=\"p2\"><span class=\"s1\">dolls4desire.com voi siirt\u00e4\u00e4, alihankkia tai muutoin k\u00e4sitell\u00e4 dolls4desire.comin oikeuksia ja\/tai velvollisuuksia n\u00e4iden ehtojen mukaisesti ilmoittamatta siit\u00e4 sinulle tai pyyt\u00e4m\u00e4tt\u00e4 suostumustasi.<\/span><\/p><p class=\"p2\"><span class=\"s1\">Et saa siirt\u00e4\u00e4, alihankkia tai muulla tavoin k\u00e4sitell\u00e4 n\u00e4iden ehtojen mukaisia oikeuksiasi ja\/tai velvollisuuksiasi.<\/span><\/p><p class=\"p1\"><span class=\"s1\"><b>Koko sopimus<\/b><\/span><\/p><p class=\"p2\"><span class=\"s1\">N\u00e4m\u00e4 k\u00e4ytt\u00f6ehdot yhdess\u00e4 dolls4desire.com-sivuston tietosuojak\u00e4yt\u00e4nn\u00f6n kanssa muodostavat koko sopimuksen sinun ja dolls4desire.com-sivuston v\u00e4lill\u00e4 koskien t\u00e4m\u00e4n verkkosivuston k\u00e4ytt\u00f6\u00e4si (sis\u00e4lt\u00e4\u00e4 verkkosivuston omistajuuslausunnon) ja korvaavat kaikki aiemmat sopimukset koskien t\u00e4m\u00e4n verkkosivuston k\u00e4ytt\u00f6\u00e4si.<\/span><\/p><p class=\"p1\"><span class=\"s1\"><b>Verkkosivuston k\u00e4ytt\u00f6oikeus<\/b><\/span><\/p><p class=\"p2\"><span class=\"s1\">Ellei toisin mainita, <a href=\"https:\/\/dolls4desire.com\/fi\/\" rel=\"nofollow\">http:\/\/www.dolls4desire.com<\/a> ja\/tai sen lisenssinantajat omistavat verkkosivuston ja verkkosivustolla olevan materiaalin immateriaalioikeudet. Alla olevan lisenssin mukaisesti kaikki n\u00e4m\u00e4 immateriaalioikeudet pid\u00e4tet\u00e4\u00e4n.<\/span><\/p><p class=\"p2\"><span class=\"s1\">Voit tarkastella, ladata v\u00e4limuistiin ja tulostaa verkkosivuston sivuja, k\u00e4ytt\u00f6oppaita tai muita tuotetietoja omaan henkil\u00f6kohtaiseen k\u00e4ytt\u00f6\u00f6n alla ja muualla n\u00e4iss\u00e4 ehdoissa esitettyjen rajoitusten mukaisesti.<\/span><\/p><p class=\"p1\"><span class=\"s1\"><b>Hyv\u00e4ksytt\u00e4v\u00e4 k\u00e4ytt\u00f6<\/b><\/span><\/p><ul class=\"ul1\"><li class=\"li3\"><span class=\"s1\">Et saa k\u00e4ytt\u00e4\u00e4 t\u00e4t\u00e4 verkkosivustoa mill\u00e4\u00e4n tavalla, joka aiheuttaa tai saattaa aiheuttaa vahinkoa verkkosivustolle tai heikent\u00e4\u00e4 sen saatavuutta tai saavutettavuutta; tai mill\u00e4\u00e4n tavalla, joka on laitonta, petollista tai haitallista, tai joka liittyy mihink\u00e4\u00e4n laittomaan, petolliseen tai haitalliseen tarkoitukseen tai toimintaan.<\/span><\/li><li class=\"li3\"><span class=\"s1\">Et saa k\u00e4ytt\u00e4\u00e4 t\u00e4t\u00e4 verkkosivustoa kopioidaksesi, tallentaaksesi, is\u00e4nn\u00f6id\u00e4ksesi, l\u00e4hett\u00e4\u00e4ksesi, k\u00e4ytt\u00e4\u00e4ksesi, julkaistaksesi tai levitt\u00e4\u00e4ksesi mit\u00e4\u00e4n materiaalia, joka koostuu (tai on linkitetty) vakoiluohjelmiin, tietokoneviruksiin, troijalaisiin, madoihin, n\u00e4pp\u00e4inpainallusten tallentimiin, rootkit-ohjelmiin tai muihin haitallisiin tietokoneohjelmistoihin.<\/span><\/li><li class=\"li3\"><span class=\"s1\">Et saa suorittaa mit\u00e4\u00e4n j\u00e4rjestelm\u00e4llist\u00e4 tai automatisoitua tiedonkeruutoimintaa (mukaan lukien rajoituksetta kaapiminen, tiedonlouhinta, tiedon poiminta ja tiedonkeruu) t\u00e4ll\u00e4 verkkosivustolla tai siihen liittyen ilman dolls4desire.comin nimenomaista kirjallista suostumusta.<\/span><\/li><li class=\"li3\"><span class=\"s1\">Et saa k\u00e4ytt\u00e4\u00e4 t\u00e4t\u00e4 verkkosivustoa pyyt\u00e4m\u00e4tt\u00f6mien kaupallisten viestien l\u00e4hett\u00e4miseen tai l\u00e4hett\u00e4miseen.<\/span><\/li><li class=\"li3\"><span class=\"s1\">Et saa k\u00e4ytt\u00e4\u00e4 t\u00e4t\u00e4 verkkosivustoa mihink\u00e4\u00e4n markkinointitarkoituksiin ilman dolls4desire.comin nimenomaista kirjallista suostumusta.<\/span><\/li><\/ul><p class=\"p1\"><span class=\"s1\"><b>Vastuunrajoitukset<\/b><\/span><\/p><p class=\"p2\"><span class=\"s1\">Dolls4desire.com ei ole vastuussa sinulle (olipa kyseess\u00e4 sitten yhteydenottolain, vahingonkorvauslain tai muun lain nojalla) t\u00e4m\u00e4n verkkosivuston sis\u00e4ll\u00f6st\u00e4, k\u00e4yt\u00f6st\u00e4 tai muutoin siihen liittyen: silt\u00e4 osin kuin verkkosivusto tarjotaan maksutta, mist\u00e4\u00e4n suorista tappioista;<\/span><\/p><p class=\"p2\"><span class=\"s1\">mist\u00e4\u00e4n ep\u00e4suorista, erityisist\u00e4 tai v\u00e4lillisist\u00e4 tappioista; tai mist\u00e4\u00e4n liiketoiminnan tappioista, tulojen, tulojen, voittojen tai odotettujen s\u00e4\u00e4st\u00f6jen menetyksist\u00e4, sopimusten tai liikesuhteiden menetyksist\u00e4, maineen tai liikearvon menetyksest\u00e4 tai tietojen menetyksest\u00e4 tai vioittumisesta.<\/span><\/p><p class=\"p2\"><span class=\"s1\">N\u00e4it\u00e4 vastuunrajoituksia sovelletaan, vaikka dolls4desire.comille olisi nimenomaisesti ilmoitettu mahdollisesta menetyksest\u00e4.<\/span><\/p><p class=\"p1\"><span class=\"s1\"><b>Kohtuullisuus<\/b><\/span><\/p><p class=\"p2\"><span class=\"s1\">K\u00e4ytt\u00e4m\u00e4ll\u00e4 t\u00e4t\u00e4 verkkosivustoa hyv\u00e4ksyt, ett\u00e4 t\u00e4ss\u00e4 verkkosivuston vastuuvapauslausekkeessa esitetyt vastuun poissulkemiset ja rajoitukset ovat kohtuullisia.<br \/>Jos et pid\u00e4 niit\u00e4 kohtuullisina, sinun ei tule k\u00e4ytt\u00e4\u00e4 t\u00e4t\u00e4 verkkosivustoa.<\/span><\/p><p class=\"p1\"><span class=\"s1\"><b>T\u00e4yt\u00e4nt\u00f6\u00f6npanokelvottomat m\u00e4\u00e4r\u00e4ykset<\/b><\/span><\/p><p class=\"p2\"><span class=\"s1\">Jos jokin t\u00e4m\u00e4n verkkosivuston vastuuvapauslausekkeen m\u00e4\u00e4r\u00e4ys on tai todetaan olevan t\u00e4yt\u00e4nt\u00f6\u00f6npanokelvoton sovellettavan lain nojalla, se ei vaikuta t\u00e4m\u00e4n verkkosivuston vastuuvapauslausekkeen muiden m\u00e4\u00e4r\u00e4ysten t\u00e4yt\u00e4nt\u00f6\u00f6npanokelpoisuuteen.<\/span><\/p><p class=\"p1\"><span class=\"s1\"><b>Vahingonkorvaus<\/b><\/span><\/p><p class=\"p2\"><span class=\"s1\">Vapautat t\u00e4ten dolls4desire.com-sivuston vastuusta ja sitoudut pit\u00e4m\u00e4\u00e4n dolls4desire.com-sivuston korvattuna kaikista tappioista, vahingoista, kustannuksista, vastuista ja kuluista (mukaan lukien rajoituksetta oikeudenk\u00e4yntikulut ja kaikki summat, jotka dolls4desire.com on maksanut kolmannelle osapuolelle vaatimuksen tai riidan sovittelun yhteydess\u00e4 dolls4desire.com-sivuston oikeudellisten neuvonantajien neuvojen perusteella), jotka dolls4desire.com-sivustolle aiheutuvat tai k\u00e4rsiv\u00e4t siit\u00e4, ett\u00e4 olet rikkonut jotakin n\u00e4iden ehtojen m\u00e4\u00e4r\u00e4yst\u00e4 tai jotka johtuvat siit\u00e4, ett\u00e4 olet rikkonut jotakin n\u00e4iden ehtojen m\u00e4\u00e4r\u00e4yst\u00e4.<\/span><\/p><p class=\"p1\"><span class=\"s1\"><b>Vaihtelu<\/b><\/span><\/p><p class=\"p2\"><span class=\"s1\">dolls4desire.com voi muuttaa n\u00e4it\u00e4 k\u00e4ytt\u00f6ehtoja aika ajoin. Tarkistetut k\u00e4ytt\u00f6ehdot tulevat voimaan t\u00e4m\u00e4n verkkosivuston k\u00e4yt\u00f6ss\u00e4 niiden julkaisup\u00e4iv\u00e4st\u00e4 l\u00e4htien. Tarkista t\u00e4m\u00e4 sivu s\u00e4\u00e4nn\u00f6llisesti varmistaaksesi, ett\u00e4 olet perehtynyt ajantasaiseen versioon.<\/span><\/p><p class=\"p1\"><span class=\"s1\"><b>Erotettavuus<\/b><\/span><\/p><p class=\"p2\"><span class=\"s1\">Jos jokin n\u00e4iden ehtojen kohta katsotaan laittomaksi ja\/tai t\u00e4yt\u00e4nt\u00f6\u00f6npanokelvottomaksi tuomioistuimen tai muun toimivaltaisen viranomaisen toimesta, muut kohdat pysyv\u00e4t voimassa. Jos jokin laiton ja\/tai t\u00e4yt\u00e4nt\u00f6\u00f6npanokelvoton kohta olisi laillinen tai t\u00e4yt\u00e4nt\u00f6\u00f6npanokelpoinen, jos osa siit\u00e4 poistettaisiin, kyseinen osa katsotaan poistetuksi ja loput kohdasta pysyv\u00e4t voimassa.<\/span><\/p><p class=\"p1\"><span class=\"s1\"><b>Laki ja laink\u00e4ytt\u00f6alue<\/b><\/span><\/p><p class=\"p2\"><span class=\"s1\">N\u00e4ihin k\u00e4ytt\u00f6ehtoihin ja kaikkiin erillisiin sopimuksiin, joiden nojalla tarjoamme sinulle palveluita, sovelletaan Yhdistyneen kuningaskunnan lakeja ja niit\u00e4 tulkitaan sen mukaisesti, ja kaikki n\u00e4ihin ehtoihin liittyv\u00e4t riidat kuuluvat paikallisten tuomioistuinten yksinomaiseen toimivaltaan.<\/span><\/p>\t\t\t\t\t\t\t\t<\/div>\n\t\t\t\t<\/div>\n\t\t\t\t\t<\/div>\n\t\t\t\t<\/div>\n\t\t\t\t<\/div>","protected":false},"excerpt":{"rendered":"<p>K&auml;ytt&ouml;ehdot &lt;b&gt;Johdanto&lt;\/b&gt; These terms and conditions govern your use of this website; by using this website, you accept these terms and conditions in full. If you disagree with these terms and conditions or any part of these terms and conditions, you must not use this website.This website uses cookies. By using this website [&hellip;]<\/p>","protected":false},"author":265871293,"featured_media":0,"parent":0,"menu_order":0,"comment_status":"closed","ping_status":"closed","template":"elementor_header_footer","meta":{"_acf_changed":false,"advanced_seo_description":"","jetpack_seo_html_title":"","jetpack_seo_noindex":false,"jetpack_post_was_ever_published":false,"footnotes":""},"class_list":["post-2510","page","type-page","status-publish","hentry"],"blocksy_meta":[],"acf":[],"jetpack_sharing_enabled":true,"jetpack_likes_enabled":true,"jetpack_shortlink":"https:\/\/wp.me\/Pgx3TK-Eu","_links":{"self":[{"href":"https:\/\/dolls4desire.com\/fi\/wp-json\/wp\/v2\/pages\/2510","targetHints":{"allow":["GET"]}}],"collection":[{"href":"https:\/\/dolls4desire.com\/fi\/wp-json\/wp\/v2\/pages"}],"about":[{"href":"https:\/\/dolls4desire.com\/fi\/wp-json\/wp\/v2\/types\/page"}],"author":[{"embeddable":true,"href":"https:\/\/dolls4desire.com\/fi\/wp-json\/wp\/v2\/users\/265871293"}],"replies":[{"embeddable":true,"href":"https:\/\/dolls4desire.com\/fi\/wp-json\/wp\/v2\/comments?post=2510"}],"version-history":[{"count":17,"href":"https:\/\/dolls4desire.com\/fi\/wp-json\/wp\/v2\/pages\/2510\/revisions"}],"predecessor-version":[{"id":2933,"href":"https:\/\/dolls4desire.com\/fi\/wp-json\/wp\/v2\/pages\/2510\/revisions\/2933"}],"wp:attachment":[{"href":"https:\/\/dolls4desire.com\/fi\/wp-json\/wp\/v2\/media?parent=2510"}],"curies":[{"name":"wp","href":"https:\/\/api.w.org\/{rel}","templated":true}]}}