{"id":2507,"date":"2025-05-26T12:16:48","date_gmt":"2025-05-26T02:16:48","guid":{"rendered":"https:\/\/dolls4desire.com\/?page_id=2507"},"modified":"2025-05-27T01:16:44","modified_gmt":"2025-05-26T15:16:44","slug":"tietosuojakaytanto","status":"publish","type":"page","link":"https:\/\/dolls4desire.com\/fi\/tietosuojakaytanto\/","title":{"rendered":"Tietosuojak\u00e4yt\u00e4nt\u00f6"},"content":{"rendered":"<div data-elementor-type=\"wp-page\" data-elementor-id=\"2507\" class=\"elementor elementor-2507\" data-elementor-post-type=\"page\">\n\t\t\t\t<div class=\"elementor-element elementor-element-2b26751 e-flex e-con-boxed e-con e-parent\" data-id=\"2b26751\" data-element_type=\"container\" data-e-type=\"container\">\n\t\t\t\t\t<div class=\"e-con-inner\">\n\t\t\t\t<div class=\"elementor-element elementor-element-d5e18e8 elementor-widget elementor-widget-heading\" data-id=\"d5e18e8\" data-element_type=\"widget\" data-e-type=\"widget\" data-widget_type=\"heading.default\">\n\t\t\t\t<div class=\"elementor-widget-container\">\n\t\t\t\t\t<h2 class=\"elementor-heading-title elementor-size-default\">Tietosuojak\u00e4yt\u00e4nt\u00f6\n<\/h2>\t\t\t\t<\/div>\n\t\t\t\t<\/div>\n\t\t\t\t<div class=\"elementor-element elementor-element-9b0c44e elementor-widget elementor-widget-text-editor\" data-id=\"9b0c44e\" data-element_type=\"widget\" data-e-type=\"widget\" data-widget_type=\"text-editor.default\">\n\t\t\t\t<div class=\"elementor-widget-container\">\n\t\t\t\t\t\t\t\t\t<div class=\"vc_row wpb_row vc_row-fluid\"><div class=\"wpb_column vc_column_container vc_col-sm-12\"><div class=\"vc_column-inner\"><div class=\"wpb_wrapper\"><div class=\"wpb_text_column wpb_content_element\"><div class=\"wpb_wrapper\"><div class=\"main-page-wrapper\" data-rocket-location-hash=\"4a2fe321e990c94151b29af1c306d73b\"><div class=\"container\"><div class=\"row content-layout-wrapper align-items-start\"><div class=\"site-content col-lg-12 col-12 col-md-12\" role=\"main\"><article id=\"post-567\" class=\"post-567 page type-page status-publish hentry\"><div class=\"entry-content\"><div class=\"wpb-content-wrapper\"><div class=\"vc_row wpb_row vc_row-fluid\"><div class=\"wpb_column vc_column_container vc_col-sm-12\"><div class=\"vc_column-inner vc_custom_1548321055749\"><div class=\"wpb_wrapper\"><div class=\"wpb_text_column wpb_content_element\"><div class=\"wpb_wrapper\"><p>Klo <strong>Dolls4desire<\/strong>Olemme sitoutuneet suojelemaan yksityisyytt\u00e4si. Ker\u00e4\u00e4m\u00e4mme tiedot ovat niit\u00e4, jotka annat meille vapaaehtoisesti. Voimme ker\u00e4t\u00e4 tietoja, kuten nimesi, s\u00e4hk\u00f6postiosoitteesi, postiosoitteesi, puhelinnumerosi tai luottokorttitietosi, kun rekister\u00f6idyt k\u00e4ytt\u00e4j\u00e4ksi verkkosivustollamme, teet tilauksen tai tilaat uutiskirjeemme. K\u00e4yt\u00e4mme n\u00e4it\u00e4 tietoja k\u00e4ytt\u00f6kokemuksesi personointiin ja parantamiseen, asiakaspalvelun parantamiseen verkkosivustolla, keinona ottaa sinuun yhteytt\u00e4 tarvittaessa, r\u00e4\u00e4t\u00e4l\u00f6id\u00e4 kanta-asiakasohjelmia, tarjota s\u00e4\u00e4nn\u00f6llist\u00e4 s\u00e4hk\u00f6ist\u00e4 yhteydenpitoa sek\u00e4 t\u00e4ytt\u00e4\u00e4 tilauksesi ja k\u00e4sitell\u00e4 maksutapahtumia tehokkaasti. Emme koskaan myy tai jaa henkil\u00f6tietojasi.<\/p><h5>Turvallisuus<\/h5><\/div><\/div><\/div><\/div><\/div><\/div><div class=\"vc_row wpb_row vc_row-fluid\"><div class=\"wpb_column vc_column_container vc_col-sm-12\"><div class=\"vc_column-inner vc_custom_1548321046784\"><div class=\"wpb_wrapper\"><div class=\"wpb_text_column wpb_content_element\"><div class=\"wpb_wrapper\"><p>K\u00e4yt\u00e4mme suojattua palvelinta henkil\u00f6tietojesi turvallisuuden yll\u00e4pit\u00e4miseksi. Verkkosivuston kautta l\u00e4hett\u00e4m\u00e4si tiedot suojataan alan standardin mukaisella SSL-salaustekniikalla, joka on suunniteltu suojaamaan henkil\u00f6kohtaisesti tunnistettavia tietojasi katoamiselta tai luvattomalta k\u00e4yt\u00f6lt\u00e4, paljastamiselta, muuttamiselta tai tuhoutumiselta.<\/p><p>K\u00e4yt\u00e4mme hallinnollisia, teknisi\u00e4 ja fyysisi\u00e4 toimenpiteit\u00e4 suojataksemme henkil\u00f6tietoja katoamiselta, varkauksilta ja luvattomalta k\u00e4yt\u00f6lt\u00e4, p\u00e4\u00e4sylt\u00e4 tai muokkaamiselta. Tietyt verkkosivustojemme alueet saattavat olla salasanasuojattuja. Jos olet verkkosivustojemme k\u00e4ytt\u00e4j\u00e4 ja sinulla on salasana, voit auttaa suojaamaan yksityisyytt\u00e4si varmistamalla, ettet jaa salasanaasi kenenk\u00e4\u00e4n muun kanssa.<\/p><p>Verkkosivustojemme kautta tehdyt maksut k\u00e4sitell\u00e4\u00e4n turvallisessa ymp\u00e4rist\u00f6ss\u00e4 PayPalin tai muiden kolmansien osapuolten tarjoamien ohjelmistojen avulla.<br \/>Ryhdymme toimenpiteisiin tarkistaaksemme s\u00e4\u00e4nn\u00f6llisesti hallussamme olevat henkil\u00f6tiedot varmistaaksemme, ett\u00e4 tiedot ovat oikein ja tarvittaessa ajan tasalla. Tiedot, joita ei en\u00e4\u00e4 tarvita mihink\u00e4\u00e4n p\u00e4tev\u00e4\u00e4n liiketoimintatarkoitukseen ja joita meid\u00e4n ei tarvitse s\u00e4ilytt\u00e4\u00e4 sovellettavan lain nojalla, tuhotaan rutiininomaisesti turvallisin keinoin.<\/p><h5><strong>Ev\u00e4steet<\/strong><\/h5><\/div><\/div><\/div><\/div><\/div><\/div><div class=\"vc_row wpb_row vc_row-fluid\"><div class=\"wpb_column vc_column_container vc_col-sm-12\"><div class=\"vc_column-inner vc_custom_1548321039135\"><div class=\"wpb_wrapper\"><div class=\"wpb_text_column wpb_content_element\"><div class=\"wpb_wrapper\"><p>Verkkoev\u00e4ste, yleisesti k\u00e4ytetty tiedonkeruutekniikka, on yksinkertaisesti tekstinp\u00e4tk\u00e4, joka voidaan sijoittaa henkil\u00f6kohtaisen tietokoneesi tai mobiililaitteesi selaimeen ja lukea my\u00f6hemmin, kun vierailet verkkosivustolla. K\u00e4yt\u00e4mme verkkosivustoillamme ev\u00e4steit\u00e4 ja vastaavia tekniikoita parantaaksemme suorituskyky\u00e4 ja k\u00e4ytt\u00f6kokemustasi. Ev\u00e4steiden k\u00e4yt\u00f6n sallimiseen ei liitet\u00e4 henkil\u00f6tietoja, ja ev\u00e4ste poistetaan selaimen sulkemisen yhteydess\u00e4, kunnes k\u00e4ytt\u00e4j\u00e4 palaa sivustolle.<\/p><p>K\u00e4ytt\u00e4m\u00e4mme tai sallimamme ev\u00e4steet ovat hyv\u00e4ksytty osa verkkokauppaa ja t\u00e4rkeit\u00e4 verkkosivustojemme k\u00e4yt\u00f6lle. Suorituskykyev\u00e4steet auttavat meit\u00e4 ymm\u00e4rt\u00e4m\u00e4\u00e4n yleis\u00f6\u00e4mme kokonaisuutena ja parantamaan sit\u00e4, miten sivustomme vastaavat tarpeisiisi ja odotuksiisi. Monet toiminnallisista ev\u00e4steist\u00e4 ovat perustavanlaatuisia sivustojemme ja palveluidemme toiminnan kannalta. Rekister\u00f6inniss\u00e4 k\u00e4ytt\u00e4m\u00e4mme ev\u00e4steet mahdollistavat liiketoimintamme harjoittamisen verkossa. Sivustomme ja palvelumme tai niiden osat eiv\u00e4t v\u00e4ltt\u00e4m\u00e4tt\u00e4 toimi oikein ilman n\u00e4it\u00e4 ev\u00e4steit\u00e4.<\/p><\/div><\/div><\/div><\/div><\/div><\/div><\/div><\/div><\/article><\/div><\/div><\/div><\/div><\/div><\/div><\/div><\/div><\/div><\/div>\t\t\t\t\t\t\t\t<\/div>\n\t\t\t\t<\/div>\n\t\t\t\t\t<\/div>\n\t\t\t\t<\/div>\n\t\t\t\t<\/div>","protected":false},"excerpt":{"rendered":"<p>Privacy Policy &lt;article id=&#8221;post-567&#8243;&gt;At &lt;strong&gt;Dolls4desire&lt;\/strong&gt;, we are dedicated to protecting your privacy. Any information we collect is that which you voluntarily provide to us. We may collect information such as your name, e-mail address, mailing address, phone number or credit card information when you register as a user on our website, place an order or [&hellip;]<\/p>\n","protected":false},"author":265871293,"featured_media":0,"parent":0,"menu_order":0,"comment_status":"closed","ping_status":"closed","template":"elementor_header_footer","meta":{"_acf_changed":false,"_crdt_document":"","advanced_seo_description":"","jetpack_seo_html_title":"","jetpack_seo_noindex":false,"footnotes":""},"class_list":["post-2507","page","type-page","status-publish","hentry"],"blocksy_meta":[],"acf":[],"jetpack_sharing_enabled":true,"jetpack_likes_enabled":true,"jetpack_shortlink":"https:\/\/wp.me\/Pgx3TK-Er","_links":{"self":[{"href":"https:\/\/dolls4desire.com\/fi\/wp-json\/wp\/v2\/pages\/2507","targetHints":{"allow":["GET"]}}],"collection":[{"href":"https:\/\/dolls4desire.com\/fi\/wp-json\/wp\/v2\/pages"}],"about":[{"href":"https:\/\/dolls4desire.com\/fi\/wp-json\/wp\/v2\/types\/page"}],"author":[{"embeddable":true,"href":"https:\/\/dolls4desire.com\/fi\/wp-json\/wp\/v2\/users\/265871293"}],"replies":[{"embeddable":true,"href":"https:\/\/dolls4desire.com\/fi\/wp-json\/wp\/v2\/comments?post=2507"}],"version-history":[{"count":11,"href":"https:\/\/dolls4desire.com\/fi\/wp-json\/wp\/v2\/pages\/2507\/revisions"}],"predecessor-version":[{"id":2852,"href":"https:\/\/dolls4desire.com\/fi\/wp-json\/wp\/v2\/pages\/2507\/revisions\/2852"}],"wp:attachment":[{"href":"https:\/\/dolls4desire.com\/fi\/wp-json\/wp\/v2\/media?parent=2507"}],"curies":[{"name":"wp","href":"https:\/\/api.w.org\/{rel}","templated":true}]}}