{"id":2535,"date":"2025-05-26T12:23:56","date_gmt":"2025-05-26T02:23:56","guid":{"rendered":"https:\/\/dolls4desire.com\/?page_id=2535"},"modified":"2025-05-27T18:51:46","modified_gmt":"2025-05-27T08:51:46","slug":"cuidado-de-munecas-sexuales","status":"publish","type":"page","link":"https:\/\/dolls4desire.com\/es\/cuidado-de-munecas-sexuales\/","title":{"rendered":"Cuidado de las mu\u00f1ecas sexuales"},"content":{"rendered":"<div data-elementor-type=\"wp-page\" data-elementor-id=\"2535\" class=\"elementor elementor-2535\" data-elementor-post-type=\"page\">\n\t\t\t\t<div class=\"elementor-element elementor-element-be60236 e-flex e-con-boxed e-con e-parent\" data-id=\"be60236\" data-element_type=\"container\" data-e-type=\"container\">\n\t\t\t\t\t<div class=\"e-con-inner\">\n\t\t\t\t<div class=\"elementor-element elementor-element-38b3450 elementor-widget elementor-widget-heading\" data-id=\"38b3450\" data-element_type=\"widget\" data-e-type=\"widget\" data-widget_type=\"heading.default\">\n\t\t\t\t<div class=\"elementor-widget-container\">\n\t\t\t\t\t<h2 class=\"elementor-heading-title elementor-size-default\">Instrucciones para el cuidado de la mu\u00f1eca sexual\n<\/h2>\t\t\t\t<\/div>\n\t\t\t\t<\/div>\n\t\t\t\t<div class=\"elementor-element elementor-element-65be87c elementor-widget-divider--view-line elementor-widget elementor-widget-divider\" data-id=\"65be87c\" data-element_type=\"widget\" data-e-type=\"widget\" data-widget_type=\"divider.default\">\n\t\t\t\t<div class=\"elementor-widget-container\">\n\t\t\t\t\t\t\t<div class=\"elementor-divider\">\n\t\t\t<span class=\"elementor-divider-separator\">\n\t\t\t\t\t\t<\/span>\n\t\t<\/div>\n\t\t\t\t\t\t<\/div>\n\t\t\t\t<\/div>\n\t\t\t\t<div class=\"elementor-element elementor-element-f847823 elementor-widget elementor-widget-text-editor\" data-id=\"f847823\" data-element_type=\"widget\" data-e-type=\"widget\" data-widget_type=\"text-editor.default\">\n\t\t\t\t<div class=\"elementor-widget-container\">\n\t\t\t\t\t\t\t\t\t<div class=\"wpb_column vc_column_container vc_col-sm-8\"><div class=\"vc_column-inner\"><div class=\"wpb_wrapper\"><div class=\"wpb_text_column wpb_content_element\"><div class=\"wpb_wrapper\"><p class=\"p1\"><span class=\"s1\">Mantener tu mu\u00f1eca sexual limpia y en buen estado es fundamental para prolongar su vida \u00fatil. Aqu\u00ed tienes una lista de consejos para mantener la calidad y la vida \u00fatil de tu mu\u00f1eca sexual.<\/span><\/p><p class=\"p2\"><span class=\"s1\"><b>Limpia tu mu\u00f1eca sexual<\/b><b><\/b><\/span><\/p><ul class=\"ul1\"><li class=\"li3\"><span class=\"s1\">Recomendamos limpiar su mu\u00f1eca directamente despu\u00e9s de cada uso y las mu\u00f1ecas deben limpiarse cada 2 a 4 semanas como m\u00ednimo (independientemente del uso).<\/span><\/li><li class=\"li3\"><span class=\"s1\">Usa una mezcla de jab\u00f3n antibacterial com\u00fan y agua tibia limpia, masajea suavemente la piel de la mu\u00f1eca con las manos o dale toques suaves con una esponja limpia (igual que limpiar\u00edas a una persona real).<\/span><\/li><li class=\"li3\"><span class=\"s1\">Puedes duchar o ba\u00f1ar a tu mu\u00f1eca.<\/span><\/li><li class=\"li3\"><span class=\"s1\">Aseg\u00farese de que el cuello y la cabeza no se mojen demasiado para evitar la oxidaci\u00f3n de los componentes met\u00e1licos. Si accidentalmente se mojan, s\u00e9quelos inmediatamente para evitar la oxidaci\u00f3n.<\/span><\/li><li class=\"li4\"><span class=\"s4\">No utilice jabones abrasivos ni ning\u00fan otro producto de limpieza general.<\/span><\/li><\/ul><p class=\"p2\"><span class=\"s1\"><b>Seca tu mu\u00f1eca sexual<\/b><b><\/b><\/span><\/p><ul class=\"ul1\"><li class=\"li3\"><span class=\"s1\">Asegurarse de que su mu\u00f1eca se haya secado completamente es importante para limitar el riesgo de da\u00f1os.<\/span><\/li><li class=\"li3\"><span class=\"s1\">Seque suavemente con un pa\u00f1o de algod\u00f3n suave y limpio y deje que la piel se seque al aire completamente.<\/span><\/li><li class=\"li3\"><span class=\"s1\">No utilice una esponja o cepillo duro ni lana de acero para limpiar: provocar\u00e1 da\u00f1os.<\/span><\/li><li class=\"li3\"><span class=\"s1\">No frote la mu\u00f1eca con una toalla, utilice un movimiento de &quot;palmadas&quot; si usa una toalla para secarla.<\/span><\/li><li class=\"li3\"><span class=\"s1\">Aplica talco en el cuerpo de tu mu\u00f1eca una vez seco. No lo apliques mientras la mu\u00f1eca a\u00fan est\u00e9 h\u00fameda.<\/span><\/li><li class=\"li3\"><span class=\"s1\">Aplique talco en el cuerpo de la mu\u00f1eca despu\u00e9s de limpiarla, esto preserva la piel y evita da\u00f1os por fricci\u00f3n.<\/span><\/li><li class=\"li3\"><span class=\"s1\">Aplica talco a tu mu\u00f1eca cada dos semanas o, como m\u00ednimo, una vez al mes (dependiendo del uso).<\/span><\/li><li class=\"li4\"><span class=\"s4\">No aplique ninguna otra sustancia sobre la piel, como aceites arom\u00e1ticos.<\/span><\/li><\/ul><p class=\"p2\"><span class=\"s1\"><b>Limpiar la vagina\/ano\/boca<\/b><b><\/b><\/span><\/p><ul class=\"ul1\"><li class=\"li3\"><span class=\"s1\">Las zonas vaginales, anales y orales de la mu\u00f1eca deben limpiarse despu\u00e9s de cada uso para evitar el crecimiento de bacterias, ya que la piel de TPE es m\u00e1s porosa que la silicona.<\/span><\/li><li class=\"li3\"><span class=\"s1\">Enjuague el canal con agua y jab\u00f3n antibacteriano suave en un irrigador vaginal hasta que est\u00e9 completamente limpio, luego enjuague el canal con agua limpia en un irrigador vaginal hasta que se elimine todo el jab\u00f3n.<\/span><\/li><li class=\"li3\"><span class=\"s1\">Seque completamente el canal.<\/span><\/li><li class=\"li4\"><span class=\"s4\">Una vez seco, aplique el polvo renovador Premium por dentro y por fuera.<\/span><\/li><\/ul><p class=\"p2\"><span class=\"s1\"><b>Limpia la cara de tu mu\u00f1eca sexual<\/b><b><\/b><\/span><\/p><ul class=\"ul1\"><li class=\"li3\"><span class=\"s1\">Retire la cabeza del cuerpo.<\/span><\/li><li class=\"li3\"><span class=\"s1\">Qu\u00edtate la peluca si es posible.<\/span><\/li><li class=\"li3\"><span class=\"s1\">Aplique agua tibia con jab\u00f3n antibacteriano con una esponja o un pa\u00f1o de algod\u00f3n y masajee suavemente el rostro. Use una esponja tibia con jab\u00f3n antibacteriano para dar golpecitos suaves en la cara.<\/span><\/li><li class=\"li3\"><span class=\"s1\">Preste mucha atenci\u00f3n de no da\u00f1ar los ojos y las pesta\u00f1as, evite mojar estas zonas.<\/span><\/li><li class=\"li3\"><span class=\"s1\">Seque suavemente la cara con un pa\u00f1o seco no abrasivo y deje que se seque al aire de forma natural antes de volver a colocarlo en el cuerpo.<\/span><\/li><li class=\"li3\"><span class=\"s1\">No sumerjas la cabeza de tu mu\u00f1eca en el agua en ning\u00fan momento.<\/span><\/li><li class=\"li3\"><span class=\"s1\">No utilice jabones abrasivos ni ning\u00fan otro producto de limpieza.<\/span><\/li><li class=\"li3\"><span class=\"s1\">No utilice materiales \u00e1speros ni objetos duros o afilados.<\/span><\/li><li class=\"li3\"><span class=\"s1\">No aplique demasiada presi\u00f3n sobre la piel.<\/span><\/li><li class=\"li3\"><span class=\"s1\">Nunca uses un secador de pelo ni ning\u00fan otro dispositivo de calor en tu mu\u00f1eca.<\/span><\/li><li class=\"li4\"><span class=\"s4\">No intente acelerar el secado dej\u00e1ndolo cerca de un radiador, fuego o cualquier otro dispositivo de calentamiento.<\/span><\/li><\/ul><p class=\"p2\"><span class=\"s1\"><b>Cuidado de la peluca de mu\u00f1eca sexual<\/b><b><\/b><\/span><\/p><ul class=\"ul1\"><li class=\"li3\"><span class=\"s1\">El\u00a0<\/span><span class=\"s5\"><b>pelucas de mu\u00f1ecas sexuales<\/b><\/span><span class=\"s1\">\u00a0Siempre debe retirarse de la cabeza de la mu\u00f1eca antes de limpiarla.<\/span><\/li><li class=\"li3\"><span class=\"s1\">Puedes usar champ\u00fa y acondicionador si lo deseas.<\/span><\/li><li class=\"li3\"><span class=\"s1\">Recomendamos peinar el cabello derecho despu\u00e9s de limpiarlo y dejar que la peluca se seque al aire sobre un soporte para pelucas.<\/span><\/li><li class=\"li3\"><span class=\"s1\">No seque la peluca en la cabeza de la mu\u00f1eca.<\/span><\/li><li class=\"li6\"><span class=\"s1\">No utilice productos para el cabello para peinar el cabello, pueden da\u00f1ar la piel y la cara de la mu\u00f1eca.<\/span><\/li><\/ul><p class=\"p2\"><span class=\"s1\"><b>Cuidado de la piel de las mu\u00f1ecas sexuales<\/b><b><\/b><\/span><\/p><ul class=\"ul1\"><li class=\"li3\"><span class=\"s1\">Si nota que no lo est\u00e1, use una brocha para aplicarle talco para beb\u00e9s y mantener su piel suave como la de un beb\u00e9. H\u00e1galo solo cuando est\u00e9 seco. Esto es importante para evitar lastimarle la piel.<\/span><\/li><li class=\"li3\"><span class=\"s1\">Aseg\u00farate de que la ropa que le pongas sea resistente a la transferencia de color. Los colores oscuros y la ropa de baja calidad pueden transferir f\u00e1cilmente el color a su piel. Lava la ropa varias veces para evitarlo. Si esto ocurre, puedes usar el quitamanchas para mu\u00f1ecas TPE. Tambi\u00e9n puedes usar aceite de oliva para limpiar las manchas y luego un pa\u00f1o h\u00famedo para retirarlas.<\/span><\/li><li class=\"li3\"><span class=\"s1\">Mant\u00e9ngala alejada de revistas, cuero de color, peri\u00f3dicos o cualquier otro material similar para evitar la transferencia de color.<\/span><\/li><li class=\"li3\"><span class=\"s1\">No dejes los brazos ni las piernas de tu mu\u00f1eca levantados ni abiertos durante m\u00e1s de unos minutos. Si la dejas con los brazos levantados o las piernas abiertas, la tensi\u00f3n ejercida sobre el TPE provocar\u00e1 desgarros. Al regresar, podr\u00edas encontrarte con las axilas o la ingle desgarradas, lo que requerir\u00e1 reparaci\u00f3n. Por lo tanto, aseg\u00farate de devolver siempre la mu\u00f1eca a una posici\u00f3n neutra sin tensi\u00f3n, con los brazos a los lados y las piernas cerradas, cuando no la est\u00e9s usando.<\/span><\/li><li class=\"li3\"><span class=\"s1\">No exponga su mu\u00f1eca sexual a la luz solar directa para evitar el envejecimiento del material TPE.<\/span><\/li><li class=\"li6\"><span class=\"s1\">El TPE es suave y tiende a aplastarse y arrugarse si se deja sentado o acostado sobre una superficie durante un tiempo prolongado. Si deja a su mu\u00f1eca sin supervisi\u00f3n durante varios d\u00edas, aseg\u00farese de colgarla con el kit de suspensi\u00f3n para barra de armario para evitar marcas de compresi\u00f3n y arrugas.<\/span><\/li><\/ul><p class=\"p2\"><span class=\"s1\"><b>Cuidado del esqueleto de la mu\u00f1eca sexual<\/b><b><\/b><\/span><\/p><ul class=\"ul1\"><li class=\"li3\"><span class=\"s1\">Tu mu\u00f1eca sexual tiene un esqueleto de metal y articulaciones m\u00f3viles que le permiten mantener su flexibilidad. Puedes mover sus extremidades y cuerpo; las actividades dejar\u00e1n marcas en su cuerpo; esto es perfectamente normal.<\/span><\/li><li class=\"li3\"><span class=\"s1\">Tenga en cuenta que no se permite que nuestras mu\u00f1ecas se balanceen completamente en diferentes \u00e1ngulos. No se debe ejercer mucha fuerza para mover sus articulaciones en ninguna posici\u00f3n.<\/span><\/li><li class=\"li3\"><span class=\"s1\">No la golpees contra superficies duras, no la dejes caer.<\/span><\/li><li class=\"li3\"><span class=\"s1\">Evita que se acerque a objetos afilados, ya que da\u00f1ar\u00e1n a tu mu\u00f1eca.<\/span><\/li><li class=\"li6\"><span class=\"s1\">Intenta no dejarla en la misma posici\u00f3n mucho tiempo, ni siquiera tumbada sobre una superficie dura. Al ser de TPE, su forma se ver\u00e1 alterada si permanece en la misma posici\u00f3n durante mucho tiempo; por ejemplo, su trasero quedar\u00e1 m\u00e1s plano incluso si permanece tumbada demasiado tiempo. La mejor opci\u00f3n es colgar la mu\u00f1eca. Puedes comprar un kit de suspensi\u00f3n.<\/span><\/li><\/ul><p class=\"p2\"><span class=\"s1\"><b>Almacenamiento de mu\u00f1ecas sexuales<\/b><b><\/b><\/span><\/p><ul class=\"ul1\"><li class=\"li3\"><span class=\"s1\">Tienes muchas opciones a la hora de guardar la mu\u00f1eca.<\/span><\/li><li class=\"li7\"><span class=\"s7\">Caja de almacenamiento para mu\u00f1ecas sexuales<\/span><\/li><li class=\"li3\"><span class=\"s1\">Armario colgante<\/span><\/li><li class=\"li3\"><span class=\"s1\">Caja de env\u00edo original<\/span><\/li><li class=\"li6\"><span class=\"s1\">Bolsa de almacenamiento<\/span><\/li><\/ul><p class=\"p1\"><span class=\"s1\">Todas las opciones anteriores mantendr\u00e1n tu mu\u00f1eca en buen estado. Como mencionamos, solo aseg\u00farate de que la mu\u00f1eca no entre en contacto directo con tintas o materiales que puedan transferirle el color.<\/span><\/p><p class=\"p2\"><span class=\"s1\"><b>Consejos para reemplazar las u\u00f1as de las manos<\/b><b><\/b><\/span><\/p><ul class=\"ul1\"><li class=\"li3\"><span class=\"s1\">Coloque la mu\u00f1eca en una posici\u00f3n neutra.<\/span><\/li><li class=\"li3\"><span class=\"s1\">Alinea las u\u00f1as (sueltas) que se han ca\u00eddo con las u\u00f1as desnudas. Esto te permitir\u00e1 identificar qu\u00e9 u\u00f1a corresponde a cada dedo.<\/span><\/li><li class=\"li3\"><span class=\"s1\">Una vez seleccionada la u\u00f1a, aplique una capa fina y uniforme de pegamento sobre la u\u00f1a descubierta. Aseg\u00farese de que la zona est\u00e9 limpia y seca, sin suciedad ni talco.<\/span><\/li><li class=\"li3\"><span class=\"s1\">No aplique demasiado pegamento; procure una cobertura uniforme pero fina. Evite aplicar demasiado, ya que podr\u00eda derramarse fuera de la u\u00f1a.<\/span><\/li><li class=\"li3\"><span class=\"s1\">Una vez alineada correctamente, presione y mantenga la u\u00f1a durante 5 segundos, sin tocar el pegamento.<\/span><\/li><li class=\"li6\"><span class=\"s1\">El exceso de pegamento es dif\u00edcil de quitar, por lo que es mejor evitar cualquier derrame. En caso de derrame, ret\u00edrelo inmediatamente con un pa\u00f1o de microfibra y agua caliente con jab\u00f3n.<\/span><\/li><\/ul><p class=\"p2\"><span class=\"s1\"><b>Consejos para reemplazar los ojos:<\/b><b><\/b><\/span><\/p><ul class=\"ul1\"><li class=\"li3\"><span class=\"s1\">Coloque la mu\u00f1eca en una posici\u00f3n neutra.<\/span><\/li><li class=\"li3\"><span class=\"s1\">Separe los p\u00e1rpados con suavidad y cuidado (de arriba a abajo, no de izquierda a derecha) con una mano, sin tocar las pesta\u00f1as ni el maquillaje.<\/span><\/li><li class=\"li3\"><span class=\"s1\">Por otro lado, retira el ojo y quita todo el embalaje.<\/span><span class=\"s8\"><br \/><\/span><span class=\"s1\">\u201cApriete\u201d el empaque firmemente en el nuevo ojo.<\/span><\/li><li class=\"li3\"><span class=\"s1\">Con una mano, separe los ojos sin tocar las pesta\u00f1as ni el maquillaje.<\/span><\/li><li class=\"li6\"><span class=\"s1\">Por otro lado, coloque el nuevo ojo en la cavidad.<\/span><\/li><\/ul><p class=\"p2\"><span class=\"s1\"><b>Consejos para volver a colocar las pesta\u00f1as sueltas:<\/b><b><\/b><\/span><\/p><ul class=\"ul1\"><li class=\"li3\"><span class=\"s1\">Acuesta tu mu\u00f1eca en posici\u00f3n horizontal, mirando hacia arriba.<\/span><\/li><li class=\"li3\"><span class=\"s1\">Aplica una peque\u00f1a cantidad de pegamento a un clip, un alfiler, un palillo de c\u00f3ctel o cualquier otra herramienta dom\u00e9stica con punta fina. Recomendamos un palillo de c\u00f3ctel.<\/span><\/li><li class=\"li3\"><span class=\"s1\">Tire suavemente de la pesta\u00f1a hacia atr\u00e1s y aplique pegamento en la parte posterior de la pesta\u00f1a (no en la mu\u00f1eca).<\/span><\/li><li class=\"li3\"><span class=\"s1\">Sosteniendo las puntas de la pesta\u00f1a y sin tocar el pegamento, presi\u00f3nela con cuidado en la posici\u00f3n donde desea que se adhiera.<\/span><\/li><li class=\"li6\"><span class=\"s1\">Mant\u00e9n pulsado durante 5 segundos y su\u00e9ltalo.<\/span><\/li><\/ul><p class=\"p2\"><span class=\"s1\"><b>Consejos para calentar tu mu\u00f1eca:<\/b><b><\/b><\/span><\/p><ul class=\"ul1\"><li class=\"li6\"><span class=\"s1\">No deje la varilla de calentamiento en su mu\u00f1eca sin supervisi\u00f3n ni por per\u00edodos prolongados. Podr\u00eda sobrecalentarse y causarle da\u00f1os graves. Preste mucha atenci\u00f3n al usarla.<\/span><\/li><\/ul><p class=\"p1\"><span class=\"s1\">Si necesita m\u00e1s ayuda mientras tanto, no dude en ponerse en contacto con nosotros en\u00a0<\/span><span class=\"s5\">bin.wang@Me.com<\/span><span class=\"s1\">Haremos todo lo posible para responder a cualquiera de sus preguntas y ayudarle con cualquier consulta que pueda tener.<\/span><\/p><p class=\"p6\"><span class=\"s1\">Esperamos que est\u00e9 satisfecho con su compra de\u00a0<\/span><span class=\"s5\"><b>accesorios para mu\u00f1ecas sexuales<\/b><\/span><span class=\"s1\">\u00a0y como siempre disfruta el tiempo con tu mu\u00f1eca.<\/span><\/p><\/div><\/div><\/div><\/div><\/div>\t\t\t\t\t\t\t\t<\/div>\n\t\t\t\t<\/div>\n\t\t\t\t\t<\/div>\n\t\t\t\t<\/div>\n\t\t<div class=\"elementor-element elementor-element-c2b171f e-flex e-con-boxed e-con e-parent\" data-id=\"c2b171f\" data-element_type=\"container\" data-e-type=\"container\">\n\t\t\t\t\t<div class=\"e-con-inner\">\n\t\t\t\t<div class=\"elementor-element elementor-element-d414cff elementor-widget-divider--view-line_text elementor-widget-divider--element-align-center elementor-widget elementor-widget-divider\" data-id=\"d414cff\" data-element_type=\"widget\" data-e-type=\"widget\" data-widget_type=\"divider.default\">\n\t\t\t\t<div class=\"elementor-widget-container\">\n\t\t\t\t\t\t\t<div class=\"elementor-divider\">\n\t\t\t<span class=\"elementor-divider-separator\">\n\t\t\t\t\t\t\t<span class=\"elementor-divider__text elementor-divider__element\">\n\t\t\t\tV\u00eddeos de mu\u00f1ecas sexuales\t\t\t\t<\/span>\n\t\t\t\t\t\t<\/span>\n\t\t<\/div>\n\t\t\t\t\t\t<\/div>\n\t\t\t\t<\/div>\n\t\t<div class=\"elementor-element elementor-element-f037c1f e-grid e-con-full e-con e-child\" data-id=\"f037c1f\" data-element_type=\"container\" data-e-type=\"container\">\n\t\t\t\t<div class=\"elementor-element elementor-element-9617852 elementor-widget elementor-widget-video\" data-id=\"9617852\" data-element_type=\"widget\" data-e-type=\"widget\" data-settings=\"{&quot;video_type&quot;:&quot;hosted&quot;,&quot;controls&quot;:&quot;yes&quot;}\" data-widget_type=\"video.default\">\n\t\t\t\t<div class=\"elementor-widget-container\">\n\t\t\t\t\t\t\t<div class=\"e-hosted-video elementor-wrapper elementor-open-inline\">\n\t\t\t\t\t<video class=\"elementor-video\" src=\"https:\/\/videos.files.wordpress.com\/ufYnVwfz\/7r5a0075_1.mp4\" controls=\"\" preload=\"metadata\" controlslist=\"nodownload\"><\/video>\n\t\t\t\t<\/div>\n\t\t\t\t\t\t<\/div>\n\t\t\t\t<\/div>\n\t\t\t\t<div class=\"elementor-element elementor-element-fda01e4 elementor-widget elementor-widget-video\" data-id=\"fda01e4\" data-element_type=\"widget\" data-e-type=\"widget\" data-settings=\"{&quot;video_type&quot;:&quot;hosted&quot;,&quot;controls&quot;:&quot;yes&quot;}\" data-widget_type=\"video.default\">\n\t\t\t\t<div class=\"elementor-widget-container\">\n\t\t\t\t\t\t\t<div class=\"e-hosted-video elementor-wrapper elementor-open-inline\">\n\t\t\t\t\t<video class=\"elementor-video\" src=\"https:\/\/videos.files.wordpress.com\/SJ9zGMsd\/7r5a0075.mp4\" controls=\"\" preload=\"metadata\" controlslist=\"nodownload\"><\/video>\n\t\t\t\t<\/div>\n\t\t\t\t\t\t<\/div>\n\t\t\t\t<\/div>\n\t\t\t\t<div class=\"elementor-element elementor-element-5a8993e elementor-widget elementor-widget-video\" data-id=\"5a8993e\" data-element_type=\"widget\" data-e-type=\"widget\" data-settings=\"{&quot;video_type&quot;:&quot;hosted&quot;,&quot;controls&quot;:&quot;yes&quot;}\" data-widget_type=\"video.default\">\n\t\t\t\t<div class=\"elementor-widget-container\">\n\t\t\t\t\t\t\t<div class=\"e-hosted-video elementor-wrapper elementor-open-inline\">\n\t\t\t\t\t<video class=\"elementor-video\" src=\"https:\/\/videos.files.wordpress.com\/PYKI8ySz\/7r5a0075_3.mp4\" controls=\"\" preload=\"metadata\" controlslist=\"nodownload\"><\/video>\n\t\t\t\t<\/div>\n\t\t\t\t\t\t<\/div>\n\t\t\t\t<\/div>\n\t\t\t\t<div class=\"elementor-element elementor-element-aace716 elementor-widget elementor-widget-video\" data-id=\"aace716\" data-element_type=\"widget\" data-e-type=\"widget\" data-settings=\"{&quot;video_type&quot;:&quot;hosted&quot;,&quot;controls&quot;:&quot;yes&quot;}\" data-widget_type=\"video.default\">\n\t\t\t\t<div class=\"elementor-widget-container\">\n\t\t\t\t\t\t\t<div class=\"e-hosted-video elementor-wrapper elementor-open-inline\">\n\t\t\t\t\t<video class=\"elementor-video\" src=\"https:\/\/videos.files.wordpress.com\/E6kaSfsg\/7r5a0075_2.mp4\" controls=\"\" preload=\"metadata\" controlslist=\"nodownload\"><\/video>\n\t\t\t\t<\/div>\n\t\t\t\t\t\t<\/div>\n\t\t\t\t<\/div>\n\t\t\t\t<\/div>\n\t\t\t\t\t<\/div>\n\t\t\t\t<\/div>\n\t\t\t\t<\/div>","protected":false},"excerpt":{"rendered":"<p>SEX DOLL CARE INSTRUCTIONS Keeping your sex doll clean and well maintained is the key to preserving the longevity of your new ultra-realistic sex doll. Here is a list of tips for maintaining the quality and life of your sex doll. Clean Your Sex Doll We recommend cleaning your doll directly after every use and [&hellip;]<\/p>\n","protected":false},"author":265871293,"featured_media":0,"parent":0,"menu_order":0,"comment_status":"closed","ping_status":"closed","template":"elementor_header_footer","meta":{"_acf_changed":false,"_crdt_document":"","advanced_seo_description":"","jetpack_seo_html_title":"","jetpack_seo_noindex":false,"jetpack_post_was_ever_published":false,"footnotes":""},"class_list":["post-2535","page","type-page","status-publish","hentry"],"blocksy_meta":[],"acf":[],"jetpack_sharing_enabled":true,"jetpack_likes_enabled":true,"jetpack_shortlink":"https:\/\/wp.me\/Pgx3TK-ET","_links":{"self":[{"href":"https:\/\/dolls4desire.com\/es\/wp-json\/wp\/v2\/pages\/2535","targetHints":{"allow":["GET"]}}],"collection":[{"href":"https:\/\/dolls4desire.com\/es\/wp-json\/wp\/v2\/pages"}],"about":[{"href":"https:\/\/dolls4desire.com\/es\/wp-json\/wp\/v2\/types\/page"}],"author":[{"embeddable":true,"href":"https:\/\/dolls4desire.com\/es\/wp-json\/wp\/v2\/users\/265871293"}],"replies":[{"embeddable":true,"href":"https:\/\/dolls4desire.com\/es\/wp-json\/wp\/v2\/comments?post=2535"}],"version-history":[{"count":5,"href":"https:\/\/dolls4desire.com\/es\/wp-json\/wp\/v2\/pages\/2535\/revisions"}],"predecessor-version":[{"id":2993,"href":"https:\/\/dolls4desire.com\/es\/wp-json\/wp\/v2\/pages\/2535\/revisions\/2993"}],"wp:attachment":[{"href":"https:\/\/dolls4desire.com\/es\/wp-json\/wp\/v2\/media?parent=2535"}],"curies":[{"name":"wp","href":"https:\/\/api.w.org\/{rel}","templated":true}]}}