{"id":2522,"date":"2025-05-26T12:19:28","date_gmt":"2025-05-26T02:19:28","guid":{"rendered":"https:\/\/dolls4desire.com\/?page_id=2522"},"modified":"2025-05-27T17:57:16","modified_gmt":"2025-05-27T07:57:16","slug":"envio-de-produccion","status":"publish","type":"page","link":"https:\/\/dolls4desire.com\/es\/envio-de-produccion\/","title":{"rendered":"Producci\u00f3n y env\u00edo"},"content":{"rendered":"<div data-elementor-type=\"wp-page\" data-elementor-id=\"2522\" class=\"elementor elementor-2522\" data-elementor-post-type=\"page\">\n\t\t\t\t<div class=\"elementor-element elementor-element-0012ad0 e-flex e-con-boxed e-con e-parent\" data-id=\"0012ad0\" data-element_type=\"container\" data-e-type=\"container\">\n\t\t\t\t\t<div class=\"e-con-inner\">\n\t\t\t\t<div class=\"elementor-element elementor-element-c3fe4b4 elementor-widget elementor-widget-heading\" data-id=\"c3fe4b4\" data-element_type=\"widget\" data-e-type=\"widget\" data-widget_type=\"heading.default\">\n\t\t\t\t<div class=\"elementor-widget-container\">\n\t\t\t\t\t<h2 class=\"elementor-heading-title elementor-size-default\">Producci\u00f3n y env\u00edo<\/h2>\t\t\t\t<\/div>\n\t\t\t\t<\/div>\n\t\t\t\t<div class=\"elementor-element elementor-element-e0c51a4 elementor-widget-divider--view-line elementor-widget elementor-widget-divider\" data-id=\"e0c51a4\" data-element_type=\"widget\" data-e-type=\"widget\" data-widget_type=\"divider.default\">\n\t\t\t\t<div class=\"elementor-widget-container\">\n\t\t\t\t\t\t\t<div class=\"elementor-divider\">\n\t\t\t<span class=\"elementor-divider-separator\">\n\t\t\t\t\t\t<\/span>\n\t\t<\/div>\n\t\t\t\t\t\t<\/div>\n\t\t\t\t<\/div>\n\t\t\t\t<div class=\"elementor-element elementor-element-72185ea elementor-widget elementor-widget-text-editor\" data-id=\"72185ea\" data-element_type=\"widget\" data-e-type=\"widget\" data-widget_type=\"text-editor.default\">\n\t\t\t\t<div class=\"elementor-widget-container\">\n\t\t\t\t\t\t\t\t\t<p class=\"p1\"><span class=\"s1\">En <b>Mu\u00f1ecas por deseo<\/b>Nos comprometemos a entregar su pedido con rapidez y cuidado. Nos enorgullece ofrecer... <b>env\u00edo gratuito a todo el mundo<\/b> en todos los pedidos, sin compra m\u00ednima requerida.<\/span><\/p><p class=\"p2\"><span class=\"s1\"><b>\ud83c\udf0dCobertura de env\u00edo<\/b><\/span><\/p><p class=\"p1\"><span class=\"s1\">Realizamos env\u00edos a <b>todos los pa\u00edses del mundo<\/b>No importa d\u00f3nde est\u00e9s, tus mu\u00f1ecas favoritas llegar\u00e1n a ti sanas y salvas.<\/span><\/p><p class=\"p2\"><span class=\"s1\"><b>\u2708\ufe0f M\u00e9todo de env\u00edo<\/b><\/span><\/p><p class=\"p1\"><span class=\"s1\">Todos los pedidos se env\u00edan a trav\u00e9s de <b>transporte a\u00e9reo<\/b> para garantizar una entrega confiable y oportuna.<\/span><\/p><p class=\"p2\"><span class=\"s1\"><b>\u23f1 Tiempo estimado de entrega<\/b><\/span><\/p><ul class=\"ul1\"><li class=\"li1\"><b><\/b><span class=\"s1\"><b>Tiempo de entrega est\u00e1ndar:<\/b> 10\u201314 <b>d\u00edas h\u00e1biles<\/b><b><\/b><\/span><\/li><li class=\"li1\"><span class=\"s1\">Tenga en cuenta: Los d\u00edas h\u00e1biles no <b>no<\/b> incluye fines de semana o d\u00edas festivos.<\/span><\/li><li class=\"li1\"><span class=\"s1\">Tiempo de procesamiento: Los pedidos normalmente se procesan y env\u00edan dentro de <b>1\u20133 d\u00edas h\u00e1biles<\/b> despu\u00e9s de la confirmaci\u00f3n del pago.<\/span><\/li><\/ul><p class=\"p2\"><span class=\"s1\"><b>\ud83d\udd0d Seguimiento de pedidos<\/b><\/span><\/p><p class=\"p1\"><span class=\"s1\">Una vez que se env\u00ede su pedido, recibir\u00e1 un correo electr\u00f3nico de confirmaci\u00f3n con un <b>el n\u00famero de rastreo<\/b> para monitorear el estado de su entrega en tiempo real.<\/span><\/p><p class=\"p2\"><span class=\"s1\"><b>\ud83d\udea8 Aduanas y derechos de importaci\u00f3n<\/b><\/span><\/p><p class=\"p1\"><span class=\"s1\">Los env\u00edos internacionales pueden estar sujetos a inspecciones aduaneras y\/o aranceles e impuestos de importaci\u00f3n, los cuales son determinados por el pa\u00eds de destino. Estos cargos, si corresponden, son responsabilidad del cliente. La mayor\u00eda de nuestros env\u00edos se despachan sin cargos adicionales, pero no podemos garantizarlo en todos los pa\u00edses.<\/span><\/p><p class=\"p2\"><span class=\"s1\"><b>\ud83d\udce6 Retrasos en el env\u00edo<\/b><\/span><\/p><p class=\"p1\"><span class=\"s1\">Si bien nos esforzamos por entregar a tiempo, podr\u00edan producirse retrasos debido al despacho de aduanas, los horarios de las aerol\u00edneas o imprevistos internacionales. Agradecemos su paciencia y comprensi\u00f3n.<\/span><\/p><p class=\"p2\"><span class=\"s1\"><b>\ud83d\udcec Direcci\u00f3n incorrecta o incompleta<\/b><\/span><\/p><p class=\"p1\"><span class=\"s1\">Por favor, revise sus datos de env\u00edo antes de confirmar su pedido. No nos responsabilizamos de retrasos ni fallos en la entrega debido a direcciones incorrectas o incompletas proporcionadas por el cliente.<\/span><\/p>\t\t\t\t\t\t\t\t<\/div>\n\t\t\t\t<\/div>\n\t\t\t\t\t<\/div>\n\t\t\t\t<\/div>\n\t\t<div class=\"elementor-element elementor-element-ace0bbb e-flex e-con-boxed e-con e-parent\" data-id=\"ace0bbb\" data-element_type=\"container\" data-e-type=\"container\">\n\t\t\t\t\t<div class=\"e-con-inner\">\n\t\t\t\t<div class=\"elementor-element elementor-element-96d793f elementor-widget-divider--view-line elementor-widget elementor-widget-divider\" data-id=\"96d793f\" data-element_type=\"widget\" data-e-type=\"widget\" data-widget_type=\"divider.default\">\n\t\t\t\t<div class=\"elementor-widget-container\">\n\t\t\t\t\t\t\t<div class=\"elementor-divider\">\n\t\t\t<span class=\"elementor-divider-separator\">\n\t\t\t\t\t\t<\/span>\n\t\t<\/div>\n\t\t\t\t\t\t<\/div>\n\t\t\t\t<\/div>\n\t\t\t\t<div class=\"elementor-element elementor-element-59a4130 elementor-widget elementor-widget-heading\" data-id=\"59a4130\" data-element_type=\"widget\" data-e-type=\"widget\" data-widget_type=\"heading.default\">\n\t\t\t\t<div class=\"elementor-widget-container\">\n\t\t\t\t\t<h2 class=\"elementor-heading-title elementor-size-default\">\u00bfNECESITAS AYUDA?<\/h2>\t\t\t\t<\/div>\n\t\t\t\t<\/div>\n\t\t\t\t<div class=\"elementor-element elementor-element-592ea95 elementor-align-center elementor-widget elementor-widget-button\" data-id=\"592ea95\" data-element_type=\"widget\" data-e-type=\"widget\" data-widget_type=\"button.default\">\n\t\t\t\t<div class=\"elementor-widget-container\">\n\t\t\t\t\t\t\t\t\t<div class=\"elementor-button-wrapper\">\n\t\t\t\t\t<a class=\"elementor-button elementor-button-link elementor-size-sm\" href=\"https:\/\/dolls4desire.com\/es\/contactanos\/\">\n\t\t\t\t\t\t<span class=\"elementor-button-content-wrapper\">\n\t\t\t\t\t\t\t\t\t<span class=\"elementor-button-text\">CONT\u00c1CTENOS<\/span>\n\t\t\t\t\t<\/span>\n\t\t\t\t\t<\/a>\n\t\t\t\t<\/div>\n\t\t\t\t\t\t\t\t<\/div>\n\t\t\t\t<\/div>\n\t\t\t\t\t<\/div>\n\t\t\t\t<\/div>\n\t\t\t\t<\/div>","protected":false},"excerpt":{"rendered":"<p>Production &#038; Shipping At &lt;b&gt;Dolls 4 Desire&lt;\/b&gt;, we\u2019re committed to delivering your order with speed and care. We proudly offer &lt;b&gt;free worldwide shipping&lt;\/b&gt; on all orders\u2014no minimum purchase required. \ud83c\udf0d Shipping Coverage We ship to all countries worldwide. No matter where you are, your favorite dolls will reach you safely. \u2708\ufe0f Shipping Method All orders [&hellip;]<\/p>\n","protected":false},"author":265871293,"featured_media":0,"parent":0,"menu_order":0,"comment_status":"closed","ping_status":"closed","template":"elementor_header_footer","meta":{"_acf_changed":false,"_crdt_document":"","advanced_seo_description":"","jetpack_seo_html_title":"","jetpack_seo_noindex":false,"footnotes":""},"class_list":["post-2522","page","type-page","status-publish","hentry"],"blocksy_meta":[],"acf":[],"jetpack_sharing_enabled":true,"jetpack_likes_enabled":true,"jetpack_shortlink":"https:\/\/wp.me\/Pgx3TK-EG","_links":{"self":[{"href":"https:\/\/dolls4desire.com\/es\/wp-json\/wp\/v2\/pages\/2522","targetHints":{"allow":["GET"]}}],"collection":[{"href":"https:\/\/dolls4desire.com\/es\/wp-json\/wp\/v2\/pages"}],"about":[{"href":"https:\/\/dolls4desire.com\/es\/wp-json\/wp\/v2\/types\/page"}],"author":[{"embeddable":true,"href":"https:\/\/dolls4desire.com\/es\/wp-json\/wp\/v2\/users\/265871293"}],"replies":[{"embeddable":true,"href":"https:\/\/dolls4desire.com\/es\/wp-json\/wp\/v2\/comments?post=2522"}],"version-history":[{"count":11,"href":"https:\/\/dolls4desire.com\/es\/wp-json\/wp\/v2\/pages\/2522\/revisions"}],"predecessor-version":[{"id":2942,"href":"https:\/\/dolls4desire.com\/es\/wp-json\/wp\/v2\/pages\/2522\/revisions\/2942"}],"wp:attachment":[{"href":"https:\/\/dolls4desire.com\/es\/wp-json\/wp\/v2\/media?parent=2522"}],"curies":[{"name":"wp","href":"https:\/\/api.w.org\/{rel}","templated":true}]}}