{"id":2535,"date":"2025-05-26T12:23:56","date_gmt":"2025-05-26T02:23:56","guid":{"rendered":"https:\/\/dolls4desire.com\/?page_id=2535"},"modified":"2025-05-27T18:51:46","modified_gmt":"2025-05-27T08:51:46","slug":"sexpuppenpflege","status":"publish","type":"page","link":"https:\/\/dolls4desire.com\/de\/sexpuppenpflege\/","title":{"rendered":"Pflege von Sexpuppen"},"content":{"rendered":"<div data-elementor-type=\"wp-page\" data-elementor-id=\"2535\" class=\"elementor elementor-2535\" data-elementor-post-type=\"page\">\n\t\t\t\t<div class=\"elementor-element elementor-element-be60236 e-flex e-con-boxed e-con e-parent\" data-id=\"be60236\" data-element_type=\"container\" data-e-type=\"container\">\n\t\t\t\t\t<div class=\"e-con-inner\">\n\t\t\t\t<div class=\"elementor-element elementor-element-38b3450 elementor-widget elementor-widget-heading\" data-id=\"38b3450\" data-element_type=\"widget\" data-e-type=\"widget\" data-widget_type=\"heading.default\">\n\t\t\t\t<div class=\"elementor-widget-container\">\n\t\t\t\t\t<h2 class=\"elementor-heading-title elementor-size-default\">PFLEGEHINWEISE F\u00dcR SEXPUPPEN\n<\/h2>\t\t\t\t<\/div>\n\t\t\t\t<\/div>\n\t\t\t\t<div class=\"elementor-element elementor-element-65be87c elementor-widget-divider--view-line elementor-widget elementor-widget-divider\" data-id=\"65be87c\" data-element_type=\"widget\" data-e-type=\"widget\" data-widget_type=\"divider.default\">\n\t\t\t\t<div class=\"elementor-widget-container\">\n\t\t\t\t\t\t\t<div class=\"elementor-divider\">\n\t\t\t<span class=\"elementor-divider-separator\">\n\t\t\t\t\t\t<\/span>\n\t\t<\/div>\n\t\t\t\t\t\t<\/div>\n\t\t\t\t<\/div>\n\t\t\t\t<div class=\"elementor-element elementor-element-f847823 elementor-widget elementor-widget-text-editor\" data-id=\"f847823\" data-element_type=\"widget\" data-e-type=\"widget\" data-widget_type=\"text-editor.default\">\n\t\t\t\t<div class=\"elementor-widget-container\">\n\t\t\t\t\t\t\t\t\t<div class=\"wpb_column vc_column_container vc_col-sm-8\"><div class=\"vc_column-inner\"><div class=\"wpb_wrapper\"><div class=\"wpb_text_column wpb_content_element\"><div class=\"wpb_wrapper\"><p class=\"p1\"><span class=\"s1\">Die Sauberkeit und Pflege Ihrer Sexpuppe ist der Schl\u00fcssel zur Langlebigkeit Ihrer neuen ultrarealistischen Sexpuppe. Hier finden Sie Tipps zur Erhaltung der Qualit\u00e4t und Lebensdauer Ihrer Sexpuppe.<\/span><\/p><p class=\"p2\"><span class=\"s1\"><b>Reinigen Sie Ihre Sexpuppe<\/b><b><\/b><\/span><\/p><ul class=\"ul1\"><li class=\"li3\"><span class=\"s1\">Wir empfehlen, Ihre Puppe direkt nach jedem Gebrauch zu reinigen. Puppen sollten mindestens alle 2\u20134 Wochen gereinigt werden (unabh\u00e4ngig von der Verwendung).<\/span><\/li><li class=\"li3\"><span class=\"s1\">Verwenden Sie eine Mischung aus normaler antibakterieller Seife und sauberem, lauwarmem Wasser und massieren Sie die Haut der Puppe sanft mit Ihren H\u00e4nden oder tupfen Sie sie mit einem sauberen Schwamm ab. (Genau wie Sie einen echten Menschen reinigen w\u00fcrden.)<\/span><\/li><li class=\"li3\"><span class=\"s1\">Sie k\u00f6nnen Ihre Puppe duschen oder baden.<\/span><\/li><li class=\"li3\"><span class=\"s1\">Achten Sie darauf, dass Hals und Kopf nicht zu nass werden. So vermeiden Sie Rostbildung an den Metallteilen. Sollten die Metallteile dennoch nass werden, trocknen Sie sie sofort ab, um Rostbildung zu vermeiden.<\/span><\/li><li class=\"li4\"><span class=\"s4\">Verwenden Sie keine Scheuerseifen oder andere allgemeine Reinigungsprodukte.<\/span><\/li><\/ul><p class=\"p2\"><span class=\"s1\"><b>Trocknen Sie Ihre Sexpuppe<\/b><b><\/b><\/span><\/p><ul class=\"ul1\"><li class=\"li3\"><span class=\"s1\">Um das Risiko einer Besch\u00e4digung zu minimieren, ist es wichtig sicherzustellen, dass Ihre Puppe vollst\u00e4ndig getrocknet ist.<\/span><\/li><li class=\"li3\"><span class=\"s1\">Mit einem sauberen, weichen Baumwolltuch vorsichtig trockentupfen und die Haut vollst\u00e4ndig an der Luft trocknen lassen.<\/span><\/li><li class=\"li3\"><span class=\"s1\">Verwenden Sie zum Reinigen keine harten Schw\u00e4mme\/B\u00fcrsten oder Stahlwolle \u2013 dies f\u00fchrt zu Besch\u00e4digungen.<\/span><\/li><li class=\"li3\"><span class=\"s1\">Reiben Sie die Puppe nicht mit einem Handtuch ab, sondern tupfen Sie sie mit einer sanften Bewegung ab, wenn Sie ein Handtuch zum Trocknen verwenden.<\/span><\/li><li class=\"li3\"><span class=\"s1\">Tragen Sie Talkumpuder (Talkum) auf den K\u00f6rper Ihrer Puppe auf, sobald er trocken ist. Tragen Sie kein Talkum auf, solange Ihre Puppe noch feucht ist.<\/span><\/li><li class=\"li3\"><span class=\"s1\">Tragen Sie nach der Reinigung Talkumpuder auf den Puppenk\u00f6rper auf, das schont die Haut und beugt Reibungssch\u00e4den vor.<\/span><\/li><li class=\"li3\"><span class=\"s1\">Tragen Sie alle zwei Wochen oder mindestens einmal im Monat (je nach Verwendung) Talkum auf Ihre Puppe auf.<\/span><\/li><li class=\"li4\"><span class=\"s4\">Tragen Sie keine anderen Substanzen auf die Haut auf, wie beispielsweise Duft\u00f6le.<\/span><\/li><\/ul><p class=\"p2\"><span class=\"s1\"><b>Reinigen Sie die Vagina\/den Anus\/den Mund<\/b><b><\/b><\/span><\/p><ul class=\"ul1\"><li class=\"li3\"><span class=\"s1\">Die Vaginal-, Anal- und Oralbereiche der Puppe sollten nach jedem Gebrauch gereinigt werden, um das Wachstum von Bakterien zu vermeiden, da TPE-Haut por\u00f6ser ist als Silikon.<\/span><\/li><li class=\"li3\"><span class=\"s1\">Sp\u00fclen Sie den Kanal mit mildem antibakteriellem Seifenwasser in einer Vaginaldusche, bis er gr\u00fcndlich sauber ist, und sp\u00fclen Sie den Kanal mit sauberem Wasser in einer Vaginaldusche, bis die gesamte Seife entfernt ist.<\/span><\/li><li class=\"li3\"><span class=\"s1\">Kanal gr\u00fcndlich trocknen.<\/span><\/li><li class=\"li4\"><span class=\"s4\">Nach dem Trocknen innen und au\u00dfen mit Premium Renewal Powder abstauben.<\/span><\/li><\/ul><p class=\"p2\"><span class=\"s1\"><b>Reinigen Sie das Gesicht Ihrer Sexpuppe<\/b><b><\/b><\/span><\/p><ul class=\"ul1\"><li class=\"li3\"><span class=\"s1\">Den Kopf vom K\u00f6rper trennen<\/span><\/li><li class=\"li3\"><span class=\"s1\">Entfernen Sie die Per\u00fccke, wenn m\u00f6glich.<\/span><\/li><li class=\"li3\"><span class=\"s1\">Tragen Sie warmes antibakterielles Seifenwasser mit einem Schwamm oder Baumwolltuch auf und massieren Sie das Gesicht sanft. Klopfen Sie das Gesicht sanft mit einem warmen Schwamm und antibakterieller Seife ab.<\/span><\/li><li class=\"li3\"><span class=\"s1\">Achten Sie besonders darauf, die Augen und Wimpern nicht zu besch\u00e4digen und vermeiden Sie, dass diese Bereiche nass werden.<\/span><\/li><li class=\"li3\"><span class=\"s1\">Tupfen Sie das Gesicht sanft mit einem trockenen, nicht scheuernden Tuch ab und lassen Sie es an der Luft trocknen, bevor Sie es wieder am K\u00f6rper anbringen.<\/span><\/li><li class=\"li3\"><span class=\"s1\">Tauchen Sie den Kopf Ihrer Puppe zu keinem Zeitpunkt ins Wasser.<\/span><\/li><li class=\"li3\"><span class=\"s1\">Verwenden Sie keine Scheuerseifen oder andere Reinigungsmittel.<\/span><\/li><li class=\"li3\"><span class=\"s1\">Verwenden Sie keine aggressiven Materialien oder harten\/scharfen Gegenst\u00e4nde.<\/span><\/li><li class=\"li3\"><span class=\"s1\">\u00dcben Sie nicht zu viel Druck auf die Haut aus.<\/span><\/li><li class=\"li3\"><span class=\"s1\">Verwenden Sie niemals einen Haartrockner oder andere Heizger\u00e4te an Ihrer Puppe.<\/span><\/li><li class=\"li4\"><span class=\"s4\">Versuchen Sie nicht, das Trocknen zu beschleunigen, indem Sie das Ger\u00e4t in der N\u00e4he eines Heizk\u00f6rpers\/Feuers oder eines anderen Heizger\u00e4ts stehen lassen.<\/span><\/li><\/ul><p class=\"p2\"><span class=\"s1\"><b>Pflege der Sexpuppenper\u00fccke<\/b><b><\/b><\/span><\/p><ul class=\"ul1\"><li class=\"li3\"><span class=\"s1\">Der\u00a0<\/span><span class=\"s5\"><b>Sexpuppenper\u00fccken<\/b><\/span><span class=\"s1\">\u00a0sollten vor der Reinigung immer vom Puppenkopf entfernt werden.<\/span><\/li><li class=\"li3\"><span class=\"s1\">Wenn Sie m\u00f6chten, k\u00f6nnen Sie Shampoo und Sp\u00fclung verwenden.<\/span><\/li><li class=\"li3\"><span class=\"s1\">Wir empfehlen, das Haar nach der Reinigung glatt zu k\u00e4mmen und die Per\u00fccke auf einem Per\u00fcckenst\u00e4nder an der Luft trocknen zu lassen.<\/span><\/li><li class=\"li3\"><span class=\"s1\">Trocknen Sie die Per\u00fccke nicht auf dem Puppenkopf.<\/span><\/li><li class=\"li6\"><span class=\"s1\">Verwenden Sie zum Stylen der Haare keine Haarprodukte, da diese die Haut und das Gesicht der Puppe sch\u00e4digen k\u00f6nnen.<\/span><\/li><\/ul><p class=\"p2\"><span class=\"s1\"><b>Hautpflege f\u00fcr Sexpuppen<\/b><b><\/b><\/span><\/p><ul class=\"ul1\"><li class=\"li3\"><span class=\"s1\">Tragen Sie mit einem Pinsel Babypuder auf die Haut auf, damit sie nat\u00fcrlich glatt bleibt, falls Sie feststellen, dass sie nicht glatt ist. Bitte tun Sie dies nur, wenn ihr K\u00f6rper trocken ist. Dies ist wichtig, um Hautrisse zu vermeiden.<\/span><\/li><li class=\"li3\"><span class=\"s1\">Bitte achten Sie darauf, dass die Kleidung, die Sie ihr anziehen, farbecht ist. Dunkle Farben und minderwertige Kleidung k\u00f6nnen leicht Farbe auf ihre Haut \u00fcbertragen. Waschen Sie die Kleidung bitte mehrmals, um dies zu verhindern. Sollte es dennoch passieren, k\u00f6nnen Sie die Flecken mit dem TPE Doll Fleckenentferner entfernen. Alternativ k\u00f6nnen Sie die Flecken auch mit Oliven\u00f6l abwischen und anschlie\u00dfend mit einem feuchten Tuch abwischen.<\/span><\/li><li class=\"li3\"><span class=\"s1\">Bitte halten Sie sie von Zeitschriften, farbigem Leder, Zeitungen oder \u00c4hnlichem fern, um eine Farb\u00fcbertragung auf sie zu vermeiden.<\/span><\/li><li class=\"li3\"><span class=\"s1\">Lassen Sie die Arme und Beine Ihrer Puppe nicht l\u00e4nger als ein paar Minuten hoch oder ge\u00f6ffnet. Wenn Sie Ihre Puppe mit hochgehaltenen Armen oder gespreizten Beinen lassen, kann die Belastung des TPE zu Rissen f\u00fchren. Bei der R\u00fcckkehr stellen Sie m\u00f6glicherweise fest, dass die Achselh\u00f6hlen oder der Leistenbereich Ihrer Puppe gespalten sind und repariert werden m\u00fcssen. Bringen Sie Ihre Puppe daher immer wieder in eine neutrale, stressfreie Position mit h\u00e4ngenden Armen und geschlossenen Beinen, wenn Sie sie nicht benutzen.<\/span><\/li><li class=\"li3\"><span class=\"s1\">Setzen Sie Ihre Sexpuppe nicht direktem Sonnenlicht aus, um eine Alterung des TPE-Materials zu verhindern.<\/span><\/li><li class=\"li6\"><span class=\"s1\">TPE ist weich und neigt dazu, sich abzuflachen und Falten zu bilden, wenn es l\u00e4ngere Zeit in sitzender Position oder auf einer Oberfl\u00e4che liegt. Wenn Sie Ihre Puppe l\u00e4nger als ein paar Tage unbeaufsichtigt lassen, h\u00e4ngen Sie sie unbedingt mit dem Kleiderstangen-Aufh\u00e4ngungsset auf, um Druckstellen und Falten zu vermeiden.<\/span><\/li><\/ul><p class=\"p2\"><span class=\"s1\"><b>Pflege des Sexpuppen-Skeletts<\/b><b><\/b><\/span><\/p><ul class=\"ul1\"><li class=\"li3\"><span class=\"s1\">Ihre Sexpuppe verf\u00fcgt \u00fcber ein Metallskelett und bewegliche Gelenke, die ihr Flexibilit\u00e4t verleihen. Sie k\u00f6nnen ihre Gliedma\u00dfen und ihren K\u00f6rper bewegen. Aktivit\u00e4ten hinterlassen Spuren auf ihrem K\u00f6rper, das ist v\u00f6llig normal.<\/span><\/li><li class=\"li3\"><span class=\"s1\">Bitte haben Sie Verst\u00e4ndnis daf\u00fcr, dass unsere Puppen nicht in allen Winkeln schwingen d\u00fcrfen. Sie sollten keine extreme Kraft aufwenden, um ihre Gelenke in irgendeine Position zu bewegen.<\/span><\/li><li class=\"li3\"><span class=\"s1\">Schlagen Sie sie nicht gegen harte Oberfl\u00e4chen und lassen Sie sie nicht fallen.<\/span><\/li><li class=\"li3\"><span class=\"s1\">Halten Sie sie von scharfen Gegenst\u00e4nden fern, da diese Ihre Puppe verletzen k\u00f6nnen.<\/span><\/li><li class=\"li6\"><span class=\"s1\">Lassen Sie sie nicht zu lange in derselben Position, auch nicht auf einer harten Oberfl\u00e4che liegen. Da es sich um TPE handelt, ver\u00e4ndert sich die Form, wenn sie lange in derselben Position bleibt. Beispielsweise wird ihr Hintern flacher, selbst wenn sie zu lange liegt. Am besten h\u00e4ngen Sie Ihre Puppe auf. Sie k\u00f6nnen ein Aufh\u00e4ngeset erwerben.<\/span><\/li><\/ul><p class=\"p2\"><span class=\"s1\"><b>Aufbewahrung von Sexpuppen<\/b><b><\/b><\/span><\/p><ul class=\"ul1\"><li class=\"li3\"><span class=\"s1\">Zur Aufbewahrung der Puppe stehen Ihnen viele M\u00f6glichkeiten zur Verf\u00fcgung.<\/span><\/li><li class=\"li7\"><span class=\"s7\">Sex Doll Aufbewahrungsbox<\/span><\/li><li class=\"li3\"><span class=\"s1\">Schrankaufh\u00e4ngung<\/span><\/li><li class=\"li3\"><span class=\"s1\">Originalversandkarton<\/span><\/li><li class=\"li6\"><span class=\"s1\">Aufbewahrungstasche<\/span><\/li><\/ul><p class=\"p1\"><span class=\"s1\">Alle oben genannten Optionen halten Ihre Puppe in gutem Zustand. Wie bereits erw\u00e4hnt, achten Sie darauf, dass die Puppe nicht in direkten Kontakt mit Tinten oder Materialien kommt, die m\u00f6glicherweise Farbe auf die Puppe \u00fcbertragen k\u00f6nnten.<\/span><\/p><p class=\"p2\"><span class=\"s1\"><b>Tipps zum Ersetzen von Fingern\u00e4geln<\/b><b><\/b><\/span><\/p><ul class=\"ul1\"><li class=\"li3\"><span class=\"s1\">Legen Sie die Puppe in eine neutrale Position.<\/span><\/li><li class=\"li3\"><span class=\"s1\">Richten Sie die abgefallenen (losen) Fingern\u00e4gel an den nackten Fingern\u00e4geln aus. So k\u00f6nnen Sie erkennen, welcher Fingernagel zu welchem Finger passt.<\/span><\/li><li class=\"li3\"><span class=\"s1\">Nachdem Sie Ihren Fingernagel ausgew\u00e4hlt haben, tragen Sie eine d\u00fcnne und gleichm\u00e4\u00dfige Schicht Kleber auf die blanke Fingernagelpartie auf. Stellen Sie sicher, dass die Stelle sauber und trocken ist und frei von Schmutz oder Talkum ist.<\/span><\/li><li class=\"li3\"><span class=\"s1\">Tragen Sie nicht zu viel Kleber auf, sondern achten Sie auf eine gleichm\u00e4\u00dfige, d\u00fcnne Schicht. Vermeiden Sie es, zu viel Kleber aufzutragen, da dieser sonst \u00fcber den Nagelbereich hinauslaufen kann.<\/span><\/li><li class=\"li3\"><span class=\"s1\">Sobald der Nagel richtig ausgerichtet ist, dr\u00fccken Sie ihn 5 Sekunden lang fest an, ohne den Kleber zu ber\u00fchren.<\/span><\/li><li class=\"li6\"><span class=\"s1\">\u00dcbersch\u00fcssiger Kleber l\u00e4sst sich nur schwer entfernen. Vermeiden Sie daher ein Versch\u00fctten. Sollte dennoch Kleber versch\u00fcttet werden, entfernen Sie den Kleber sofort mit einem Mikrofasertuch und hei\u00dfem Seifenwasser.<\/span><\/li><\/ul><p class=\"p2\"><span class=\"s1\"><b>Tipps zum Ersetzen der Augen:<\/b><b><\/b><\/span><\/p><ul class=\"ul1\"><li class=\"li3\"><span class=\"s1\">Legen Sie die Puppe in eine neutrale Position.<\/span><\/li><li class=\"li3\"><span class=\"s1\">Ziehen Sie die Augenlider mit einer Hand sanft und vorsichtig auseinander (nach oben und unten, nicht nach links und rechts), ohne die Wimpern oder das Make-up zu ber\u00fchren.<\/span><\/li><li class=\"li3\"><span class=\"s1\">Entfernen Sie andererseits das Auge und die gesamte Verpackung.<\/span><span class=\"s8\"><br \/><\/span><span class=\"s1\">Dr\u00fccken Sie die Tamponade fest in das neue Auge.<\/span><\/li><li class=\"li3\"><span class=\"s1\">Ziehen Sie mit einer Hand die Augen auseinander, ohne die Wimpern oder das Make-up zu ber\u00fchren.<\/span><\/li><li class=\"li6\"><span class=\"s1\">Setzen Sie andererseits das neue Auge in die Augenh\u00f6hle ein.<\/span><\/li><\/ul><p class=\"p2\"><span class=\"s1\"><b>Tipps zum Wiederanbringen loser Wimpern:<\/b><b><\/b><\/span><\/p><ul class=\"ul1\"><li class=\"li3\"><span class=\"s1\">Legen Sie Ihre Puppe flach mit dem Gesicht nach oben hin.<\/span><\/li><li class=\"li3\"><span class=\"s1\">Tragen Sie eine kleine Menge Klebstoff auf eine B\u00fcroklammer, eine Stecknadel, einen Cocktailspie\u00df oder ein anderes Haushaltswerkzeug mit feiner Spitze auf. Wir empfehlen einen Cocktailspie\u00df.<\/span><\/li><li class=\"li3\"><span class=\"s1\">Ziehen Sie die Wimper vorsichtig zur\u00fcck und tragen Sie Klebstoff auf die R\u00fcckseite der Wimper auf (nicht auf die Puppe).<\/span><\/li><li class=\"li3\"><span class=\"s1\">Halten Sie die Enden der Wimper fest und dr\u00fccken Sie sie vorsichtig in die Position, an der sie haften soll, ohne den Kleber zu ber\u00fchren<\/span><\/li><li class=\"li6\"><span class=\"s1\">5 Sekunden lang gedr\u00fcckt halten und loslassen.<\/span><\/li><\/ul><p class=\"p2\"><span class=\"s1\"><b>Tipps zum Erw\u00e4rmen Ihrer Puppe:<\/b><b><\/b><\/span><\/p><ul class=\"ul1\"><li class=\"li6\"><span class=\"s1\">Lassen Sie den W\u00e4rmestab nicht unbeaufsichtigt oder \u00fcber l\u00e4ngere Zeit in Ihrer Puppe. Der W\u00e4rmestab kann \u00fcber den Kopf fliegen und Ihre Puppe schwer besch\u00e4digen. Seien Sie daher beim Einsatz des W\u00e4rmestabs in Ihrer Puppe besonders vorsichtig.<\/span><\/li><\/ul><p class=\"p1\"><span class=\"s1\">Wenn Sie in der Zwischenzeit weitere Hilfe ben\u00f6tigen, kontaktieren Sie uns bitte unter\u00a0<\/span><span class=\"s5\">bin.wang@Me.com<\/span><span class=\"s1\">Wir werden unser Bestes tun, um alle Ihre Fragen zu beantworten und Ihnen bei allen Fragen zu helfen, die Sie haben.<\/span><\/p><p class=\"p6\"><span class=\"s1\">Wir hoffen, Sie sind zufrieden mit Ihrem Kauf von\u00a0<\/span><span class=\"s5\"><b>Sexpuppen-Zubeh\u00f6r<\/b><\/span><span class=\"s1\">\u00a0und genie\u00dfe wie immer die Zeit mit deiner Puppe.<\/span><\/p><\/div><\/div><\/div><\/div><\/div>\t\t\t\t\t\t\t\t<\/div>\n\t\t\t\t<\/div>\n\t\t\t\t\t<\/div>\n\t\t\t\t<\/div>\n\t\t<div class=\"elementor-element elementor-element-c2b171f e-flex e-con-boxed e-con e-parent\" data-id=\"c2b171f\" data-element_type=\"container\" data-e-type=\"container\">\n\t\t\t\t\t<div class=\"e-con-inner\">\n\t\t\t\t<div class=\"elementor-element elementor-element-d414cff elementor-widget-divider--view-line_text elementor-widget-divider--element-align-center elementor-widget elementor-widget-divider\" data-id=\"d414cff\" data-element_type=\"widget\" data-e-type=\"widget\" data-widget_type=\"divider.default\">\n\t\t\t\t<div class=\"elementor-widget-container\">\n\t\t\t\t\t\t\t<div class=\"elementor-divider\">\n\t\t\t<span class=\"elementor-divider-separator\">\n\t\t\t\t\t\t\t<span class=\"elementor-divider__text elementor-divider__element\">\n\t\t\t\tVideos von Sexpuppe\t\t\t\t<\/span>\n\t\t\t\t\t\t<\/span>\n\t\t<\/div>\n\t\t\t\t\t\t<\/div>\n\t\t\t\t<\/div>\n\t\t<div class=\"elementor-element elementor-element-f037c1f e-grid e-con-full e-con e-child\" data-id=\"f037c1f\" data-element_type=\"container\" data-e-type=\"container\">\n\t\t\t\t<div class=\"elementor-element elementor-element-9617852 elementor-widget elementor-widget-video\" data-id=\"9617852\" data-element_type=\"widget\" data-e-type=\"widget\" data-settings=\"{&quot;video_type&quot;:&quot;hosted&quot;,&quot;controls&quot;:&quot;yes&quot;}\" data-widget_type=\"video.default\">\n\t\t\t\t<div class=\"elementor-widget-container\">\n\t\t\t\t\t\t\t<div class=\"e-hosted-video elementor-wrapper elementor-open-inline\">\n\t\t\t\t\t<video class=\"elementor-video\" src=\"https:\/\/videos.files.wordpress.com\/ufYnVwfz\/7r5a0075_1.mp4\" controls=\"\" preload=\"metadata\" controlslist=\"nodownload\"><\/video>\n\t\t\t\t<\/div>\n\t\t\t\t\t\t<\/div>\n\t\t\t\t<\/div>\n\t\t\t\t<div class=\"elementor-element elementor-element-fda01e4 elementor-widget elementor-widget-video\" data-id=\"fda01e4\" data-element_type=\"widget\" data-e-type=\"widget\" data-settings=\"{&quot;video_type&quot;:&quot;hosted&quot;,&quot;controls&quot;:&quot;yes&quot;}\" data-widget_type=\"video.default\">\n\t\t\t\t<div class=\"elementor-widget-container\">\n\t\t\t\t\t\t\t<div class=\"e-hosted-video elementor-wrapper elementor-open-inline\">\n\t\t\t\t\t<video class=\"elementor-video\" src=\"https:\/\/videos.files.wordpress.com\/SJ9zGMsd\/7r5a0075.mp4\" controls=\"\" preload=\"metadata\" controlslist=\"nodownload\"><\/video>\n\t\t\t\t<\/div>\n\t\t\t\t\t\t<\/div>\n\t\t\t\t<\/div>\n\t\t\t\t<div class=\"elementor-element elementor-element-5a8993e elementor-widget elementor-widget-video\" data-id=\"5a8993e\" data-element_type=\"widget\" data-e-type=\"widget\" data-settings=\"{&quot;video_type&quot;:&quot;hosted&quot;,&quot;controls&quot;:&quot;yes&quot;}\" data-widget_type=\"video.default\">\n\t\t\t\t<div class=\"elementor-widget-container\">\n\t\t\t\t\t\t\t<div class=\"e-hosted-video elementor-wrapper elementor-open-inline\">\n\t\t\t\t\t<video class=\"elementor-video\" src=\"https:\/\/videos.files.wordpress.com\/PYKI8ySz\/7r5a0075_3.mp4\" controls=\"\" preload=\"metadata\" controlslist=\"nodownload\"><\/video>\n\t\t\t\t<\/div>\n\t\t\t\t\t\t<\/div>\n\t\t\t\t<\/div>\n\t\t\t\t<div class=\"elementor-element elementor-element-aace716 elementor-widget elementor-widget-video\" data-id=\"aace716\" data-element_type=\"widget\" data-e-type=\"widget\" data-settings=\"{&quot;video_type&quot;:&quot;hosted&quot;,&quot;controls&quot;:&quot;yes&quot;}\" data-widget_type=\"video.default\">\n\t\t\t\t<div class=\"elementor-widget-container\">\n\t\t\t\t\t\t\t<div class=\"e-hosted-video elementor-wrapper elementor-open-inline\">\n\t\t\t\t\t<video class=\"elementor-video\" src=\"https:\/\/videos.files.wordpress.com\/E6kaSfsg\/7r5a0075_2.mp4\" controls=\"\" preload=\"metadata\" controlslist=\"nodownload\"><\/video>\n\t\t\t\t<\/div>\n\t\t\t\t\t\t<\/div>\n\t\t\t\t<\/div>\n\t\t\t\t<\/div>\n\t\t\t\t\t<\/div>\n\t\t\t\t<\/div>\n\t\t\t\t<\/div>","protected":false},"excerpt":{"rendered":"<p>SEX DOLL CARE INSTRUCTIONS Keeping your sex doll clean and well maintained is the key to preserving the longevity of your new ultra-realistic sex doll. Here is a list of tips for maintaining the quality and life of your sex doll. Clean Your Sex Doll We recommend cleaning your doll directly after every use and [&hellip;]<\/p>\n","protected":false},"author":265871293,"featured_media":0,"parent":0,"menu_order":0,"comment_status":"closed","ping_status":"closed","template":"elementor_header_footer","meta":{"_acf_changed":false,"_crdt_document":"","advanced_seo_description":"","jetpack_seo_html_title":"","jetpack_seo_noindex":false,"footnotes":""},"class_list":["post-2535","page","type-page","status-publish","hentry"],"blocksy_meta":[],"acf":[],"jetpack_sharing_enabled":true,"jetpack_likes_enabled":true,"jetpack_shortlink":"https:\/\/wp.me\/Pgx3TK-ET","_links":{"self":[{"href":"https:\/\/dolls4desire.com\/de\/wp-json\/wp\/v2\/pages\/2535","targetHints":{"allow":["GET"]}}],"collection":[{"href":"https:\/\/dolls4desire.com\/de\/wp-json\/wp\/v2\/pages"}],"about":[{"href":"https:\/\/dolls4desire.com\/de\/wp-json\/wp\/v2\/types\/page"}],"author":[{"embeddable":true,"href":"https:\/\/dolls4desire.com\/de\/wp-json\/wp\/v2\/users\/265871293"}],"replies":[{"embeddable":true,"href":"https:\/\/dolls4desire.com\/de\/wp-json\/wp\/v2\/comments?post=2535"}],"version-history":[{"count":5,"href":"https:\/\/dolls4desire.com\/de\/wp-json\/wp\/v2\/pages\/2535\/revisions"}],"predecessor-version":[{"id":2993,"href":"https:\/\/dolls4desire.com\/de\/wp-json\/wp\/v2\/pages\/2535\/revisions\/2993"}],"wp:attachment":[{"href":"https:\/\/dolls4desire.com\/de\/wp-json\/wp\/v2\/media?parent=2535"}],"curies":[{"name":"wp","href":"https:\/\/api.w.org\/{rel}","templated":true}]}}