{"id":2524,"date":"2025-05-26T12:19:46","date_gmt":"2025-05-26T02:19:46","guid":{"rendered":"https:\/\/dolls4desire.com\/?page_id=2524"},"modified":"2025-05-27T18:40:40","modified_gmt":"2025-05-27T08:40:40","slug":"ratenzahlungsfinanzierung","status":"publish","type":"page","link":"https:\/\/dolls4desire.com\/de\/ratenzahlungsfinanzierung\/","title":{"rendered":"Ratenzahlung &amp; Finanzierung"},"content":{"rendered":"<div data-elementor-type=\"wp-page\" data-elementor-id=\"2524\" class=\"elementor elementor-2524\" data-elementor-post-type=\"page\">\n\t\t\t\t<div class=\"elementor-element elementor-element-ac6f9e3 e-flex e-con-boxed e-con e-parent\" data-id=\"ac6f9e3\" data-element_type=\"container\" data-e-type=\"container\">\n\t\t\t\t\t<div class=\"e-con-inner\">\n\t\t\t\t<div class=\"elementor-element elementor-element-fd8bb59 elementor-widget elementor-widget-heading\" data-id=\"fd8bb59\" data-element_type=\"widget\" data-e-type=\"widget\" data-widget_type=\"heading.default\">\n\t\t\t\t<div class=\"elementor-widget-container\">\n\t\t\t\t\t<h2 class=\"elementor-heading-title elementor-size-default\">Wie funktionieren Ratenzahlung und Finanzierung?\n<\/h2>\t\t\t\t<\/div>\n\t\t\t\t<\/div>\n\t\t\t\t<div class=\"elementor-element elementor-element-ceb2655 elementor-widget elementor-widget-image\" data-id=\"ceb2655\" data-element_type=\"widget\" data-e-type=\"widget\" data-widget_type=\"image.default\">\n\t\t\t\t<div class=\"elementor-widget-container\">\n\t\t\t\t\t\t\t\t\t\t\t\t\t\t\t<img fetchpriority=\"high\" decoding=\"async\" data-attachment-id=\"2945\" data-permalink=\"https:\/\/dolls4desire.com\/de\/ratenzahlungsfinanzierung\/160-210-12\/\" data-orig-file=\"https:\/\/dolls4desire.com\/wp-content\/uploads\/2025\/05\/160-210-12.png\" data-orig-size=\"1440,960\" data-comments-opened=\"1\" data-image-meta=\"{&quot;aperture&quot;:&quot;0&quot;,&quot;credit&quot;:&quot;&quot;,&quot;camera&quot;:&quot;&quot;,&quot;caption&quot;:&quot;&quot;,&quot;created_timestamp&quot;:&quot;0&quot;,&quot;copyright&quot;:&quot;&quot;,&quot;focal_length&quot;:&quot;0&quot;,&quot;iso&quot;:&quot;0&quot;,&quot;shutter_speed&quot;:&quot;0&quot;,&quot;title&quot;:&quot;&quot;,&quot;orientation&quot;:&quot;0&quot;}\" data-image-title=\"160-210 (12)\" data-image-description=\"\" data-image-caption=\"\" data-large-file=\"https:\/\/dolls4desire.com\/wp-content\/uploads\/2025\/05\/160-210-12-1024x683.png\" width=\"1440\" height=\"960\" src=\"https:\/\/dolls4desire.com\/wp-content\/uploads\/2025\/05\/160-210-12.png\" class=\"attachment-full size-full wp-image-2945\" alt=\"\" srcset=\"https:\/\/dolls4desire.com\/wp-content\/uploads\/2025\/05\/160-210-12.png 1440w, https:\/\/dolls4desire.com\/wp-content\/uploads\/2025\/05\/160-210-12-1000x667.png 1000w, https:\/\/dolls4desire.com\/wp-content\/uploads\/2025\/05\/160-210-12-300x200.png 300w, https:\/\/dolls4desire.com\/wp-content\/uploads\/2025\/05\/160-210-12-1024x683.png 1024w, https:\/\/dolls4desire.com\/wp-content\/uploads\/2025\/05\/160-210-12-768x512.png 768w, https:\/\/dolls4desire.com\/wp-content\/uploads\/2025\/05\/160-210-12-1320x880.png 1320w\" sizes=\"(max-width: 1440px) 100vw, 1440px\" \/>\t\t\t\t\t\t\t\t\t\t\t\t\t\t\t<\/div>\n\t\t\t\t<\/div>\n\t\t\t\t<div class=\"elementor-element elementor-element-ab8e9c2 elementor-widget elementor-widget-text-editor\" data-id=\"ab8e9c2\" data-element_type=\"widget\" data-e-type=\"widget\" data-widget_type=\"text-editor.default\">\n\t\t\t\t<div class=\"elementor-widget-container\">\n\t\t\t\t\t\t\t\t\t<div class=\"wpb_column vc_column_container vc_col-sm-8\"><div class=\"vc_column-inner\"><div class=\"wpb_wrapper\"><div class=\"wpb_text_column wpb_content_element\"><div class=\"wpb_wrapper\"><p>Mit der kontinuierlichen technologischen Entwicklung werden Ratenzahlungsoptionen immer beliebter und bequemer. Einige Unternehmen bieten sogar Online-Antr\u00e4ge und Echtzeit-Genehmigungen an, was Verbrauchern die Nutzung von Ratenzahlungen erleichtert. Deshalb sind Verbraucher zunehmend an Ratenzahlungen f\u00fcr Waren oder Dienstleistungen interessiert. Wir bei YourDoll wissen, wie wichtig es ist, unseren Kunden flexible Zahlungsm\u00f6glichkeiten anzubieten. Deshalb bieten wir drei verschiedene Zahlungsmethoden an, die auf unterschiedliche finanzielle Situationen zugeschnitten sind:\u00a0<strong>Klarna, PayPal-Guthaben und dolls4desire Layaway-Plan.<\/strong><\/p><\/div><\/div><\/div><\/div><\/div>\t\t\t\t\t\t\t\t<\/div>\n\t\t\t\t<\/div>\n\t\t\t\t\t<\/div>\n\t\t\t\t<\/div>\n\t\t<div class=\"elementor-element elementor-element-bdd2296 e-flex e-con-boxed e-con e-parent\" data-id=\"bdd2296\" data-element_type=\"container\" data-e-type=\"container\">\n\t\t\t\t\t<div class=\"e-con-inner\">\n\t\t<div class=\"elementor-element elementor-element-1ed7b7a flex-container e-flex e-con-boxed e-con e-child\" data-id=\"1ed7b7a\" data-element_type=\"container\" data-e-type=\"container\">\n\t\t\t\t\t<div class=\"e-con-inner\">\n\t\t<div class=\"elementor-element elementor-element-7593f23 e-con-full e-flex e-con e-child\" data-id=\"7593f23\" data-element_type=\"container\" data-e-type=\"container\">\n\t\t<div class=\"elementor-element elementor-element-7505c5b e-con-full e-flex e-con e-child\" data-id=\"7505c5b\" data-element_type=\"container\" data-e-type=\"container\">\n\t\t<div class=\"elementor-element elementor-element-572c227 e-grid e-con-full e-con e-child\" data-id=\"572c227\" data-element_type=\"container\" data-e-type=\"container\">\n\t\t\t\t<div class=\"elementor-element elementor-element-221de27 elementor-widget elementor-widget-icon-box\" data-id=\"221de27\" data-element_type=\"widget\" data-e-type=\"widget\" data-widget_type=\"icon-box.default\">\n\t\t\t\t<div class=\"elementor-widget-container\">\n\t\t\t\t\t\t\t<div class=\"elementor-icon-box-wrapper\">\n\n\t\t\t\n\t\t\t\t\t\t<div class=\"elementor-icon-box-content\">\n\n\t\t\t\t\t\t\t\t\t<h3 class=\"elementor-icon-box-title\">\n\t\t\t\t\t\t<span  >\n\t\t\t\t\t\t\tErschwinglichkeit\t\t\t\t\t\t<\/span>\n\t\t\t\t\t<\/h3>\n\t\t\t\t\n\t\t\t\t\t\t\t\t\t<p class=\"elementor-icon-box-description\">\n\t\t\t\t\t\tBei teuren Artikeln oder Dienstleistungen k\u00f6nnen Verbraucher m\u00f6glicherweise nicht den vollen Betrag im Voraus bezahlen. Durch die Nutzung von Ratenzahlungen k\u00f6nnen Verbraucher die Kosten \u00fcber einen bestimmten Zeitraum verteilen und so erschwinglicher gestalten.\t\t\t\t\t<\/p>\n\t\t\t\t\n\t\t\t<\/div>\n\t\t\t\n\t\t<\/div>\n\t\t\t\t\t\t<\/div>\n\t\t\t\t<\/div>\n\t\t\t\t<div class=\"elementor-element elementor-element-7c178a0 elementor-widget elementor-widget-icon-box\" data-id=\"7c178a0\" data-element_type=\"widget\" data-e-type=\"widget\" data-widget_type=\"icon-box.default\">\n\t\t\t\t<div class=\"elementor-widget-container\">\n\t\t\t\t\t\t\t<div class=\"elementor-icon-box-wrapper\">\n\n\t\t\t\n\t\t\t\t\t\t<div class=\"elementor-icon-box-content\">\n\n\t\t\t\t\t\t\t\t\t<h3 class=\"elementor-icon-box-title\">\n\t\t\t\t\t\t<span  >\n\t\t\t\t\t\t\tFlexibilit\u00e4t\t\t\t\t\t\t<\/span>\n\t\t\t\t\t<\/h3>\n\t\t\t\t\n\t\t\t\t\t\t\t\t\t<p class=\"elementor-icon-box-description\">\n\t\t\t\t\t\tRatenzahlungen bieten mehr Flexibilit\u00e4t. Verbraucher k\u00f6nnen einen Zahlungsplan w\u00e4hlen, der ihrer finanziellen Situation und ihren Bed\u00fcrfnissen entspricht, ohne eine zu gro\u00dfe finanzielle Belastung auf sich zu nehmen.\t\t\t\t\t<\/p>\n\t\t\t\t\n\t\t\t<\/div>\n\t\t\t\n\t\t<\/div>\n\t\t\t\t\t\t<\/div>\n\t\t\t\t<\/div>\n\t\t\t\t<div class=\"elementor-element elementor-element-65e8406 elementor-widget elementor-widget-icon-box\" data-id=\"65e8406\" data-element_type=\"widget\" data-e-type=\"widget\" data-widget_type=\"icon-box.default\">\n\t\t\t\t<div class=\"elementor-widget-container\">\n\t\t\t\t\t\t\t<div class=\"elementor-icon-box-wrapper\">\n\n\t\t\t\n\t\t\t\t\t\t<div class=\"elementor-icon-box-content\">\n\n\t\t\t\t\t\t\t\t\t<h3 class=\"elementor-icon-box-title\">\n\t\t\t\t\t\t<span  >\n\t\t\t\t\t\t\tBequemlichkeit\t\t\t\t\t\t<\/span>\n\t\t\t\t\t<\/h3>\n\t\t\t\t\n\t\t\t\t\t\t\t\t\t<p class=\"elementor-icon-box-description\">\n\t\t\t\t\t\tViele Ratenzahlungsoptionen sind online verf\u00fcgbar, was den Kaufprozess f\u00fcr Kunden bequemer machen kann. Sie k\u00f6nnen bequem von zu Hause aus eine Finanzierung beantragen und die Raten bezahlen.\t\t\t\t\t<\/p>\n\t\t\t\t\n\t\t\t<\/div>\n\t\t\t\n\t\t<\/div>\n\t\t\t\t\t\t<\/div>\n\t\t\t\t<\/div>\n\t\t\t\t<div class=\"elementor-element elementor-element-9547218 elementor-widget elementor-widget-icon-box\" data-id=\"9547218\" data-element_type=\"widget\" data-e-type=\"widget\" data-widget_type=\"icon-box.default\">\n\t\t\t\t<div class=\"elementor-widget-container\">\n\t\t\t\t\t\t\t<div class=\"elementor-icon-box-wrapper\">\n\n\t\t\t\n\t\t\t\t\t\t<div class=\"elementor-icon-box-content\">\n\n\t\t\t\t\t\t\t\t\t<h3 class=\"elementor-icon-box-title\">\n\t\t\t\t\t\t<span  >\n\t\t\t\t\t\t\tZinsfrei\t\t\t\t\t\t<\/span>\n\t\t\t\t\t<\/h3>\n\t\t\t\t\n\t\t\t\t\t\t\t\t\t<p class=\"elementor-icon-box-description\">\n\t\t\t\t\t\tRatenzahlungen sind oft mit h\u00f6heren Rabatten und Anreizen verbunden, die mehr Verbraucher anziehen k\u00f6nnen. Beispielsweise bieten einige Einzelh\u00e4ndler \u201ezinslose Finanzierungen\u201c oder andere Sonderangebote an, um Verbraucher zur Ratenzahlung zu ermutigen.\t\t\t\t\t<\/p>\n\t\t\t\t\n\t\t\t<\/div>\n\t\t\t\n\t\t<\/div>\n\t\t\t\t\t\t<\/div>\n\t\t\t\t<\/div>\n\t\t\t\t<\/div>\n\t\t\t\t<\/div>\n\t\t\t\t<\/div>\n\t\t\t\t\t<\/div>\n\t\t\t\t<\/div>\n\t\t\t\t\t<\/div>\n\t\t\t\t<\/div>\n\t\t<div class=\"elementor-element elementor-element-c753207 e-flex e-con-boxed e-con e-parent\" data-id=\"c753207\" data-element_type=\"container\" data-e-type=\"container\">\n\t\t\t\t\t<div class=\"e-con-inner\">\n\t\t\t\t<div class=\"elementor-element elementor-element-ea3e121 elementor-widget elementor-widget-heading\" data-id=\"ea3e121\" data-element_type=\"widget\" data-e-type=\"widget\" data-widget_type=\"heading.default\">\n\t\t\t\t<div class=\"elementor-widget-container\">\n\t\t\t\t\t<h2 class=\"elementor-heading-title elementor-size-default\">Klarna (nur USA und EU)\n<\/h2>\t\t\t\t<\/div>\n\t\t\t\t<\/div>\n\t\t\t\t<div class=\"elementor-element elementor-element-881e3b4 elementor-widget-divider--view-line elementor-widget elementor-widget-divider\" data-id=\"881e3b4\" data-element_type=\"widget\" data-e-type=\"widget\" data-widget_type=\"divider.default\">\n\t\t\t\t<div class=\"elementor-widget-container\">\n\t\t\t\t\t\t\t<div class=\"elementor-divider\">\n\t\t\t<span class=\"elementor-divider-separator\">\n\t\t\t\t\t\t<\/span>\n\t\t<\/div>\n\t\t\t\t\t\t<\/div>\n\t\t\t\t<\/div>\n\t\t<div class=\"elementor-element elementor-element-4f4a64b e-con-full e-flex e-con e-child\" data-id=\"4f4a64b\" data-element_type=\"container\" data-e-type=\"container\">\n\t\t<div class=\"elementor-element elementor-element-83629a1 e-con-full e-flex e-con e-child\" data-id=\"83629a1\" data-element_type=\"container\" data-e-type=\"container\">\n\t\t\t\t<div class=\"elementor-element elementor-element-3143d93 elementor-widget elementor-widget-text-editor\" data-id=\"3143d93\" data-element_type=\"widget\" data-e-type=\"widget\" data-widget_type=\"text-editor.default\">\n\t\t\t\t<div class=\"elementor-widget-container\">\n\t\t\t\t\t\t\t\t\t<p>Klarna ist ein Zahlungsanbieter, der zwei Hauptzahlungsoptionen anbietet: Ratenkauf und Finanzierung. Mit Ratenkauf k\u00f6nnen Kunden ihren Einkauf in vier gleiche Raten aufteilen. Die erste Rate erfolgt direkt beim Kauf und die restlichen drei Raten danach alle zwei Wochen. Mit der Finanzierung k\u00f6nnen Kunden ihre Zahlungen \u00fcber einen l\u00e4ngeren Zeitraum, in der Regel sechs bis sechsunddrei\u00dfig Monate, verteilen. Die Zinss\u00e4tze variieren dabei je nach Laufzeit des Ratenplans. Klarna bietet au\u00dferdem eine Reihe weiterer Zahlungsoptionen an, darunter einmalige Kartenzahlungen, Bank\u00fcberweisungen und mehr.<\/p><p><span dir=\"ltr\">*\u00a0<em dir=\"ltr\">Monatliche Finanzierung \u00fcber Klarna, herausgegeben von WebBank, Mitglied der FDIC. Andere Kredite f\u00fcr Einwohner von Kalifornien, die gem\u00e4\u00df<\/em><\/span><span dir=\"ltr\"><em dir=\"ltr\">t zu einer Lizenz des kalifornischen Finanzierungsgesetzes.<\/em><\/span><\/p>\t\t\t\t\t\t\t\t<\/div>\n\t\t\t\t<\/div>\n\t\t\t\t<\/div>\n\t\t<div class=\"elementor-element elementor-element-15b466d e-con-full e-flex e-con e-child\" data-id=\"15b466d\" data-element_type=\"container\" data-e-type=\"container\">\n\t\t\t\t<div class=\"elementor-element elementor-element-79b9c04 elementor-widget elementor-widget-image\" data-id=\"79b9c04\" data-element_type=\"widget\" data-e-type=\"widget\" data-widget_type=\"image.default\">\n\t\t\t\t<div class=\"elementor-widget-container\">\n\t\t\t\t\t\t\t\t\t\t\t\t\t\t\t<img decoding=\"async\" data-attachment-id=\"2965\" data-permalink=\"https:\/\/dolls4desire.com\/de\/ratenzahlungsfinanzierung\/klarna\/\" data-orig-file=\"https:\/\/dolls4desire.com\/wp-content\/uploads\/2025\/05\/Klarna.jpg\" data-orig-size=\"581,713\" data-comments-opened=\"1\" data-image-meta=\"{&quot;aperture&quot;:&quot;0&quot;,&quot;credit&quot;:&quot;&quot;,&quot;camera&quot;:&quot;&quot;,&quot;caption&quot;:&quot;&quot;,&quot;created_timestamp&quot;:&quot;0&quot;,&quot;copyright&quot;:&quot;&quot;,&quot;focal_length&quot;:&quot;0&quot;,&quot;iso&quot;:&quot;0&quot;,&quot;shutter_speed&quot;:&quot;0&quot;,&quot;title&quot;:&quot;&quot;,&quot;orientation&quot;:&quot;1&quot;}\" data-image-title=\"Klarna\" data-image-description=\"\" data-image-caption=\"\" data-large-file=\"https:\/\/dolls4desire.com\/wp-content\/uploads\/2025\/05\/Klarna.jpg\" width=\"581\" height=\"713\" src=\"https:\/\/dolls4desire.com\/wp-content\/uploads\/2025\/05\/Klarna.jpg\" class=\"attachment-large size-large wp-image-2965\" alt=\"\" srcset=\"https:\/\/dolls4desire.com\/wp-content\/uploads\/2025\/05\/Klarna.jpg 581w, https:\/\/dolls4desire.com\/wp-content\/uploads\/2025\/05\/Klarna-244x300.jpg 244w\" sizes=\"(max-width: 581px) 100vw, 581px\" \/>\t\t\t\t\t\t\t\t\t\t\t\t\t\t\t<\/div>\n\t\t\t\t<\/div>\n\t\t\t\t<\/div>\n\t\t\t\t<\/div>\n\t\t\t\t<div class=\"elementor-element elementor-element-c659e18 elementor-widget-divider--separator-type-pattern elementor-widget-divider--view-line elementor-widget elementor-widget-divider\" data-id=\"c659e18\" data-element_type=\"widget\" data-e-type=\"widget\" data-widget_type=\"divider.default\">\n\t\t\t\t<div class=\"elementor-widget-container\">\n\t\t\t\t\t\t\t<div class=\"elementor-divider\" style=\"--divider-pattern-url: url(&quot;data:image\/svg+xml,%3Csvg xmlns=&#039;http:\/\/www.w3.org\/2000\/svg&#039; preserveAspectRatio=&#039;none&#039; overflow=&#039;visible&#039; height=&#039;100%&#039; viewBox=&#039;0 0 24 24&#039; fill=&#039;none&#039; stroke=&#039;black&#039; stroke-width=&#039;4&#039; stroke-linecap=&#039;square&#039; stroke-miterlimit=&#039;10&#039;%3E%3Cpath d=&#039;M0,6c6,0,0.9,11.1,6.9,11.1S18,6,24,6&#039;\/%3E%3C\/svg%3E&quot;);\">\n\t\t\t<span class=\"elementor-divider-separator\">\n\t\t\t\t\t\t<\/span>\n\t\t<\/div>\n\t\t\t\t\t\t<\/div>\n\t\t\t\t<\/div>\n\t\t\t\t\t<\/div>\n\t\t\t\t<\/div>\n\t\t<div class=\"elementor-element elementor-element-adb14d9 e-flex e-con-boxed e-con e-parent\" data-id=\"adb14d9\" data-element_type=\"container\" data-e-type=\"container\">\n\t\t\t\t\t<div class=\"e-con-inner\">\n\t\t\t\t<div class=\"elementor-element elementor-element-e2888c3 elementor-widget elementor-widget-heading\" data-id=\"e2888c3\" data-element_type=\"widget\" data-e-type=\"widget\" data-widget_type=\"heading.default\">\n\t\t\t\t<div class=\"elementor-widget-container\">\n\t\t\t\t\t<h2 class=\"elementor-heading-title elementor-size-default\">PayPal Pay Later\n<\/h2>\t\t\t\t<\/div>\n\t\t\t\t<\/div>\n\t\t\t\t<div class=\"elementor-element elementor-element-0b5ec68 elementor-widget-divider--view-line elementor-widget elementor-widget-divider\" data-id=\"0b5ec68\" data-element_type=\"widget\" data-e-type=\"widget\" data-widget_type=\"divider.default\">\n\t\t\t\t<div class=\"elementor-widget-container\">\n\t\t\t\t\t\t\t<div class=\"elementor-divider\">\n\t\t\t<span class=\"elementor-divider-separator\">\n\t\t\t\t\t\t<\/span>\n\t\t<\/div>\n\t\t\t\t\t\t<\/div>\n\t\t\t\t<\/div>\n\t\t<div class=\"elementor-element elementor-element-0c6b35c e-con-full e-flex e-con e-child\" data-id=\"0c6b35c\" data-element_type=\"container\" data-e-type=\"container\">\n\t\t<div class=\"elementor-element elementor-element-f0784be e-con-full e-flex e-con e-child\" data-id=\"f0784be\" data-element_type=\"container\" data-e-type=\"container\">\n\t\t\t\t<div class=\"elementor-element elementor-element-12577dd elementor-widget elementor-widget-text-editor\" data-id=\"12577dd\" data-element_type=\"widget\" data-e-type=\"widget\" data-widget_type=\"text-editor.default\">\n\t\t\t\t<div class=\"elementor-widget-container\">\n\t\t\t\t\t\t\t\t\t<p>PayPal Later ist eine Zahlungsoption, mit der Kunden Eink\u00e4ufe sofort t\u00e4tigen und sp\u00e4ter bezahlen k\u00f6nnen. Es gibt zwei Hauptoptionen: \u201ePay in 4 Raten\u201c und \u201eMonatlich zahlen\u201c. Mit \u201ePay in 4 Raten\u201c k\u00f6nnen Kunden ihren Einkauf in vier zinslose Raten aufteilen, w\u00e4hrend sie mit \u201eMonatlich zahlen\u201c kleinere, monatliche Raten mit Zinsen \u00fcber einen l\u00e4ngeren Zeitraum leisten k\u00f6nnen. Der Kunde w\u00e4hlt beim Bezahlvorgang einfach die Option \u201ePayPal Later\u201c aus und folgt den Anweisungen, um den Kauf abzuschlie\u00dfen.<\/p>\t\t\t\t\t\t\t\t<\/div>\n\t\t\t\t<\/div>\n\t\t\t\t<\/div>\n\t\t<div class=\"elementor-element elementor-element-f7d0662 e-con-full e-flex e-con e-child\" data-id=\"f7d0662\" data-element_type=\"container\" data-e-type=\"container\">\n\t\t\t\t<div class=\"elementor-element elementor-element-46713b4 elementor-widget elementor-widget-image\" data-id=\"46713b4\" data-element_type=\"widget\" data-e-type=\"widget\" data-widget_type=\"image.default\">\n\t\t\t\t<div class=\"elementor-widget-container\">\n\t\t\t\t\t\t\t\t\t\t\t\t\t\t\t<img decoding=\"async\" data-attachment-id=\"2966\" data-permalink=\"https:\/\/dolls4desire.com\/de\/ratenzahlungsfinanzierung\/paypal-later\/\" data-orig-file=\"https:\/\/dolls4desire.com\/wp-content\/uploads\/2025\/05\/PayPal-Later.jpg\" data-orig-size=\"580,738\" data-comments-opened=\"1\" data-image-meta=\"{&quot;aperture&quot;:&quot;0&quot;,&quot;credit&quot;:&quot;&quot;,&quot;camera&quot;:&quot;&quot;,&quot;caption&quot;:&quot;&quot;,&quot;created_timestamp&quot;:&quot;0&quot;,&quot;copyright&quot;:&quot;&quot;,&quot;focal_length&quot;:&quot;0&quot;,&quot;iso&quot;:&quot;0&quot;,&quot;shutter_speed&quot;:&quot;0&quot;,&quot;title&quot;:&quot;&quot;,&quot;orientation&quot;:&quot;1&quot;}\" data-image-title=\"PayPal-Later\" data-image-description=\"\" data-image-caption=\"\" data-large-file=\"https:\/\/dolls4desire.com\/wp-content\/uploads\/2025\/05\/PayPal-Later.jpg\" width=\"580\" height=\"738\" src=\"https:\/\/dolls4desire.com\/wp-content\/uploads\/2025\/05\/PayPal-Later.jpg\" class=\"attachment-large size-large wp-image-2966\" alt=\"\" srcset=\"https:\/\/dolls4desire.com\/wp-content\/uploads\/2025\/05\/PayPal-Later.jpg 580w, https:\/\/dolls4desire.com\/wp-content\/uploads\/2025\/05\/PayPal-Later-236x300.jpg 236w\" sizes=\"(max-width: 580px) 100vw, 580px\" \/>\t\t\t\t\t\t\t\t\t\t\t\t\t\t\t<\/div>\n\t\t\t\t<\/div>\n\t\t\t\t<\/div>\n\t\t\t\t<\/div>\n\t\t\t\t\t<\/div>\n\t\t\t\t<\/div>\n\t\t\t\t<\/div>","protected":false},"excerpt":{"rendered":"<p>How Does Layaway &#038; Financing Work? &lt;img width=&#8221;1440&#8243; height=&#8221;960&#8243; src=&#8221;<a href=\"https:\/\/dolls4desire.com\/wp-content\/uploads\/2025\/05\/160-210-12.png&#038;#8221\">https:\/\/dolls4desire.com\/wp-content\/uploads\/2025\/05\/160-210-12.png&#038;#8221<\/a>; alt=&#8221;&#8221; srcset=&#8221;<a href=\"https:\/\/dolls4desire.com\/wp-content\/uploads\/2025\/05\/160-210-12.png\">https:\/\/dolls4desire.com\/wp-content\/uploads\/2025\/05\/160-210-12.png<\/a> 1440w, <a href=\"https:\/\/dolls4desire.com\/wp-content\/uploads\/2025\/05\/160-210-12-300&#215;200.png\">https:\/\/dolls4desire.com\/wp-content\/uploads\/2025\/05\/160-210-12-300&#215;200.png<\/a> 300w, <a href=\"https:\/\/dolls4desire.com\/wp-content\/uploads\/2025\/05\/160-210-12-1024&#215;683.png\">https:\/\/dolls4desire.com\/wp-content\/uploads\/2025\/05\/160-210-12-1024&#215;683.png<\/a> 1024w, <a href=\"https:\/\/dolls4desire.com\/wp-content\/uploads\/2025\/05\/160-210-12-768&#215;512.png\">https:\/\/dolls4desire.com\/wp-content\/uploads\/2025\/05\/160-210-12-768&#215;512.png<\/a> 768w, <a href=\"https:\/\/dolls4desire.com\/wp-content\/uploads\/2025\/05\/160-210-12-1320&#215;880.png\">https:\/\/dolls4desire.com\/wp-content\/uploads\/2025\/05\/160-210-12-1320&#215;880.png<\/a> 1320w, <a href=\"https:\/\/dolls4desire.com\/wp-content\/uploads\/2025\/05\/160-210-12-600&#215;400.png\">https:\/\/dolls4desire.com\/wp-content\/uploads\/2025\/05\/160-210-12-600&#215;400.png<\/a> 600w&#8221; sizes=&#8221;(max-width: 1440px) 100vw, 1440px&#8221; \/&gt; With the continuous development of technology, installment payment options are becoming more prevalent and convenient. Some companies even offer online applications and real-time approvals, making it easy [&hellip;]<\/p>\n","protected":false},"author":265871293,"featured_media":0,"parent":0,"menu_order":0,"comment_status":"closed","ping_status":"closed","template":"elementor_header_footer","meta":{"_acf_changed":false,"_crdt_document":"","advanced_seo_description":"","jetpack_seo_html_title":"","jetpack_seo_noindex":false,"footnotes":""},"class_list":["post-2524","page","type-page","status-publish","hentry"],"blocksy_meta":[],"acf":[],"jetpack_sharing_enabled":true,"jetpack_likes_enabled":true,"jetpack_shortlink":"https:\/\/wp.me\/Pgx3TK-EI","_links":{"self":[{"href":"https:\/\/dolls4desire.com\/de\/wp-json\/wp\/v2\/pages\/2524","targetHints":{"allow":["GET"]}}],"collection":[{"href":"https:\/\/dolls4desire.com\/de\/wp-json\/wp\/v2\/pages"}],"about":[{"href":"https:\/\/dolls4desire.com\/de\/wp-json\/wp\/v2\/types\/page"}],"author":[{"embeddable":true,"href":"https:\/\/dolls4desire.com\/de\/wp-json\/wp\/v2\/users\/265871293"}],"replies":[{"embeddable":true,"href":"https:\/\/dolls4desire.com\/de\/wp-json\/wp\/v2\/comments?post=2524"}],"version-history":[{"count":27,"href":"https:\/\/dolls4desire.com\/de\/wp-json\/wp\/v2\/pages\/2524\/revisions"}],"predecessor-version":[{"id":2978,"href":"https:\/\/dolls4desire.com\/de\/wp-json\/wp\/v2\/pages\/2524\/revisions\/2978"}],"wp:attachment":[{"href":"https:\/\/dolls4desire.com\/de\/wp-json\/wp\/v2\/media?parent=2524"}],"curies":[{"name":"wp","href":"https:\/\/api.w.org\/{rel}","templated":true}]}}