{"id":2522,"date":"2025-05-26T12:19:28","date_gmt":"2025-05-26T02:19:28","guid":{"rendered":"https:\/\/dolls4desire.com\/?page_id=2522"},"modified":"2025-05-27T17:57:16","modified_gmt":"2025-05-27T07:57:16","slug":"produktionsversand","status":"publish","type":"page","link":"https:\/\/dolls4desire.com\/de\/produktionsversand\/","title":{"rendered":"Produktion &amp; Versand"},"content":{"rendered":"<div data-elementor-type=\"wp-page\" data-elementor-id=\"2522\" class=\"elementor elementor-2522\" data-elementor-post-type=\"page\">\n\t\t\t\t<div class=\"elementor-element elementor-element-0012ad0 e-flex e-con-boxed e-con e-parent\" data-id=\"0012ad0\" data-element_type=\"container\" data-e-type=\"container\">\n\t\t\t\t\t<div class=\"e-con-inner\">\n\t\t\t\t<div class=\"elementor-element elementor-element-c3fe4b4 elementor-widget elementor-widget-heading\" data-id=\"c3fe4b4\" data-element_type=\"widget\" data-e-type=\"widget\" data-widget_type=\"heading.default\">\n\t\t\t\t<div class=\"elementor-widget-container\">\n\t\t\t\t\t<h2 class=\"elementor-heading-title elementor-size-default\">Produktion &amp; Versand<\/h2>\t\t\t\t<\/div>\n\t\t\t\t<\/div>\n\t\t\t\t<div class=\"elementor-element elementor-element-e0c51a4 elementor-widget-divider--view-line elementor-widget elementor-widget-divider\" data-id=\"e0c51a4\" data-element_type=\"widget\" data-e-type=\"widget\" data-widget_type=\"divider.default\">\n\t\t\t\t<div class=\"elementor-widget-container\">\n\t\t\t\t\t\t\t<div class=\"elementor-divider\">\n\t\t\t<span class=\"elementor-divider-separator\">\n\t\t\t\t\t\t<\/span>\n\t\t<\/div>\n\t\t\t\t\t\t<\/div>\n\t\t\t\t<\/div>\n\t\t\t\t<div class=\"elementor-element elementor-element-72185ea elementor-widget elementor-widget-text-editor\" data-id=\"72185ea\" data-element_type=\"widget\" data-e-type=\"widget\" data-widget_type=\"text-editor.default\">\n\t\t\t\t<div class=\"elementor-widget-container\">\n\t\t\t\t\t\t\t\t\t<p class=\"p1\"><span class=\"s1\">Bei <b>Puppen 4 Lust<\/b>Wir sind bestrebt, Ihre Bestellung schnell und sorgf\u00e4ltig auszuliefern. Wir bieten stolz <b>kostenloser weltweiter Versand<\/b> auf alle Bestellungen \u2013 kein Mindestbestellwert erforderlich.<\/span><\/p><p class=\"p2\"><span class=\"s1\"><b>\ud83c\udf0d Versandabdeckung<\/b><\/span><\/p><p class=\"p1\"><span class=\"s1\">Wir versenden nach <b>alle L\u00e4nder weltweit<\/b>Egal wo Sie sind, Ihre Lieblingspuppen kommen sicher bei Ihnen an.<\/span><\/p><p class=\"p2\"><span class=\"s1\"><b>\u2708\ufe0f Versandart<\/b><\/span><\/p><p class=\"p1\"><span class=\"s1\">Alle Bestellungen werden per <b>Luftverkehr<\/b> um eine zuverl\u00e4ssige und p\u00fcnktliche Lieferung zu gew\u00e4hrleisten.<\/span><\/p><p class=\"p2\"><span class=\"s1\"><b>\u23f1 Gesch\u00e4tzte Lieferzeit<\/b><\/span><\/p><ul class=\"ul1\"><li class=\"li1\"><b><\/b><span class=\"s1\"><b>Standardlieferzeit:<\/b> 10\u201314 <b>Werktagen<\/b><b><\/b><\/span><\/li><li class=\"li1\"><span class=\"s1\">Bitte beachten Sie: Werktage <b>nicht<\/b> Wochenenden oder Feiertage einschlie\u00dfen.<\/span><\/li><li class=\"li1\"><span class=\"s1\">Bearbeitungszeit: Bestellungen werden in der Regel innerhalb von <b>1\u20133 Werktage<\/b> nach Zahlungsbest\u00e4tigung.<\/span><\/li><\/ul><p class=\"p2\"><span class=\"s1\"><b>\ud83d\udd0d Auftragsverfolgung<\/b><\/span><\/p><p class=\"p1\"><span class=\"s1\">Sobald Ihre Bestellung versandt wurde, erhalten Sie eine Best\u00e4tigungs-E-Mail mit einer <b>Tracking-Nummer<\/b> um Ihren Lieferstatus in Echtzeit zu \u00fcberwachen.<\/span><\/p><p class=\"p2\"><span class=\"s1\"><b>\ud83d\udea8 Zoll- und Einfuhrgeb\u00fchren<\/b><\/span><\/p><p class=\"p1\"><span class=\"s1\">Internationale Sendungen unterliegen m\u00f6glicherweise Zollkontrollen und\/oder Einfuhrz\u00f6llen und -steuern, die vom Zielland festgelegt werden. Diese Geb\u00fchren gehen, falls zutreffend, zu Lasten des Kunden. Die meisten unserer Sendungen werden ohne zus\u00e4tzliche Geb\u00fchren abgefertigt, wir k\u00f6nnen dies jedoch nicht f\u00fcr jedes Land garantieren.<\/span><\/p><p class=\"p2\"><span class=\"s1\"><b>\ud83d\udce6 Versandverz\u00f6gerungen<\/b><\/span><\/p><p class=\"p1\"><span class=\"s1\">Obwohl wir uns um eine p\u00fcnktliche Lieferung bem\u00fchen, kann es aufgrund von Zollabfertigung, Flugpl\u00e4nen oder unvorhergesehenen globalen Ereignissen zu Verz\u00f6gerungen kommen. Wir danken Ihnen f\u00fcr Ihre Geduld und Ihr Verst\u00e4ndnis.<\/span><\/p><p class=\"p2\"><span class=\"s1\"><b>\ud83d\udcec Falsche oder unvollst\u00e4ndige Adresse<\/b><\/span><\/p><p class=\"p1\"><span class=\"s1\">Bitte \u00fcberpr\u00fcfen Sie Ihre Versanddaten, bevor Sie Ihre Bestellung best\u00e4tigen. Wir \u00fcbernehmen keine Verantwortung f\u00fcr Verz\u00f6gerungen oder Lieferausf\u00e4lle aufgrund falscher oder unvollst\u00e4ndiger Adressangaben des Kunden.<\/span><\/p>\t\t\t\t\t\t\t\t<\/div>\n\t\t\t\t<\/div>\n\t\t\t\t\t<\/div>\n\t\t\t\t<\/div>\n\t\t<div class=\"elementor-element elementor-element-ace0bbb e-flex e-con-boxed e-con e-parent\" data-id=\"ace0bbb\" data-element_type=\"container\" data-e-type=\"container\">\n\t\t\t\t\t<div class=\"e-con-inner\">\n\t\t\t\t<div class=\"elementor-element elementor-element-96d793f elementor-widget-divider--view-line elementor-widget elementor-widget-divider\" data-id=\"96d793f\" data-element_type=\"widget\" data-e-type=\"widget\" data-widget_type=\"divider.default\">\n\t\t\t\t<div class=\"elementor-widget-container\">\n\t\t\t\t\t\t\t<div class=\"elementor-divider\">\n\t\t\t<span class=\"elementor-divider-separator\">\n\t\t\t\t\t\t<\/span>\n\t\t<\/div>\n\t\t\t\t\t\t<\/div>\n\t\t\t\t<\/div>\n\t\t\t\t<div class=\"elementor-element elementor-element-59a4130 elementor-widget elementor-widget-heading\" data-id=\"59a4130\" data-element_type=\"widget\" data-e-type=\"widget\" data-widget_type=\"heading.default\">\n\t\t\t\t<div class=\"elementor-widget-container\">\n\t\t\t\t\t<h2 class=\"elementor-heading-title elementor-size-default\">BRAUCHEN SIE HILFE?<\/h2>\t\t\t\t<\/div>\n\t\t\t\t<\/div>\n\t\t\t\t<div class=\"elementor-element elementor-element-592ea95 elementor-align-center elementor-widget elementor-widget-button\" data-id=\"592ea95\" data-element_type=\"widget\" data-e-type=\"widget\" data-widget_type=\"button.default\">\n\t\t\t\t<div class=\"elementor-widget-container\">\n\t\t\t\t\t\t\t\t\t<div class=\"elementor-button-wrapper\">\n\t\t\t\t\t<a class=\"elementor-button elementor-button-link elementor-size-sm\" href=\"https:\/\/dolls4desire.com\/de\/kontaktieren-sie-uns\/\">\n\t\t\t\t\t\t<span class=\"elementor-button-content-wrapper\">\n\t\t\t\t\t\t\t\t\t<span class=\"elementor-button-text\">KONTAKTIEREN SIE UNS<\/span>\n\t\t\t\t\t<\/span>\n\t\t\t\t\t<\/a>\n\t\t\t\t<\/div>\n\t\t\t\t\t\t\t\t<\/div>\n\t\t\t\t<\/div>\n\t\t\t\t\t<\/div>\n\t\t\t\t<\/div>\n\t\t\t\t<\/div>","protected":false},"excerpt":{"rendered":"<p>Production &#038; Shipping At &lt;b&gt;Dolls 4 Desire&lt;\/b&gt;, we\u2019re committed to delivering your order with speed and care. We proudly offer &lt;b&gt;free worldwide shipping&lt;\/b&gt; on all orders\u2014no minimum purchase required. \ud83c\udf0d Shipping Coverage We ship to all countries worldwide. No matter where you are, your favorite dolls will reach you safely. \u2708\ufe0f Shipping Method All orders [&hellip;]<\/p>\n","protected":false},"author":265871293,"featured_media":0,"parent":0,"menu_order":0,"comment_status":"closed","ping_status":"closed","template":"elementor_header_footer","meta":{"_acf_changed":false,"_crdt_document":"","advanced_seo_description":"","jetpack_seo_html_title":"","jetpack_seo_noindex":false,"footnotes":""},"class_list":["post-2522","page","type-page","status-publish","hentry"],"blocksy_meta":[],"acf":[],"jetpack_sharing_enabled":true,"jetpack_likes_enabled":true,"jetpack_shortlink":"https:\/\/wp.me\/Pgx3TK-EG","_links":{"self":[{"href":"https:\/\/dolls4desire.com\/de\/wp-json\/wp\/v2\/pages\/2522","targetHints":{"allow":["GET"]}}],"collection":[{"href":"https:\/\/dolls4desire.com\/de\/wp-json\/wp\/v2\/pages"}],"about":[{"href":"https:\/\/dolls4desire.com\/de\/wp-json\/wp\/v2\/types\/page"}],"author":[{"embeddable":true,"href":"https:\/\/dolls4desire.com\/de\/wp-json\/wp\/v2\/users\/265871293"}],"replies":[{"embeddable":true,"href":"https:\/\/dolls4desire.com\/de\/wp-json\/wp\/v2\/comments?post=2522"}],"version-history":[{"count":11,"href":"https:\/\/dolls4desire.com\/de\/wp-json\/wp\/v2\/pages\/2522\/revisions"}],"predecessor-version":[{"id":2942,"href":"https:\/\/dolls4desire.com\/de\/wp-json\/wp\/v2\/pages\/2522\/revisions\/2942"}],"wp:attachment":[{"href":"https:\/\/dolls4desire.com\/de\/wp-json\/wp\/v2\/media?parent=2522"}],"curies":[{"name":"wp","href":"https:\/\/api.w.org\/{rel}","templated":true}]}}