{"id":2500,"date":"2025-05-26T12:15:51","date_gmt":"2025-05-26T02:15:51","guid":{"rendered":"https:\/\/dolls4desire.com\/?page_id=2500"},"modified":"2025-05-27T00:43:32","modified_gmt":"2025-05-26T14:43:32","slug":"geld-zuruck-garantie","status":"publish","type":"page","link":"https:\/\/dolls4desire.com\/de\/geld-zuruck-garantie\/","title":{"rendered":"Geld-Zur\u00fcck-Garantie"},"content":{"rendered":"<div data-elementor-type=\"wp-page\" data-elementor-id=\"2500\" class=\"elementor elementor-2500\" data-elementor-post-type=\"page\">\n\t\t\t\t<div class=\"elementor-element elementor-element-30f34de e-flex e-con-boxed e-con e-parent\" data-id=\"30f34de\" data-element_type=\"container\" data-e-type=\"container\">\n\t\t\t\t\t<div class=\"e-con-inner\">\n\t\t\t\t<div class=\"elementor-element elementor-element-c8bbd93 elementor-widget elementor-widget-heading\" data-id=\"c8bbd93\" data-element_type=\"widget\" data-e-type=\"widget\" data-widget_type=\"heading.default\">\n\t\t\t\t<div class=\"elementor-widget-container\">\n\t\t\t\t\t<h2 class=\"elementor-heading-title elementor-size-default\">GELD-ZUR\u00dcCK-GARANTIE\n<\/h2>\t\t\t\t<\/div>\n\t\t\t\t<\/div>\n\t\t\t\t<div class=\"elementor-element elementor-element-8abbb2e elementor-widget-divider--view-line elementor-widget elementor-widget-divider\" data-id=\"8abbb2e\" data-element_type=\"widget\" data-e-type=\"widget\" data-widget_type=\"divider.default\">\n\t\t\t\t<div class=\"elementor-widget-container\">\n\t\t\t\t\t\t\t<div class=\"elementor-divider\">\n\t\t\t<span class=\"elementor-divider-separator\">\n\t\t\t\t\t\t<\/span>\n\t\t<\/div>\n\t\t\t\t\t\t<\/div>\n\t\t\t\t<\/div>\n\t\t\t\t<div class=\"elementor-element elementor-element-f9a1617 elementor-widget elementor-widget-text-editor\" data-id=\"f9a1617\" data-element_type=\"widget\" data-e-type=\"widget\" data-widget_type=\"text-editor.default\">\n\t\t\t\t<div class=\"elementor-widget-container\">\n\t\t\t\t\t\t\t\t\t<div class=\"vc_row wpb_row vc_row-fluid\"><div class=\"wpb_column vc_column_container vc_col-sm-12\"><div class=\"vc_column-inner\"><div class=\"wpb_wrapper\"><div class=\"wpb_text_column wpb_content_element\"><div class=\"wpb_wrapper\"><div class=\"vc_row wpb_row vc_row-fluid\"><div class=\"wpb_column vc_column_container vc_col-sm-12\"><div class=\"vc_column-inner\"><div class=\"wpb_wrapper\"><div class=\"wpb_text_column wpb_content_element\"><div class=\"wpb_wrapper\"><p>Bei <strong>Dolls4desire<\/strong>Wir sind \u00fcberzeugt von der Bereitstellung hochwertiger Sexpuppen und Dienstleistungen, die die Bed\u00fcrfnisse unserer Kunden erf\u00fcllen und ihre Erwartungen \u00fcbertreffen. Wir verstehen, dass manchmal nicht alles nach Plan l\u00e4uft. Deshalb bieten wir auf alle unsere Produkte eine 100%ige Zufriedenheitsgarantie. Wir sind von der Qualit\u00e4t unserer Produkte \u00fcberzeugt und m\u00f6chten, dass Sie sich bei Ihrem Kauf sicher f\u00fchlen. Dank unserer Geld-zur\u00fcck-Garantie k\u00f6nnen Sie beruhigt einkaufen. Sollten Sie mit Ihrem Kauf nicht vollst\u00e4ndig zufrieden sein, k\u00f6nnen Sie ihn gegen volle R\u00fcckerstattung zur\u00fcckgeben. Vielen Dank, dass Sie sich f\u00fcr unser Unternehmen entschieden haben und uns vertrauen, Ihnen die bestm\u00f6glichen Produkte und Dienstleistungen zu bieten.<\/p><\/div><\/div><\/div><\/div><\/div><\/div><\/div><\/div><\/div><\/div><\/div><\/div>\t\t\t\t\t\t\t\t<\/div>\n\t\t\t\t<\/div>\n\t\t\t\t\t<\/div>\n\t\t\t\t<\/div>\n\t\t<div class=\"elementor-element elementor-element-6675abb e-flex e-con-boxed e-con e-parent\" data-id=\"6675abb\" data-element_type=\"container\" data-e-type=\"container\">\n\t\t\t\t\t<div class=\"e-con-inner\">\n\t\t\t\t<div class=\"elementor-element elementor-element-a522f3f elementor-widget elementor-widget-heading\" data-id=\"a522f3f\" data-element_type=\"widget\" data-e-type=\"widget\" data-widget_type=\"heading.default\">\n\t\t\t\t<div class=\"elementor-widget-container\">\n\t\t\t\t\t<h2 class=\"elementor-heading-title elementor-size-default\">\nWas garantieren wir?\n<\/h2>\t\t\t\t<\/div>\n\t\t\t\t<\/div>\n\t\t\t\t<div class=\"elementor-element elementor-element-8bb4d09 elementor-widget-divider--view-line elementor-widget elementor-widget-divider\" data-id=\"8bb4d09\" data-element_type=\"widget\" data-e-type=\"widget\" data-widget_type=\"divider.default\">\n\t\t\t\t<div class=\"elementor-widget-container\">\n\t\t\t\t\t\t\t<div class=\"elementor-divider\">\n\t\t\t<span class=\"elementor-divider-separator\">\n\t\t\t\t\t\t<\/span>\n\t\t<\/div>\n\t\t\t\t\t\t<\/div>\n\t\t\t\t<\/div>\n\t\t\t\t<div class=\"elementor-element elementor-element-55dedaf elementor-widget elementor-widget-text-editor\" data-id=\"55dedaf\" data-element_type=\"widget\" data-e-type=\"widget\" data-widget_type=\"text-editor.default\">\n\t\t\t\t<div class=\"elementor-widget-container\">\n\t\t\t\t\t\t\t\t\t<p><strong>Authentische Garantie<\/strong><br \/>Alle Puppen bei <strong>Dolls4desire<\/strong>.com sind 100% authentisch. Wir sind ein gepr\u00fcfter offizieller Sexpuppenlieferant\/-vertrieb vieler namhafter Hersteller und berechtigt, Sexpuppen weltweit zu importieren. Klicken Sie hier, um unsere Autorisierungszertifikate anzuzeigen.<\/p><p><strong>Garantiert neu und in einwandfreiem Zustand<\/strong><br \/>Alle Sexpuppen kommen in neuem und originalem Zustand an, funktionieren einwandfrei und entsprechen genau der Beschreibung\/Abbildung auf der Website.<\/p><p><strong>Qualit\u00e4tskontrolle<\/strong><br \/>Wir haben ein strenges Qualit\u00e4tskontrollsystem etabliert. Jede Puppe wird gr\u00fcndlich gepr\u00fcft und getestet, bevor sie unser Studio verl\u00e4sst. Wir verwenden eine sichere, datenschutzfreundliche Verpackung und garantieren die Logistik. Wir f\u00fchren vor dem Versand eine Qualit\u00e4tskontrolle Ihrer Puppen durch. Daher sind Sch\u00e4den oder M\u00e4ngel an Ihren Puppen unwahrscheinlich.<\/p><p><strong>100% Zufriedenheit<\/strong><br \/>Mit erstklassigem 5-Sterne-Service und als branchenf\u00fchrender H\u00e4ndler von \u00fcber 40 Puppenmarken ist YourDoll stets der beste Shop f\u00fcr hochwertige Sexpuppen in den USA. Wir bieten Fabrikfotos, um sicherzustellen, dass Sie vor dem Versand mit allen Details zufrieden sind. Sollte Ihre Puppe nach Erhalt fehlerhaft sein (Defekte oder falsche Lieferung), beheben wir das Problem oder ersetzen sie.<\/p>\t\t\t\t\t\t\t\t<\/div>\n\t\t\t\t<\/div>\n\t\t\t\t\t<\/div>\n\t\t\t\t<\/div>\n\t\t<div class=\"elementor-element elementor-element-0389339 e-flex e-con-boxed e-con e-parent\" data-id=\"0389339\" data-element_type=\"container\" data-e-type=\"container\">\n\t\t\t\t\t<div class=\"e-con-inner\">\n\t\t\t\t<div class=\"elementor-element elementor-element-dbc49a9 elementor-widget elementor-widget-heading\" data-id=\"dbc49a9\" data-element_type=\"widget\" data-e-type=\"widget\" data-widget_type=\"heading.default\">\n\t\t\t\t<div class=\"elementor-widget-container\">\n\t\t\t\t\t<h2 class=\"elementor-heading-title elementor-size-default\">Wie funktioniert die Geld-zur\u00fcck-Garantie?\n<\/h2>\t\t\t\t<\/div>\n\t\t\t\t<\/div>\n\t\t\t\t<div class=\"elementor-element elementor-element-5d49010 elementor-widget-divider--view-line elementor-widget elementor-widget-divider\" data-id=\"5d49010\" data-element_type=\"widget\" data-e-type=\"widget\" data-widget_type=\"divider.default\">\n\t\t\t\t<div class=\"elementor-widget-container\">\n\t\t\t\t\t\t\t<div class=\"elementor-divider\">\n\t\t\t<span class=\"elementor-divider-separator\">\n\t\t\t\t\t\t<\/span>\n\t\t<\/div>\n\t\t\t\t\t\t<\/div>\n\t\t\t\t<\/div>\n\t\t\t\t<div class=\"elementor-element elementor-element-d768c0a elementor-widget elementor-widget-text-editor\" data-id=\"d768c0a\" data-element_type=\"widget\" data-e-type=\"widget\" data-widget_type=\"text-editor.default\">\n\t\t\t\t<div class=\"elementor-widget-container\">\n\t\t\t\t\t\t\t\t\t<p>Nach Erhalt Ihrer Puppe ist es wichtig, sie gr\u00fcndlich von Kopf bis Fu\u00df zu untersuchen und Fotos oder Videos vom Auspacken zu machen. Bitte verwenden Sie die Puppe erst, wenn Sie die Inspektion abgeschlossen und sichergestellt haben, dass sie in einwandfreiem Zustand ist.<\/p><p>Sollten Sie feststellen, dass Ihre Puppe besch\u00e4digt ist oder erheblich von der Beschreibung abweicht, kontaktieren Sie bitte umgehend unser Support-Team und teilen Sie uns m\u00f6glichst viele Details mit, einschlie\u00dflich klarer Fotos und Videos. Unser Team wird mit Ihnen zusammenarbeiten, um das Problem zu diagnostizieren und Ihnen eine entsprechende Entsch\u00e4digung zu gew\u00e4hren. Dies kann Folgendes umfassen:\u00a0<strong>Ersatz, teilweise R\u00fcckerstattung oder vollst\u00e4ndige R\u00fcckerstattung<\/strong>, abh\u00e4ngig vom Grad der Besch\u00e4digung der Puppe.<\/p><ul><li><strong>Falsche Puppen:<\/strong>\u00a0Wenn Sie die Puppe erhalten und feststellen, dass sie v\u00f6llig anders aussieht als auf den Werksfotos oder auf der Website, zeigen Sie uns einfach ein Unboxing-Video (mit dem gesamten K\u00f6rper, dem Kopf, dem Versandetikett und der \u00e4u\u00dferen Verpackung). Wir melden uns bei unserem Werk und dem Spediteur und organisieren einen neuen Ersatz f\u00fcr Sie.<\/li><li><strong>Besch\u00e4digte Puppen:<\/strong>\u00a0Bei schweren Besch\u00e4digungen sollten Sie nach Erhalt Ihres Pakets eine Reklamation beim Spediteur einreichen. Je nach Schwere des Schadens wird ein Ersatzartikel bereitgestellt. Bei leichten Sch\u00e4den stellen wir Ihnen alle notwendigen Reparatursets zur Verf\u00fcgung.<\/li><li><strong>Fehlendes Paket:<\/strong>\u00a0Wenn die Sendungsnummer anzeigt, dass Ihr Paket zugestellt wurde, Sie aber nichts erhalten haben, rufen Sie UPS\/FedEx umgehend an und melden Sie die Reklamation. F\u00fcr die meisten Pakete bieten wir vorsichtshalber eine Unterschrift durch einen Erwachsenen an (Ausnahmen sind m\u00f6glich).<\/li><\/ul>\t\t\t\t\t\t\t\t<\/div>\n\t\t\t\t<\/div>\n\t\t\t\t\t<\/div>\n\t\t\t\t<\/div>\n\t\t<div class=\"elementor-element elementor-element-f2e1a00 e-flex e-con-boxed e-con e-parent\" data-id=\"f2e1a00\" data-element_type=\"container\" data-e-type=\"container\">\n\t\t\t\t\t<div class=\"e-con-inner\">\n\t\t\t\t<div class=\"elementor-element elementor-element-32e7679 elementor-widget elementor-widget-heading\" data-id=\"32e7679\" data-element_type=\"widget\" data-e-type=\"widget\" data-widget_type=\"heading.default\">\n\t\t\t\t<div class=\"elementor-widget-container\">\n\t\t\t\t\t<h2 class=\"elementor-heading-title elementor-size-default\">Was ist nicht durch die Geld-zur\u00fcck-Garantie abgedeckt?\n<\/h2>\t\t\t\t<\/div>\n\t\t\t\t<\/div>\n\t\t\t\t<div class=\"elementor-element elementor-element-a70724c elementor-widget-divider--view-line elementor-widget elementor-widget-divider\" data-id=\"a70724c\" data-element_type=\"widget\" data-e-type=\"widget\" data-widget_type=\"divider.default\">\n\t\t\t\t<div class=\"elementor-widget-container\">\n\t\t\t\t\t\t\t<div class=\"elementor-divider\">\n\t\t\t<span class=\"elementor-divider-separator\">\n\t\t\t\t\t\t<\/span>\n\t\t<\/div>\n\t\t\t\t\t\t<\/div>\n\t\t\t\t<\/div>\n\t\t\t\t<div class=\"elementor-element elementor-element-fb3090d elementor-widget elementor-widget-text-editor\" data-id=\"fb3090d\" data-element_type=\"widget\" data-e-type=\"widget\" data-widget_type=\"text-editor.default\">\n\t\t\t\t<div class=\"elementor-widget-container\">\n\t\t\t\t\t\t\t\t\t<div class=\"wpb_text_column wpb_content_element\"><div class=\"wpb_wrapper\"><p><strong>Kleine Sch\u00f6nheitsfehler<\/strong><br \/>Kleinere M\u00e4ngel gelten nicht als Sch\u00e4den und sind nicht durch unsere Geld-zur\u00fcck-Garantie abgedeckt. Zu den kleinen Sch\u00f6nheitsfehlern z\u00e4hlen Hautunreinheiten, Kratzer, Flecken, Einkerbungen, Dellen, Mikroschnitte, geringf\u00fcgige Ver\u00e4nderungen der Hautoberfl\u00e4che, lose oder fehlende Finger-\/Zehenn\u00e4gel, lose oder fehlende Wimpern sowie geringf\u00fcgige Unterschiede und Unstimmigkeiten im Gesichts- und\/oder K\u00f6rper-Make-up. Diese Sch\u00f6nheitsfehler k\u00f6nnen gem\u00e4\u00df den Empfehlungen von dolls4desire behoben werden.<\/p><ul><li>Finger- und Fu\u00dfn\u00e4gel \u2013 Die N\u00e4gel der Puppen k\u00f6nnen sich w\u00e4hrend des Versands oder nach Erhalt des Pakets l\u00f6sen, da wir nur leichten Kleber verwenden, um sicherzustellen, dass die N\u00e4gel vom K\u00e4ufer entfernt werden k\u00f6nnen. Sollte ein Nagel abfallen, befestigen Sie ihn einfach mit unserem Wimpern- und Nagelkleber wieder.<\/li><li>Lose Wimpern \u2013 Eine sch\u00fctzende Augenmaske (schwammartig) wird am Gesicht der Puppe befestigt, um ihre Augen zu sch\u00fctzen. Selbst wenn die Wimpern abfallen, k\u00f6nnen Sie sie mit unserem Wimpern- und Nagelkleber selbst wieder anbringen.<\/li><li>Kleinere Hautunreinheiten und leichte Ver\u00e4nderungen der Hautoberfl\u00e4che, die durch den Herstellungsprozess verursacht werden (wie z. B. Injektionsstellen und Formnahtlinien, Narben auf der Oberseite von Silikonk\u00f6pfen usw.), gelten nicht als M\u00e4ngel und sind nicht durch unsere Geld-zur\u00fcck-Garantie abgedeckt.<\/li><li>Kleinere Sch\u00e4den, die durch den Kurierdienst\/Versand verursacht wurden, wie z. B. leichte Hautabsch\u00fcrfungen, ein verbogener Hals usw., lassen sich leicht reparieren. YourDoll bietet Unterst\u00fctzung und Reparaturwerkzeuge an. Kunden sollten angemessene Reparaturversuche basierend auf den Empfehlungen von YourDoll unternehmen.<\/li><\/ul><\/div><\/div><div class=\"vc_empty_space\">\u00a0<\/div><div class=\"wpb_text_column wpb_content_element\"><div class=\"wpb_wrapper\"><p><strong>Handgefertigt<\/strong><br \/>Alle Sexpuppen hier sind handgefertigt. Daher ist jede Puppe ein Unikat und weist leichte Unterschiede auf. Sie erhalten Fotos Ihrer Puppe, bevor sie das Werk verl\u00e4sst. Sollten die Details erheblich von Ihren Erwartungen abweichen, korrigieren wir diese auf Wunsch, bevor die Puppe die Werkstatt verl\u00e4sst. Bitte stellen Sie sicher, dass unsere E-Mail-Adresse (bin.wang@Me.com) nicht blockiert ist, um unsere E-Mail-Informationen rechtzeitig zu erhalten.<\/p><ul><li>Das Gesichts-Make-up, die Warzenhoffarbe, die Vaginafarbe usw. der Puppe k\u00f6nnen aufgrund unterschiedlicher Bildschirmdarstellungen oder manueller Make-up-Erstellung leicht abweichen. Dies ist zul\u00e4ssig. Wir haben uns bem\u00fcht, das Make-up des Fotografen auf dem Bild nachzubilden. Es kann jedoch nicht garantiert werden, dass es mit 100% \u00fcbereinstimmt.<\/li><li>Bitte rechnen Sie aufgrund manueller Messung mit einer geringf\u00fcgigen Abweichung von 1\u20133 cm.<\/li><\/ul><\/div><\/div><div class=\"vc_empty_space\">\u00a0<\/div><div class=\"wpb_text_column wpb_content_element\"><div class=\"wpb_wrapper\"><p><strong>Heizen und St\u00f6hnen<\/strong><br \/>Einige Hersteller \u00fcbernehmen dies nicht. Wir empfehlen daher den Kauf einer Heizdecke anstelle einer Heizoption. Bitte stellen Sie sicher, dass die Heiz- und St\u00f6hnfunktion bei Erhalt Ihrer Puppe einwandfrei funktioniert. Wir \u00fcbernehmen dies nicht, wenn die Verbindung w\u00e4hrend der Benutzung unterbrochen wird.<\/p><\/div><\/div><div class=\"vc_empty_space\">\u00a0<\/div><div class=\"wpb_text_column wpb_content_element\"><div class=\"wpb_wrapper\"><p><strong>Benutzersch\u00e4den<\/strong><br \/>Sch\u00e4den durch den Benutzer \u2013 Alle Puppen werden vor dem Versand einer Qualit\u00e4tskontrolle unterzogen. Bitte seien Sie beim Gebrauch der Puppe vorsichtig. Sollten nach Einreichung eines Schadensberichts Sch\u00e4den vermutet werden, die durch unsachgem\u00e4\u00dfe Handhabung oder Fahrl\u00e4ssigkeit des Kunden verursacht wurden, erlischt der Garantieanspruch. Dies gilt beispielsweise f\u00fcr \u00dcberdehnungen der Gliedma\u00dfen, Skelettbr\u00fcche und Risse in der \u00d6ffnung. Wir behalten uns das Recht vor, die Puppe zu \u00fcberpr\u00fcfen und die Schadensursache anhand aller bereitgestellten Informationen zu ermitteln. Die endg\u00fcltige Entscheidung liegt im alleinigen Ermessen von dolls4desire.<\/p><\/div><\/div><div class=\"vc_empty_space\">\u00a0<\/div><div class=\"wpb_text_column wpb_content_element\"><div class=\"wpb_wrapper\"><p><strong>Gebrauchte Puppen<\/strong><br \/>Sexpuppen sind \u00e4u\u00dferst pers\u00f6nliche Produkte. F\u00fcr gebrauchte Puppen besteht kein Garantieanspruch. Wir bem\u00fchen uns jedoch, Ihnen eine L\u00f6sung zu empfehlen.<\/p><\/div><\/div>\t\t\t\t\t\t\t\t<\/div>\n\t\t\t\t<\/div>\n\t\t\t\t\t<\/div>\n\t\t\t\t<\/div>\n\t\t<div class=\"elementor-element elementor-element-e2270f0 e-flex e-con-boxed e-con e-parent\" data-id=\"e2270f0\" data-element_type=\"container\" data-e-type=\"container\">\n\t\t\t\t\t<div class=\"e-con-inner\">\n\t\t\t\t<div class=\"elementor-element elementor-element-6ac1e42 elementor-widget-divider--view-line elementor-widget elementor-widget-divider\" data-id=\"6ac1e42\" data-element_type=\"widget\" data-e-type=\"widget\" data-widget_type=\"divider.default\">\n\t\t\t\t<div class=\"elementor-widget-container\">\n\t\t\t\t\t\t\t<div class=\"elementor-divider\">\n\t\t\t<span class=\"elementor-divider-separator\">\n\t\t\t\t\t\t<\/span>\n\t\t<\/div>\n\t\t\t\t\t\t<\/div>\n\t\t\t\t<\/div>\n\t\t\t\t<div class=\"elementor-element elementor-element-1c68392 elementor-widget elementor-widget-heading\" data-id=\"1c68392\" data-element_type=\"widget\" data-e-type=\"widget\" data-widget_type=\"heading.default\">\n\t\t\t\t<div class=\"elementor-widget-container\">\n\t\t\t\t\t<h2 class=\"elementor-heading-title elementor-size-default\">BRAUCHEN SIE HILFE?<\/h2>\t\t\t\t<\/div>\n\t\t\t\t<\/div>\n\t\t\t\t<div class=\"elementor-element elementor-element-5f52e85 elementor-align-center elementor-widget elementor-widget-button\" data-id=\"5f52e85\" data-element_type=\"widget\" data-e-type=\"widget\" data-widget_type=\"button.default\">\n\t\t\t\t<div class=\"elementor-widget-container\">\n\t\t\t\t\t\t\t\t\t<div class=\"elementor-button-wrapper\">\n\t\t\t\t\t<a class=\"elementor-button elementor-button-link elementor-size-sm\" href=\"https:\/\/dolls4desire.com\/de\/kontaktieren-sie-uns\/\">\n\t\t\t\t\t\t<span class=\"elementor-button-content-wrapper\">\n\t\t\t\t\t\t\t\t\t<span class=\"elementor-button-text\">KONTAKTIEREN SIE UNS<\/span>\n\t\t\t\t\t<\/span>\n\t\t\t\t\t<\/a>\n\t\t\t\t<\/div>\n\t\t\t\t\t\t\t\t<\/div>\n\t\t\t\t<\/div>\n\t\t\t\t\t<\/div>\n\t\t\t\t<\/div>\n\t\t\t\t<\/div>","protected":false},"excerpt":{"rendered":"<p>MONEY-BACK GUARANTEE At &lt;strong&gt;Dolls4desire&lt;\/strong&gt;, we believe in providing high-quality sex dolls and services that meet our customer\u2019s needs and exceed their expectations. We understand that sometimes things may not go as planned, which is why we offer a 100% satisfaction guarantee on all of our products. We are confident in the quality of our products [&hellip;]<\/p>\n","protected":false},"author":265871293,"featured_media":0,"parent":0,"menu_order":0,"comment_status":"closed","ping_status":"closed","template":"","meta":{"_acf_changed":false,"_crdt_document":"","advanced_seo_description":"","jetpack_seo_html_title":"","jetpack_seo_noindex":false,"footnotes":""},"class_list":["post-2500","page","type-page","status-publish","hentry"],"blocksy_meta":[],"acf":[],"jetpack_sharing_enabled":true,"jetpack_likes_enabled":true,"jetpack_shortlink":"https:\/\/wp.me\/Pgx3TK-Ek","_links":{"self":[{"href":"https:\/\/dolls4desire.com\/de\/wp-json\/wp\/v2\/pages\/2500","targetHints":{"allow":["GET"]}}],"collection":[{"href":"https:\/\/dolls4desire.com\/de\/wp-json\/wp\/v2\/pages"}],"about":[{"href":"https:\/\/dolls4desire.com\/de\/wp-json\/wp\/v2\/types\/page"}],"author":[{"embeddable":true,"href":"https:\/\/dolls4desire.com\/de\/wp-json\/wp\/v2\/users\/265871293"}],"replies":[{"embeddable":true,"href":"https:\/\/dolls4desire.com\/de\/wp-json\/wp\/v2\/comments?post=2500"}],"version-history":[{"count":10,"href":"https:\/\/dolls4desire.com\/de\/wp-json\/wp\/v2\/pages\/2500\/revisions"}],"predecessor-version":[{"id":2820,"href":"https:\/\/dolls4desire.com\/de\/wp-json\/wp\/v2\/pages\/2500\/revisions\/2820"}],"wp:attachment":[{"href":"https:\/\/dolls4desire.com\/de\/wp-json\/wp\/v2\/media?parent=2500"}],"curies":[{"name":"wp","href":"https:\/\/api.w.org\/{rel}","templated":true}]}}