{"id":2535,"date":"2025-05-26T12:23:56","date_gmt":"2025-05-26T02:23:56","guid":{"rendered":"https:\/\/dolls4desire.com\/?page_id=2535"},"modified":"2025-05-27T18:51:46","modified_gmt":"2025-05-27T08:51:46","slug":"pleje-af-sexdukker","status":"publish","type":"page","link":"https:\/\/dolls4desire.com\/da\/pleje-af-sexdukker\/","title":{"rendered":"Sexdukkepleje"},"content":{"rendered":"<div data-elementor-type=\"wp-page\" data-elementor-id=\"2535\" class=\"elementor elementor-2535\" data-elementor-post-type=\"page\">\n\t\t\t\t<div class=\"elementor-element elementor-element-be60236 e-flex e-con-boxed e-con e-parent\" data-id=\"be60236\" data-element_type=\"container\">\n\t\t\t\t\t<div class=\"e-con-inner\">\n\t\t\t\t<div class=\"elementor-element elementor-element-38b3450 elementor-widget elementor-widget-heading\" data-id=\"38b3450\" data-element_type=\"widget\" data-widget_type=\"heading.default\">\n\t\t\t\t<div class=\"elementor-widget-container\">\n\t\t\t\t\t<h2 class=\"elementor-heading-title elementor-size-default\">PLEJEINSTRUKTIONER FOR SEXDUKKEN\n<\/h2>\t\t\t\t<\/div>\n\t\t\t\t<\/div>\n\t\t\t\t<div class=\"elementor-element elementor-element-65be87c elementor-widget-divider--view-line elementor-widget elementor-widget-divider\" data-id=\"65be87c\" data-element_type=\"widget\" data-widget_type=\"divider.default\">\n\t\t\t\t<div class=\"elementor-widget-container\">\n\t\t\t\t\t\t\t<div class=\"elementor-divider\">\n\t\t\t<span class=\"elementor-divider-separator\">\n\t\t\t\t\t\t<\/span>\n\t\t<\/div>\n\t\t\t\t\t\t<\/div>\n\t\t\t\t<\/div>\n\t\t\t\t<div class=\"elementor-element elementor-element-f847823 elementor-widget elementor-widget-text-editor\" data-id=\"f847823\" data-element_type=\"widget\" data-widget_type=\"text-editor.default\">\n\t\t\t\t<div class=\"elementor-widget-container\">\n\t\t\t\t\t\t\t\t\t<div class=\"wpb_column vc_column_container vc_col-sm-8\"><div class=\"vc_column-inner\"><div class=\"wpb_wrapper\"><div class=\"wpb_text_column wpb_content_element\"><div class=\"wpb_wrapper\"><p class=\"p1\"><span class=\"s1\">At holde din sexdukke ren og velholdt er n\u00f8glen til at bevare din nye ultrarealistiske sexdukkes levetid. Her er en liste med tips til at opretholde din sexdukkes kvalitet og levetid.<\/span><\/p><p class=\"p2\"><span class=\"s1\"><b>Reng\u00f8r din sexdukke<\/b><b><\/b><\/span><\/p><ul class=\"ul1\"><li class=\"li3\"><span class=\"s1\">Vi anbefaler at reng\u00f8re din dukke direkte efter hver brug, og dukkerne b\u00f8r reng\u00f8res mindst hver 2.-4. uge (uanset brug).<\/span><\/li><li class=\"li3\"><span class=\"s1\">Brug en blanding af almindelig antibakteriel s\u00e6be og rent lunkent vand, mass\u00e9r forsigtigt dukkens hud med h\u00e6nderne, eller dup den ned med en ren svamp. (Ligesom du ville rense et rigtigt menneske.)<\/span><\/li><li class=\"li3\"><span class=\"s1\">Du kan bruse eller bade din dukke.<\/span><\/li><li class=\"li3\"><span class=\"s1\">S\u00f8rg for ikke at lade halsen eller hovedet blive for v\u00e5dt. Dette er for at forhindre rust p\u00e5 metalkomponenterne. Hvis du ved et uheld lader metalkomponenterne blive v\u00e5de, skal du s\u00f8rge for at t\u00f8rre dem med det samme for at forhindre rust.<\/span><\/li><li class=\"li4\"><span class=\"s4\">Brug ikke slibende s\u00e6ber eller andre generelle reng\u00f8ringsprodukter.<\/span><\/li><\/ul><p class=\"p2\"><span class=\"s1\"><b>T\u00f8r din sexdukke<\/b><b><\/b><\/span><\/p><ul class=\"ul1\"><li class=\"li3\"><span class=\"s1\">Det er lige s\u00e5 vigtigt at sikre, at din dukke er helt t\u00f8r for at mindske risikoen for skader.<\/span><\/li><li class=\"li3\"><span class=\"s1\">Dup forsigtigt t\u00f8r med en ren, bl\u00f8d bomuldsklud, og lad huden luftt\u00f8rre helt.<\/span><\/li><li class=\"li3\"><span class=\"s1\">Brug ikke en h\u00e5rd svamp\/b\u00f8rste eller st\u00e5luld til reng\u00f8ring \u2013 det vil for\u00e5rsage skade.<\/span><\/li><li class=\"li3\"><span class=\"s1\">Gnid ikke dukken med et h\u00e5ndkl\u00e6de, brug en &#039;duppende&#039; bev\u00e6gelse, hvis du bruger et h\u00e5ndkl\u00e6de til at t\u00f8rre.<\/span><\/li><li class=\"li3\"><span class=\"s1\">P\u00e5f\u00f8r talkum p\u00e5 din dukkes krop, n\u00e5r den er t\u00f8r. P\u00e5f\u00f8r ikke talkum, mens din dukke stadig er v\u00e5d.<\/span><\/li><li class=\"li3\"><span class=\"s1\">P\u00e5f\u00f8r talkum p\u00e5 dukkens krop efter reng\u00f8ring, dette sk\u00e5ner huden og forhindrer skader fra friktion.<\/span><\/li><li class=\"li3\"><span class=\"s1\">P\u00e5f\u00f8r talkum p\u00e5 din dukke hver anden uge eller mindst m\u00e5nedligt (afh\u00e6ngigt af brug).<\/span><\/li><li class=\"li4\"><span class=\"s4\">P\u00e5f\u00f8r ikke andre stoffer p\u00e5 huden, s\u00e5som duftolier.<\/span><\/li><\/ul><p class=\"p2\"><span class=\"s1\"><b>Reng\u00f8r vagina\/anus\/mund<\/b><b><\/b><\/span><\/p><ul class=\"ul1\"><li class=\"li3\"><span class=\"s1\">Dukkens vaginale, anale og orale omr\u00e5der b\u00f8r reng\u00f8res efter hver brug for at undg\u00e5 bakteriev\u00e6kst, da TPE-hud er mere por\u00f8s end silikone.<\/span><\/li><li class=\"li3\"><span class=\"s1\">Skyl kanalen med mildt antibakterielt s\u00e6bevand i en vaginalirrigator, indtil den er grundigt ren. Skyl kanalen med rent vand i en vaginalirrigator, indtil al s\u00e6be er fjernet.<\/span><\/li><li class=\"li3\"><span class=\"s1\">T\u00f8r kanalen grundigt.<\/span><\/li><li class=\"li4\"><span class=\"s4\">N\u00e5r det er t\u00f8rt, st\u00f8ves det med Premium Renewal Powder b\u00e5de indvendigt og udvendigt.<\/span><\/li><\/ul><p class=\"p2\"><span class=\"s1\"><b>Reng\u00f8r din sexdukkes ansigt<\/b><b><\/b><\/span><\/p><ul class=\"ul1\"><li class=\"li3\"><span class=\"s1\">Fjern hovedet fra kroppen<\/span><\/li><li class=\"li3\"><span class=\"s1\">Fjern parykken, hvis det er muligt.<\/span><\/li><li class=\"li3\"><span class=\"s1\">P\u00e5f\u00f8r varmt antibakterielt s\u00e6bevand med en svamp eller bomuldsklud og mass\u00e9r blidt ansigtet. Dup det forsigtigt ned med en varm svamp med antibakteriel s\u00e6be.<\/span><\/li><li class=\"li3\"><span class=\"s1\">V\u00e6r meget opm\u00e6rksom p\u00e5 ikke at beskadige \u00f8jne og \u00f8jenvipper, og undg\u00e5 at disse omr\u00e5der bliver v\u00e5de.<\/span><\/li><li class=\"li3\"><span class=\"s1\">Dup forsigtigt ansigtet ned med en t\u00f8r, ikke-slibende klud, og lad det luftt\u00f8rre naturligt, f\u00f8r det s\u00e6ttes p\u00e5 kroppen igen.<\/span><\/li><li class=\"li3\"><span class=\"s1\">Dukkens hoved m\u00e5 ikke neds\u00e6nkes i vandet p\u00e5 noget tidspunkt.<\/span><\/li><li class=\"li3\"><span class=\"s1\">Brug ikke slibende s\u00e6ber eller andre reng\u00f8ringsprodukter.<\/span><\/li><li class=\"li3\"><span class=\"s1\">Brug ikke barske materialer eller h\u00e5rde\/skarpe genstande.<\/span><\/li><li class=\"li3\"><span class=\"s1\">Tryk ikke for meget p\u00e5 huden.<\/span><\/li><li class=\"li3\"><span class=\"s1\">Brug aldrig en h\u00e5rt\u00f8rrer eller andre varmeapparater p\u00e5 din dukke.<\/span><\/li><li class=\"li4\"><span class=\"s4\">Fors\u00f8g ikke at fremskynde t\u00f8rringen ved at efterlade t\u00f8jet i n\u00e6rheden af en radiator\/ild eller andre varmeapparater.<\/span><\/li><\/ul><p class=\"p2\"><span class=\"s1\"><b>Pleje af sexdukkeparyk<\/b><b><\/b><\/span><\/p><ul class=\"ul1\"><li class=\"li3\"><span class=\"s1\">De\u00a0<\/span><span class=\"s5\"><b>sexdukkeparykker<\/b><\/span><span class=\"s1\">\u00a0skal altid fjernes fra dukkens hoved f\u00f8r reng\u00f8ring.<\/span><\/li><li class=\"li3\"><span class=\"s1\">Du kan bruge shampoo og balsam, hvis du \u00f8nsker det.<\/span><\/li><li class=\"li3\"><span class=\"s1\">Vi anbefaler at rede h\u00e5ret direkte efter rensning, s\u00e5 parykken kan luftt\u00f8rre p\u00e5 et parykstativ.<\/span><\/li><li class=\"li3\"><span class=\"s1\">T\u00f8r ikke parykken p\u00e5 dukkens hoved.<\/span><\/li><li class=\"li6\"><span class=\"s1\">Brug ikke h\u00e5rprodukter til at style h\u00e5ret, da de kan skade dukkens hud og ansigt.<\/span><\/li><\/ul><p class=\"p2\"><span class=\"s1\"><b>Sexdukke hudpleje<\/b><b><\/b><\/span><\/p><ul class=\"ul1\"><li class=\"li3\"><span class=\"s1\">Brug en b\u00f8rste til at p\u00e5f\u00f8re babypudder p\u00e5 hendes hud for at holde den livagtigt glat, hvis du synes, den ikke er glat. G\u00f8r det kun, n\u00e5r hendes krop er t\u00f8r. Dette er vigtigt for at undg\u00e5 at rive hendes hud.<\/span><\/li><li class=\"li3\"><span class=\"s1\">S\u00f8rg for, at det t\u00f8j, du tager hende p\u00e5, er farveafvisende. M\u00f8rke farver og t\u00f8j af lav kvalitet kan nemt smitte af p\u00e5 hendes hud. Vask t\u00f8jet et par gange for at forhindre, at det sker. Hvis det virkelig sker, kan du bruge TPE Doll Pletfjerner til at fjerne pletterne. Alternativt kan du ogs\u00e5 bruge olivenolie til at t\u00f8rre pletterne af og derefter bruge en v\u00e5d klud til at t\u00f8rre pletten af.<\/span><\/li><li class=\"li3\"><span class=\"s1\">Hold hende venligst v\u00e6k fra blade, farvet l\u00e6der, aviser eller lignende for at undg\u00e5 farveoverf\u00f8rsel til hende.<\/span><\/li><li class=\"li3\"><span class=\"s1\">Lad ikke din dukkes arme eller ben v\u00e6re oppe eller \u00e5bne i mere end et par minutter. Hvis du lader din dukke st\u00e5 med armene oppe eller benene spredt, vil belastningen p\u00e5 TPE&#039;en for\u00e5rsage revner. Du kan opdage, at din dukkes armhuler eller lyskeomr\u00e5de er fl\u00e6kket fra hinanden, hvilket derefter skal repareres. S\u00e5 s\u00f8rg for altid at s\u00e6tte din dukke tilbage i en neutral, stressfri position med armene nede langs siderne og benene lukkede, n\u00e5r du ikke bruger hende.<\/span><\/li><li class=\"li3\"><span class=\"s1\">Uds\u00e6t ikke din sexdukke for direkte sollys for at forhindre \u00e6ldning af TPE-materialet.<\/span><\/li><li class=\"li6\"><span class=\"s1\">TPE er bl\u00f8dt og kan blive fladt og kr\u00f8llet, hvis det sidder eller ligger p\u00e5 en overflade i l\u00e6ngere tid. N\u00e5r du lader din dukke v\u00e6re uden opsyn i mere end et par dage, skal du s\u00f8rge for at h\u00e6nge hende op i Closet Bar-oph\u00e6ngningss\u00e6ttet for at holde hende fri for kompressionsm\u00e6rker og kr\u00f8ller.<\/span><\/li><\/ul><p class=\"p2\"><span class=\"s1\"><b>Pleje af sexdukkeskelet<\/b><b><\/b><\/span><\/p><ul class=\"ul1\"><li class=\"li3\"><span class=\"s1\">Din sexdukke har et metalskelet og bev\u00e6gelige led, der g\u00f8r, at hun kan forblive fleksibel. Du kan bev\u00e6ge hendes lemmer og krop, men aktiviteter vil efterlade spor p\u00e5 hendes krop, hvilket er helt normalt.<\/span><\/li><li class=\"li3\"><span class=\"s1\">V\u00e6r opm\u00e6rksom p\u00e5, at alle vores dukker ikke m\u00e5 svinge fuldt ud i forskellige vinkler. Du m\u00e5 ikke bruge ekstrem kraft for at bev\u00e6ge hendes led i nogen positioner.<\/span><\/li><li class=\"li3\"><span class=\"s1\">Sl\u00e5 hende ikke mod h\u00e5rde overflader, tab hende ikke.<\/span><\/li><li class=\"li3\"><span class=\"s1\">Undg\u00e5 hende fra skarpe genstande, de vil skade din dukke.<\/span><\/li><li class=\"li6\"><span class=\"s1\">Pr\u00f8v at undg\u00e5 at lade hende v\u00e6re i samme stilling for l\u00e6nge, ikke engang liggende p\u00e5 en h\u00e5rd overflade i l\u00e6ngere tid. Da dette er TPE, vil formen \u00e6ndre sig, hvis hun er i samme stilling i lang tid. For eksempel vil hendes numse v\u00e6re fladere, selv hvis hun ligger ned for l\u00e6nge. Den bedste l\u00f8sning ville v\u00e6re at h\u00e6nge din dukke op. Du kan k\u00f8be et s\u00e6t oph\u00e6ngningss\u00e6t.<\/span><\/li><\/ul><p class=\"p2\"><span class=\"s1\"><b>Opbevaring af sexdukker<\/b><b><\/b><\/span><\/p><ul class=\"ul1\"><li class=\"li3\"><span class=\"s1\">Du har mange muligheder, n\u00e5r det kommer til opbevaring af dukken.<\/span><\/li><li class=\"li7\"><span class=\"s7\">Opbevaringsboks til sexdukker<\/span><\/li><li class=\"li3\"><span class=\"s1\">Skabsoph\u00e6ng<\/span><\/li><li class=\"li3\"><span class=\"s1\">Original forsendelses\u00e6ske<\/span><\/li><li class=\"li6\"><span class=\"s1\">Opbevaringspose<\/span><\/li><\/ul><p class=\"p1\"><span class=\"s1\">Alle ovenst\u00e5ende muligheder vil holde din dukke i god stand. Som n\u00e6vnt ovenfor skal du bare s\u00f8rge for, at dukken ikke er i direkte kontakt med bl\u00e6k eller materialer, der potentielt kan overf\u00f8re farve til dukken.<\/span><\/p><p class=\"p2\"><span class=\"s1\"><b>Tips til udskiftning af fingernegle<\/b><b><\/b><\/span><\/p><ul class=\"ul1\"><li class=\"li3\"><span class=\"s1\">L\u00e6g dukken i en neutral position.<\/span><\/li><li class=\"li3\"><span class=\"s1\">Ret de (l\u00f8se) fingernegle, der er faldet af, ind i forhold til de bare fingernegle. Dette er s\u00e5 du kan finde ud af, hvilken fingernegl der passer til hvilken finger.<\/span><\/li><li class=\"li3\"><span class=\"s1\">N\u00e5r du har valgt din fingernegl, skal du p\u00e5f\u00f8re et tyndt og j\u00e6vnt lag lim p\u00e5 det bare omr\u00e5de med neglen. S\u00f8rg f\u00f8rst for, at omr\u00e5det er rent og t\u00f8rt, fri for snavs eller talkum.<\/span><\/li><li class=\"li3\"><span class=\"s1\">For meget lim m\u00e5 ikke p\u00e5f\u00f8res, men opn\u00e5 et j\u00e6vnt, men tyndt lag. Undg\u00e5 at p\u00e5f\u00f8re for meget, da det kan l\u00f8be ud uden for neglens omr\u00e5de.<\/span><\/li><li class=\"li3\"><span class=\"s1\">N\u00e5r den er korrekt justeret, skal du trykke p\u00e5 neglen og holde den p\u00e5 i 5 sekunder \u2013 uden at r\u00f8re ved limen.<\/span><\/li><li class=\"li6\"><span class=\"s1\">Overskydende lim er vanskelig at fjerne, s\u00e5 det er bedst helt at undg\u00e5 spild. Hvis der spildes lim, skal limen straks fjernes med en mikrofiberklud og varmt s\u00e6bevand.<\/span><\/li><\/ul><p class=\"p2\"><span class=\"s1\"><b>Tips til udskiftning af \u00f8jne:<\/b><b><\/b><\/span><\/p><ul class=\"ul1\"><li class=\"li3\"><span class=\"s1\">L\u00e6g dukken i en neutral position.<\/span><\/li><li class=\"li3\"><span class=\"s1\">Tr\u00e6k forsigtigt og forsigtigt \u00f8jenl\u00e5gene fra hinanden (op og ned, ikke til venstre og h\u00f8jre) med \u00e9n h\u00e5nd, uden at r\u00f8re \u00f8jenvipperne eller makeupen.<\/span><\/li><li class=\"li3\"><span class=\"s1\">Fjern p\u00e5 den anden side \u00f8jet og fjern al pakningen.<\/span><span class=\"s8\"><br \/><\/span><span class=\"s1\">&quot;Knyd&quot; pakningen t\u00e6t ind i det nye \u00f8je.<\/span><\/li><li class=\"li3\"><span class=\"s1\">Tr\u00e6k \u00f8jnene fra hinanden med den ene h\u00e5nd, uden at r\u00f8re ved \u00f8jenvipper eller makeup.<\/span><\/li><li class=\"li6\"><span class=\"s1\">P\u00e5 den anden side, s\u00e6t det nye \u00f8je i hulhulen.<\/span><\/li><\/ul><p class=\"p2\"><span class=\"s1\"><b>Tips til at s\u00e6tte l\u00f8se \u00f8jenvipper p\u00e5 igen:<\/b><b><\/b><\/span><\/p><ul class=\"ul1\"><li class=\"li3\"><span class=\"s1\">L\u00e6g din dukke fladt ned med ansigtet opad.<\/span><\/li><li class=\"li3\"><span class=\"s1\">P\u00e5f\u00f8r en lille smule lim p\u00e5 en papirclips, n\u00e5l, cocktailpind eller et andet husholdningsv\u00e6rkt\u00f8j med en fin spids. Vi anbefaler en cocktailpind.<\/span><\/li><li class=\"li3\"><span class=\"s1\">Tr\u00e6k forsigtigt \u00f8jenvippen tilbage og p\u00e5f\u00f8r lim p\u00e5 bagsiden af \u00f8jenvippen (ikke p\u00e5 dukken)<\/span><\/li><li class=\"li3\"><span class=\"s1\">Hold \u00f8jenvippernes spidser, uden at r\u00f8re ved limen, og tryk den forsigtigt p\u00e5 det sted, hvor du vil have den til at sidde fast.<\/span><\/li><li class=\"li6\"><span class=\"s1\">Hold i 5 sekunder og slip.<\/span><\/li><\/ul><p class=\"p2\"><span class=\"s1\"><b>Tips til opvarmning af din dukke:<\/b><b><\/b><\/span><\/p><ul class=\"ul1\"><li class=\"li6\"><span class=\"s1\">Efterlad ikke varmestaven i din dukke uden opsyn eller i l\u00e6ngere tid. Varmestaven kan overbelastes og for\u00e5rsage alvorlig skade p\u00e5 din dukke. V\u00e6r meget forsigtig, n\u00e5r du bruger varmestaven i din dukke.<\/span><\/li><\/ul><p class=\"p1\"><span class=\"s1\">Hvis du har brug for yderligere hj\u00e6lp i mellemtiden, er du velkommen til at kontakte os p\u00e5\u00a0<\/span><span class=\"s5\">bin.wang@Me.com<\/span><span class=\"s1\">Vi vil g\u00f8re vores bedste for at besvare alle dine sp\u00f8rgsm\u00e5l og hj\u00e6lpe med eventuelle sp\u00f8rgsm\u00e5l, du m\u00e5tte have.<\/span><\/p><p class=\"p6\"><span class=\"s1\">Vi h\u00e5ber, du er tilfreds med dit k\u00f8b\u00a0<\/span><span class=\"s5\"><b>tilbeh\u00f8r til sexdukker<\/b><\/span><span class=\"s1\">\u00a0og som altid nyd tiden med din dukke.<\/span><\/p><\/div><\/div><\/div><\/div><\/div>\t\t\t\t\t\t\t\t<\/div>\n\t\t\t\t<\/div>\n\t\t\t\t\t<\/div>\n\t\t\t\t<\/div>\n\t\t<div class=\"elementor-element elementor-element-c2b171f e-flex e-con-boxed e-con e-parent\" data-id=\"c2b171f\" data-element_type=\"container\">\n\t\t\t\t\t<div class=\"e-con-inner\">\n\t\t\t\t<div class=\"elementor-element elementor-element-d414cff elementor-widget-divider--view-line_text elementor-widget-divider--element-align-center elementor-widget elementor-widget-divider\" data-id=\"d414cff\" data-element_type=\"widget\" data-widget_type=\"divider.default\">\n\t\t\t\t<div class=\"elementor-widget-container\">\n\t\t\t\t\t\t\t<div class=\"elementor-divider\">\n\t\t\t<span class=\"elementor-divider-separator\">\n\t\t\t\t\t\t\t<span class=\"elementor-divider__text elementor-divider__element\">\n\t\t\t\tVideoer af sexdukker\t\t\t\t<\/span>\n\t\t\t\t\t\t<\/span>\n\t\t<\/div>\n\t\t\t\t\t\t<\/div>\n\t\t\t\t<\/div>\n\t\t<div class=\"elementor-element elementor-element-f037c1f e-grid e-con-full e-con e-child\" data-id=\"f037c1f\" data-element_type=\"container\">\n\t\t\t\t<div class=\"elementor-element elementor-element-9617852 elementor-widget elementor-widget-video\" data-id=\"9617852\" data-element_type=\"widget\" data-settings=\"{&quot;video_type&quot;:&quot;hosted&quot;,&quot;controls&quot;:&quot;yes&quot;}\" data-widget_type=\"video.default\">\n\t\t\t\t<div class=\"elementor-widget-container\">\n\t\t\t\t\t\t\t<div class=\"e-hosted-video elementor-wrapper elementor-open-inline\">\n\t\t\t\t\t<video class=\"elementor-video\" src=\"https:\/\/videos.files.wordpress.com\/ufYnVwfz\/7r5a0075_1.mp4\" controls=\"\" preload=\"metadata\" controlslist=\"nodownload\"><\/video>\n\t\t\t\t<\/div>\n\t\t\t\t\t\t<\/div>\n\t\t\t\t<\/div>\n\t\t\t\t<div class=\"elementor-element elementor-element-fda01e4 elementor-widget elementor-widget-video\" data-id=\"fda01e4\" data-element_type=\"widget\" data-settings=\"{&quot;video_type&quot;:&quot;hosted&quot;,&quot;controls&quot;:&quot;yes&quot;}\" data-widget_type=\"video.default\">\n\t\t\t\t<div class=\"elementor-widget-container\">\n\t\t\t\t\t\t\t<div class=\"e-hosted-video elementor-wrapper elementor-open-inline\">\n\t\t\t\t\t<video class=\"elementor-video\" src=\"https:\/\/videos.files.wordpress.com\/SJ9zGMsd\/7r5a0075.mp4\" controls=\"\" preload=\"metadata\" controlslist=\"nodownload\"><\/video>\n\t\t\t\t<\/div>\n\t\t\t\t\t\t<\/div>\n\t\t\t\t<\/div>\n\t\t\t\t<div class=\"elementor-element elementor-element-5a8993e elementor-widget elementor-widget-video\" data-id=\"5a8993e\" data-element_type=\"widget\" data-settings=\"{&quot;video_type&quot;:&quot;hosted&quot;,&quot;controls&quot;:&quot;yes&quot;}\" data-widget_type=\"video.default\">\n\t\t\t\t<div class=\"elementor-widget-container\">\n\t\t\t\t\t\t\t<div class=\"e-hosted-video elementor-wrapper elementor-open-inline\">\n\t\t\t\t\t<video class=\"elementor-video\" src=\"https:\/\/videos.files.wordpress.com\/PYKI8ySz\/7r5a0075_3.mp4\" controls=\"\" preload=\"metadata\" controlslist=\"nodownload\"><\/video>\n\t\t\t\t<\/div>\n\t\t\t\t\t\t<\/div>\n\t\t\t\t<\/div>\n\t\t\t\t<div class=\"elementor-element elementor-element-aace716 elementor-widget elementor-widget-video\" data-id=\"aace716\" data-element_type=\"widget\" data-settings=\"{&quot;video_type&quot;:&quot;hosted&quot;,&quot;controls&quot;:&quot;yes&quot;}\" data-widget_type=\"video.default\">\n\t\t\t\t<div class=\"elementor-widget-container\">\n\t\t\t\t\t\t\t<div class=\"e-hosted-video elementor-wrapper elementor-open-inline\">\n\t\t\t\t\t<video class=\"elementor-video\" src=\"https:\/\/videos.files.wordpress.com\/E6kaSfsg\/7r5a0075_2.mp4\" controls=\"\" preload=\"metadata\" controlslist=\"nodownload\"><\/video>\n\t\t\t\t<\/div>\n\t\t\t\t\t\t<\/div>\n\t\t\t\t<\/div>\n\t\t\t\t<\/div>\n\t\t\t\t\t<\/div>\n\t\t\t\t<\/div>\n\t\t\t\t<\/div>","protected":false},"excerpt":{"rendered":"<p>SEX DOLL CARE INSTRUCTIONS Keeping your sex doll clean and well maintained is the key to preserving the longevity of your new ultra-realistic sex doll. Here is a list of tips for maintaining the quality and life of your sex doll. Clean Your Sex Doll We recommend cleaning your doll directly after every use and [&hellip;]<\/p>","protected":false},"author":265871293,"featured_media":0,"parent":0,"menu_order":0,"comment_status":"closed","ping_status":"closed","template":"elementor_header_footer","meta":{"_acf_changed":false,"advanced_seo_description":"","jetpack_seo_html_title":"","jetpack_seo_noindex":false,"jetpack_post_was_ever_published":false,"footnotes":""},"class_list":["post-2535","page","type-page","status-publish","hentry"],"blocksy_meta":[],"acf":[],"jetpack_sharing_enabled":true,"jetpack_likes_enabled":true,"jetpack_shortlink":"https:\/\/wp.me\/Pgx3TK-ET","_links":{"self":[{"href":"https:\/\/dolls4desire.com\/da\/wp-json\/wp\/v2\/pages\/2535","targetHints":{"allow":["GET"]}}],"collection":[{"href":"https:\/\/dolls4desire.com\/da\/wp-json\/wp\/v2\/pages"}],"about":[{"href":"https:\/\/dolls4desire.com\/da\/wp-json\/wp\/v2\/types\/page"}],"author":[{"embeddable":true,"href":"https:\/\/dolls4desire.com\/da\/wp-json\/wp\/v2\/users\/265871293"}],"replies":[{"embeddable":true,"href":"https:\/\/dolls4desire.com\/da\/wp-json\/wp\/v2\/comments?post=2535"}],"version-history":[{"count":5,"href":"https:\/\/dolls4desire.com\/da\/wp-json\/wp\/v2\/pages\/2535\/revisions"}],"predecessor-version":[{"id":2993,"href":"https:\/\/dolls4desire.com\/da\/wp-json\/wp\/v2\/pages\/2535\/revisions\/2993"}],"wp:attachment":[{"href":"https:\/\/dolls4desire.com\/da\/wp-json\/wp\/v2\/media?parent=2535"}],"curies":[{"name":"wp","href":"https:\/\/api.w.org\/{rel}","templated":true}]}}