{"id":2524,"date":"2025-05-26T12:19:46","date_gmt":"2025-05-26T02:19:46","guid":{"rendered":"https:\/\/dolls4desire.com\/?page_id=2524"},"modified":"2025-05-27T18:40:40","modified_gmt":"2025-05-27T08:40:40","slug":"afbetalingsfinansiering","status":"publish","type":"page","link":"https:\/\/dolls4desire.com\/da\/afbetalingsfinansiering\/","title":{"rendered":"Afbetaling og finansiering"},"content":{"rendered":"<div data-elementor-type=\"wp-page\" data-elementor-id=\"2524\" class=\"elementor elementor-2524\" data-elementor-post-type=\"page\">\n\t\t\t\t<div class=\"elementor-element elementor-element-ac6f9e3 e-flex e-con-boxed e-con e-parent\" data-id=\"ac6f9e3\" data-element_type=\"container\" data-e-type=\"container\">\n\t\t\t\t\t<div class=\"e-con-inner\">\n\t\t\t\t<div class=\"elementor-element elementor-element-fd8bb59 elementor-widget elementor-widget-heading\" data-id=\"fd8bb59\" data-element_type=\"widget\" data-e-type=\"widget\" data-widget_type=\"heading.default\">\n\t\t\t\t<div class=\"elementor-widget-container\">\n\t\t\t\t\t<h2 class=\"elementor-heading-title elementor-size-default\">Hvordan fungerer afbetaling og finansiering?\n<\/h2>\t\t\t\t<\/div>\n\t\t\t\t<\/div>\n\t\t\t\t<div class=\"elementor-element elementor-element-ceb2655 elementor-widget elementor-widget-image\" data-id=\"ceb2655\" data-element_type=\"widget\" data-e-type=\"widget\" data-widget_type=\"image.default\">\n\t\t\t\t<div class=\"elementor-widget-container\">\n\t\t\t\t\t\t\t\t\t\t\t\t\t\t\t<img fetchpriority=\"high\" decoding=\"async\" data-attachment-id=\"2945\" data-permalink=\"https:\/\/dolls4desire.com\/da\/afbetalingsfinansiering\/160-210-12\/\" data-orig-file=\"https:\/\/dolls4desire.com\/wp-content\/uploads\/2025\/05\/160-210-12.png\" data-orig-size=\"1440,960\" data-comments-opened=\"1\" data-image-meta=\"{&quot;aperture&quot;:&quot;0&quot;,&quot;credit&quot;:&quot;&quot;,&quot;camera&quot;:&quot;&quot;,&quot;caption&quot;:&quot;&quot;,&quot;created_timestamp&quot;:&quot;0&quot;,&quot;copyright&quot;:&quot;&quot;,&quot;focal_length&quot;:&quot;0&quot;,&quot;iso&quot;:&quot;0&quot;,&quot;shutter_speed&quot;:&quot;0&quot;,&quot;title&quot;:&quot;&quot;,&quot;orientation&quot;:&quot;0&quot;}\" data-image-title=\"160-210 (12)\" data-image-description=\"\" data-image-caption=\"\" data-large-file=\"https:\/\/dolls4desire.com\/wp-content\/uploads\/2025\/05\/160-210-12-1024x683.png\" width=\"1440\" height=\"960\" src=\"https:\/\/dolls4desire.com\/wp-content\/uploads\/2025\/05\/160-210-12.png\" class=\"attachment-full size-full wp-image-2945\" alt=\"\" srcset=\"https:\/\/dolls4desire.com\/wp-content\/uploads\/2025\/05\/160-210-12.png 1440w, https:\/\/dolls4desire.com\/wp-content\/uploads\/2025\/05\/160-210-12-1000x667.png 1000w, https:\/\/dolls4desire.com\/wp-content\/uploads\/2025\/05\/160-210-12-300x200.png 300w, https:\/\/dolls4desire.com\/wp-content\/uploads\/2025\/05\/160-210-12-1024x683.png 1024w, https:\/\/dolls4desire.com\/wp-content\/uploads\/2025\/05\/160-210-12-768x512.png 768w, https:\/\/dolls4desire.com\/wp-content\/uploads\/2025\/05\/160-210-12-1320x880.png 1320w\" sizes=\"(max-width: 1440px) 100vw, 1440px\" \/>\t\t\t\t\t\t\t\t\t\t\t\t\t\t\t<\/div>\n\t\t\t\t<\/div>\n\t\t\t\t<div class=\"elementor-element elementor-element-ab8e9c2 elementor-widget elementor-widget-text-editor\" data-id=\"ab8e9c2\" data-element_type=\"widget\" data-e-type=\"widget\" data-widget_type=\"text-editor.default\">\n\t\t\t\t<div class=\"elementor-widget-container\">\n\t\t\t\t\t\t\t\t\t<div class=\"wpb_column vc_column_container vc_col-sm-8\"><div class=\"vc_column-inner\"><div class=\"wpb_wrapper\"><div class=\"wpb_text_column wpb_content_element\"><div class=\"wpb_wrapper\"><p>Med den kontinuerlige teknologiske udvikling bliver afdragsbetalingsmuligheder mere udbredte og bekvemme. Nogle virksomheder tilbyder endda onlineans\u00f8gninger og godkendelser i realtid, hvilket g\u00f8r det nemt for forbrugere at bruge afdragsbetalinger. Hvorfor forbrugere i stigende grad er interesserede i at bruge afdragsbetalinger til at betale for varer eller tjenester. Hos YourDoll forst\u00e5r vi vigtigheden af at tilbyde fleksible betalingsmuligheder til vores kunder. Derfor tilbyder vi tre forskellige betalingsmetoder, der passer til forskellige \u00f8konomiske situationer:\u00a0<strong>Klarna, PayPal Credit og dolls4desire Layaway-plan.<\/strong><\/p><\/div><\/div><\/div><\/div><\/div>\t\t\t\t\t\t\t\t<\/div>\n\t\t\t\t<\/div>\n\t\t\t\t\t<\/div>\n\t\t\t\t<\/div>\n\t\t<div class=\"elementor-element elementor-element-bdd2296 e-flex e-con-boxed e-con e-parent\" data-id=\"bdd2296\" data-element_type=\"container\" data-e-type=\"container\">\n\t\t\t\t\t<div class=\"e-con-inner\">\n\t\t<div class=\"elementor-element elementor-element-1ed7b7a flex-container e-flex e-con-boxed e-con e-child\" data-id=\"1ed7b7a\" data-element_type=\"container\" data-e-type=\"container\">\n\t\t\t\t\t<div class=\"e-con-inner\">\n\t\t<div class=\"elementor-element elementor-element-7593f23 e-con-full e-flex e-con e-child\" data-id=\"7593f23\" data-element_type=\"container\" data-e-type=\"container\">\n\t\t<div class=\"elementor-element elementor-element-7505c5b e-con-full e-flex e-con e-child\" data-id=\"7505c5b\" data-element_type=\"container\" data-e-type=\"container\">\n\t\t<div class=\"elementor-element elementor-element-572c227 e-grid e-con-full e-con e-child\" data-id=\"572c227\" data-element_type=\"container\" data-e-type=\"container\">\n\t\t\t\t<div class=\"elementor-element elementor-element-221de27 elementor-widget elementor-widget-icon-box\" data-id=\"221de27\" data-element_type=\"widget\" data-e-type=\"widget\" data-widget_type=\"icon-box.default\">\n\t\t\t\t<div class=\"elementor-widget-container\">\n\t\t\t\t\t\t\t<div class=\"elementor-icon-box-wrapper\">\n\n\t\t\t\n\t\t\t\t\t\t<div class=\"elementor-icon-box-content\">\n\n\t\t\t\t\t\t\t\t\t<h3 class=\"elementor-icon-box-title\">\n\t\t\t\t\t\t<span  >\n\t\t\t\t\t\t\tOverkommelighed\t\t\t\t\t\t<\/span>\n\t\t\t\t\t<\/h3>\n\t\t\t\t\n\t\t\t\t\t\t\t\t\t<p class=\"elementor-icon-box-description\">\n\t\t\t\t\t\tFor dyre varer eller tjenester kan forbrugerne muligvis ikke betale det fulde bel\u00f8b p\u00e5 forh\u00e5nd. Brug af afdragsbetalinger giver forbrugerne mulighed for at sprede omkostningerne over en periode, hvilket g\u00f8r det mere overkommeligt.\t\t\t\t\t<\/p>\n\t\t\t\t\n\t\t\t<\/div>\n\t\t\t\n\t\t<\/div>\n\t\t\t\t\t\t<\/div>\n\t\t\t\t<\/div>\n\t\t\t\t<div class=\"elementor-element elementor-element-7c178a0 elementor-widget elementor-widget-icon-box\" data-id=\"7c178a0\" data-element_type=\"widget\" data-e-type=\"widget\" data-widget_type=\"icon-box.default\">\n\t\t\t\t<div class=\"elementor-widget-container\">\n\t\t\t\t\t\t\t<div class=\"elementor-icon-box-wrapper\">\n\n\t\t\t\n\t\t\t\t\t\t<div class=\"elementor-icon-box-content\">\n\n\t\t\t\t\t\t\t\t\t<h3 class=\"elementor-icon-box-title\">\n\t\t\t\t\t\t<span  >\n\t\t\t\t\t\t\tFleksibilitet\t\t\t\t\t\t<\/span>\n\t\t\t\t\t<\/h3>\n\t\t\t\t\n\t\t\t\t\t\t\t\t\t<p class=\"elementor-icon-box-description\">\n\t\t\t\t\t\tAfbetalinger i rater kan give mere fleksibilitet. Forbrugerne kan v\u00e6lge en betalingsplan, der passer til deres \u00f8konomiske situation og behov, uden at p\u00e5drage sig en for stor \u00f8konomisk byrde.\t\t\t\t\t<\/p>\n\t\t\t\t\n\t\t\t<\/div>\n\t\t\t\n\t\t<\/div>\n\t\t\t\t\t\t<\/div>\n\t\t\t\t<\/div>\n\t\t\t\t<div class=\"elementor-element elementor-element-65e8406 elementor-widget elementor-widget-icon-box\" data-id=\"65e8406\" data-element_type=\"widget\" data-e-type=\"widget\" data-widget_type=\"icon-box.default\">\n\t\t\t\t<div class=\"elementor-widget-container\">\n\t\t\t\t\t\t\t<div class=\"elementor-icon-box-wrapper\">\n\n\t\t\t\n\t\t\t\t\t\t<div class=\"elementor-icon-box-content\">\n\n\t\t\t\t\t\t\t\t\t<h3 class=\"elementor-icon-box-title\">\n\t\t\t\t\t\t<span  >\n\t\t\t\t\t\t\tBekvemmelighed\t\t\t\t\t\t<\/span>\n\t\t\t\t\t<\/h3>\n\t\t\t\t\n\t\t\t\t\t\t\t\t\t<p class=\"elementor-icon-box-description\">\n\t\t\t\t\t\tMange afdragsbetalingsmuligheder er tilg\u00e6ngelige online, hvilket kan g\u00f8re k\u00f8bsprocessen mere bekvem for kunderne. De kan nemt ans\u00f8ge om finansiering og foretage betalinger fra deres eget hjem.\t\t\t\t\t<\/p>\n\t\t\t\t\n\t\t\t<\/div>\n\t\t\t\n\t\t<\/div>\n\t\t\t\t\t\t<\/div>\n\t\t\t\t<\/div>\n\t\t\t\t<div class=\"elementor-element elementor-element-9547218 elementor-widget elementor-widget-icon-box\" data-id=\"9547218\" data-element_type=\"widget\" data-e-type=\"widget\" data-widget_type=\"icon-box.default\">\n\t\t\t\t<div class=\"elementor-widget-container\">\n\t\t\t\t\t\t\t<div class=\"elementor-icon-box-wrapper\">\n\n\t\t\t\n\t\t\t\t\t\t<div class=\"elementor-icon-box-content\">\n\n\t\t\t\t\t\t\t\t\t<h3 class=\"elementor-icon-box-title\">\n\t\t\t\t\t\t<span  >\n\t\t\t\t\t\t\tRentefri\t\t\t\t\t\t<\/span>\n\t\t\t\t\t<\/h3>\n\t\t\t\t\n\t\t\t\t\t\t\t\t\t<p class=\"elementor-icon-box-description\">\n\t\t\t\t\t\tAfbetalinger kommer ofte med flere rabatter og incitamenter, hvilket kan tiltr\u00e6kke flere forbrugere. For eksempel kan nogle detailhandlere tilbyde &quot;rentefri finansiering&quot; eller andre kampagner for at opfordre forbrugerne til at bruge afbetalinger.\t\t\t\t\t<\/p>\n\t\t\t\t\n\t\t\t<\/div>\n\t\t\t\n\t\t<\/div>\n\t\t\t\t\t\t<\/div>\n\t\t\t\t<\/div>\n\t\t\t\t<\/div>\n\t\t\t\t<\/div>\n\t\t\t\t<\/div>\n\t\t\t\t\t<\/div>\n\t\t\t\t<\/div>\n\t\t\t\t\t<\/div>\n\t\t\t\t<\/div>\n\t\t<div class=\"elementor-element elementor-element-c753207 e-flex e-con-boxed e-con e-parent\" data-id=\"c753207\" data-element_type=\"container\" data-e-type=\"container\">\n\t\t\t\t\t<div class=\"e-con-inner\">\n\t\t\t\t<div class=\"elementor-element elementor-element-ea3e121 elementor-widget elementor-widget-heading\" data-id=\"ea3e121\" data-element_type=\"widget\" data-e-type=\"widget\" data-widget_type=\"heading.default\">\n\t\t\t\t<div class=\"elementor-widget-container\">\n\t\t\t\t\t<h2 class=\"elementor-heading-title elementor-size-default\">Klarna (kun USA og EU)\n<\/h2>\t\t\t\t<\/div>\n\t\t\t\t<\/div>\n\t\t\t\t<div class=\"elementor-element elementor-element-881e3b4 elementor-widget-divider--view-line elementor-widget elementor-widget-divider\" data-id=\"881e3b4\" data-element_type=\"widget\" data-e-type=\"widget\" data-widget_type=\"divider.default\">\n\t\t\t\t<div class=\"elementor-widget-container\">\n\t\t\t\t\t\t\t<div class=\"elementor-divider\">\n\t\t\t<span class=\"elementor-divider-separator\">\n\t\t\t\t\t\t<\/span>\n\t\t<\/div>\n\t\t\t\t\t\t<\/div>\n\t\t\t\t<\/div>\n\t\t<div class=\"elementor-element elementor-element-4f4a64b e-con-full e-flex e-con e-child\" data-id=\"4f4a64b\" data-element_type=\"container\" data-e-type=\"container\">\n\t\t<div class=\"elementor-element elementor-element-83629a1 e-con-full e-flex e-con e-child\" data-id=\"83629a1\" data-element_type=\"container\" data-e-type=\"container\">\n\t\t\t\t<div class=\"elementor-element elementor-element-3143d93 elementor-widget elementor-widget-text-editor\" data-id=\"3143d93\" data-element_type=\"widget\" data-e-type=\"widget\" data-widget_type=\"text-editor.default\">\n\t\t\t\t<div class=\"elementor-widget-container\">\n\t\t\t\t\t\t\t\t\t<p>Klarna er en betalingsudbyder, der tilbyder to prim\u00e6re betalingsmuligheder: Pay in 4 og Finansiering. Med Pay in 4 kan kunderne opdele deres k\u00f8b i fire lige store betalinger, hvor den f\u00f8rste betaling foretages p\u00e5 k\u00f8bstidspunktet og de resterende tre betalinger foretages hver anden uge derefter. Finansiering giver kunderne mulighed for at sprede deres betalinger over en l\u00e6ngere periode, typisk seks til seksogtredive m\u00e5neder, hvor renten varierer afh\u00e6ngigt af betalingsplanens l\u00e6ngde. Klarna tilbyder ogs\u00e5 en r\u00e6kke andre betalingsmuligheder, herunder engangsbetalinger med kort, bankoverf\u00f8rsler og mere.<\/p><p><span dir=\"ltr\">*\u00a0<em dir=\"ltr\">M\u00e5nedlig finansiering via Klarna udstedt af WebBank, medlem af FDIC. Andre l\u00e5n til beboere i Californien, der er ydet eller arrangeret i henhold til<\/em><\/span><span dir=\"ltr\"><em dir=\"ltr\">t til en licens i henhold til californisk finansieringslovgivning.<\/em><\/span><\/p>\t\t\t\t\t\t\t\t<\/div>\n\t\t\t\t<\/div>\n\t\t\t\t<\/div>\n\t\t<div class=\"elementor-element elementor-element-15b466d e-con-full e-flex e-con e-child\" data-id=\"15b466d\" data-element_type=\"container\" data-e-type=\"container\">\n\t\t\t\t<div class=\"elementor-element elementor-element-79b9c04 elementor-widget elementor-widget-image\" data-id=\"79b9c04\" data-element_type=\"widget\" data-e-type=\"widget\" data-widget_type=\"image.default\">\n\t\t\t\t<div class=\"elementor-widget-container\">\n\t\t\t\t\t\t\t\t\t\t\t\t\t\t\t<img decoding=\"async\" data-attachment-id=\"2965\" data-permalink=\"https:\/\/dolls4desire.com\/da\/afbetalingsfinansiering\/klarna\/\" data-orig-file=\"https:\/\/dolls4desire.com\/wp-content\/uploads\/2025\/05\/Klarna.jpg\" data-orig-size=\"581,713\" data-comments-opened=\"1\" data-image-meta=\"{&quot;aperture&quot;:&quot;0&quot;,&quot;credit&quot;:&quot;&quot;,&quot;camera&quot;:&quot;&quot;,&quot;caption&quot;:&quot;&quot;,&quot;created_timestamp&quot;:&quot;0&quot;,&quot;copyright&quot;:&quot;&quot;,&quot;focal_length&quot;:&quot;0&quot;,&quot;iso&quot;:&quot;0&quot;,&quot;shutter_speed&quot;:&quot;0&quot;,&quot;title&quot;:&quot;&quot;,&quot;orientation&quot;:&quot;1&quot;}\" data-image-title=\"Klarna\" data-image-description=\"\" data-image-caption=\"\" data-large-file=\"https:\/\/dolls4desire.com\/wp-content\/uploads\/2025\/05\/Klarna.jpg\" width=\"581\" height=\"713\" src=\"https:\/\/dolls4desire.com\/wp-content\/uploads\/2025\/05\/Klarna.jpg\" class=\"attachment-large size-large wp-image-2965\" alt=\"\" srcset=\"https:\/\/dolls4desire.com\/wp-content\/uploads\/2025\/05\/Klarna.jpg 581w, https:\/\/dolls4desire.com\/wp-content\/uploads\/2025\/05\/Klarna-244x300.jpg 244w\" sizes=\"(max-width: 581px) 100vw, 581px\" \/>\t\t\t\t\t\t\t\t\t\t\t\t\t\t\t<\/div>\n\t\t\t\t<\/div>\n\t\t\t\t<\/div>\n\t\t\t\t<\/div>\n\t\t\t\t<div class=\"elementor-element elementor-element-c659e18 elementor-widget-divider--separator-type-pattern elementor-widget-divider--view-line elementor-widget elementor-widget-divider\" data-id=\"c659e18\" data-element_type=\"widget\" data-e-type=\"widget\" data-widget_type=\"divider.default\">\n\t\t\t\t<div class=\"elementor-widget-container\">\n\t\t\t\t\t\t\t<div class=\"elementor-divider\" style=\"--divider-pattern-url: url(&quot;data:image\/svg+xml,%3Csvg xmlns=&#039;http:\/\/www.w3.org\/2000\/svg&#039; preserveAspectRatio=&#039;none&#039; overflow=&#039;visible&#039; height=&#039;100%&#039; viewBox=&#039;0 0 24 24&#039; fill=&#039;none&#039; stroke=&#039;black&#039; stroke-width=&#039;4&#039; stroke-linecap=&#039;square&#039; stroke-miterlimit=&#039;10&#039;%3E%3Cpath d=&#039;M0,6c6,0,0.9,11.1,6.9,11.1S18,6,24,6&#039;\/%3E%3C\/svg%3E&quot;);\">\n\t\t\t<span class=\"elementor-divider-separator\">\n\t\t\t\t\t\t<\/span>\n\t\t<\/div>\n\t\t\t\t\t\t<\/div>\n\t\t\t\t<\/div>\n\t\t\t\t\t<\/div>\n\t\t\t\t<\/div>\n\t\t<div class=\"elementor-element elementor-element-adb14d9 e-flex e-con-boxed e-con e-parent\" data-id=\"adb14d9\" data-element_type=\"container\" data-e-type=\"container\">\n\t\t\t\t\t<div class=\"e-con-inner\">\n\t\t\t\t<div class=\"elementor-element elementor-element-e2888c3 elementor-widget elementor-widget-heading\" data-id=\"e2888c3\" data-element_type=\"widget\" data-e-type=\"widget\" data-widget_type=\"heading.default\">\n\t\t\t\t<div class=\"elementor-widget-container\">\n\t\t\t\t\t<h2 class=\"elementor-heading-title elementor-size-default\">PayPal Betal senere\n<\/h2>\t\t\t\t<\/div>\n\t\t\t\t<\/div>\n\t\t\t\t<div class=\"elementor-element elementor-element-0b5ec68 elementor-widget-divider--view-line elementor-widget elementor-widget-divider\" data-id=\"0b5ec68\" data-element_type=\"widget\" data-e-type=\"widget\" data-widget_type=\"divider.default\">\n\t\t\t\t<div class=\"elementor-widget-container\">\n\t\t\t\t\t\t\t<div class=\"elementor-divider\">\n\t\t\t<span class=\"elementor-divider-separator\">\n\t\t\t\t\t\t<\/span>\n\t\t<\/div>\n\t\t\t\t\t\t<\/div>\n\t\t\t\t<\/div>\n\t\t<div class=\"elementor-element elementor-element-0c6b35c e-con-full e-flex e-con e-child\" data-id=\"0c6b35c\" data-element_type=\"container\" data-e-type=\"container\">\n\t\t<div class=\"elementor-element elementor-element-f0784be e-con-full e-flex e-con e-child\" data-id=\"f0784be\" data-element_type=\"container\" data-e-type=\"container\">\n\t\t\t\t<div class=\"elementor-element elementor-element-12577dd elementor-widget elementor-widget-text-editor\" data-id=\"12577dd\" data-element_type=\"widget\" data-e-type=\"widget\" data-widget_type=\"text-editor.default\">\n\t\t\t\t<div class=\"elementor-widget-container\">\n\t\t\t\t\t\t\t\t\t<p>PayPal Later er en betalingsmulighed, der giver kunderne mulighed for at foretage k\u00f8b nu og betale senere. Den inkluderer to hovedmuligheder: Betal over 4 og Betal m\u00e5nedligt. Med Betal over 4 kan kunderne opdele deres k\u00f8b i fire rentefri betalinger, mens kunderne med Betal m\u00e5nedligt kan foretage mindre, m\u00e5nedlige betalinger med renter over en l\u00e6ngere periode. Kunden v\u00e6lger blot PayPal Later-muligheden ved kassen og f\u00f8lger vejledningen for at gennemf\u00f8re k\u00f8bet.<\/p>\t\t\t\t\t\t\t\t<\/div>\n\t\t\t\t<\/div>\n\t\t\t\t<\/div>\n\t\t<div class=\"elementor-element elementor-element-f7d0662 e-con-full e-flex e-con e-child\" data-id=\"f7d0662\" data-element_type=\"container\" data-e-type=\"container\">\n\t\t\t\t<div class=\"elementor-element elementor-element-46713b4 elementor-widget elementor-widget-image\" data-id=\"46713b4\" data-element_type=\"widget\" data-e-type=\"widget\" data-widget_type=\"image.default\">\n\t\t\t\t<div class=\"elementor-widget-container\">\n\t\t\t\t\t\t\t\t\t\t\t\t\t\t\t<img decoding=\"async\" data-attachment-id=\"2966\" data-permalink=\"https:\/\/dolls4desire.com\/da\/afbetalingsfinansiering\/paypal-later\/\" data-orig-file=\"https:\/\/dolls4desire.com\/wp-content\/uploads\/2025\/05\/PayPal-Later.jpg\" data-orig-size=\"580,738\" data-comments-opened=\"1\" data-image-meta=\"{&quot;aperture&quot;:&quot;0&quot;,&quot;credit&quot;:&quot;&quot;,&quot;camera&quot;:&quot;&quot;,&quot;caption&quot;:&quot;&quot;,&quot;created_timestamp&quot;:&quot;0&quot;,&quot;copyright&quot;:&quot;&quot;,&quot;focal_length&quot;:&quot;0&quot;,&quot;iso&quot;:&quot;0&quot;,&quot;shutter_speed&quot;:&quot;0&quot;,&quot;title&quot;:&quot;&quot;,&quot;orientation&quot;:&quot;1&quot;}\" data-image-title=\"PayPal-Later\" data-image-description=\"\" data-image-caption=\"\" data-large-file=\"https:\/\/dolls4desire.com\/wp-content\/uploads\/2025\/05\/PayPal-Later.jpg\" width=\"580\" height=\"738\" src=\"https:\/\/dolls4desire.com\/wp-content\/uploads\/2025\/05\/PayPal-Later.jpg\" class=\"attachment-large size-large wp-image-2966\" alt=\"\" srcset=\"https:\/\/dolls4desire.com\/wp-content\/uploads\/2025\/05\/PayPal-Later.jpg 580w, https:\/\/dolls4desire.com\/wp-content\/uploads\/2025\/05\/PayPal-Later-236x300.jpg 236w\" sizes=\"(max-width: 580px) 100vw, 580px\" \/>\t\t\t\t\t\t\t\t\t\t\t\t\t\t\t<\/div>\n\t\t\t\t<\/div>\n\t\t\t\t<\/div>\n\t\t\t\t<\/div>\n\t\t\t\t\t<\/div>\n\t\t\t\t<\/div>\n\t\t\t\t<\/div>","protected":false},"excerpt":{"rendered":"<p>How Does Layaway &#038; Financing Work? &lt;img width=&#8221;1440&#8243; height=&#8221;960&#8243; src=&#8221;<a href=\"https:\/\/dolls4desire.com\/wp-content\/uploads\/2025\/05\/160-210-12.png&#038;#8221\">https:\/\/dolls4desire.com\/wp-content\/uploads\/2025\/05\/160-210-12.png&#038;#8221<\/a>; alt=&#8221;&#8221; srcset=&#8221;<a href=\"https:\/\/dolls4desire.com\/wp-content\/uploads\/2025\/05\/160-210-12.png\">https:\/\/dolls4desire.com\/wp-content\/uploads\/2025\/05\/160-210-12.png<\/a> 1440w, <a href=\"https:\/\/dolls4desire.com\/wp-content\/uploads\/2025\/05\/160-210-12-300&#215;200.png\">https:\/\/dolls4desire.com\/wp-content\/uploads\/2025\/05\/160-210-12-300&#215;200.png<\/a> 300w, <a href=\"https:\/\/dolls4desire.com\/wp-content\/uploads\/2025\/05\/160-210-12-1024&#215;683.png\">https:\/\/dolls4desire.com\/wp-content\/uploads\/2025\/05\/160-210-12-1024&#215;683.png<\/a> 1024w, <a href=\"https:\/\/dolls4desire.com\/wp-content\/uploads\/2025\/05\/160-210-12-768&#215;512.png\">https:\/\/dolls4desire.com\/wp-content\/uploads\/2025\/05\/160-210-12-768&#215;512.png<\/a> 768w, <a href=\"https:\/\/dolls4desire.com\/wp-content\/uploads\/2025\/05\/160-210-12-1320&#215;880.png\">https:\/\/dolls4desire.com\/wp-content\/uploads\/2025\/05\/160-210-12-1320&#215;880.png<\/a> 1320w, <a href=\"https:\/\/dolls4desire.com\/wp-content\/uploads\/2025\/05\/160-210-12-600&#215;400.png\">https:\/\/dolls4desire.com\/wp-content\/uploads\/2025\/05\/160-210-12-600&#215;400.png<\/a> 600w&#8221; sizes=&#8221;(max-width: 1440px) 100vw, 1440px&#8221; \/&gt; With the continuous development of technology, installment payment options are becoming more prevalent and convenient. Some companies even offer online applications and real-time approvals, making it easy [&hellip;]<\/p>\n","protected":false},"author":265871293,"featured_media":0,"parent":0,"menu_order":0,"comment_status":"closed","ping_status":"closed","template":"elementor_header_footer","meta":{"_acf_changed":false,"_crdt_document":"","advanced_seo_description":"","jetpack_seo_html_title":"","jetpack_seo_noindex":false,"footnotes":""},"class_list":["post-2524","page","type-page","status-publish","hentry"],"blocksy_meta":[],"acf":[],"jetpack_sharing_enabled":true,"jetpack_likes_enabled":true,"jetpack_shortlink":"https:\/\/wp.me\/Pgx3TK-EI","_links":{"self":[{"href":"https:\/\/dolls4desire.com\/da\/wp-json\/wp\/v2\/pages\/2524","targetHints":{"allow":["GET"]}}],"collection":[{"href":"https:\/\/dolls4desire.com\/da\/wp-json\/wp\/v2\/pages"}],"about":[{"href":"https:\/\/dolls4desire.com\/da\/wp-json\/wp\/v2\/types\/page"}],"author":[{"embeddable":true,"href":"https:\/\/dolls4desire.com\/da\/wp-json\/wp\/v2\/users\/265871293"}],"replies":[{"embeddable":true,"href":"https:\/\/dolls4desire.com\/da\/wp-json\/wp\/v2\/comments?post=2524"}],"version-history":[{"count":27,"href":"https:\/\/dolls4desire.com\/da\/wp-json\/wp\/v2\/pages\/2524\/revisions"}],"predecessor-version":[{"id":2978,"href":"https:\/\/dolls4desire.com\/da\/wp-json\/wp\/v2\/pages\/2524\/revisions\/2978"}],"wp:attachment":[{"href":"https:\/\/dolls4desire.com\/da\/wp-json\/wp\/v2\/media?parent=2524"}],"curies":[{"name":"wp","href":"https:\/\/api.w.org\/{rel}","templated":true}]}}