{"id":2507,"date":"2025-05-26T12:16:48","date_gmt":"2025-05-26T02:16:48","guid":{"rendered":"https:\/\/dolls4desire.com\/?page_id=2507"},"modified":"2025-05-27T01:16:44","modified_gmt":"2025-05-26T15:16:44","slug":"privatlivspolitik","status":"publish","type":"page","link":"https:\/\/dolls4desire.com\/da\/privatlivspolitik\/","title":{"rendered":"Privatlivspolitik"},"content":{"rendered":"<div data-elementor-type=\"wp-page\" data-elementor-id=\"2507\" class=\"elementor elementor-2507\" data-elementor-post-type=\"page\">\n\t\t\t\t<div class=\"elementor-element elementor-element-2b26751 e-flex e-con-boxed e-con e-parent\" data-id=\"2b26751\" data-element_type=\"container\" data-e-type=\"container\">\n\t\t\t\t\t<div class=\"e-con-inner\">\n\t\t\t\t<div class=\"elementor-element elementor-element-d5e18e8 elementor-widget elementor-widget-heading\" data-id=\"d5e18e8\" data-element_type=\"widget\" data-e-type=\"widget\" data-widget_type=\"heading.default\">\n\t\t\t\t<div class=\"elementor-widget-container\">\n\t\t\t\t\t<h2 class=\"elementor-heading-title elementor-size-default\">Privatlivspolitik\n<\/h2>\t\t\t\t<\/div>\n\t\t\t\t<\/div>\n\t\t\t\t<div class=\"elementor-element elementor-element-9b0c44e elementor-widget elementor-widget-text-editor\" data-id=\"9b0c44e\" data-element_type=\"widget\" data-e-type=\"widget\" data-widget_type=\"text-editor.default\">\n\t\t\t\t<div class=\"elementor-widget-container\">\n\t\t\t\t\t\t\t\t\t<div class=\"vc_row wpb_row vc_row-fluid\"><div class=\"wpb_column vc_column_container vc_col-sm-12\"><div class=\"vc_column-inner\"><div class=\"wpb_wrapper\"><div class=\"wpb_text_column wpb_content_element\"><div class=\"wpb_wrapper\"><div class=\"main-page-wrapper\" data-rocket-location-hash=\"4a2fe321e990c94151b29af1c306d73b\"><div class=\"container\"><div class=\"row content-layout-wrapper align-items-start\"><div class=\"site-content col-lg-12 col-12 col-md-12\" role=\"main\"><article id=\"post-567\" class=\"post-567 page type-page status-publish hentry\"><div class=\"entry-content\"><div class=\"wpb-content-wrapper\"><div class=\"vc_row wpb_row vc_row-fluid\"><div class=\"wpb_column vc_column_container vc_col-sm-12\"><div class=\"vc_column-inner vc_custom_1548321055749\"><div class=\"wpb_wrapper\"><div class=\"wpb_text_column wpb_content_element\"><div class=\"wpb_wrapper\"><p>P\u00e5 <strong>Dukker4desire<\/strong>, vi er dedikeret til at beskytte dit privatliv. Alle oplysninger, vi indsamler, er dem, du frivilligt giver os. Vi kan indsamle oplysninger s\u00e5som dit navn, din e-mailadresse, din postadresse, dit telefonnummer eller dine kreditkortoplysninger, n\u00e5r du registrerer dig som bruger p\u00e5 vores hjemmeside, afgiver en ordre eller abonnerer p\u00e5 vores nyhedsbrev. Vi bruger disse oplysninger til at personligg\u00f8re og forbedre din oplevelse, forbedre kundeservicen p\u00e5 hjemmesiden, som et middel til at kontakte dig, hvis det er n\u00f8dvendigt, skr\u00e6ddersy loyalitetsprogrammer, levere regelm\u00e6ssig elektronisk korrespondance og opfylde dine ordrer og behandle transaktioner effektivt. Vi s\u00e6lger eller deler aldrig dine personlige oplysninger.<\/p><h5>Sikkerhed<\/h5><\/div><\/div><\/div><\/div><\/div><\/div><div class=\"vc_row wpb_row vc_row-fluid\"><div class=\"wpb_column vc_column_container vc_col-sm-12\"><div class=\"vc_column-inner vc_custom_1548321046784\"><div class=\"wpb_wrapper\"><div class=\"wpb_text_column wpb_content_element\"><div class=\"wpb_wrapper\"><p>Vi bruger en sikker server til at beskytte dine personlige oplysninger. Oplysninger, som du indsender via hjemmesiden, er beskyttet med branchestandard SSL-krypteringsteknologi, der er designet til at beskytte dine personligt identificerbare oplysninger mod tab eller uautoriseret adgang, videregivelse, \u00e6ndring eller \u00f8del\u00e6ggelse.<\/p><p>Vi bruger administrative, tekniske og fysiske foranstaltninger til at beskytte personlige oplysninger mod tab, tyveri og uautoriseret brug, adgang eller \u00e6ndringer. Visse omr\u00e5der af vores websteder kan v\u00e6re beskyttet med adgangskode. Hvis du er bruger af vores websteder og har en adgangskode, kan du hj\u00e6lpe med at beskytte dit privatliv ved at sikre, at du ikke deler din adgangskode med andre.<\/p><p>Betalinger foretaget via vores hjemmesider behandles i et sikkert milj\u00f8 ved hj\u00e6lp af software leveret af PayPal eller andre tredjepartsudbydere.<br \/>Vi tager skridt til regelm\u00e6ssigt at validere de personlige oplysninger, vi opbevarer, for at sikre, at oplysningerne er n\u00f8jagtige og, hvor det er n\u00f8dvendigt, opdaterede. Oplysninger, der ikke l\u00e6ngere er n\u00f8dvendige til et gyldigt forretningsform\u00e5l, og som vi ikke er forpligtet til at opbevare i henhold til g\u00e6ldende lov, vil rutinem\u00e6ssigt blive destrueret p\u00e5 en sikker m\u00e5de.<\/p><h5><strong>Cookies<\/strong><\/h5><\/div><\/div><\/div><\/div><\/div><\/div><div class=\"vc_row wpb_row vc_row-fluid\"><div class=\"wpb_column vc_column_container vc_col-sm-12\"><div class=\"vc_column-inner vc_custom_1548321039135\"><div class=\"wpb_wrapper\"><div class=\"wpb_text_column wpb_content_element\"><div class=\"wpb_wrapper\"><p>En webcookie, en almindeligt anvendt dataindsamlingsteknologi, er simpelthen et stykke tekst, der kan placeres i browseren p\u00e5 din personlige computer eller mobilenhed og efterf\u00f8lgende l\u00e6ses, n\u00e5r du bes\u00f8ger et websted. Vi bruger cookies og lignende teknologier p\u00e5 vores websteder for at forbedre ydeevnen og g\u00f8re din oplevelse bedre. Ingen personligt identificerbare oplysninger er knyttet til aktivering af brugen af cookies, og cookien slettes, n\u00e5r browseren lukkes, indtil brugeren vender tilbage til webstedet.<\/p><p>De cookies, vi bruger eller tillader, er en accepteret del af e-handel og vigtige for din brug af vores websteder. Ydelsescookies giver os mulighed for at forst\u00e5 vores m\u00e5lgrupper som helhed og forbedre, hvordan vores websteder opfylder dine behov og forventninger. Mange af de funktionelle cookies er grundl\u00e6ggende for, hvordan vores websteder og tjenester fungerer. De cookies, vi bruger til registrering, giver os mulighed for at drive vores forretning online. Vores websteder og tjenester, eller dele af dem, fungerer muligvis ikke korrekt uden disse cookies.<\/p><\/div><\/div><\/div><\/div><\/div><\/div><\/div><\/div><\/article><\/div><\/div><\/div><\/div><\/div><\/div><\/div><\/div><\/div><\/div>\t\t\t\t\t\t\t\t<\/div>\n\t\t\t\t<\/div>\n\t\t\t\t\t<\/div>\n\t\t\t\t<\/div>\n\t\t\t\t<\/div>","protected":false},"excerpt":{"rendered":"<p>Privacy Policy &lt;article id=&#8221;post-567&#8243;&gt;At &lt;strong&gt;Dolls4desire&lt;\/strong&gt;, we are dedicated to protecting your privacy. Any information we collect is that which you voluntarily provide to us. We may collect information such as your name, e-mail address, mailing address, phone number or credit card information when you register as a user on our website, place an order or [&hellip;]<\/p>\n","protected":false},"author":265871293,"featured_media":0,"parent":0,"menu_order":0,"comment_status":"closed","ping_status":"closed","template":"elementor_header_footer","meta":{"_acf_changed":false,"_crdt_document":"","advanced_seo_description":"","jetpack_seo_html_title":"","jetpack_seo_noindex":false,"footnotes":""},"class_list":["post-2507","page","type-page","status-publish","hentry"],"blocksy_meta":[],"acf":[],"jetpack_sharing_enabled":true,"jetpack_likes_enabled":true,"jetpack_shortlink":"https:\/\/wp.me\/Pgx3TK-Er","_links":{"self":[{"href":"https:\/\/dolls4desire.com\/da\/wp-json\/wp\/v2\/pages\/2507","targetHints":{"allow":["GET"]}}],"collection":[{"href":"https:\/\/dolls4desire.com\/da\/wp-json\/wp\/v2\/pages"}],"about":[{"href":"https:\/\/dolls4desire.com\/da\/wp-json\/wp\/v2\/types\/page"}],"author":[{"embeddable":true,"href":"https:\/\/dolls4desire.com\/da\/wp-json\/wp\/v2\/users\/265871293"}],"replies":[{"embeddable":true,"href":"https:\/\/dolls4desire.com\/da\/wp-json\/wp\/v2\/comments?post=2507"}],"version-history":[{"count":11,"href":"https:\/\/dolls4desire.com\/da\/wp-json\/wp\/v2\/pages\/2507\/revisions"}],"predecessor-version":[{"id":2852,"href":"https:\/\/dolls4desire.com\/da\/wp-json\/wp\/v2\/pages\/2507\/revisions\/2852"}],"wp:attachment":[{"href":"https:\/\/dolls4desire.com\/da\/wp-json\/wp\/v2\/media?parent=2507"}],"curies":[{"name":"wp","href":"https:\/\/api.w.org\/{rel}","templated":true}]}}