{"id":2500,"date":"2025-05-26T12:15:51","date_gmt":"2025-05-26T02:15:51","guid":{"rendered":"https:\/\/dolls4desire.com\/?page_id=2500"},"modified":"2025-05-27T00:43:32","modified_gmt":"2025-05-26T14:43:32","slug":"pengene-tilbage-garanti","status":"publish","type":"page","link":"https:\/\/dolls4desire.com\/da\/pengene-tilbage-garanti\/","title":{"rendered":"Pengene tilbage-garanti"},"content":{"rendered":"<div data-elementor-type=\"wp-page\" data-elementor-id=\"2500\" class=\"elementor elementor-2500\" data-elementor-post-type=\"page\">\n\t\t\t\t<div class=\"elementor-element elementor-element-30f34de e-flex e-con-boxed e-con e-parent\" data-id=\"30f34de\" data-element_type=\"container\" data-e-type=\"container\">\n\t\t\t\t\t<div class=\"e-con-inner\">\n\t\t\t\t<div class=\"elementor-element elementor-element-c8bbd93 elementor-widget elementor-widget-heading\" data-id=\"c8bbd93\" data-element_type=\"widget\" data-e-type=\"widget\" data-widget_type=\"heading.default\">\n\t\t\t\t<div class=\"elementor-widget-container\">\n\t\t\t\t\t<h2 class=\"elementor-heading-title elementor-size-default\">PENGENE TILBAGE GARANTI\n<\/h2>\t\t\t\t<\/div>\n\t\t\t\t<\/div>\n\t\t\t\t<div class=\"elementor-element elementor-element-8abbb2e elementor-widget-divider--view-line elementor-widget elementor-widget-divider\" data-id=\"8abbb2e\" data-element_type=\"widget\" data-e-type=\"widget\" data-widget_type=\"divider.default\">\n\t\t\t\t<div class=\"elementor-widget-container\">\n\t\t\t\t\t\t\t<div class=\"elementor-divider\">\n\t\t\t<span class=\"elementor-divider-separator\">\n\t\t\t\t\t\t<\/span>\n\t\t<\/div>\n\t\t\t\t\t\t<\/div>\n\t\t\t\t<\/div>\n\t\t\t\t<div class=\"elementor-element elementor-element-f9a1617 elementor-widget elementor-widget-text-editor\" data-id=\"f9a1617\" data-element_type=\"widget\" data-e-type=\"widget\" data-widget_type=\"text-editor.default\">\n\t\t\t\t<div class=\"elementor-widget-container\">\n\t\t\t\t\t\t\t\t\t<div class=\"vc_row wpb_row vc_row-fluid\"><div class=\"wpb_column vc_column_container vc_col-sm-12\"><div class=\"vc_column-inner\"><div class=\"wpb_wrapper\"><div class=\"wpb_text_column wpb_content_element\"><div class=\"wpb_wrapper\"><div class=\"vc_row wpb_row vc_row-fluid\"><div class=\"wpb_column vc_column_container vc_col-sm-12\"><div class=\"vc_column-inner\"><div class=\"wpb_wrapper\"><div class=\"wpb_text_column wpb_content_element\"><div class=\"wpb_wrapper\"><p>P\u00e5 <strong>Dukker4desire<\/strong>Vi tror p\u00e5 at levere sexdukker og -tjenester af h\u00f8j kvalitet, der opfylder vores kunders behov og overg\u00e5r deres forventninger. Vi forst\u00e5r, at tingene nogle gange ikke g\u00e5r som planlagt, og derfor tilbyder vi en 100% tilfredshedsgaranti p\u00e5 alle vores produkter. Vi har tillid til kvaliteten af vores produkter og \u00f8nsker, at du skal f\u00f8le dig tryg ved dit k\u00f8b. Vores pengene-tilbage-garanti sikrer, at du kan handle med ro i sindet, velvidende at hvis du ikke er fuldt ud tilfreds med dit k\u00f8b, kan du returnere det og f\u00e5 pengene tilbage. Tak, fordi du har valgt vores virksomhed og stolet p\u00e5 os til at levere de bedst mulige produkter og tjenester.<\/p><\/div><\/div><\/div><\/div><\/div><\/div><\/div><\/div><\/div><\/div><\/div><\/div>\t\t\t\t\t\t\t\t<\/div>\n\t\t\t\t<\/div>\n\t\t\t\t\t<\/div>\n\t\t\t\t<\/div>\n\t\t<div class=\"elementor-element elementor-element-6675abb e-flex e-con-boxed e-con e-parent\" data-id=\"6675abb\" data-element_type=\"container\" data-e-type=\"container\">\n\t\t\t\t\t<div class=\"e-con-inner\">\n\t\t\t\t<div class=\"elementor-element elementor-element-a522f3f elementor-widget elementor-widget-heading\" data-id=\"a522f3f\" data-element_type=\"widget\" data-e-type=\"widget\" data-widget_type=\"heading.default\">\n\t\t\t\t<div class=\"elementor-widget-container\">\n\t\t\t\t\t<h2 class=\"elementor-heading-title elementor-size-default\">\nHvad garanterer vi?\n<\/h2>\t\t\t\t<\/div>\n\t\t\t\t<\/div>\n\t\t\t\t<div class=\"elementor-element elementor-element-8bb4d09 elementor-widget-divider--view-line elementor-widget elementor-widget-divider\" data-id=\"8bb4d09\" data-element_type=\"widget\" data-e-type=\"widget\" data-widget_type=\"divider.default\">\n\t\t\t\t<div class=\"elementor-widget-container\">\n\t\t\t\t\t\t\t<div class=\"elementor-divider\">\n\t\t\t<span class=\"elementor-divider-separator\">\n\t\t\t\t\t\t<\/span>\n\t\t<\/div>\n\t\t\t\t\t\t<\/div>\n\t\t\t\t<\/div>\n\t\t\t\t<div class=\"elementor-element elementor-element-55dedaf elementor-widget elementor-widget-text-editor\" data-id=\"55dedaf\" data-element_type=\"widget\" data-e-type=\"widget\" data-widget_type=\"text-editor.default\">\n\t\t\t\t<div class=\"elementor-widget-container\">\n\t\t\t\t\t\t\t\t\t<p><strong>\u00c6gte garanti<\/strong><br \/>Alle dukker kl. <strong>Dukker4desire<\/strong>.com er 100% autentiske. Vi er en verificeret officiel sexdukkeleverand\u00f8r\/distribut\u00f8r af mange velrenommerede producenter, og vi er autoriseret til at importere sexdukker over hele verden. Klik for at se vores autorisationscertifikater.<\/p><p><strong>Helt ny og perfekt standgaranti<\/strong><br \/>Alle sexdukker ankommer i ny og original stand, i funktionsdygtig stand og pr\u00e6cis som beskrevet\/vist p\u00e5 hjemmesiden.<\/p><p><strong>Kvalitetskontrol<\/strong><br \/>Vi har etableret et strengt kvalitetskontrolsystem, og hver dukke bliver grundigt inspiceret og testet, f\u00f8r den forlader vores studie, med fast emballage, der beskytter privatlivets fred, og garanteret logistik. Vi udf\u00f8rer en kvalitetskontrol p\u00e5 dine dukker, f\u00f8r vi sender dem til dig. Derfor vil der usandsynligt v\u00e6re nogen skader eller defekter p\u00e5 dine dukker.<\/p><p><strong>100% Tilfredshed<\/strong><br \/>Med f\u00f8rsteklasses service med 5-stjernede vurderinger og som en branchef\u00f8rende forhandler af over 40 dukkem\u00e6rker er YourDoll altid den bedste butik at k\u00f8be sexdukker af h\u00f8j kvalitet i USA. Vi tilbyder fabriksbilleder for at sikre, at du er tilfreds med alle detaljerne f\u00f8r afsendelse. Hvis der er fejl i din ordre (fejl eller forkert forsendelse) ved modtagelse af din dukke, vil vi reparere den eller erstatte den.<\/p>\t\t\t\t\t\t\t\t<\/div>\n\t\t\t\t<\/div>\n\t\t\t\t\t<\/div>\n\t\t\t\t<\/div>\n\t\t<div class=\"elementor-element elementor-element-0389339 e-flex e-con-boxed e-con e-parent\" data-id=\"0389339\" data-element_type=\"container\" data-e-type=\"container\">\n\t\t\t\t\t<div class=\"e-con-inner\">\n\t\t\t\t<div class=\"elementor-element elementor-element-dbc49a9 elementor-widget elementor-widget-heading\" data-id=\"dbc49a9\" data-element_type=\"widget\" data-e-type=\"widget\" data-widget_type=\"heading.default\">\n\t\t\t\t<div class=\"elementor-widget-container\">\n\t\t\t\t\t<h2 class=\"elementor-heading-title elementor-size-default\">Hvordan fungerer pengene-tilbage-garantien?\n<\/h2>\t\t\t\t<\/div>\n\t\t\t\t<\/div>\n\t\t\t\t<div class=\"elementor-element elementor-element-5d49010 elementor-widget-divider--view-line elementor-widget elementor-widget-divider\" data-id=\"5d49010\" data-element_type=\"widget\" data-e-type=\"widget\" data-widget_type=\"divider.default\">\n\t\t\t\t<div class=\"elementor-widget-container\">\n\t\t\t\t\t\t\t<div class=\"elementor-divider\">\n\t\t\t<span class=\"elementor-divider-separator\">\n\t\t\t\t\t\t<\/span>\n\t\t<\/div>\n\t\t\t\t\t\t<\/div>\n\t\t\t\t<\/div>\n\t\t\t\t<div class=\"elementor-element elementor-element-d768c0a elementor-widget elementor-widget-text-editor\" data-id=\"d768c0a\" data-element_type=\"widget\" data-e-type=\"widget\" data-widget_type=\"text-editor.default\">\n\t\t\t\t<div class=\"elementor-widget-container\">\n\t\t\t\t\t\t\t\t\t<p>N\u00e5r du modtager din dukke, er det afg\u00f8rende at inspicere den grundigt, fra top til t\u00e5, og tage billeder eller videoer af udpakningsprocessen. Brug venligst ikke dukken, f\u00f8r du har gennemf\u00f8rt inspektionen og sikret dig, at den er i perfekt stand.<\/p><p>Hvis du opdager, at din dukke er beskadiget eller afviger v\u00e6sentligt fra den givne beskrivelse, bedes du straks kontakte vores supportteam med s\u00e5 mange detaljer som muligt, inklusive tydelige fotos og videoer. Vores team vil samarbejde med dig for at diagnosticere problemet og yde kompensation i overensstemmelse hermed, hvilket kan omfatte en\u00a0<strong>erstatning, delvis refusion eller fuld refusion<\/strong>, afh\u00e6ngigt af graden af skade p\u00e5 dukken.<\/p><ul><li><strong>Forkerte dukker:<\/strong>\u00a0N\u00e5r du modtager dukken, og du finder den helt anderledes end fabriksbillederne eller hjemmesiden, skal du blot vise os en udpakningsvideo (med hele kroppen, hovedet, forsendelsesetiket og den ydre emballage). Vi vil rapportere og tjekke med vores fabrik og fragtfirmaet og arrangere en ny erstatning til dig.<\/li><li><strong>Beskadigede dukker:<\/strong>\u00a0Du b\u00f8r indgive en reklamation til fragtfirmaet ved modtagelsen af din pakke, hvis den er alvorligt beskadiget. Der vil blive arrangeret en ny erstatning afh\u00e6ngigt af, hvor alvorlig skaden er. Ved mindre skader leverer vi alt det n\u00f8dvendige s\u00e6t til at hj\u00e6lpe dig med at reparere varen.<\/li><li><strong>Manglende pakke:<\/strong>\u00a0Hvis sporingsnummeret viser, at din pakke er leveret, men du ikke har modtaget noget, skal du ringe til UPS\/FedEx og indsende en reklamation hurtigst muligt. For en sikkerheds skyld tilf\u00f8jer vi en voksenunderskriftsservice for de fleste pakker (undtagelser kan forekomme).<\/li><\/ul>\t\t\t\t\t\t\t\t<\/div>\n\t\t\t\t<\/div>\n\t\t\t\t\t<\/div>\n\t\t\t\t<\/div>\n\t\t<div class=\"elementor-element elementor-element-f2e1a00 e-flex e-con-boxed e-con e-parent\" data-id=\"f2e1a00\" data-element_type=\"container\" data-e-type=\"container\">\n\t\t\t\t\t<div class=\"e-con-inner\">\n\t\t\t\t<div class=\"elementor-element elementor-element-32e7679 elementor-widget elementor-widget-heading\" data-id=\"32e7679\" data-element_type=\"widget\" data-e-type=\"widget\" data-widget_type=\"heading.default\">\n\t\t\t\t<div class=\"elementor-widget-container\">\n\t\t\t\t\t<h2 class=\"elementor-heading-title elementor-size-default\">Hvad er ikke d\u00e6kket af pengene-tilbage-garantien?\n<\/h2>\t\t\t\t<\/div>\n\t\t\t\t<\/div>\n\t\t\t\t<div class=\"elementor-element elementor-element-a70724c elementor-widget-divider--view-line elementor-widget elementor-widget-divider\" data-id=\"a70724c\" data-element_type=\"widget\" data-e-type=\"widget\" data-widget_type=\"divider.default\">\n\t\t\t\t<div class=\"elementor-widget-container\">\n\t\t\t\t\t\t\t<div class=\"elementor-divider\">\n\t\t\t<span class=\"elementor-divider-separator\">\n\t\t\t\t\t\t<\/span>\n\t\t<\/div>\n\t\t\t\t\t\t<\/div>\n\t\t\t\t<\/div>\n\t\t\t\t<div class=\"elementor-element elementor-element-fb3090d elementor-widget elementor-widget-text-editor\" data-id=\"fb3090d\" data-element_type=\"widget\" data-e-type=\"widget\" data-widget_type=\"text-editor.default\">\n\t\t\t\t<div class=\"elementor-widget-container\">\n\t\t\t\t\t\t\t\t\t<div class=\"wpb_text_column wpb_content_element\"><div class=\"wpb_wrapper\"><p><strong>Mindre pletter<\/strong><br \/>Mindre defekter betragtes ikke som skader og er ikke d\u00e6kket af vores pengene-tilbage-garanti. Mindre pletter omfatter hudpletter, ridser, m\u00e6rker, fordybninger, buler, mikrosnit, mindre \u00e6ndringer i hudoverfladen, l\u00f8se eller manglende fingernegle\/t\u00e5negle, l\u00f8se eller manglende \u00f8jenvipper, mindre forskelle og uoverensstemmelser med ansigtsmakeup og\/eller kropsmakeup. Disse pletter kan udbedres i henhold til dolls4desires forslag.<\/p><ul><li>Finger- og t\u00e5negle \u2013 Neglene p\u00e5 dukkerne kan blive l\u00f8se under forsendelse eller efter du har modtaget pakken, da vi kun bruger en let lim for at sikre, at k\u00f8beren kan fjerne dem. Hvis en negl falder af, kan du blot bruge vores vippe- og neglelim til at fastg\u00f8re den igen.<\/li><li>L\u00f8se \u00f8jenvipper \u2013 En beskyttende \u00f8jenmaske (svampet) vil blive fastgjort til dukkens ansigt for at beskytte hendes \u00f8jne. Selv hvis \u00f8jenvippen falder af, kan du selv fastg\u00f8re den igen med vores vippe- og neglelim.<\/li><li>Mindre hudpletter og sm\u00e5 \u00e6ndringer i hudoverfladen for\u00e5rsaget af fremstillingsprocessen (s\u00e5som injektionssteder og forms\u00f8mme, ar oven p\u00e5 silikonehoveder osv.) betragtes ikke som defekter og er ikke d\u00e6kket af vores pengene-tilbage-garanti.<\/li><li>Mindre skader for\u00e5rsaget af kur\u00e9ren\/fragtfirmaet kan nemt repareres, s\u00e5som mindre skrammer p\u00e5 huden, b\u00f8jet hals osv. YourDoll kan tilbyde assistance og reparationsv\u00e6rkt\u00f8j. Kunder b\u00f8r foretage rimelige reparationsfors\u00f8g baseret p\u00e5 YourDolls anbefalinger.<\/li><\/ul><\/div><\/div><div class=\"vc_empty_space\">\u00a0<\/div><div class=\"wpb_text_column wpb_content_element\"><div class=\"wpb_wrapper\"><p><strong>H\u00e5ndlavet<\/strong><br \/>Alle sexdukker her er h\u00e5ndlavede. Derfor er hver dukke en smule unik, s\u00e5 der vil v\u00e6re sm\u00e5 forskelle. Du vil modtage billeder af din dukke, inden den sendes fra fabrikken. Hvis detaljerne afviger v\u00e6sentligt fra dine forventninger, vil vi rette dem efter din anmodning, inden dukken forlader v\u00e6rkstedet. S\u00f8rg venligst for, at vores e-mail (bin.wang@Me.com) ikke er blokeret, s\u00e5 vi ikke kan modtage vores e-mailoplysninger i tide.<\/p><ul><li>Dukkens ansigtsmakeup, farve p\u00e5 areolaen, farve p\u00e5 vaginaen osv. vil have sm\u00e5 forskelle p\u00e5 grund af forskellige sk\u00e6rmvisninger eller manuel makeup osv., hvilket er tilladt. Vi har gjort vores bedste for at genskabe den makeup, som fotografen har lavet p\u00e5 billedet. Det er dog ikke garanteret, at det matcher 100%.<\/li><li>Tillad venligst en lille forskel p\u00e5 1-3 cm p\u00e5 grund af manuel m\u00e5ling.<\/li><\/ul><\/div><\/div><div class=\"vc_empty_space\">\u00a0<\/div><div class=\"wpb_text_column wpb_content_element\"><div class=\"wpb_wrapper\"><p><strong>Opvarmning og st\u00f8nnen<\/strong><br \/>Nogle producenter d\u00e6kker ikke dette. S\u00e5 vi anbefaler, at du k\u00f8ber et varmet\u00e6ppe i stedet for en varmemulighed. S\u00f8rg for, at varme- og st\u00f8nnefunktionen fungerer korrekt, n\u00e5r du modtager din dukke. Vi d\u00e6kker ikke dette, hvis den blev afbrudt, mens du brugte den.<\/p><\/div><\/div><div class=\"vc_empty_space\">\u00a0<\/div><div class=\"wpb_text_column wpb_content_element\"><div class=\"wpb_wrapper\"><p><strong>Brugerskade<\/strong><br \/>Brugerskade \u2013 Alle dukker har gennemg\u00e5et en kvalitetskontrol, f\u00f8r vi sender dem til dig. V\u00e6r forsigtig, n\u00e5r du bruger dukken. Hvis der efter at du har indsendt en skadesrapport menes skaden at v\u00e6re for\u00e5rsaget af kundens forkerte h\u00e5ndtering eller uagtsomhed, vil dukken ikke v\u00e6re d\u00e6kket af garantien. Dette inkluderer hyperekstension af lemmerne, brud p\u00e5 skelettet og rift i \u00e5bningen. Vi forbeholder os retten til at gennemg\u00e5 dukken og vurdere kilden til skaden baseret p\u00e5 alle givne oplysninger. Den endelige beslutning tr\u00e6ffes udelukkende af dolls4desire.<\/p><\/div><\/div><div class=\"vc_empty_space\">\u00a0<\/div><div class=\"wpb_text_column wpb_content_element\"><div class=\"wpb_wrapper\"><p><strong>Brugte dukker<\/strong><br \/>Sexdukker er ekstremt personlige produkter. Brugte dukker er ikke d\u00e6kket af garantien. Men vi vil g\u00f8re vores bedste for at foresl\u00e5 en l\u00f8sning til dig.<\/p><\/div><\/div>\t\t\t\t\t\t\t\t<\/div>\n\t\t\t\t<\/div>\n\t\t\t\t\t<\/div>\n\t\t\t\t<\/div>\n\t\t<div class=\"elementor-element elementor-element-e2270f0 e-flex e-con-boxed e-con e-parent\" data-id=\"e2270f0\" data-element_type=\"container\" data-e-type=\"container\">\n\t\t\t\t\t<div class=\"e-con-inner\">\n\t\t\t\t<div class=\"elementor-element elementor-element-6ac1e42 elementor-widget-divider--view-line elementor-widget elementor-widget-divider\" data-id=\"6ac1e42\" data-element_type=\"widget\" data-e-type=\"widget\" data-widget_type=\"divider.default\">\n\t\t\t\t<div class=\"elementor-widget-container\">\n\t\t\t\t\t\t\t<div class=\"elementor-divider\">\n\t\t\t<span class=\"elementor-divider-separator\">\n\t\t\t\t\t\t<\/span>\n\t\t<\/div>\n\t\t\t\t\t\t<\/div>\n\t\t\t\t<\/div>\n\t\t\t\t<div class=\"elementor-element elementor-element-1c68392 elementor-widget elementor-widget-heading\" data-id=\"1c68392\" data-element_type=\"widget\" data-e-type=\"widget\" data-widget_type=\"heading.default\">\n\t\t\t\t<div class=\"elementor-widget-container\">\n\t\t\t\t\t<h2 class=\"elementor-heading-title elementor-size-default\">BRUG FOR HJ\u00c6LP?<\/h2>\t\t\t\t<\/div>\n\t\t\t\t<\/div>\n\t\t\t\t<div class=\"elementor-element elementor-element-5f52e85 elementor-align-center elementor-widget elementor-widget-button\" data-id=\"5f52e85\" data-element_type=\"widget\" data-e-type=\"widget\" data-widget_type=\"button.default\">\n\t\t\t\t<div class=\"elementor-widget-container\">\n\t\t\t\t\t\t\t\t\t<div class=\"elementor-button-wrapper\">\n\t\t\t\t\t<a class=\"elementor-button elementor-button-link elementor-size-sm\" href=\"https:\/\/dolls4desire.com\/da\/kontakt-os\/\">\n\t\t\t\t\t\t<span class=\"elementor-button-content-wrapper\">\n\t\t\t\t\t\t\t\t\t<span class=\"elementor-button-text\">KONTAKT OS<\/span>\n\t\t\t\t\t<\/span>\n\t\t\t\t\t<\/a>\n\t\t\t\t<\/div>\n\t\t\t\t\t\t\t\t<\/div>\n\t\t\t\t<\/div>\n\t\t\t\t\t<\/div>\n\t\t\t\t<\/div>\n\t\t\t\t<\/div>","protected":false},"excerpt":{"rendered":"<p>MONEY-BACK GUARANTEE At &lt;strong&gt;Dolls4desire&lt;\/strong&gt;, we believe in providing high-quality sex dolls and services that meet our customer\u2019s needs and exceed their expectations. We understand that sometimes things may not go as planned, which is why we offer a 100% satisfaction guarantee on all of our products. We are confident in the quality of our products [&hellip;]<\/p>\n","protected":false},"author":265871293,"featured_media":0,"parent":0,"menu_order":0,"comment_status":"closed","ping_status":"closed","template":"","meta":{"_acf_changed":false,"_crdt_document":"","advanced_seo_description":"","jetpack_seo_html_title":"","jetpack_seo_noindex":false,"footnotes":""},"class_list":["post-2500","page","type-page","status-publish","hentry"],"blocksy_meta":[],"acf":[],"jetpack_sharing_enabled":true,"jetpack_likes_enabled":true,"jetpack_shortlink":"https:\/\/wp.me\/Pgx3TK-Ek","_links":{"self":[{"href":"https:\/\/dolls4desire.com\/da\/wp-json\/wp\/v2\/pages\/2500","targetHints":{"allow":["GET"]}}],"collection":[{"href":"https:\/\/dolls4desire.com\/da\/wp-json\/wp\/v2\/pages"}],"about":[{"href":"https:\/\/dolls4desire.com\/da\/wp-json\/wp\/v2\/types\/page"}],"author":[{"embeddable":true,"href":"https:\/\/dolls4desire.com\/da\/wp-json\/wp\/v2\/users\/265871293"}],"replies":[{"embeddable":true,"href":"https:\/\/dolls4desire.com\/da\/wp-json\/wp\/v2\/comments?post=2500"}],"version-history":[{"count":10,"href":"https:\/\/dolls4desire.com\/da\/wp-json\/wp\/v2\/pages\/2500\/revisions"}],"predecessor-version":[{"id":2820,"href":"https:\/\/dolls4desire.com\/da\/wp-json\/wp\/v2\/pages\/2500\/revisions\/2820"}],"wp:attachment":[{"href":"https:\/\/dolls4desire.com\/da\/wp-json\/wp\/v2\/media?parent=2500"}],"curies":[{"name":"wp","href":"https:\/\/api.w.org\/{rel}","templated":true}]}}