{"id":2522,"date":"2025-05-26T12:19:28","date_gmt":"2025-05-26T02:19:28","guid":{"rendered":"https:\/\/dolls4desire.com\/?page_id=2522"},"modified":"2025-05-27T17:57:16","modified_gmt":"2025-05-27T07:57:16","slug":"vyroba-a-doprava","status":"publish","type":"page","link":"https:\/\/dolls4desire.com\/cs\/vyroba-a-doprava\/","title":{"rendered":"V\u00fdroba a doprava"},"content":{"rendered":"<div data-elementor-type=\"wp-page\" data-elementor-id=\"2522\" class=\"elementor elementor-2522\" data-elementor-post-type=\"page\">\n\t\t\t\t<div class=\"elementor-element elementor-element-0012ad0 e-flex e-con-boxed e-con e-parent\" data-id=\"0012ad0\" data-element_type=\"container\" data-e-type=\"container\">\n\t\t\t\t\t<div class=\"e-con-inner\">\n\t\t\t\t<div class=\"elementor-element elementor-element-c3fe4b4 elementor-widget elementor-widget-heading\" data-id=\"c3fe4b4\" data-element_type=\"widget\" data-e-type=\"widget\" data-widget_type=\"heading.default\">\n\t\t\t\t<div class=\"elementor-widget-container\">\n\t\t\t\t\t<h2 class=\"elementor-heading-title elementor-size-default\">V\u00fdroba a doprava<\/h2>\t\t\t\t<\/div>\n\t\t\t\t<\/div>\n\t\t\t\t<div class=\"elementor-element elementor-element-e0c51a4 elementor-widget-divider--view-line elementor-widget elementor-widget-divider\" data-id=\"e0c51a4\" data-element_type=\"widget\" data-e-type=\"widget\" data-widget_type=\"divider.default\">\n\t\t\t\t<div class=\"elementor-widget-container\">\n\t\t\t\t\t\t\t<div class=\"elementor-divider\">\n\t\t\t<span class=\"elementor-divider-separator\">\n\t\t\t\t\t\t<\/span>\n\t\t<\/div>\n\t\t\t\t\t\t<\/div>\n\t\t\t\t<\/div>\n\t\t\t\t<div class=\"elementor-element elementor-element-72185ea elementor-widget elementor-widget-text-editor\" data-id=\"72185ea\" data-element_type=\"widget\" data-e-type=\"widget\" data-widget_type=\"text-editor.default\">\n\t\t\t\t<div class=\"elementor-widget-container\">\n\t\t\t\t\t\t\t\t\t<p class=\"p1\"><span class=\"s1\">Na <b>Panenky pro touhu<\/b>, zav\u00e1zali jsme se k rychl\u00e9mu a pe\u010dliv\u00e9mu doru\u010den\u00ed va\u0161\u00ed objedn\u00e1vky. S hrdost\u00ed nab\u00edz\u00edme <b>doprava zdarma po cel\u00e9m sv\u011bt\u011b<\/b> na v\u0161echny objedn\u00e1vky \u2013 nen\u00ed vy\u017eadov\u00e1na \u017e\u00e1dn\u00e1 minim\u00e1ln\u00ed \u010d\u00e1stka n\u00e1kupu.<\/span><\/p><p class=\"p2\"><span class=\"s1\"><b>\ud83c\udf0d Pokryt\u00ed dopravy<\/b><\/span><\/p><p class=\"p1\"><span class=\"s1\">Zas\u00edl\u00e1me do <b>v\u0161echny zem\u011b sv\u011bta<\/b>A\u0165 jste kdekoli, va\u0161e obl\u00edben\u00e9 panenky se k v\u00e1m bezpe\u010dn\u011b dostanou.<\/span><\/p><p class=\"p2\"><span class=\"s1\"><b>\u2708\ufe0f Zp\u016fsob dopravy<\/b><\/span><\/p><p class=\"p1\"><span class=\"s1\">V\u0161echny objedn\u00e1vky jsou odes\u00edl\u00e1ny prost\u0159ednictv\u00edm <b>leteck\u00e1 doprava<\/b> aby bylo zaji\u0161t\u011bno spolehliv\u00e9 a v\u010dasn\u00e9 dod\u00e1n\u00ed.<\/span><\/p><p class=\"p2\"><span class=\"s1\"><b>\u23f1 Odhadovan\u00e1 doba doru\u010den\u00ed<\/b><\/span><\/p><ul class=\"ul1\"><li class=\"li1\"><b><\/b><span class=\"s1\"><b>Standardn\u00ed dodac\u00ed lh\u016fta:<\/b> 10\u201314 <b>pracovn\u00ed dny<\/b><b><\/b><\/span><\/li><li class=\"li1\"><span class=\"s1\">Upozorn\u011bn\u00ed: Pracovn\u00ed dny <b>ne<\/b> v\u010detn\u011b v\u00edkend\u016f nebo st\u00e1tn\u00edch sv\u00e1tk\u016f.<\/span><\/li><li class=\"li1\"><span class=\"s1\">Doba zpracov\u00e1n\u00ed: Objedn\u00e1vky jsou obvykle zpracov\u00e1ny a odesl\u00e1ny do <b>1\u20133 pracovn\u00ed dny<\/b> po potvrzen\u00ed platby.<\/span><\/li><\/ul><p class=\"p2\"><span class=\"s1\"><b>\ud83d\udd0d Sledov\u00e1n\u00ed objedn\u00e1vky<\/b><\/span><\/p><p class=\"p1\"><span class=\"s1\">Jakmile bude va\u0161e objedn\u00e1vka odesl\u00e1na, obdr\u017e\u00edte potvrzovac\u00ed e-mail s <b>sledovac\u00ed \u010d\u00edslo<\/b> abyste mohli sledovat stav va\u0161\u00ed z\u00e1silky v re\u00e1ln\u00e9m \u010dase.<\/span><\/p><p class=\"p2\"><span class=\"s1\"><b>\ud83d\udea8 Cla a dovozn\u00ed cla<\/b><\/span><\/p><p class=\"p1\"><span class=\"s1\">Mezin\u00e1rodn\u00ed z\u00e1silky mohou podl\u00e9hat celn\u00edm kontrol\u00e1m a\/nebo dovozn\u00edm cl\u016fm a dan\u00edm, kter\u00e9 jsou stanoveny zem\u00ed ur\u010den\u00ed. Tyto p\u0159\u00edpadn\u00e9 poplatky hrad\u00ed z\u00e1kazn\u00edk. V\u011bt\u0161ina na\u0161ich z\u00e1silek je odbavena bez dal\u0161\u00edch poplatk\u016f, ale nem\u016f\u017eeme to zaru\u010dit pro ka\u017edou zemi.<\/span><\/p><p class=\"p2\"><span class=\"s1\"><b>\ud83d\udce6 Zpo\u017ed\u011bn\u00ed dod\u00e1vek<\/b><\/span><\/p><p class=\"p1\"><span class=\"s1\">I kdy\u017e se sna\u017e\u00edme o v\u010dasn\u00e9 doru\u010den\u00ed, m\u016f\u017ee doj\u00edt ke zpo\u017ed\u011bn\u00ed v d\u016fsledku celn\u00edho odbaven\u00ed, letov\u00fdch \u0159\u00e1d\u016f nebo nep\u0159edv\u00eddan\u00fdch glob\u00e1ln\u00edch ud\u00e1lost\u00ed. D\u011bkujeme za va\u0161i trp\u011blivost a pochopen\u00ed.<\/span><\/p><p class=\"p2\"><span class=\"s1\"><b>\ud83d\udcec Nespr\u00e1vn\u00e1 nebo ne\u00fapln\u00e1 adresa<\/b><\/span><\/p><p class=\"p1\"><span class=\"s1\">P\u0159ed potvrzen\u00edm objedn\u00e1vky si pros\u00edm dvakr\u00e1t zkontrolujte dodac\u00ed \u00fadaje. Neneseme odpov\u011bdnost za zpo\u017ed\u011bn\u00ed ani selh\u00e1n\u00ed doru\u010den\u00ed v d\u016fsledku nespr\u00e1vn\u00e9 nebo ne\u00fapln\u00e9 adresy poskytnut\u00e9 z\u00e1kazn\u00edkem.<\/span><\/p>\t\t\t\t\t\t\t\t<\/div>\n\t\t\t\t<\/div>\n\t\t\t\t\t<\/div>\n\t\t\t\t<\/div>\n\t\t<div class=\"elementor-element elementor-element-ace0bbb e-flex e-con-boxed e-con e-parent\" data-id=\"ace0bbb\" data-element_type=\"container\" data-e-type=\"container\">\n\t\t\t\t\t<div class=\"e-con-inner\">\n\t\t\t\t<div class=\"elementor-element elementor-element-96d793f elementor-widget-divider--view-line elementor-widget elementor-widget-divider\" data-id=\"96d793f\" data-element_type=\"widget\" data-e-type=\"widget\" data-widget_type=\"divider.default\">\n\t\t\t\t<div class=\"elementor-widget-container\">\n\t\t\t\t\t\t\t<div class=\"elementor-divider\">\n\t\t\t<span class=\"elementor-divider-separator\">\n\t\t\t\t\t\t<\/span>\n\t\t<\/div>\n\t\t\t\t\t\t<\/div>\n\t\t\t\t<\/div>\n\t\t\t\t<div class=\"elementor-element elementor-element-59a4130 elementor-widget elementor-widget-heading\" data-id=\"59a4130\" data-element_type=\"widget\" data-e-type=\"widget\" data-widget_type=\"heading.default\">\n\t\t\t\t<div class=\"elementor-widget-container\">\n\t\t\t\t\t<h2 class=\"elementor-heading-title elementor-size-default\">POT\u0158EBUJETE POMOC?<\/h2>\t\t\t\t<\/div>\n\t\t\t\t<\/div>\n\t\t\t\t<div class=\"elementor-element elementor-element-592ea95 elementor-align-center elementor-widget elementor-widget-button\" data-id=\"592ea95\" data-element_type=\"widget\" data-e-type=\"widget\" data-widget_type=\"button.default\">\n\t\t\t\t<div class=\"elementor-widget-container\">\n\t\t\t\t\t\t\t\t\t<div class=\"elementor-button-wrapper\">\n\t\t\t\t\t<a class=\"elementor-button elementor-button-link elementor-size-sm\" href=\"https:\/\/dolls4desire.com\/cs\/kontaktujte-nas\/\">\n\t\t\t\t\t\t<span class=\"elementor-button-content-wrapper\">\n\t\t\t\t\t\t\t\t\t<span class=\"elementor-button-text\">KONTAKTUJTE N\u00c1S<\/span>\n\t\t\t\t\t<\/span>\n\t\t\t\t\t<\/a>\n\t\t\t\t<\/div>\n\t\t\t\t\t\t\t\t<\/div>\n\t\t\t\t<\/div>\n\t\t\t\t\t<\/div>\n\t\t\t\t<\/div>\n\t\t\t\t<\/div>","protected":false},"excerpt":{"rendered":"<p>Production &#038; Shipping At &lt;b&gt;Dolls 4 Desire&lt;\/b&gt;, we\u2019re committed to delivering your order with speed and care. We proudly offer &lt;b&gt;free worldwide shipping&lt;\/b&gt; on all orders\u2014no minimum purchase required. \ud83c\udf0d Shipping Coverage We ship to all countries worldwide. No matter where you are, your favorite dolls will reach you safely. \u2708\ufe0f Shipping Method All orders [&hellip;]<\/p>\n","protected":false},"author":265871293,"featured_media":0,"parent":0,"menu_order":0,"comment_status":"closed","ping_status":"closed","template":"elementor_header_footer","meta":{"_acf_changed":false,"_crdt_document":"","advanced_seo_description":"","jetpack_seo_html_title":"","jetpack_seo_noindex":false,"jetpack_post_was_ever_published":false,"footnotes":""},"class_list":["post-2522","page","type-page","status-publish","hentry"],"blocksy_meta":[],"acf":[],"jetpack_sharing_enabled":true,"jetpack_likes_enabled":true,"jetpack_shortlink":"https:\/\/wp.me\/Pgx3TK-EG","_links":{"self":[{"href":"https:\/\/dolls4desire.com\/cs\/wp-json\/wp\/v2\/pages\/2522","targetHints":{"allow":["GET"]}}],"collection":[{"href":"https:\/\/dolls4desire.com\/cs\/wp-json\/wp\/v2\/pages"}],"about":[{"href":"https:\/\/dolls4desire.com\/cs\/wp-json\/wp\/v2\/types\/page"}],"author":[{"embeddable":true,"href":"https:\/\/dolls4desire.com\/cs\/wp-json\/wp\/v2\/users\/265871293"}],"replies":[{"embeddable":true,"href":"https:\/\/dolls4desire.com\/cs\/wp-json\/wp\/v2\/comments?post=2522"}],"version-history":[{"count":11,"href":"https:\/\/dolls4desire.com\/cs\/wp-json\/wp\/v2\/pages\/2522\/revisions"}],"predecessor-version":[{"id":2942,"href":"https:\/\/dolls4desire.com\/cs\/wp-json\/wp\/v2\/pages\/2522\/revisions\/2942"}],"wp:attachment":[{"href":"https:\/\/dolls4desire.com\/cs\/wp-json\/wp\/v2\/media?parent=2522"}],"curies":[{"name":"wp","href":"https:\/\/api.w.org\/{rel}","templated":true}]}}