{"id":2510,"date":"2025-05-26T12:17:03","date_gmt":"2025-05-26T02:17:03","guid":{"rendered":"https:\/\/dolls4desire.com\/?page_id=2510"},"modified":"2025-05-27T17:52:38","modified_gmt":"2025-05-27T07:52:38","slug":"obchodni-podminky","status":"publish","type":"page","link":"https:\/\/dolls4desire.com\/cs\/obchodni-podminky\/","title":{"rendered":"Obchodn\u00ed podm\u00ednky"},"content":{"rendered":"<div data-elementor-type=\"wp-page\" data-elementor-id=\"2510\" class=\"elementor elementor-2510\" data-elementor-post-type=\"page\">\n\t\t\t\t<div class=\"elementor-element elementor-element-3297816 e-flex e-con-boxed e-con e-parent\" data-id=\"3297816\" data-element_type=\"container\" data-e-type=\"container\">\n\t\t\t\t\t<div class=\"e-con-inner\">\n\t\t\t\t<div class=\"elementor-element elementor-element-44a0870 elementor-widget elementor-widget-heading\" data-id=\"44a0870\" data-element_type=\"widget\" data-e-type=\"widget\" data-widget_type=\"heading.default\">\n\t\t\t\t<div class=\"elementor-widget-container\">\n\t\t\t\t\t<h2 class=\"elementor-heading-title elementor-size-default\">Obchodn\u00ed podm\u00ednky\n<\/h2>\t\t\t\t<\/div>\n\t\t\t\t<\/div>\n\t\t\t\t<div class=\"elementor-element elementor-element-6aea8c3 elementor-widget elementor-widget-text-editor\" data-id=\"6aea8c3\" data-element_type=\"widget\" data-e-type=\"widget\" data-widget_type=\"text-editor.default\">\n\t\t\t\t<div class=\"elementor-widget-container\">\n\t\t\t\t\t\t\t\t\t<p class=\"p1\"><span class=\"s1\"><b>Zaveden\u00ed<\/b><\/span><\/p><p class=\"p2\"><span class=\"s1\">Tyto obchodn\u00ed podm\u00ednky upravuj\u00ed va\u0161e pou\u017e\u00edv\u00e1n\u00ed t\u011bchto webov\u00fdch str\u00e1nek; pou\u017e\u00edv\u00e1n\u00edm t\u011bchto webov\u00fdch str\u00e1nek tyto obchodn\u00ed podm\u00ednky v pln\u00e9m rozsahu p\u0159ij\u00edm\u00e1te. Pokud s t\u011bmito obchodn\u00edmi podm\u00ednkami nebo jakoukoli jejich \u010d\u00e1st\u00ed nesouhlas\u00edte, nesm\u00edte tyto webov\u00e9 str\u00e1nky pou\u017e\u00edvat. Tyto webov\u00e9 str\u00e1nky pou\u017e\u00edvaj\u00ed soubory cookie. Pou\u017e\u00edv\u00e1n\u00edm t\u011bchto webov\u00fdch str\u00e1nek a souhlasem s t\u011bmito obchodn\u00edmi podm\u00ednkami souhlas\u00edte s pou\u017e\u00edv\u00e1n\u00edm soubor\u016f cookie na\u0161\u00edm webem dolls4desire.com v souladu se z\u00e1sadami ochrany osobn\u00edch \u00fadaj\u016f \/ z\u00e1sadami pou\u017e\u00edv\u00e1n\u00ed soubor\u016f cookie webu dolls4desire.com.<\/span><\/p><p class=\"p1\"><span class=\"s1\"><b>Mus\u00ed\u0161<\/b><\/span><\/p><ul class=\"ul1\"><li class=\"li3\"><span class=\"s1\">Ten\/Ta\/To <a href=\"https:\/\/dolls4desire.com\/cs\/\" rel=\"nofollow\">http:\/\/www.dolls4desire.com<\/a> Webov\u00e9 str\u00e1nky mohou obsahovat obsah, kter\u00fd by n\u011bkte\u0159\u00ed u\u017eivatel\u00e9 mohli pova\u017eovat za nevhodn\u00fd, a jsou ur\u010deny pouze pro dosp\u011bl\u00e9 osoby. Na\u0161e webov\u00e9 str\u00e1nky m\u016f\u017eete pou\u017e\u00edvat pouze v p\u0159\u00edpad\u011b, \u017ee jste star\u0161\u00ed 18 let.<\/span><\/li><\/ul><p class=\"p1\"><span class=\"s1\"><b>Nesm\u00ed\u0161<\/b><\/span><\/p><ul class=\"ul1\"><li class=\"li3\"><span class=\"s1\">znovu publikovat materi\u00e1l z t\u011bchto webov\u00fdch str\u00e1nek (v\u010detn\u011b op\u011btovn\u00e9ho zve\u0159ejn\u011bn\u00ed na jin\u00fdch webov\u00fdch str\u00e1nk\u00e1ch);<\/span><\/li><li class=\"li3\"><span class=\"s1\">prod\u00e1vat, pronaj\u00edmat nebo poskytovat sublicence na materi\u00e1ly z webov\u00fdch str\u00e1nek;<\/span><\/li><li class=\"li3\"><span class=\"s1\">ve\u0159ejn\u011b zobrazovat jak\u00fdkoli materi\u00e1l z webov\u00fdch str\u00e1nek;<\/span><\/li><li class=\"li3\"><span class=\"s1\">reprodukovat, duplikovat, kop\u00edrovat nebo jinak vyu\u017e\u00edvat materi\u00e1l na t\u011bchto webov\u00fdch str\u00e1nk\u00e1ch pro komer\u010dn\u00ed \u00fa\u010dely;<\/span><\/li><li class=\"li3\"><span class=\"s1\">upravovat nebo jinak modifikovat jak\u00fdkoli materi\u00e1l na webov\u00fdch str\u00e1nk\u00e1ch;<\/span><\/li><li class=\"li3\"><span class=\"s1\">\u0161\u00ed\u0159it materi\u00e1ly z t\u011bchto webov\u00fdch str\u00e1nek s v\u00fdjimkou obsahu, kter\u00fd je v\u00fdslovn\u011b a v\u00fdslovn\u011b zp\u0159\u00edstupn\u011bn k dal\u0161\u00edmu \u0161\u00ed\u0159en\u00ed.<\/span><\/li><\/ul><p class=\"p1\"><span class=\"s1\"><b>U\u017eivatelsk\u00fd obsah<\/b><\/span><\/p><ul class=\"ul1\"><li class=\"li3\"><span class=\"s1\">V t\u011bchto podm\u00ednk\u00e1ch se \u201ev\u00e1\u0161 u\u017eivatelsk\u00fd obsah\u201c rozum\u00ed materi\u00e1l (v\u010detn\u011b textu, obr\u00e1zk\u016f, zvukov\u00e9ho materi\u00e1lu, video materi\u00e1lu a audiovizu\u00e1ln\u00edho materi\u00e1lu), kter\u00fd ode\u0161lete na tyto webov\u00e9 str\u00e1nky, a\u0165 u\u017e k jak\u00e9mukoli \u00fa\u010delu.<\/span><\/li><li class=\"li3\"><span class=\"s1\">Ud\u011blujete dolls4desire.com celosv\u011btovou, neodvolatelnou, nev\u00fdhradn\u00ed a bezplatnou licenci k pou\u017e\u00edv\u00e1n\u00ed, reprodukci, adaptaci, publikov\u00e1n\u00ed, p\u0159ekladu a distribuci va\u0161eho u\u017eivatelsk\u00e9ho obsahu v jak\u00fdchkoli st\u00e1vaj\u00edc\u00edch nebo budouc\u00edch m\u00e9di\u00edch.<\/span><\/li><li class=\"li3\"><span class=\"s1\">Tak\u00e9 ud\u011blujete dolls4desire.com pr\u00e1vo poskytovat sublicence na tato pr\u00e1va a pr\u00e1vo podat \u017ealobu pro poru\u0161en\u00ed t\u011bchto pr\u00e1v.<\/span><\/li><li class=\"li3\"><span class=\"s1\">V\u00e1\u0161 u\u017eivatelsk\u00fd obsah nesm\u00ed b\u00fdt nez\u00e1konn\u00fd ani protipr\u00e1vn\u00ed, nesm\u00ed poru\u0161ovat \u017e\u00e1dn\u00e1 z\u00e1konn\u00e1 pr\u00e1va t\u0159et\u00edch stran a nesm\u00ed b\u00fdt zp\u016fsobil\u00fd k pr\u00e1vn\u00edm krok\u016fm, a\u0165 u\u017e proti v\u00e1m, dolls4desire.com nebo t\u0159et\u00ed stran\u011b (v ka\u017ed\u00e9m p\u0159\u00edpad\u011b podle platn\u00fdch z\u00e1kon\u016f).<\/span><\/li><li class=\"li3\"><span class=\"s1\">Na webov\u00e9 str\u00e1nky nesm\u00edte odes\u00edlat \u017e\u00e1dn\u00fd u\u017eivatelsk\u00fd obsah, kter\u00fd je nebo byl n\u011bkdy p\u0159edm\u011btem hroz\u00edc\u00edho nebo skute\u010dn\u00e9ho soudn\u00edho \u0159\u00edzen\u00ed \u010di jin\u00e9 podobn\u00e9 st\u00ed\u017enosti.<\/span><\/li><li class=\"li3\"><span class=\"s1\">dolls4desire.com si vyhrazuje pr\u00e1vo upravovat nebo odstra\u0148ovat jak\u00fdkoli materi\u00e1l odeslan\u00fd na tyto webov\u00e9 str\u00e1nky, ulo\u017een\u00fd na serverech dolls4desire.com nebo hostovan\u00fd \u010di publikovan\u00fd na t\u011bchto webov\u00fdch str\u00e1nk\u00e1ch.<\/span><\/li><li class=\"li3\"><span class=\"s1\">Bez ohledu na pr\u00e1va dolls4desire.com vypl\u00fdvaj\u00edc\u00ed z t\u011bchto podm\u00ednek t\u00fdkaj\u00edc\u00edch se u\u017eivatelsk\u00e9ho obsahu se dolls4desire.com nezavazuje monitorovat odes\u00edl\u00e1n\u00ed takov\u00e9ho obsahu na tyto webov\u00e9 str\u00e1nky ani jeho publikov\u00e1n\u00ed na t\u011bchto webov\u00fdch str\u00e1nk\u00e1ch.<\/span><\/li><\/ul><p class=\"p1\"><span class=\"s1\"><b>Ostatn\u00ed strany<\/b><\/span><\/p><p class=\"p2\"><span class=\"s1\">Souhlas\u00edte s t\u00edm, \u017ee jako\u017eto spole\u010dnost s ru\u010den\u00edm omezen\u00fdm m\u00e1 dolls4desire.com z\u00e1jem na omezen\u00ed osobn\u00ed odpov\u011bdnosti sv\u00fdch vedouc\u00edch pracovn\u00edk\u016f a zam\u011bstnanc\u016f. Souhlas\u00edte s t\u00edm, \u017ee nebudete osobn\u011b uplat\u0148ovat \u017e\u00e1dn\u00e9 n\u00e1roky v\u016f\u010di vedouc\u00edm pracovn\u00edk\u016fm ani zam\u011bstnanc\u016fm dolls4desire.com v souvislosti s jak\u00fdmikoli ztr\u00e1tami, kter\u00e9 utrp\u00edte v souvislosti s webov\u00fdmi str\u00e1nkami.<\/span><\/p><p class=\"p2\"><span class=\"s1\">Bez \u00fajmy na p\u0159edchoz\u00edm odstavci souhlas\u00edte s t\u00edm, \u017ee omezen\u00ed z\u00e1ruk a odpov\u011bdnosti uveden\u00e1 v tomto prohl\u00e1\u0161en\u00ed o vylou\u010den\u00ed odpov\u011bdnosti na webov\u00fdch str\u00e1nk\u00e1ch budou chr\u00e1nit vedouc\u00ed pracovn\u00edky, zam\u011bstnance, z\u00e1stupce, dce\u0159in\u00e9 spole\u010dnosti, n\u00e1stupce, postupn\u00edky a subdodavatele dolls4desire.com, jako\u017e i dolls4desire.com.<\/span><\/p><p class=\"p1\"><span class=\"s1\"><b>Poru\u0161en\u00ed t\u011bchto podm\u00ednek<\/b><\/span><\/p><p class=\"p2\"><span class=\"s1\">Ani\u017e by byla dot\u010dena dal\u0161\u00ed pr\u00e1va spole\u010dnosti dolls4desire.com vypl\u00fdvaj\u00edc\u00ed z t\u011bchto podm\u00ednek, pokud jak\u00fdmkoli zp\u016fsobem poru\u0161\u00edte tyto podm\u00ednky, m\u016f\u017ee spole\u010dnost dolls4desire.com podniknout takov\u00e9 kroky, kter\u00e9 pova\u017euje za vhodn\u00e9 k \u0159e\u0161en\u00ed poru\u0161en\u00ed, v\u010detn\u011b pozastaven\u00ed va\u0161eho p\u0159\u00edstupu na webov\u00e9 str\u00e1nky, z\u00e1kazu p\u0159\u00edstupu na webov\u00e9 str\u00e1nky, blokov\u00e1n\u00ed p\u0159\u00edstupu po\u010d\u00edta\u010d\u016f pou\u017e\u00edvaj\u00edc\u00edch va\u0161i IP adresu k webov\u00fdm str\u00e1nk\u00e1m, kontaktov\u00e1n\u00ed va\u0161eho poskytovatele internetov\u00fdch slu\u017eeb s \u017e\u00e1dost\u00ed o zablokov\u00e1n\u00ed va\u0161eho p\u0159\u00edstupu na webov\u00e9 str\u00e1nky a\/nebo zah\u00e1jen\u00ed soudn\u00edho \u0159\u00edzen\u00ed proti v\u00e1m.<\/span><\/p><p class=\"p1\"><span class=\"s1\"><b>\u00dakol<\/b><\/span><\/p><p class=\"p2\"><span class=\"s1\">dolls4desire.com m\u016f\u017ee p\u0159ev\u00e9st, zadat subdodavatel\u016fm nebo jinak nakl\u00e1dat s pr\u00e1vy a\/nebo povinnostmi dolls4desire.com vypl\u00fdvaj\u00edc\u00edmi z t\u011bchto podm\u00ednek, ani\u017e by v\u00e1s o tom informovala nebo z\u00edskala v\u00e1\u0161 souhlas.<\/span><\/p><p class=\"p2\"><span class=\"s1\">Sv\u00e1 pr\u00e1va a\/nebo povinnosti vypl\u00fdvaj\u00edc\u00ed z t\u011bchto podm\u00ednek nesm\u00edte p\u0159ev\u00e1d\u011bt, zad\u00e1vat subdodavatel\u016fm ani jinak nakl\u00e1dat.<\/span><\/p><p class=\"p1\"><span class=\"s1\"><b>Cel\u00e1 dohoda<\/b><\/span><\/p><p class=\"p2\"><span class=\"s1\">Tyto obchodn\u00ed podm\u00ednky spolu se Z\u00e1sadami ochrany osobn\u00edch \u00fadaj\u016f dolls4desire.com p\u0159edstavuj\u00ed \u00faplnou dohodu mezi v\u00e1mi a dolls4desire.com t\u00fdkaj\u00edc\u00ed se va\u0161eho pou\u017e\u00edv\u00e1n\u00ed t\u011bchto webov\u00fdch str\u00e1nek (Obsahuje prohl\u00e1\u0161en\u00ed o vlastnictv\u00ed webov\u00fdch str\u00e1nek) a nahrazuj\u00ed v\u0161echny p\u0159edchoz\u00ed dohody t\u00fdkaj\u00edc\u00ed se va\u0161eho pou\u017e\u00edv\u00e1n\u00ed t\u011bchto webov\u00fdch str\u00e1nek.<\/span><\/p><p class=\"p1\"><span class=\"s1\"><b>Licence k u\u017e\u00edv\u00e1n\u00ed webov\u00fdch str\u00e1nek<\/b><\/span><\/p><p class=\"p2\"><span class=\"s1\">Pokud nen\u00ed uvedeno jinak, <a href=\"https:\/\/dolls4desire.com\/cs\/\" rel=\"nofollow\">http:\/\/www.dolls4desire.com<\/a> a\/nebo jej\u00ed poskytovatel\u00e9 licenc\u00ed vlastn\u00ed pr\u00e1va du\u0161evn\u00edho vlastnictv\u00ed k webov\u00fdm str\u00e1nk\u00e1m a materi\u00e1l\u016fm na webov\u00fdch str\u00e1nk\u00e1ch. S v\u00fdhradou n\u00ed\u017ee uveden\u00e9 licence jsou v\u0161echna tato pr\u00e1va du\u0161evn\u00edho vlastnictv\u00ed vyhrazena.<\/span><\/p><p class=\"p2\"><span class=\"s1\">Str\u00e1nky, u\u017eivatelsk\u00e9 p\u0159\u00edru\u010dky nebo jin\u00e9 informace o produktech z webov\u00fdch str\u00e1nek si m\u016f\u017eete prohl\u00ed\u017eet, stahovat pouze pro \u00fa\u010dely ukl\u00e1d\u00e1n\u00ed do mezipam\u011bti a tisknout pro vlastn\u00ed osobn\u00ed pot\u0159ebu, s v\u00fdhradou omezen\u00ed uveden\u00fdch n\u00ed\u017ee a jinde v t\u011bchto podm\u00ednk\u00e1ch.<\/span><\/p><p class=\"p1\"><span class=\"s1\"><b>P\u0159ijateln\u00e9 pou\u017eit\u00ed<\/b><\/span><\/p><ul class=\"ul1\"><li class=\"li3\"><span class=\"s1\">Tyto webov\u00e9 str\u00e1nky nesm\u00edte pou\u017e\u00edvat \u017e\u00e1dn\u00fdm zp\u016fsobem, kter\u00fd zp\u016fsobuje nebo m\u016f\u017ee zp\u016fsobit po\u0161kozen\u00ed webov\u00fdch str\u00e1nek nebo zhor\u0161en\u00ed jejich dostupnosti \u010di p\u0159\u00edstupnosti; ani \u017e\u00e1dn\u00fdm zp\u016fsobem, kter\u00fd je nez\u00e1konn\u00fd, protipr\u00e1vn\u00ed, podvodn\u00fd nebo \u0161kodliv\u00fd, nebo v souvislosti s jak\u00fdmkoli nez\u00e1konn\u00fdm, protipr\u00e1vn\u00edm, podvodn\u00fdm nebo \u0161kodliv\u00fdm \u00fa\u010delem \u010di \u010dinnost\u00ed.<\/span><\/li><li class=\"li3\"><span class=\"s1\">Tyto webov\u00e9 str\u00e1nky nesm\u00edte pou\u017e\u00edvat ke kop\u00edrov\u00e1n\u00ed, ukl\u00e1d\u00e1n\u00ed, hostov\u00e1n\u00ed, p\u0159enosu, odes\u00edl\u00e1n\u00ed, pou\u017e\u00edv\u00e1n\u00ed, publikov\u00e1n\u00ed ani distribuci jak\u00e9hokoli materi\u00e1lu, kter\u00fd sest\u00e1v\u00e1 ze spywaru, po\u010d\u00edta\u010dov\u00e9ho viru, trojsk\u00e9ho kon\u011b, \u010derva, programu pro zaznamen\u00e1v\u00e1n\u00ed stisk\u016f kl\u00e1ves, rootkitu nebo jin\u00e9ho \u0161kodliv\u00e9ho po\u010d\u00edta\u010dov\u00e9ho softwaru (nebo je s n\u00edm propojen).<\/span><\/li><li class=\"li3\"><span class=\"s1\">Bez v\u00fdslovn\u00e9ho p\u00edsemn\u00e9ho souhlasu spole\u010dnosti dolls4desire.com nesm\u00edte prov\u00e1d\u011bt \u017e\u00e1dn\u00e9 systematick\u00e9 ani automatizovan\u00e9 \u010dinnosti shroma\u017e\u010fov\u00e1n\u00ed dat (v\u010detn\u011b, mimo jin\u00e9, scrapingu, data miningu, extrakce dat a sb\u011bru dat) na t\u011bchto webov\u00fdch str\u00e1nk\u00e1ch nebo v souvislosti s nimi.<\/span><\/li><li class=\"li3\"><span class=\"s1\">Tyto webov\u00e9 str\u00e1nky nesm\u00edte pou\u017e\u00edvat k p\u0159enosu ani odes\u00edl\u00e1n\u00ed nevy\u017e\u00e1dan\u00fdch obchodn\u00edch sd\u011blen\u00ed.<\/span><\/li><li class=\"li3\"><span class=\"s1\">Bez v\u00fdslovn\u00e9ho p\u00edsemn\u00e9ho souhlasu spole\u010dnosti dolls4desire.com nesm\u00edte tyto webov\u00e9 str\u00e1nky pou\u017e\u00edvat k \u017e\u00e1dn\u00fdm marketingov\u00fdm \u00fa\u010del\u016fm.<\/span><\/li><\/ul><p class=\"p1\"><span class=\"s1\"><b>Omezen\u00ed odpov\u011bdnosti<\/b><\/span><\/p><p class=\"p2\"><span class=\"s1\">Dolls4desire.com nenese v\u016f\u010di v\u00e1m odpov\u011bdnost (a\u0165 u\u017e podle pr\u00e1va obchodn\u00edho styku, pr\u00e1va ob\u010danskopr\u00e1vn\u00edch delikt\u016f nebo jinak) v souvislosti s obsahem nebo pou\u017e\u00edv\u00e1n\u00edm t\u011bchto webov\u00fdch str\u00e1nek nebo jinak v souvislosti s nimi: v rozsahu, v jak\u00e9m jsou webov\u00e9 str\u00e1nky poskytov\u00e1ny zdarma, za jakoukoli p\u0159\u00edmou ztr\u00e1tu;<\/span><\/p><p class=\"p2\"><span class=\"s1\">za jakoukoli nep\u0159\u00edmou, zvl\u00e1\u0161tn\u00ed nebo n\u00e1slednou ztr\u00e1tu; nebo za jak\u00e9koli obchodn\u00ed ztr\u00e1ty, ztr\u00e1tu p\u0159\u00edjm\u016f, zisku nebo o\u010dek\u00e1van\u00fdch \u00faspor, ztr\u00e1tu smluv nebo obchodn\u00edch vztah\u016f, ztr\u00e1tu pov\u011bsti nebo dobr\u00e9 pov\u011bsti nebo ztr\u00e1tu \u010di po\u0161kozen\u00ed informac\u00ed \u010di dat.<\/span><\/p><p class=\"p2\"><span class=\"s1\">Tato omezen\u00ed odpov\u011bdnosti plat\u00ed i v p\u0159\u00edpad\u011b, \u017ee spole\u010dnost dolls4desire.com byla na mo\u017enou ztr\u00e1tu v\u00fdslovn\u011b upozorn\u011bna.<\/span><\/p><p class=\"p1\"><span class=\"s1\"><b>Rozumnost<\/b><\/span><\/p><p class=\"p2\"><span class=\"s1\">Pou\u017e\u00edv\u00e1n\u00edm t\u011bchto webov\u00fdch str\u00e1nek souhlas\u00edte s t\u00edm, \u017ee vylou\u010den\u00ed a omezen\u00ed odpov\u011bdnosti uveden\u00e1 v tomto prohl\u00e1\u0161en\u00ed o vylou\u010den\u00ed odpov\u011bdnosti na webov\u00fdch str\u00e1nk\u00e1ch jsou p\u0159im\u011b\u0159en\u00e1.<br \/>Pokud si mysl\u00edte, \u017ee nejsou p\u0159im\u011b\u0159en\u00e9, nesm\u00edte tyto webov\u00e9 str\u00e1nky pou\u017e\u00edvat.<\/span><\/p><p class=\"p1\"><span class=\"s1\"><b>Nevymahateln\u00e1 ustanoven\u00ed<\/b><\/span><\/p><p class=\"p2\"><span class=\"s1\">Pokud je jak\u00e9koli ustanoven\u00ed tohoto prohl\u00e1\u0161en\u00ed o vylou\u010den\u00ed odpov\u011bdnosti na webov\u00fdch str\u00e1nk\u00e1ch nevymahateln\u00e9 nebo se shled\u00e1 nevymahateln\u00fdm podle platn\u00fdch pr\u00e1vn\u00edch p\u0159edpis\u016f, nebude to m\u00edt vliv na vymahatelnost ostatn\u00edch ustanoven\u00ed tohoto prohl\u00e1\u0161en\u00ed o vylou\u010den\u00ed odpov\u011bdnosti na webov\u00fdch str\u00e1nk\u00e1ch.<\/span><\/p><p class=\"p1\"><span class=\"s1\"><b>Od\u0161kodn\u011bn\u00ed<\/b><\/span><\/p><p class=\"p2\"><span class=\"s1\">T\u00edmto od\u0161kod\u0148ujete dolls4desire.com a zavazujete se od\u0161kodnit dolls4desire.com za jak\u00e9koli ztr\u00e1ty, \u0161kody, n\u00e1klady, z\u00e1vazky a v\u00fddaje (v\u010detn\u011b, mimo jin\u00e9, n\u00e1klad\u016f na pr\u00e1vn\u00ed zastoupen\u00ed a jak\u00fdchkoli \u010d\u00e1stek zaplacen\u00fdch dolls4desire.com t\u0159et\u00ed stran\u011b p\u0159i urovn\u00e1n\u00ed n\u00e1roku nebo sporu na radu pr\u00e1vn\u00edch poradc\u016f dolls4desire.com), kter\u00e9 vzniknou nebo kter\u00e9 dolls4desire.com utrp\u00ed v d\u016fsledku jak\u00e9hokoli poru\u0161en\u00ed jak\u00e9hokoli ustanoven\u00ed t\u011bchto podm\u00ednek z va\u0161\u00ed strany nebo v d\u016fsledku jak\u00e9hokoli n\u00e1roku, \u017ee jste poru\u0161ili jak\u00e9koli ustanoven\u00ed t\u011bchto podm\u00ednek.<\/span><\/p><p class=\"p1\"><span class=\"s1\"><b>Variace<\/b><\/span><\/p><p class=\"p2\"><span class=\"s1\">dolls4desire.com si vyhrazuje pr\u00e1vo tyto obchodn\u00ed podm\u00ednky \u010das od \u010dasu revidovat. Revidovan\u00e9 obchodn\u00ed podm\u00ednky se budou vztahovat na pou\u017e\u00edv\u00e1n\u00ed t\u011bchto webov\u00fdch str\u00e1nek od data jejich zve\u0159ejn\u011bn\u00ed na t\u011bchto webov\u00fdch str\u00e1nk\u00e1ch. Pravideln\u011b pros\u00edm kontrolujte tuto str\u00e1nku, abyste se sezn\u00e1mili s aktu\u00e1ln\u00ed verz\u00ed.<\/span><\/p><p class=\"p1\"><span class=\"s1\"><b>Odd\u011blitelnost<\/b><\/span><\/p><p class=\"p2\"><span class=\"s1\">Pokud soud nebo jin\u00fd p\u0159\u00edslu\u0161n\u00fd org\u00e1n shled\u00e1 n\u011bkter\u00e9 ustanoven\u00ed t\u011bchto podm\u00ednek nez\u00e1konn\u00fdm a\/nebo nevymahateln\u00fdm, ostatn\u00ed ustanoven\u00ed z\u016fstanou v platnosti. Pokud by jak\u00e9koli nez\u00e1konn\u00e9 a\/nebo nevymahateln\u00e9 ustanoven\u00ed bylo z\u00e1konn\u00e9 nebo vymahateln\u00e9, i kdyby byla jeho \u010d\u00e1st vymaz\u00e1na, bude tato \u010d\u00e1st pova\u017eov\u00e1na za vymazanou a zbytek ustanoven\u00ed z\u016fstane v platnosti.<\/span><\/p><p class=\"p1\"><span class=\"s1\"><b>Pr\u00e1vo a jurisdikce<\/b><\/span><\/p><p class=\"p2\"><span class=\"s1\">Tyto Podm\u00ednky slu\u017eby a jak\u00e9koli samostatn\u00e9 dohody, kter\u00e9 v\u00e1m poskytneme, se \u0159\u00edd\u00ed a vykl\u00e1daj\u00ed v souladu s pr\u00e1vn\u00edmi p\u0159edpisy Spojen\u00e9ho kr\u00e1lovstv\u00ed a ve\u0161ker\u00e9 spory t\u00fdkaj\u00edc\u00ed se t\u011bchto podm\u00ednek podl\u00e9haj\u00ed v\u00fdlu\u010dn\u00e9 jurisdikci m\u00edstn\u00edch soud\u016f.<\/span><\/p>\t\t\t\t\t\t\t\t<\/div>\n\t\t\t\t<\/div>\n\t\t\t\t\t<\/div>\n\t\t\t\t<\/div>\n\t\t\t\t<\/div>","protected":false},"excerpt":{"rendered":"<p>Terms and Conditions &lt;b&gt;Introduction&lt;\/b&gt; These terms and conditions govern your use of this website; by using this website, you accept these terms and conditions in full. If you disagree with these terms and conditions or any part of these terms and conditions, you must not use this website.This website uses cookies. By using this website [&hellip;]<\/p>\n","protected":false},"author":265871293,"featured_media":0,"parent":0,"menu_order":0,"comment_status":"closed","ping_status":"closed","template":"elementor_header_footer","meta":{"_acf_changed":false,"_crdt_document":"","advanced_seo_description":"","jetpack_seo_html_title":"","jetpack_seo_noindex":false,"jetpack_post_was_ever_published":false,"footnotes":""},"class_list":["post-2510","page","type-page","status-publish","hentry"],"blocksy_meta":[],"acf":[],"jetpack_sharing_enabled":true,"jetpack_likes_enabled":true,"jetpack_shortlink":"https:\/\/wp.me\/Pgx3TK-Eu","_links":{"self":[{"href":"https:\/\/dolls4desire.com\/cs\/wp-json\/wp\/v2\/pages\/2510","targetHints":{"allow":["GET"]}}],"collection":[{"href":"https:\/\/dolls4desire.com\/cs\/wp-json\/wp\/v2\/pages"}],"about":[{"href":"https:\/\/dolls4desire.com\/cs\/wp-json\/wp\/v2\/types\/page"}],"author":[{"embeddable":true,"href":"https:\/\/dolls4desire.com\/cs\/wp-json\/wp\/v2\/users\/265871293"}],"replies":[{"embeddable":true,"href":"https:\/\/dolls4desire.com\/cs\/wp-json\/wp\/v2\/comments?post=2510"}],"version-history":[{"count":17,"href":"https:\/\/dolls4desire.com\/cs\/wp-json\/wp\/v2\/pages\/2510\/revisions"}],"predecessor-version":[{"id":2933,"href":"https:\/\/dolls4desire.com\/cs\/wp-json\/wp\/v2\/pages\/2510\/revisions\/2933"}],"wp:attachment":[{"href":"https:\/\/dolls4desire.com\/cs\/wp-json\/wp\/v2\/media?parent=2510"}],"curies":[{"name":"wp","href":"https:\/\/api.w.org\/{rel}","templated":true}]}}