{"id":2507,"date":"2025-05-26T12:16:48","date_gmt":"2025-05-26T02:16:48","guid":{"rendered":"https:\/\/dolls4desire.com\/?page_id=2507"},"modified":"2025-05-27T01:16:44","modified_gmt":"2025-05-26T15:16:44","slug":"zasady-ochrany-osobnich-udaju","status":"publish","type":"page","link":"https:\/\/dolls4desire.com\/cs\/zasady-ochrany-osobnich-udaju\/","title":{"rendered":"Z\u00e1sady ochrany osobn\u00edch \u00fadaj\u016f"},"content":{"rendered":"<div data-elementor-type=\"wp-page\" data-elementor-id=\"2507\" class=\"elementor elementor-2507\" data-elementor-post-type=\"page\">\n\t\t\t\t<div class=\"elementor-element elementor-element-2b26751 e-flex e-con-boxed e-con e-parent\" data-id=\"2b26751\" data-element_type=\"container\" data-e-type=\"container\">\n\t\t\t\t\t<div class=\"e-con-inner\">\n\t\t\t\t<div class=\"elementor-element elementor-element-d5e18e8 elementor-widget elementor-widget-heading\" data-id=\"d5e18e8\" data-element_type=\"widget\" data-e-type=\"widget\" data-widget_type=\"heading.default\">\n\t\t\t\t<div class=\"elementor-widget-container\">\n\t\t\t\t\t<h2 class=\"elementor-heading-title elementor-size-default\">Z\u00e1sady ochrany osobn\u00edch \u00fadaj\u016f\n<\/h2>\t\t\t\t<\/div>\n\t\t\t\t<\/div>\n\t\t\t\t<div class=\"elementor-element elementor-element-9b0c44e elementor-widget elementor-widget-text-editor\" data-id=\"9b0c44e\" data-element_type=\"widget\" data-e-type=\"widget\" data-widget_type=\"text-editor.default\">\n\t\t\t\t<div class=\"elementor-widget-container\">\n\t\t\t\t\t\t\t\t\t<div class=\"vc_row wpb_row vc_row-fluid\"><div class=\"wpb_column vc_column_container vc_col-sm-12\"><div class=\"vc_column-inner\"><div class=\"wpb_wrapper\"><div class=\"wpb_text_column wpb_content_element\"><div class=\"wpb_wrapper\"><div class=\"main-page-wrapper\" data-rocket-location-hash=\"4a2fe321e990c94151b29af1c306d73b\"><div class=\"container\"><div class=\"row content-layout-wrapper align-items-start\"><div class=\"site-content col-lg-12 col-12 col-md-12\" role=\"main\"><article id=\"post-567\" class=\"post-567 page type-page status-publish hentry\"><div class=\"entry-content\"><div class=\"wpb-content-wrapper\"><div class=\"vc_row wpb_row vc_row-fluid\"><div class=\"wpb_column vc_column_container vc_col-sm-12\"><div class=\"vc_column-inner vc_custom_1548321055749\"><div class=\"wpb_wrapper\"><div class=\"wpb_text_column wpb_content_element\"><div class=\"wpb_wrapper\"><p>Na <strong>Dolls4desire<\/strong>, zav\u00e1zali jsme se chr\u00e1nit va\u0161e soukrom\u00ed. Ve\u0161ker\u00e9 informace, kter\u00e9 shroma\u017e\u010fujeme, jsou ty, kter\u00e9 n\u00e1m dobrovoln\u011b poskytnete. M\u016f\u017eeme shroma\u017e\u010fovat informace, jako je va\u0161e jm\u00e9no, e-mailov\u00e1 adresa, po\u0161tovn\u00ed adresa, telefonn\u00ed \u010d\u00edslo nebo informace o kreditn\u00ed kart\u011b, kdy\u017e se zaregistrujete jako u\u017eivatel na na\u0161ich webov\u00fdch str\u00e1nk\u00e1ch, zad\u00e1te objedn\u00e1vku nebo se p\u0159ihl\u00e1s\u00edte k odb\u011bru na\u0161eho newsletteru. Tyto informace pou\u017e\u00edv\u00e1me k personalizaci a vylep\u0161en\u00ed va\u0161\u00ed zku\u0161enosti, ke zlep\u0161en\u00ed z\u00e1kaznick\u00fdch slu\u017eeb na webov\u00fdch str\u00e1nk\u00e1ch, k tomu, abychom v\u00e1s v p\u0159\u00edpad\u011b pot\u0159eby kontaktovali, k p\u0159izp\u016fsoben\u00ed v\u011brnostn\u00edch program\u016f, k poskytov\u00e1n\u00ed pravideln\u00e9 elektronick\u00e9 korespondence a k efektivn\u00edmu vy\u0159izov\u00e1n\u00ed va\u0161ich objedn\u00e1vek a zpracov\u00e1n\u00ed transakc\u00ed. Va\u0161e osobn\u00ed \u00fadaje nikdy neprod\u00e1v\u00e1me ani nesd\u00edl\u00edme.<\/p><h5>Zabezpe\u010den\u00ed<\/h5><\/div><\/div><\/div><\/div><\/div><\/div><div class=\"vc_row wpb_row vc_row-fluid\"><div class=\"wpb_column vc_column_container vc_col-sm-12\"><div class=\"vc_column-inner vc_custom_1548321046784\"><div class=\"wpb_wrapper\"><div class=\"wpb_text_column wpb_content_element\"><div class=\"wpb_wrapper\"><p>Pro zaji\u0161t\u011bn\u00ed bezpe\u010dnosti va\u0161ich osobn\u00edch \u00fadaj\u016f pou\u017e\u00edv\u00e1me zabezpe\u010den\u00fd server. Informace, kter\u00e9 odes\u00edl\u00e1te prost\u0159ednictv\u00edm webov\u00fdch str\u00e1nek, jsou chr\u00e1n\u011bny standardn\u00ed technologi\u00ed \u0161ifrov\u00e1n\u00ed SSL, kter\u00e1 je navr\u017eena tak, aby chr\u00e1nila va\u0161e osobn\u00ed \u00fadaje p\u0159ed ztr\u00e1tou nebo neopr\u00e1vn\u011bn\u00fdm p\u0159\u00edstupem, zve\u0159ejn\u011bn\u00edm, zm\u011bnou nebo zni\u010den\u00edm.<\/p><p>Pou\u017e\u00edv\u00e1me administrativn\u00ed, technick\u00e1 a fyzick\u00e1 opat\u0159en\u00ed k ochran\u011b osobn\u00edch \u00fadaj\u016f p\u0159ed ztr\u00e1tou, kr\u00e1de\u017e\u00ed a neopr\u00e1vn\u011bn\u00fdm pou\u017eit\u00edm, p\u0159\u00edstupem nebo \u00fapravami. N\u011bkter\u00e9 oblasti na\u0161ich webov\u00fdch str\u00e1nek mohou b\u00fdt chr\u00e1n\u011bny heslem. Pokud jste u\u017eivatelem na\u0161ich webov\u00fdch str\u00e1nek a m\u00e1te heslo, m\u016f\u017eete pomoci chr\u00e1nit sv\u00e9 soukrom\u00ed t\u00edm, \u017ee se ujist\u00edte, \u017ee sv\u00e9 heslo s nik\u00fdm jin\u00fdm nesd\u00edl\u00edte.<\/p><p>Platby proveden\u00e9 prost\u0159ednictv\u00edm na\u0161ich webov\u00fdch str\u00e1nek jsou zpracov\u00e1v\u00e1ny v zabezpe\u010den\u00e9m prost\u0159ed\u00ed pomoc\u00ed softwaru poskytovan\u00e9ho spole\u010dnost\u00ed PayPal nebo jin\u00fdmi poskytovateli t\u0159et\u00edch stran.<br \/>Pravideln\u011b ov\u011b\u0159ujeme osobn\u00ed \u00fadaje, kter\u00e9 uchov\u00e1v\u00e1me, abychom zajistili jejich p\u0159esnost a v p\u0159\u00edpad\u011b pot\u0159eby i aktu\u00e1lnost. Informace, kter\u00e9 ji\u017e nejsou pot\u0159eba pro \u017e\u00e1dn\u00fd platn\u00fd obchodn\u00ed \u00fa\u010del a kter\u00e9 nejsme povinni uchov\u00e1vat podle platn\u00fdch z\u00e1kon\u016f, budou rutinn\u011b skartov\u00e1ny bezpe\u010dn\u00fdmi prost\u0159edky.<\/p><h5><strong>Soubory cookie<\/strong><\/h5><\/div><\/div><\/div><\/div><\/div><\/div><div class=\"vc_row wpb_row vc_row-fluid\"><div class=\"wpb_column vc_column_container vc_col-sm-12\"><div class=\"vc_column-inner vc_custom_1548321039135\"><div class=\"wpb_wrapper\"><div class=\"wpb_text_column wpb_content_element\"><div class=\"wpb_wrapper\"><p>Webov\u00fd soubor cookie, b\u011b\u017en\u011b pou\u017e\u00edvan\u00e1 technologie sb\u011bru dat, je jednodu\u0161e textov\u00fd soubor, kter\u00fd lze um\u00edstit do prohl\u00ed\u017ee\u010de va\u0161eho osobn\u00edho po\u010d\u00edta\u010de nebo mobiln\u00edho za\u0159\u00edzen\u00ed a n\u00e1sledn\u011b si jej p\u0159e\u010d\u00edst p\u0159i n\u00e1v\u0161t\u011bv\u011b webov\u00fdch str\u00e1nek. Na na\u0161ich webov\u00fdch str\u00e1nk\u00e1ch pou\u017e\u00edv\u00e1me soubory cookie a podobn\u00e9 technologie ke zlep\u0161en\u00ed v\u00fdkonu a va\u0161\u00ed u\u017eivatelsk\u00e9 zku\u0161enosti. S povolen\u00edm pou\u017e\u00edv\u00e1n\u00ed soubor\u016f cookie nejsou spojeny \u017e\u00e1dn\u00e9 osobn\u00ed \u00fadaje a soubor cookie se po zav\u0159en\u00ed prohl\u00ed\u017ee\u010de ukon\u010d\u00ed, dokud se u\u017eivatel nevr\u00e1t\u00ed na str\u00e1nky.<\/p><p>Soubory cookie, kter\u00e9 pou\u017e\u00edv\u00e1me nebo povolujeme, jsou akceptovanou sou\u010d\u00e1st\u00ed elektronick\u00e9ho obchodov\u00e1n\u00ed a jsou d\u016fle\u017eit\u00e9 pro va\u0161e pou\u017e\u00edv\u00e1n\u00ed na\u0161ich webov\u00fdch str\u00e1nek. V\u00fdkonnostn\u00ed soubory cookie n\u00e1m umo\u017e\u0148uj\u00ed porozum\u011bt na\u0161emu publiku jako celku a zlep\u0161it zp\u016fsob, jak\u00fdm na\u0161e str\u00e1nky spl\u0148uj\u00ed va\u0161e pot\u0159eby a o\u010dek\u00e1v\u00e1n\u00ed. Mnoho funk\u010dn\u00edch soubor\u016f cookie je z\u00e1kladn\u00edch pro fungov\u00e1n\u00ed na\u0161ich str\u00e1nek a slu\u017eeb. Soubory cookie, kter\u00e9 pou\u017e\u00edv\u00e1me pro registraci, n\u00e1m umo\u017e\u0148uj\u00ed prov\u00e1d\u011bt na\u0161e podnik\u00e1n\u00ed online. Na\u0161e str\u00e1nky a slu\u017eby nebo jejich \u010d\u00e1sti nemus\u00ed bez t\u011bchto soubor\u016f cookie spr\u00e1vn\u011b fungovat.<\/p><\/div><\/div><\/div><\/div><\/div><\/div><\/div><\/div><\/article><\/div><\/div><\/div><\/div><\/div><\/div><\/div><\/div><\/div><\/div>\t\t\t\t\t\t\t\t<\/div>\n\t\t\t\t<\/div>\n\t\t\t\t\t<\/div>\n\t\t\t\t<\/div>\n\t\t\t\t<\/div>","protected":false},"excerpt":{"rendered":"<p>Privacy Policy &lt;article id=&#8221;post-567&#8243;&gt;At &lt;strong&gt;Dolls4desire&lt;\/strong&gt;, we are dedicated to protecting your privacy. Any information we collect is that which you voluntarily provide to us. We may collect information such as your name, e-mail address, mailing address, phone number or credit card information when you register as a user on our website, place an order or [&hellip;]<\/p>\n","protected":false},"author":265871293,"featured_media":0,"parent":0,"menu_order":0,"comment_status":"closed","ping_status":"closed","template":"elementor_header_footer","meta":{"_acf_changed":false,"_crdt_document":"","advanced_seo_description":"","jetpack_seo_html_title":"","jetpack_seo_noindex":false,"footnotes":""},"class_list":["post-2507","page","type-page","status-publish","hentry"],"blocksy_meta":[],"acf":[],"jetpack_sharing_enabled":true,"jetpack_likes_enabled":true,"jetpack_shortlink":"https:\/\/wp.me\/Pgx3TK-Er","_links":{"self":[{"href":"https:\/\/dolls4desire.com\/cs\/wp-json\/wp\/v2\/pages\/2507","targetHints":{"allow":["GET"]}}],"collection":[{"href":"https:\/\/dolls4desire.com\/cs\/wp-json\/wp\/v2\/pages"}],"about":[{"href":"https:\/\/dolls4desire.com\/cs\/wp-json\/wp\/v2\/types\/page"}],"author":[{"embeddable":true,"href":"https:\/\/dolls4desire.com\/cs\/wp-json\/wp\/v2\/users\/265871293"}],"replies":[{"embeddable":true,"href":"https:\/\/dolls4desire.com\/cs\/wp-json\/wp\/v2\/comments?post=2507"}],"version-history":[{"count":11,"href":"https:\/\/dolls4desire.com\/cs\/wp-json\/wp\/v2\/pages\/2507\/revisions"}],"predecessor-version":[{"id":2852,"href":"https:\/\/dolls4desire.com\/cs\/wp-json\/wp\/v2\/pages\/2507\/revisions\/2852"}],"wp:attachment":[{"href":"https:\/\/dolls4desire.com\/cs\/wp-json\/wp\/v2\/media?parent=2507"}],"curies":[{"name":"wp","href":"https:\/\/api.w.org\/{rel}","templated":true}]}}