{"id":2500,"date":"2025-05-26T12:15:51","date_gmt":"2025-05-26T02:15:51","guid":{"rendered":"https:\/\/dolls4desire.com\/?page_id=2500"},"modified":"2025-05-27T00:43:32","modified_gmt":"2025-05-26T14:43:32","slug":"zaruka-vraceni-penez","status":"publish","type":"page","link":"https:\/\/dolls4desire.com\/cs\/zaruka-vraceni-penez\/","title":{"rendered":"Z\u00e1ruka vr\u00e1cen\u00ed pen\u011bz"},"content":{"rendered":"<div data-elementor-type=\"wp-page\" data-elementor-id=\"2500\" class=\"elementor elementor-2500\" data-elementor-post-type=\"page\">\n\t\t\t\t<div class=\"elementor-element elementor-element-30f34de e-flex e-con-boxed e-con e-parent\" data-id=\"30f34de\" data-element_type=\"container\" data-e-type=\"container\">\n\t\t\t\t\t<div class=\"e-con-inner\">\n\t\t\t\t<div class=\"elementor-element elementor-element-c8bbd93 elementor-widget elementor-widget-heading\" data-id=\"c8bbd93\" data-element_type=\"widget\" data-e-type=\"widget\" data-widget_type=\"heading.default\">\n\t\t\t\t<div class=\"elementor-widget-container\">\n\t\t\t\t\t<h2 class=\"elementor-heading-title elementor-size-default\">GARANCE VR\u00c1CEN\u00cd PEN\u011aZ\n<\/h2>\t\t\t\t<\/div>\n\t\t\t\t<\/div>\n\t\t\t\t<div class=\"elementor-element elementor-element-8abbb2e elementor-widget-divider--view-line elementor-widget elementor-widget-divider\" data-id=\"8abbb2e\" data-element_type=\"widget\" data-e-type=\"widget\" data-widget_type=\"divider.default\">\n\t\t\t\t<div class=\"elementor-widget-container\">\n\t\t\t\t\t\t\t<div class=\"elementor-divider\">\n\t\t\t<span class=\"elementor-divider-separator\">\n\t\t\t\t\t\t<\/span>\n\t\t<\/div>\n\t\t\t\t\t\t<\/div>\n\t\t\t\t<\/div>\n\t\t\t\t<div class=\"elementor-element elementor-element-f9a1617 elementor-widget elementor-widget-text-editor\" data-id=\"f9a1617\" data-element_type=\"widget\" data-e-type=\"widget\" data-widget_type=\"text-editor.default\">\n\t\t\t\t<div class=\"elementor-widget-container\">\n\t\t\t\t\t\t\t\t\t<div class=\"vc_row wpb_row vc_row-fluid\"><div class=\"wpb_column vc_column_container vc_col-sm-12\"><div class=\"vc_column-inner\"><div class=\"wpb_wrapper\"><div class=\"wpb_text_column wpb_content_element\"><div class=\"wpb_wrapper\"><div class=\"vc_row wpb_row vc_row-fluid\"><div class=\"wpb_column vc_column_container vc_col-sm-12\"><div class=\"vc_column-inner\"><div class=\"wpb_wrapper\"><div class=\"wpb_text_column wpb_content_element\"><div class=\"wpb_wrapper\"><p>Na <strong>Dolls4desire<\/strong>V\u011b\u0159\u00edme v poskytov\u00e1n\u00ed vysoce kvalitn\u00edch sexu\u00e1ln\u00edch panenek a slu\u017eeb, kter\u00e9 spl\u0148uj\u00ed pot\u0159eby na\u0161ich z\u00e1kazn\u00edk\u016f a p\u0159ed\u010d\u00ed jejich o\u010dek\u00e1v\u00e1n\u00ed. Ch\u00e1peme, \u017ee n\u011bkdy se v\u011bci nemus\u00ed vyv\u00edjet podle pl\u00e1nu, a proto nab\u00edz\u00edme z\u00e1ruku spokojenosti 100% na v\u0161echny na\u0161e produkty. Jsme si jisti kvalitou na\u0161ich produkt\u016f a chceme, abyste se p\u0159i n\u00e1kupu c\u00edtili jist\u011b. Na\u0161e z\u00e1ruka vr\u00e1cen\u00ed pen\u011bz v\u00e1m zaru\u010duje, \u017ee m\u016f\u017eete nakupovat s klidem a v\u011bd\u011bt, \u017ee pokud nebudete s n\u00e1kupem zcela spokojeni, m\u016f\u017eete jej vr\u00e1tit a z\u00edskat plnou n\u00e1hradu. D\u011bkujeme, \u017ee jste si vybrali na\u0161i spole\u010dnost a d\u016fv\u011b\u0159ujete n\u00e1m, \u017ee v\u00e1m poskytneme ty nejlep\u0161\u00ed mo\u017en\u00e9 produkty a slu\u017eby.<\/p><\/div><\/div><\/div><\/div><\/div><\/div><\/div><\/div><\/div><\/div><\/div><\/div>\t\t\t\t\t\t\t\t<\/div>\n\t\t\t\t<\/div>\n\t\t\t\t\t<\/div>\n\t\t\t\t<\/div>\n\t\t<div class=\"elementor-element elementor-element-6675abb e-flex e-con-boxed e-con e-parent\" data-id=\"6675abb\" data-element_type=\"container\" data-e-type=\"container\">\n\t\t\t\t\t<div class=\"e-con-inner\">\n\t\t\t\t<div class=\"elementor-element elementor-element-a522f3f elementor-widget elementor-widget-heading\" data-id=\"a522f3f\" data-element_type=\"widget\" data-e-type=\"widget\" data-widget_type=\"heading.default\">\n\t\t\t\t<div class=\"elementor-widget-container\">\n\t\t\t\t\t<h2 class=\"elementor-heading-title elementor-size-default\">\nCo garantujeme?\n<\/h2>\t\t\t\t<\/div>\n\t\t\t\t<\/div>\n\t\t\t\t<div class=\"elementor-element elementor-element-8bb4d09 elementor-widget-divider--view-line elementor-widget elementor-widget-divider\" data-id=\"8bb4d09\" data-element_type=\"widget\" data-e-type=\"widget\" data-widget_type=\"divider.default\">\n\t\t\t\t<div class=\"elementor-widget-container\">\n\t\t\t\t\t\t\t<div class=\"elementor-divider\">\n\t\t\t<span class=\"elementor-divider-separator\">\n\t\t\t\t\t\t<\/span>\n\t\t<\/div>\n\t\t\t\t\t\t<\/div>\n\t\t\t\t<\/div>\n\t\t\t\t<div class=\"elementor-element elementor-element-55dedaf elementor-widget elementor-widget-text-editor\" data-id=\"55dedaf\" data-element_type=\"widget\" data-e-type=\"widget\" data-widget_type=\"text-editor.default\">\n\t\t\t\t<div class=\"elementor-widget-container\">\n\t\t\t\t\t\t\t\t\t<p><strong>Autentick\u00e1 z\u00e1ruka<\/strong><br \/>V\u0161echny panenky na <strong>Dolls4desire<\/strong>Dom\u00e9ny .com jsou autentick\u00e9 s certifik\u00e1tem 100%. Jsme ov\u011b\u0159en\u00fdm ofici\u00e1ln\u00edm dodavatelem\/distributorem sexu\u00e1ln\u00edch panenek mnoha renomovan\u00fdch v\u00fdrobc\u016f a jsme opr\u00e1vn\u011bni dov\u00e1\u017eet sexu\u00e1ln\u00ed panenky po cel\u00e9m sv\u011bt\u011b. Kliknut\u00edm zobraz\u00edte na\u0161e autoriza\u010dn\u00ed certifik\u00e1ty.<\/p><p><strong>Z\u00e1ruka zcela nov\u00e9ho a perfektn\u00edho stavu<\/strong><br \/>V\u0161echny sexu\u00e1ln\u00ed panenky doraz\u00ed v nov\u00e9m a origin\u00e1ln\u00edm stavu, v funk\u010dn\u00edm stavu a p\u0159esn\u011b tak, jak je pops\u00e1no\/zobrazeno na webov\u00fdch str\u00e1nk\u00e1ch.<\/p><p><strong>Kontrola kvality<\/strong><br \/>Zavedli jsme p\u0159\u00edsn\u00fd syst\u00e9m kontroly kvality a ka\u017ed\u00e1 panenka je p\u0159ed opu\u0161t\u011bn\u00edm na\u0161eho studia d\u016fkladn\u011b zkontrolov\u00e1na a otestov\u00e1na v pevn\u00e9m balen\u00ed chr\u00e1n\u00edc\u00edm soukrom\u00ed a se zaru\u010denou logistikou. P\u0159ed odesl\u00e1n\u00edm prov\u00e1d\u00edme kontrolu kvality va\u0161ich panenek. Proto je nepravd\u011bpodobn\u00e9, \u017ee by se va\u0161e panenky po\u0161kodily nebo vady.<\/p><p><strong>100% Spokojenost<\/strong><br \/>D\u00edky prvot\u0159\u00eddn\u00edmu servisu s 5hv\u011bzdi\u010dkov\u00fdm hodnocen\u00edm a jako\u017eto p\u0159edn\u00ed prodejce v\u00edce ne\u017e 40 zna\u010dek panenek je YourDoll v\u017edy nejlep\u0161\u00edm obchodem pro n\u00e1kup vysoce kvalitn\u00edch sexu\u00e1ln\u00edch panenek v USA. Nab\u00edz\u00edme fotografie z v\u00fdroby, abyste byli p\u0159ed odesl\u00e1n\u00edm spokojeni se v\u0161emi detaily. Pokud se p\u0159i obdr\u017een\u00ed va\u0161\u00ed panenky vyskytne jak\u00e1koli chyba s va\u0161\u00ed objedn\u00e1vkou (vady nebo nespr\u00e1vn\u00e1 z\u00e1silka), oprav\u00edme ji nebo ji vym\u011bn\u00edme.<\/p>\t\t\t\t\t\t\t\t<\/div>\n\t\t\t\t<\/div>\n\t\t\t\t\t<\/div>\n\t\t\t\t<\/div>\n\t\t<div class=\"elementor-element elementor-element-0389339 e-flex e-con-boxed e-con e-parent\" data-id=\"0389339\" data-element_type=\"container\" data-e-type=\"container\">\n\t\t\t\t\t<div class=\"e-con-inner\">\n\t\t\t\t<div class=\"elementor-element elementor-element-dbc49a9 elementor-widget elementor-widget-heading\" data-id=\"dbc49a9\" data-element_type=\"widget\" data-e-type=\"widget\" data-widget_type=\"heading.default\">\n\t\t\t\t<div class=\"elementor-widget-container\">\n\t\t\t\t\t<h2 class=\"elementor-heading-title elementor-size-default\">Jak funguje z\u00e1ruka vr\u00e1cen\u00ed pen\u011bz?\n<\/h2>\t\t\t\t<\/div>\n\t\t\t\t<\/div>\n\t\t\t\t<div class=\"elementor-element elementor-element-5d49010 elementor-widget-divider--view-line elementor-widget elementor-widget-divider\" data-id=\"5d49010\" data-element_type=\"widget\" data-e-type=\"widget\" data-widget_type=\"divider.default\">\n\t\t\t\t<div class=\"elementor-widget-container\">\n\t\t\t\t\t\t\t<div class=\"elementor-divider\">\n\t\t\t<span class=\"elementor-divider-separator\">\n\t\t\t\t\t\t<\/span>\n\t\t<\/div>\n\t\t\t\t\t\t<\/div>\n\t\t\t\t<\/div>\n\t\t\t\t<div class=\"elementor-element elementor-element-d768c0a elementor-widget elementor-widget-text-editor\" data-id=\"d768c0a\" data-element_type=\"widget\" data-e-type=\"widget\" data-widget_type=\"text-editor.default\">\n\t\t\t\t<div class=\"elementor-widget-container\">\n\t\t\t\t\t\t\t\t\t<p>Po obdr\u017een\u00ed panenky je nezbytn\u00e9 ji d\u016fkladn\u011b prohl\u00e9dnout od hlavy a\u017e k pat\u011b a proces vybalov\u00e1n\u00ed vyfotit nebo nahr\u00e1t. Pros\u00edm, panenku nepou\u017e\u00edvejte, dokud nedokon\u010d\u00edte kontrolu a neujist\u00edte se, \u017ee je v perfektn\u00edm stavu.<\/p><p>Pokud zjist\u00edte, \u017ee je va\u0161e panenka po\u0161kozen\u00e1 nebo se v\u00fdrazn\u011b li\u0161\u00ed od uveden\u00e9ho popisu, kontaktujte pros\u00edm neprodlen\u011b n\u00e1\u0161 t\u00fdm podpory a poskytn\u011bte mu co nejv\u00edce podrobnost\u00ed, v\u010detn\u011b jasn\u00fdch fotografi\u00ed a vide\u00ed. N\u00e1\u0161 t\u00fdm s v\u00e1mi bude spolupracovat na diagnostice probl\u00e9mu a poskytne v\u00e1m odpov\u00eddaj\u00edc\u00ed kompenzaci, kter\u00e1 m\u016f\u017ee zahrnovat i od\u0161kodn\u011bn\u00ed.\u00a0<strong>v\u00fdm\u011bna, \u010d\u00e1ste\u010dn\u00e9 vr\u00e1cen\u00ed pen\u011bz nebo \u00fapln\u00e9 vr\u00e1cen\u00ed pen\u011bz<\/strong>, v z\u00e1vislosti na stupni po\u0161kozen\u00ed panenky.<\/p><ul><li><strong>Nespr\u00e1vn\u00e9 panenky:<\/strong>\u00a0Pokud panenku obdr\u017e\u00edte a zjist\u00edte, \u017ee vypad\u00e1 naprosto odli\u0161n\u011b od fotografi\u00ed z v\u00fdroby nebo webov\u00fdch str\u00e1nek, uka\u017ete n\u00e1m video z rozbalov\u00e1n\u00ed (s cel\u00fdm t\u011blem, hlavou, p\u0159epravn\u00edm \u0161t\u00edtkem a vn\u011bj\u0161\u00ed krabic\u00ed). Ozveme se v\u00e1m, prov\u011b\u0159\u00edme to u v\u00fdrobce a p\u0159epravce a za\u0159\u00edd\u00edme pro v\u00e1s novou n\u00e1hradu.<\/li><li><strong>Po\u0161kozen\u00e9 panenky:<\/strong>\u00a0Pokud je bal\u00edk v\u00e1\u017en\u011b po\u0161kozen, m\u011bli byste jej reklamovat u p\u0159epravce po jeho obdr\u017een\u00ed. V z\u00e1vislosti na z\u00e1va\u017enosti po\u0161kozen\u00ed bude zaji\u0161t\u011bna nov\u00e1 n\u00e1hrada. V p\u0159\u00edpad\u011b drobn\u00e9ho po\u0161kozen\u00ed poskytneme ve\u0161ker\u00e9 pot\u0159ebn\u00e9 sady, kter\u00e9 v\u00e1m pomohou s opravou.<\/li><li><strong>Chyb\u011bj\u00edc\u00ed bal\u00ed\u010dek:<\/strong>\u00a0Pokud sledovac\u00ed \u010d\u00edslo ukazuje, \u017ee v\u00e1\u0161 bal\u00edk byl doru\u010den, ale vy jste nic neobdr\u017eeli, zavolejte UPS\/FedEx a co nejd\u0159\u00edve nahlaste reklamaci. Pro jistotu u v\u011bt\u0161iny bal\u00edk\u016f nab\u00edz\u00edme slu\u017ebu podpisu dosp\u011bl\u00e9 osoby (mohou platit v\u00fdjimky).<\/li><\/ul>\t\t\t\t\t\t\t\t<\/div>\n\t\t\t\t<\/div>\n\t\t\t\t\t<\/div>\n\t\t\t\t<\/div>\n\t\t<div class=\"elementor-element elementor-element-f2e1a00 e-flex e-con-boxed e-con e-parent\" data-id=\"f2e1a00\" data-element_type=\"container\" data-e-type=\"container\">\n\t\t\t\t\t<div class=\"e-con-inner\">\n\t\t\t\t<div class=\"elementor-element elementor-element-32e7679 elementor-widget elementor-widget-heading\" data-id=\"32e7679\" data-element_type=\"widget\" data-e-type=\"widget\" data-widget_type=\"heading.default\">\n\t\t\t\t<div class=\"elementor-widget-container\">\n\t\t\t\t\t<h2 class=\"elementor-heading-title elementor-size-default\">Na co se nevztahuje z\u00e1ruka vr\u00e1cen\u00ed pen\u011bz?\n<\/h2>\t\t\t\t<\/div>\n\t\t\t\t<\/div>\n\t\t\t\t<div class=\"elementor-element elementor-element-a70724c elementor-widget-divider--view-line elementor-widget elementor-widget-divider\" data-id=\"a70724c\" data-element_type=\"widget\" data-e-type=\"widget\" data-widget_type=\"divider.default\">\n\t\t\t\t<div class=\"elementor-widget-container\">\n\t\t\t\t\t\t\t<div class=\"elementor-divider\">\n\t\t\t<span class=\"elementor-divider-separator\">\n\t\t\t\t\t\t<\/span>\n\t\t<\/div>\n\t\t\t\t\t\t<\/div>\n\t\t\t\t<\/div>\n\t\t\t\t<div class=\"elementor-element elementor-element-fb3090d elementor-widget elementor-widget-text-editor\" data-id=\"fb3090d\" data-element_type=\"widget\" data-e-type=\"widget\" data-widget_type=\"text-editor.default\">\n\t\t\t\t<div class=\"elementor-widget-container\">\n\t\t\t\t\t\t\t\t\t<div class=\"wpb_text_column wpb_content_element\"><div class=\"wpb_wrapper\"><p><strong>Drobn\u00e9 vady<\/strong><br \/>Drobn\u00e9 vady se nepova\u017euj\u00ed za po\u0161kozen\u00ed a nevztahuje se na n\u011b na\u0161e z\u00e1ruka vr\u00e1cen\u00ed pen\u011bz. Mezi drobn\u00e9 vady pat\u0159\u00ed ko\u017en\u00ed skvrny, \u0161kr\u00e1bance, skvrny, prom\u00e1\u010dkliny, prom\u00e1\u010dkliny, drobn\u00e9 zm\u011bny na povrchu k\u016f\u017ee, uvoln\u011bn\u00e9 nebo chyb\u011bj\u00edc\u00ed nehty na rukou\/nohou, uvoln\u011bn\u00e9 nebo chyb\u011bj\u00edc\u00ed \u0159asy, drobn\u00e9 rozd\u00edly a nesrovnalosti v l\u00ed\u010den\u00ed obli\u010deje a\/nebo l\u00ed\u010den\u00ed t\u011bla. Tyto vady lze opravit dle n\u00e1vrh\u016f dolls4desire.<\/p><ul><li>Nehty na rukou a nohou \u2013 Nehty na panenk\u00e1ch se mohou b\u011bhem p\u0159epravy nebo po obdr\u017een\u00ed bal\u00ed\u010dku uvolnit, proto\u017ee pou\u017e\u00edv\u00e1me pouze jemn\u00e9 lepidlo, abychom zajistili, \u017ee kupuj\u00edc\u00ed bude moci nehty odstranit. Pokud nehet upadne, sta\u010d\u00ed k jeho op\u011btovn\u00e9mu p\u0159ipevn\u011bn\u00ed pou\u017e\u00edt na\u0161e lepidlo na \u0159asy a nehty.<\/li><li>Uvoln\u011bn\u00e1 \u0159asa \u2013 Na obli\u010dej panenky bude p\u0159ipevn\u011bna ochrann\u00e1 o\u010dn\u00ed maska (houbovit\u00e1), kter\u00e1 ochr\u00e1n\u00ed jej\u00ed o\u010di. I kdy\u017e \u0159asa upadne, m\u016f\u017eete si ji pomoc\u00ed na\u0161eho lepidla na \u0159asy a nehty znovu p\u0159ipevnit sami.<\/li><li>Drobn\u00e9 ko\u017en\u00ed vady a drobn\u00e9 zm\u011bny povrchu k\u016f\u017ee zp\u016fsoben\u00e9 v\u00fdrobn\u00edm procesem (jako jsou m\u00edsta injekc\u00ed a \u0161vy od forem, jizvy na silikonov\u00fdch hlavic\u00edch atd.) se nepova\u017euj\u00ed za vady a nevztahuje se na n\u011b na\u0161e z\u00e1ruka vr\u00e1cen\u00ed pen\u011bz.<\/li><li>Drobn\u00e9 po\u0161kozen\u00ed zp\u016fsoben\u00e9 kur\u00fdrem\/p\u0159epravn\u00ed spole\u010dnost\u00ed lze snadno opravit, nap\u0159\u00edklad drobn\u00e9 od\u011brky na k\u016f\u017ei, ohnut\u00fd krk atd. YourDoll m\u016f\u017ee poskytnout pomoc a n\u00e1stroje pro opravu. Z\u00e1kazn\u00edci by se m\u011bli v rozumn\u00e9 m\u00ed\u0159e pokusit o opravu na z\u00e1klad\u011b doporu\u010den\u00ed YourDoll.<\/li><\/ul><\/div><\/div><div class=\"vc_empty_space\">\u00a0<\/div><div class=\"wpb_text_column wpb_content_element\"><div class=\"wpb_wrapper\"><p><strong>Ru\u010dn\u00ed<\/strong><br \/>V\u0161echny sexu\u00e1ln\u00ed panenky zde jsou vyr\u00e1b\u011bny ru\u010dn\u011b. Ka\u017ed\u00e1 panenka je proto m\u00edrn\u011b unik\u00e1tn\u00ed, tak\u017ee se mohou vyskytnout drobn\u00e9 rozd\u00edly. Fotografie va\u0161\u00ed panenky obdr\u017e\u00edte p\u0159ed jej\u00edm odesl\u00e1n\u00edm z tov\u00e1rny. Pokud se detaily v\u00fdrazn\u011b li\u0161\u00ed od va\u0161ich o\u010dek\u00e1v\u00e1n\u00ed, na va\u0161i \u017e\u00e1dost je p\u0159ed odesl\u00e1n\u00edm panenky z d\u00edlny oprav\u00edme. Ujist\u011bte se pros\u00edm, \u017ee n\u00e1\u0161 e-mail (bin.wang@Me.com) nen\u00ed zablokov\u00e1n, abyste v\u010das obdr\u017eeli na\u0161e e-mailov\u00e9 informace.<\/p><ul><li>L\u00ed\u010den\u00ed obli\u010deje, barva dvorce panenky, barva vag\u00edny atd. se mohou m\u00edrn\u011b li\u0161it v d\u016fsledku odli\u0161n\u00e9ho zobrazen\u00ed na obrazovce nebo ru\u010dn\u00edho l\u00ed\u010den\u00ed atd., co\u017e je povoleno. Sna\u017eili jsme se napodobit l\u00ed\u010den\u00ed vytvo\u0159en\u00e9 fotografem na obr\u00e1zku. Nen\u00ed v\u0161ak zaru\u010deno, \u017ee se bude shodovat s 100%.<\/li><li>Pros\u00edm, po\u010d\u00edtejte s m\u00edrn\u00fdm rozd\u00edlem 1-3 cm v d\u016fsledku ru\u010dn\u00edho m\u011b\u0159en\u00ed.<\/li><\/ul><\/div><\/div><div class=\"vc_empty_space\">\u00a0<\/div><div class=\"wpb_text_column wpb_content_element\"><div class=\"wpb_wrapper\"><p><strong>Topen\u00ed a st\u00e9n\u00e1n\u00ed<\/strong><br \/>N\u011bkte\u0159\u00ed v\u00fdrobci tuto mo\u017enost neposkytuj\u00ed. Doporu\u010dujeme proto zakoupit vyh\u0159\u00edvac\u00ed deku m\u00edsto vyh\u0159\u00edvac\u00ed mo\u017enosti. Po obdr\u017een\u00ed panenky se pros\u00edm ujist\u011bte, \u017ee vyh\u0159\u00edv\u00e1n\u00ed a st\u00e9n\u00e1n\u00ed funguje spr\u00e1vn\u011b. Pokud se panenka b\u011bhem pou\u017e\u00edv\u00e1n\u00ed odpojila, tuto mo\u017enost neposkytujeme.<\/p><\/div><\/div><div class=\"vc_empty_space\">\u00a0<\/div><div class=\"wpb_text_column wpb_content_element\"><div class=\"wpb_wrapper\"><p><strong>Po\u0161kozen\u00ed u\u017eivatelem<\/strong><br \/>Po\u0161kozen\u00ed u\u017eivatelem \u2013 V\u0161echny panenky pro\u0161ly p\u0159ed odesl\u00e1n\u00edm kontrolou kvality. P\u0159i pou\u017e\u00edv\u00e1n\u00ed panenky bu\u010fte pros\u00edm opatrn\u00ed. Pokud se po odesl\u00e1n\u00ed zpr\u00e1vy o po\u0161kozen\u00ed domn\u00edv\u00e1te, \u017ee bylo zp\u016fsobeno nespr\u00e1vn\u00fdm zach\u00e1zen\u00edm nebo nedbalost\u00ed z\u00e1kazn\u00edka, nebude panenka kryta z\u00e1rukou. To zahrnuje hyperextenzi kon\u010detin, zlomeninu kostry a natr\u017een\u00ed otvoru. Vyhrazujeme si pr\u00e1vo panenku zkontrolovat a posoudit zdroj po\u0161kozen\u00ed na z\u00e1klad\u011b v\u0161ech poskytnut\u00fdch informac\u00ed. Kone\u010dn\u00e9 rozhodnut\u00ed bude v\u00fdhradn\u011b na uv\u00e1\u017een\u00ed dolls4desire.<\/p><\/div><\/div><div class=\"vc_empty_space\">\u00a0<\/div><div class=\"wpb_text_column wpb_content_element\"><div class=\"wpb_wrapper\"><p><strong>Pou\u017eit\u00e9 panenky<\/strong><br \/>Sexu\u00e1ln\u00ed panenky jsou velmi osobn\u00ed produkty. Na panenky, kter\u00e9 byly pou\u017eity, se z\u00e1ruka nevztahuje. Ud\u011bl\u00e1me v\u0161e pro to, abychom v\u00e1m navrhli \u0159e\u0161en\u00ed.<\/p><\/div><\/div>\t\t\t\t\t\t\t\t<\/div>\n\t\t\t\t<\/div>\n\t\t\t\t\t<\/div>\n\t\t\t\t<\/div>\n\t\t<div class=\"elementor-element elementor-element-e2270f0 e-flex e-con-boxed e-con e-parent\" data-id=\"e2270f0\" data-element_type=\"container\" data-e-type=\"container\">\n\t\t\t\t\t<div class=\"e-con-inner\">\n\t\t\t\t<div class=\"elementor-element elementor-element-6ac1e42 elementor-widget-divider--view-line elementor-widget elementor-widget-divider\" data-id=\"6ac1e42\" data-element_type=\"widget\" data-e-type=\"widget\" data-widget_type=\"divider.default\">\n\t\t\t\t<div class=\"elementor-widget-container\">\n\t\t\t\t\t\t\t<div class=\"elementor-divider\">\n\t\t\t<span class=\"elementor-divider-separator\">\n\t\t\t\t\t\t<\/span>\n\t\t<\/div>\n\t\t\t\t\t\t<\/div>\n\t\t\t\t<\/div>\n\t\t\t\t<div class=\"elementor-element elementor-element-1c68392 elementor-widget elementor-widget-heading\" data-id=\"1c68392\" data-element_type=\"widget\" data-e-type=\"widget\" data-widget_type=\"heading.default\">\n\t\t\t\t<div class=\"elementor-widget-container\">\n\t\t\t\t\t<h2 class=\"elementor-heading-title elementor-size-default\">POT\u0158EBUJETE POMOC?<\/h2>\t\t\t\t<\/div>\n\t\t\t\t<\/div>\n\t\t\t\t<div class=\"elementor-element elementor-element-5f52e85 elementor-align-center elementor-widget elementor-widget-button\" data-id=\"5f52e85\" data-element_type=\"widget\" data-e-type=\"widget\" data-widget_type=\"button.default\">\n\t\t\t\t<div class=\"elementor-widget-container\">\n\t\t\t\t\t\t\t\t\t<div class=\"elementor-button-wrapper\">\n\t\t\t\t\t<a class=\"elementor-button elementor-button-link elementor-size-sm\" href=\"https:\/\/dolls4desire.com\/cs\/kontaktujte-nas\/\">\n\t\t\t\t\t\t<span class=\"elementor-button-content-wrapper\">\n\t\t\t\t\t\t\t\t\t<span class=\"elementor-button-text\">KONTAKTUJTE N\u00c1S<\/span>\n\t\t\t\t\t<\/span>\n\t\t\t\t\t<\/a>\n\t\t\t\t<\/div>\n\t\t\t\t\t\t\t\t<\/div>\n\t\t\t\t<\/div>\n\t\t\t\t\t<\/div>\n\t\t\t\t<\/div>\n\t\t\t\t<\/div>","protected":false},"excerpt":{"rendered":"<p>MONEY-BACK GUARANTEE At &lt;strong&gt;Dolls4desire&lt;\/strong&gt;, we believe in providing high-quality sex dolls and services that meet our customer\u2019s needs and exceed their expectations. We understand that sometimes things may not go as planned, which is why we offer a 100% satisfaction guarantee on all of our products. We are confident in the quality of our products [&hellip;]<\/p>\n","protected":false},"author":265871293,"featured_media":0,"parent":0,"menu_order":0,"comment_status":"closed","ping_status":"closed","template":"","meta":{"_acf_changed":false,"_crdt_document":"","advanced_seo_description":"","jetpack_seo_html_title":"","jetpack_seo_noindex":false,"jetpack_post_was_ever_published":false,"footnotes":""},"class_list":["post-2500","page","type-page","status-publish","hentry"],"blocksy_meta":[],"acf":[],"jetpack_sharing_enabled":true,"jetpack_likes_enabled":true,"jetpack_shortlink":"https:\/\/wp.me\/Pgx3TK-Ek","_links":{"self":[{"href":"https:\/\/dolls4desire.com\/cs\/wp-json\/wp\/v2\/pages\/2500","targetHints":{"allow":["GET"]}}],"collection":[{"href":"https:\/\/dolls4desire.com\/cs\/wp-json\/wp\/v2\/pages"}],"about":[{"href":"https:\/\/dolls4desire.com\/cs\/wp-json\/wp\/v2\/types\/page"}],"author":[{"embeddable":true,"href":"https:\/\/dolls4desire.com\/cs\/wp-json\/wp\/v2\/users\/265871293"}],"replies":[{"embeddable":true,"href":"https:\/\/dolls4desire.com\/cs\/wp-json\/wp\/v2\/comments?post=2500"}],"version-history":[{"count":10,"href":"https:\/\/dolls4desire.com\/cs\/wp-json\/wp\/v2\/pages\/2500\/revisions"}],"predecessor-version":[{"id":2820,"href":"https:\/\/dolls4desire.com\/cs\/wp-json\/wp\/v2\/pages\/2500\/revisions\/2820"}],"wp:attachment":[{"href":"https:\/\/dolls4desire.com\/cs\/wp-json\/wp\/v2\/media?parent=2500"}],"curies":[{"name":"wp","href":"https:\/\/api.w.org\/{rel}","templated":true}]}}